{"id":11683,"date":"2022-07-13T13:45:40","date_gmt":"2022-07-13T17:45:40","guid":{"rendered":"https:\/\/benetflorentine.com\/?page_id=11683"},"modified":"2022-09-20T11:17:16","modified_gmt":"2022-09-20T15:17:16","slug":"dare-to-pear","status":"publish","type":"page","link":"https:\/\/benetflorentine.com\/en\/menu\/dare-to-pear\/","title":{"rendered":"Dare to pear"},"content":{"rendered":"<div class=\"gb-container gb-container-0b062dd1 staticPage-header-container menuPage alignfull\"><div class=\"gb-inside-container\">\n\n<h1 class=\"gb-headline gb-headline-32073751 gb-headline-text\">Osez les poires<\/h1>\n\n\n\n<p class=\"gb-headline gb-headline-6e7c5f81 gb-headline-text\">Pour un temps limit\u00e9, succombez \u00e0 nos d\u00e9licieux plats estivaux!<\/p>\n\n<\/div><\/div><div class=\"gb-grid-wrapper gb-grid-wrapper-66aaa19e grid-menu\">\n<div class=\"gb-grid-column gb-grid-column-a89f9c43\"><div class=\"gb-container gb-container-a89f9c43 grid-menu-image\"><div class=\"gb-inside-container\"><\/div><\/div><\/div>\n\n<div class=\"gb-grid-column gb-grid-column-aa4ef3e5\"><div class=\"gb-container gb-container-aa4ef3e5 grid-menu-text\"><div class=\"gb-inside-container\">\n\n<h2 class=\"wp-block-heading\"><strong>Notre s\u00e9lection<\/strong><\/h2>\n\n\n\n<p class=\"gb-headline gb-headline-972ce4dd gb-headline-text\">D\u00e9couvrez nos recettes exclusives \u00e0 base de poire.<\/p>\n\n\n\n<div class=\"gb-grid-wrapper gb-grid-wrapper-542308cf gb-query-loop-wrapper\"><\/div>\n\n<\/div><\/div><\/div>\n<\/div>\n<div class=\"wp-block-columns page-promotion-container is-layout-flex wp-container-core-columns-is-layout-9d6595d7 wp-block-columns-is-layout-flex\">\n<div class=\"wp-block-column is-layout-flow wp-block-column-is-layout-flow\"><div class=\"gb-container gb-container-20b354c9 page-promotion-block\"><div class=\"gb-inside-container\">\n\n<div class=\"wp-block-columns is-layout-flex wp-container-core-columns-is-layout-9d6595d7 wp-block-columns-is-layout-flex\">\n<div class=\"wp-block-column is-layout-flow wp-block-column-is-layout-flow\">\n<h2 class=\"wp-block-heading\">Po\u00eal\u00e9es\u00a0<strong>\u00e0 l\u2019ancienne<\/strong><\/h2>\n\n\n\n<p>Rassasiez votre grand app\u00e9tit avec nos d\u00e9licieuses po\u00eal\u00e9es.<\/p>\n\n\n\n<div class=\"wp-block-buttons alignwide is-layout-flex wp-block-buttons-is-layout-flex\">\n<div class=\"wp-block-button aligncenter button-outline\"><a class=\"wp-block-button__link\" href=\"https:\/\/benetflorentine.com\/en\/menu\/skillets\/\">D\u00e9couvrir<\/a><\/div>\n<\/div>\n<\/div>\n\n\n\n<div class=\"wp-block-column is-layout-flow wp-block-column-is-layout-flow\">\n<figure class=\"wp-block-image size-full\"><img decoding=\"async\" width=\"615\" height=\"778\" src=\"https:\/\/benetflorentine.com\/wp-content\/uploads\/2020\/04\/poelees-ancienne.png\" alt=\"po&#xEA;l&#xE9;es ancienne\" class=\"wp-image-8227\" srcset=\"https:\/\/benetflorentine.com\/wp-content\/uploads\/2020\/04\/poelees-ancienne.png 615w, https:\/\/benetflorentine.com\/wp-content\/uploads\/2020\/04\/poelees-ancienne-316x400.png 316w, https:\/\/benetflorentine.com\/wp-content\/uploads\/2020\/04\/poelees-ancienne-19x24.png 19w, https:\/\/benetflorentine.com\/wp-content\/uploads\/2020\/04\/poelees-ancienne-28x36.png 28w, https:\/\/benetflorentine.com\/wp-content\/uploads\/2020\/04\/poelees-ancienne-38x48.png 38w\" sizes=\"(max-width: 615px) 100vw, 615px\" \/><\/figure>\n<\/div>\n<\/div>\n\n<\/div><\/div><\/div>\n\n\n\n<div class=\"wp-block-column is-layout-flow wp-block-column-is-layout-flow\"><div class=\"gb-container gb-container-0da3f226 page-promotion-block\"><div class=\"gb-inside-container\">\n\n<div class=\"wp-block-columns is-layout-flex wp-container-core-columns-is-layout-9d6595d7 wp-block-columns-is-layout-flex\">\n<div class=\"wp-block-column is-layout-flow wp-block-column-is-layout-flow\">\n<h2 class=\"gb-headline gb-headline-944318d1 gb-headline-text\">Smoothies, Caf\u00e9s <strong>&amp; Breuvages<\/strong><\/h2>\n\n\n\n<p>Tout pour \u00e9tancher votre soif.<\/p>\n\n\n\n<div class=\"wp-block-buttons alignwide is-layout-flex wp-block-buttons-is-layout-flex\">\n<div class=\"wp-block-button aligncenter button-outline\"><a class=\"wp-block-button__link\" href=\"https:\/\/benetflorentine.com\/en\/menu\/our-beverages\/\">D\u00e9couvrir<\/a><\/div>\n<\/div>\n<\/div>\n\n\n\n<div class=\"wp-block-column is-layout-flow wp-block-column-is-layout-flow\">\n<figure class=\"wp-block-image size-full\"><img decoding=\"async\" width=\"615\" height=\"778\" src=\"https:\/\/benetflorentine.com\/wp-content\/uploads\/2020\/04\/smoothies.png\" alt=\"smoothies\" class=\"wp-image-8231\" srcset=\"https:\/\/benetflorentine.com\/wp-content\/uploads\/2020\/04\/smoothies.png 615w, https:\/\/benetflorentine.com\/wp-content\/uploads\/2020\/04\/smoothies-316x400.png 316w, https:\/\/benetflorentine.com\/wp-content\/uploads\/2020\/04\/smoothies-19x24.png 19w, https:\/\/benetflorentine.com\/wp-content\/uploads\/2020\/04\/smoothies-28x36.png 28w, https:\/\/benetflorentine.com\/wp-content\/uploads\/2020\/04\/smoothies-38x48.png 38w\" sizes=\"(max-width: 615px) 100vw, 615px\" \/><\/figure>\n<\/div>\n<\/div>\n\n<\/div><\/div><\/div>\n<\/div>\n\n<div class=\"gb-headline gb-headline-68d22ea1 gb-headline-text menuPage-background\"><\/div>\n","protected":false},"excerpt":{"rendered":"<p>Osez les poires Pour un temps limit\u00e9, succombez \u00e0 nos d\u00e9licieux plats estivaux! Po\u00eal\u00e9es\u00a0\u00e0 l\u2019ancienne Rassasiez votre grand app\u00e9tit avec nos d\u00e9licieuses po\u00eal\u00e9es. Smoothies, Caf\u00e9s &amp; Breuvages Tout pour \u00e9tancher votre soif.<\/p>\n","protected":false},"author":10,"featured_media":11650,"parent":11,"menu_order":0,"comment_status":"closed","ping_status":"closed","template":"","meta":{"inline_featured_image":false,"footnotes":""},"categories":[1],"tags":[],"class_list":{"0":"post-11683","1":"page","2":"type-page","3":"status-publish","4":"has-post-thumbnail","6":"category-benetflorentine"},"yoast_head":"<!-- This site is optimized with the Yoast SEO plugin v27.3 - https:\/\/yoast.com\/product\/yoast-seo-wordpress\/ -->\n<title>Dare to pear | Ben &amp; Florentine<\/title>\n<meta name=\"description\" content=\"For a limited time, fall for our delicious summer dishes!\" \/>\n<meta name=\"robots\" content=\"index, follow, max-snippet:-1, max-image-preview:large, max-video-preview:-1\" \/>\n<link rel=\"canonical\" href=\"https:\/\/benetflorentine.com\/en\/menu\/dare-to-pear\/\" \/>\n<meta property=\"og:locale\" content=\"en_US\" \/>\n<meta property=\"og:type\" content=\"article\" \/>\n<meta property=\"og:title\" content=\"Dare to pear | Ben &amp; Florentine\" \/>\n<meta property=\"og:description\" content=\"For a limited time, fall for our delicious summer dishes!\" \/>\n<meta property=\"og:url\" content=\"https:\/\/benetflorentine.com\/en\/menu\/dare-to-pear\/\" \/>\n<meta property=\"og:site_name\" content=\"Ben &amp; Florentine\" \/>\n<meta property=\"article:modified_time\" content=\"2022-09-20T15:17:16+00:00\" \/>\n<meta property=\"og:image\" content=\"https:\/\/benetflorentine.com\/wp-content\/uploads\/2022\/07\/menupoire_banner-min.jpg\" \/>\n\t<meta property=\"og:image:width\" content=\"2000\" \/>\n\t<meta property=\"og:image:height\" content=\"1333\" \/>\n\t<meta property=\"og:image:type\" content=\"image\/jpeg\" \/>\n<meta name=\"twitter:card\" content=\"summary_large_image\" \/>\n<meta name=\"twitter:label1\" content=\"Est. reading time\" \/>\n\t<meta name=\"twitter:data1\" content=\"1 minute\" \/>\n<script type=\"application\/ld+json\" class=\"yoast-schema-graph\">{\"@context\":\"https:\\\/\\\/schema.org\",\"@graph\":[{\"@type\":\"WebPage\",\"@id\":\"https:\\\/\\\/benetflorentine.com\\\/en\\\/menu\\\/dare-to-pear\\\/\",\"url\":\"https:\\\/\\\/benetflorentine.com\\\/en\\\/menu\\\/dare-to-pear\\\/\",\"name\":\"Dare to pear | Ben &amp; Florentine\",\"isPartOf\":{\"@id\":\"https:\\\/\\\/benetflorentine.com\\\/en\\\/#website\"},\"primaryImageOfPage\":{\"@id\":\"https:\\\/\\\/benetflorentine.com\\\/en\\\/menu\\\/dare-to-pear\\\/#primaryimage\"},\"image\":{\"@id\":\"https:\\\/\\\/benetflorentine.com\\\/en\\\/menu\\\/dare-to-pear\\\/#primaryimage\"},\"thumbnailUrl\":\"https:\\\/\\\/benetflorentine.com\\\/wp-content\\\/uploads\\\/2022\\\/07\\\/menupoire_banner-min.jpg\",\"datePublished\":\"2022-07-13T17:45:40+00:00\",\"dateModified\":\"2022-09-20T15:17:16+00:00\",\"description\":\"For a limited time, fall for our delicious summer dishes!\",\"breadcrumb\":{\"@id\":\"https:\\\/\\\/benetflorentine.com\\\/en\\\/menu\\\/dare-to-pear\\\/#breadcrumb\"},\"inLanguage\":\"en-US\",\"potentialAction\":[{\"@type\":\"ReadAction\",\"target\":[\"https:\\\/\\\/benetflorentine.com\\\/en\\\/menu\\\/dare-to-pear\\\/\"]}]},{\"@type\":\"ImageObject\",\"inLanguage\":\"en-US\",\"@id\":\"https:\\\/\\\/benetflorentine.com\\\/en\\\/menu\\\/dare-to-pear\\\/#primaryimage\",\"url\":\"https:\\\/\\\/benetflorentine.com\\\/wp-content\\\/uploads\\\/2022\\\/07\\\/menupoire_banner-min.jpg\",\"contentUrl\":\"https:\\\/\\\/benetflorentine.com\\\/wp-content\\\/uploads\\\/2022\\\/07\\\/menupoire_banner-min.jpg\",\"width\":2000,\"height\":1333},{\"@type\":\"BreadcrumbList\",\"@id\":\"https:\\\/\\\/benetflorentine.com\\\/en\\\/menu\\\/dare-to-pear\\\/#breadcrumb\",\"itemListElement\":[{\"@type\":\"ListItem\",\"position\":1,\"name\":\"Menu\",\"item\":\"https:\\\/\\\/benetflorentine.com\\\/en\\\/menu\\\/\"},{\"@type\":\"ListItem\",\"position\":2,\"name\":\"Dare to pear\"}]},{\"@type\":\"WebSite\",\"@id\":\"https:\\\/\\\/benetflorentine.com\\\/en\\\/#website\",\"url\":\"https:\\\/\\\/benetflorentine.com\\\/en\\\/\",\"name\":\"Ben &amp; Florentine\",\"description\":\"Brunch &amp; Breakfast\u200e\",\"publisher\":{\"@id\":\"https:\\\/\\\/benetflorentine.com\\\/en\\\/#organization\"},\"potentialAction\":[{\"@type\":\"SearchAction\",\"target\":{\"@type\":\"EntryPoint\",\"urlTemplate\":\"https:\\\/\\\/benetflorentine.com\\\/en\\\/?s={search_term_string}\"},\"query-input\":{\"@type\":\"PropertyValueSpecification\",\"valueRequired\":true,\"valueName\":\"search_term_string\"}}],\"inLanguage\":\"en-US\"},{\"@type\":\"Organization\",\"@id\":\"https:\\\/\\\/benetflorentine.com\\\/en\\\/#organization\",\"name\":\"Ben &amp; Florentine\",\"url\":\"https:\\\/\\\/benetflorentine.com\\\/en\\\/\",\"logo\":{\"@type\":\"ImageObject\",\"inLanguage\":\"en-US\",\"@id\":\"https:\\\/\\\/benetflorentine.com\\\/en\\\/#\\\/schema\\\/logo\\\/image\\\/\",\"url\":\"https:\\\/\\\/benetflorentine.com\\\/wp-content\\\/uploads\\\/2020\\\/02\\\/cropped-benflorentine_logo.png\",\"contentUrl\":\"https:\\\/\\\/benetflorentine.com\\\/wp-content\\\/uploads\\\/2020\\\/02\\\/cropped-benflorentine_logo.png\",\"width\":553,\"height\":206,\"caption\":\"Ben &amp; Florentine\"},\"image\":{\"@id\":\"https:\\\/\\\/benetflorentine.com\\\/en\\\/#\\\/schema\\\/logo\\\/image\\\/\"}}]}<\/script>\n<!-- \/ Yoast SEO plugin. -->","yoast_head_json":{"title":"Dare to pear | Ben &amp; Florentine","description":"For a limited time, fall for our delicious summer dishes!","robots":{"index":"index","follow":"follow","max-snippet":"max-snippet:-1","max-image-preview":"max-image-preview:large","max-video-preview":"max-video-preview:-1"},"canonical":"https:\/\/benetflorentine.com\/en\/menu\/dare-to-pear\/","og_locale":"en_US","og_type":"article","og_title":"Dare to pear | Ben &amp; Florentine","og_description":"For a limited time, fall for our delicious summer dishes!","og_url":"https:\/\/benetflorentine.com\/en\/menu\/dare-to-pear\/","og_site_name":"Ben &amp; Florentine","article_modified_time":"2022-09-20T15:17:16+00:00","og_image":[{"width":2000,"height":1333,"url":"https:\/\/benetflorentine.com\/wp-content\/uploads\/2022\/07\/menupoire_banner-min.jpg","type":"image\/jpeg"}],"twitter_card":"summary_large_image","twitter_misc":{"Est. reading time":"1 minute"},"schema":{"@context":"https:\/\/schema.org","@graph":[{"@type":"WebPage","@id":"https:\/\/benetflorentine.com\/en\/menu\/dare-to-pear\/","url":"https:\/\/benetflorentine.com\/en\/menu\/dare-to-pear\/","name":"Dare to pear | Ben &amp; Florentine","isPartOf":{"@id":"https:\/\/benetflorentine.com\/en\/#website"},"primaryImageOfPage":{"@id":"https:\/\/benetflorentine.com\/en\/menu\/dare-to-pear\/#primaryimage"},"image":{"@id":"https:\/\/benetflorentine.com\/en\/menu\/dare-to-pear\/#primaryimage"},"thumbnailUrl":"https:\/\/benetflorentine.com\/wp-content\/uploads\/2022\/07\/menupoire_banner-min.jpg","datePublished":"2022-07-13T17:45:40+00:00","dateModified":"2022-09-20T15:17:16+00:00","description":"For a limited time, fall for our delicious summer dishes!","breadcrumb":{"@id":"https:\/\/benetflorentine.com\/en\/menu\/dare-to-pear\/#breadcrumb"},"inLanguage":"en-US","potentialAction":[{"@type":"ReadAction","target":["https:\/\/benetflorentine.com\/en\/menu\/dare-to-pear\/"]}]},{"@type":"ImageObject","inLanguage":"en-US","@id":"https:\/\/benetflorentine.com\/en\/menu\/dare-to-pear\/#primaryimage","url":"https:\/\/benetflorentine.com\/wp-content\/uploads\/2022\/07\/menupoire_banner-min.jpg","contentUrl":"https:\/\/benetflorentine.com\/wp-content\/uploads\/2022\/07\/menupoire_banner-min.jpg","width":2000,"height":1333},{"@type":"BreadcrumbList","@id":"https:\/\/benetflorentine.com\/en\/menu\/dare-to-pear\/#breadcrumb","itemListElement":[{"@type":"ListItem","position":1,"name":"Menu","item":"https:\/\/benetflorentine.com\/en\/menu\/"},{"@type":"ListItem","position":2,"name":"Dare to pear"}]},{"@type":"WebSite","@id":"https:\/\/benetflorentine.com\/en\/#website","url":"https:\/\/benetflorentine.com\/en\/","name":"Ben &amp; Florentine","description":"Brunch &amp; Breakfast\u200e","publisher":{"@id":"https:\/\/benetflorentine.com\/en\/#organization"},"potentialAction":[{"@type":"SearchAction","target":{"@type":"EntryPoint","urlTemplate":"https:\/\/benetflorentine.com\/en\/?s={search_term_string}"},"query-input":{"@type":"PropertyValueSpecification","valueRequired":true,"valueName":"search_term_string"}}],"inLanguage":"en-US"},{"@type":"Organization","@id":"https:\/\/benetflorentine.com\/en\/#organization","name":"Ben &amp; Florentine","url":"https:\/\/benetflorentine.com\/en\/","logo":{"@type":"ImageObject","inLanguage":"en-US","@id":"https:\/\/benetflorentine.com\/en\/#\/schema\/logo\/image\/","url":"https:\/\/benetflorentine.com\/wp-content\/uploads\/2020\/02\/cropped-benflorentine_logo.png","contentUrl":"https:\/\/benetflorentine.com\/wp-content\/uploads\/2020\/02\/cropped-benflorentine_logo.png","width":553,"height":206,"caption":"Ben &amp; Florentine"},"image":{"@id":"https:\/\/benetflorentine.com\/en\/#\/schema\/logo\/image\/"}}]}},"_links":{"self":[{"href":"https:\/\/benetflorentine.com\/en\/wp-json\/wp\/v2\/pages\/11683","targetHints":{"allow":["GET"]}}],"collection":[{"href":"https:\/\/benetflorentine.com\/en\/wp-json\/wp\/v2\/pages"}],"about":[{"href":"https:\/\/benetflorentine.com\/en\/wp-json\/wp\/v2\/types\/page"}],"author":[{"embeddable":true,"href":"https:\/\/benetflorentine.com\/en\/wp-json\/wp\/v2\/users\/10"}],"replies":[{"embeddable":true,"href":"https:\/\/benetflorentine.com\/en\/wp-json\/wp\/v2\/comments?post=11683"}],"version-history":[{"count":3,"href":"https:\/\/benetflorentine.com\/en\/wp-json\/wp\/v2\/pages\/11683\/revisions"}],"predecessor-version":[{"id":14850,"href":"https:\/\/benetflorentine.com\/en\/wp-json\/wp\/v2\/pages\/11683\/revisions\/14850"}],"up":[{"embeddable":true,"href":"https:\/\/benetflorentine.com\/en\/wp-json\/wp\/v2\/pages\/11"}],"wp:featuredmedia":[{"embeddable":true,"href":"https:\/\/benetflorentine.com\/en\/wp-json\/wp\/v2\/media\/11650"}],"wp:attachment":[{"href":"https:\/\/benetflorentine.com\/en\/wp-json\/wp\/v2\/media?parent=11683"}],"wp:term":[{"taxonomy":"category","embeddable":true,"href":"https:\/\/benetflorentine.com\/en\/wp-json\/wp\/v2\/categories?post=11683"},{"taxonomy":"post_tag","embeddable":true,"href":"https:\/\/benetflorentine.com\/en\/wp-json\/wp\/v2\/tags?post=11683"}],"curies":[{"name":"wp","href":"https:\/\/api.w.org\/{rel}","templated":true}]}}