{"id":12585,"date":"2022-09-02T13:42:53","date_gmt":"2022-09-02T17:42:53","guid":{"rendered":"https:\/\/benetflorentine.com\/menu\/eggs-benedict\/"},"modified":"2025-08-01T13:27:29","modified_gmt":"2025-08-01T17:27:29","slug":"eggs-benedict","status":"publish","type":"page","link":"https:\/\/benetflorentine.com\/en\/menu\/eggs-benedict\/","title":{"rendered":"Eggs Benedict"},"content":{"rendered":"<div class=\"gb-container gb-container-0b062dd1 staticPage-header-container menuPage alignfull\"><div class=\"gb-inside-container\">\n\n<h1 class=\"gb-headline gb-headline-32073751 gb-headline-text\">Eggs Benedict<\/h1>\n\n\n\n<p class=\"gb-headline gb-headline-6e7c5f81 gb-headline-text\">Our secret to a great day?<br>Put eggs on your plate, not in cheesy dad jokes.<\/p>\n\n<\/div><\/div>\n\n\n<div class=\"gb-headline gb-headline-c646a201 gb-headline-text subMenu-anchor\" id=\"dents-sucrees\"><\/div>\n\n\n<div class=\"gb-grid-wrapper gb-grid-wrapper-66aaa19e grid-menu\">\n<div class=\"gb-grid-column gb-grid-column-a89f9c43\"><div class=\"gb-container gb-container-a89f9c43 grid-menu-image\"><div class=\"gb-inside-container\"><\/div><\/div><\/div>\n\n<div class=\"gb-grid-column gb-grid-column-aa4ef3e5\"><div class=\"gb-container gb-container-aa4ef3e5 grid-menu-text\"><div class=\"gb-inside-container\">\n\n<h2 class=\"wp-block-heading\">Eggs <strong><strong>Benedict<\/strong><\/strong><\/h2>\n\n\n\n<p>Choice of bagel or English muffin served with 2 poached eggs, our famous home fries and fresh fruit.<a><\/a><\/p>\n\n\n\n<div class=\"gb-grid-wrapper gb-grid-wrapper-542308cf gb-query-loop-wrapper\">\n<div class=\"gb-grid-column gb-grid-column-6dda88fe gb-query-loop-item post-20074 produits type-produits status-publish hentry category-benedicts tag-new\"><div class=\"gb-container gb-container-6dda88fe\"><div class=\"gb-inside-container\">\n<h3 class=\"gb-headline gb-headline-4dcb8768 gb-headline-text\">B&amp;F Bacon &amp; cheddar sausage<\/h3>\n\n\n<\/div><\/div><\/div>\n\n<div class=\"gb-grid-column gb-grid-column-6dda88fe gb-query-loop-item post-15866 produits type-produits status-publish hentry category-benedicts\"><div class=\"gb-container gb-container-6dda88fe\"><div class=\"gb-inside-container\">\n<h3 class=\"gb-headline gb-headline-4dcb8768 gb-headline-text\">Bacon &#038; caramelized apples<\/h3>\n\n<p class=\"gb-headline gb-headline-59bc1b02 gb-headline-text\">Bacon, caramelized apples and a mix of Monterey Jack and cheddar cheeses. Served with Hollandaise sauce<\/p>\n<\/div><\/div><\/div>\n\n<div class=\"gb-grid-column gb-grid-column-6dda88fe gb-query-loop-item post-14559 produits type-produits status-publish hentry category-benedicts\"><div class=\"gb-container gb-container-6dda88fe\"><div class=\"gb-inside-container\">\n<h3 class=\"gb-headline gb-headline-4dcb8768 gb-headline-text\">Old-fashioned Ham Benedict<\/h3>\n\n<p class=\"gb-headline gb-headline-59bc1b02 gb-headline-text\">Shredded old-fashioned ham, mixed peppers and Swiss cheese. Served with a Hollandaise sauce<\/p>\n<\/div><\/div><\/div>\n\n<div class=\"gb-grid-column gb-grid-column-6dda88fe gb-query-loop-item post-13521 produits type-produits status-publish hentry category-benedicts\"><div class=\"gb-container gb-container-6dda88fe\"><div class=\"gb-inside-container\">\n<h3 class=\"gb-headline gb-headline-4dcb8768 gb-headline-text\">Traditional<\/h3>\n\n<p class=\"gb-headline gb-headline-59bc1b02 gb-headline-text\">Choice of bacon or ham. Served with Hollandaise sauce.<\/p>\n<\/div><\/div><\/div>\n\n<div class=\"gb-grid-column gb-grid-column-6dda88fe gb-query-loop-item post-13517 produits type-produits status-publish hentry category-benedicts\"><div class=\"gb-container gb-container-6dda88fe\"><div class=\"gb-inside-container\">\n<h3 class=\"gb-headline gb-headline-4dcb8768 gb-headline-text\">Avocado<\/h3>\n\n<p class=\"gb-headline gb-headline-59bc1b02 gb-headline-text\">Avocado and bacon. Served with Hollandaise sauce<\/p>\n<\/div><\/div><\/div>\n\n<div class=\"gb-grid-column gb-grid-column-6dda88fe gb-query-loop-item post-13515 produits type-produits status-publish hentry category-benedicts\"><div class=\"gb-container gb-container-6dda88fe\"><div class=\"gb-inside-container\">\n<h3 class=\"gb-headline gb-headline-4dcb8768 gb-headline-text\">Lox<\/h3>\n\n<p class=\"gb-headline gb-headline-59bc1b02 gb-headline-text\">Smoked salmon, caramelized onions, cream cheese and chives. Served with Hollandaise sauce<\/p>\n<\/div><\/div><\/div>\n<\/div>\n\n<\/div><\/div><\/div>\n<\/div>\n\n\n<div class=\"gb-headline gb-headline-0960ec1a gb-headline-text menuPage-background\"><\/div>\n\n\n\n<div class=\"wp-block-columns page-promotion-container is-layout-flex wp-container-core-columns-is-layout-9d6595d7 wp-block-columns-is-layout-flex\">\n<div class=\"wp-block-column is-layout-flow wp-block-column-is-layout-flow\"><div class=\"gb-container gb-container-20b354c9 page-promotion-block\"><div class=\"gb-inside-container\">\n\n<div class=\"wp-block-columns is-layout-flex wp-container-core-columns-is-layout-9d6595d7 wp-block-columns-is-layout-flex\">\n<div class=\"wp-block-column is-layout-flow wp-block-column-is-layout-flow\">\n<h2 class=\"gb-headline gb-headline-3e30c076 gb-headline-text\">Kids <strong>Corner<\/strong><\/h2>\n\n\n\n<p>Because you\u2019re never too young to learn the importance of a good breakfast<\/p>\n\n\n\n<div class=\"wp-block-buttons alignwide is-layout-flex wp-block-buttons-is-layout-flex\">\n<div class=\"wp-block-button button-outline aligncenter\"><a class=\"wp-block-button__link wp-element-button\" href=\"https:\/\/benetflorentine.com\/en\/menu\/kids-menu\/\">Discover<\/a><\/div>\n<\/div>\n<\/div>\n\n\n\n<div class=\"wp-block-column is-layout-flow wp-block-column-is-layout-flow\">\n<figure class=\"wp-block-image size-full\"><img decoding=\"async\" width=\"615\" height=\"778\" src=\"https:\/\/benetflorentine.com\/wp-content\/uploads\/2020\/04\/menu-pour-enfants-1.png\" alt=\"Children's Menu\" class=\"wp-image-8258\" srcset=\"https:\/\/benetflorentine.com\/wp-content\/uploads\/2020\/04\/menu-pour-enfants-1.png 615w, https:\/\/benetflorentine.com\/wp-content\/uploads\/2020\/04\/menu-pour-enfants-1-316x400.png 316w, https:\/\/benetflorentine.com\/wp-content\/uploads\/2020\/04\/menu-pour-enfants-1-19x24.png 19w, https:\/\/benetflorentine.com\/wp-content\/uploads\/2020\/04\/menu-pour-enfants-1-28x36.png 28w, https:\/\/benetflorentine.com\/wp-content\/uploads\/2020\/04\/menu-pour-enfants-1-38x48.png 38w\" sizes=\"(max-width: 615px) 100vw, 615px\" \/><\/figure>\n<\/div>\n<\/div>\n\n<\/div><\/div><\/div>\n\n\n\n<div class=\"wp-block-column is-layout-flow wp-block-column-is-layout-flow\"><div class=\"gb-container gb-container-0da3f226 page-promotion-block\"><div class=\"gb-inside-container\">\n\n<div class=\"wp-block-columns is-layout-flex wp-container-core-columns-is-layout-9d6595d7 wp-block-columns-is-layout-flex\">\n<div class=\"wp-block-column is-layout-flow wp-block-column-is-layout-flow\">\n<h2 class=\"gb-headline gb-headline-944318d1 gb-headline-text\">Eggs <strong>&amp; Omelets<\/strong><\/h2>\n\n\n\n<p>The best of traditional breakfast and brunch.<a href=\"https:\/\/benetflorentine.com\/en\/menu\/our-beverages\/\"><\/a><\/p>\n\n\n\n<div class=\"wp-block-buttons alignwide is-layout-flex wp-block-buttons-is-layout-flex\">\n<div class=\"wp-block-button button-outline aligncenter\"><a class=\"wp-block-button__link wp-element-button\" href=\"https:\/\/benetflorentine.com\/en\/menu\/eggs-omelets\/\">Discover<\/a><\/div>\n<\/div>\n<\/div>\n\n\n\n<div class=\"wp-block-column is-layout-flow wp-block-column-is-layout-flow\">\n<figure class=\"wp-block-image size-full\"><img decoding=\"async\" width=\"1133\" height=\"936\" src=\"https:\/\/benetflorentine.com\/wp-content\/uploads\/2025\/04\/Big-Ben.jpg\" alt=\"\" class=\"wp-image-18646\" srcset=\"https:\/\/benetflorentine.com\/wp-content\/uploads\/2025\/04\/Big-Ben.jpg 1133w, https:\/\/benetflorentine.com\/wp-content\/uploads\/2025\/04\/Big-Ben-484x400.jpg 484w, https:\/\/benetflorentine.com\/wp-content\/uploads\/2025\/04\/Big-Ben-968x800.jpg 968w, https:\/\/benetflorentine.com\/wp-content\/uploads\/2025\/04\/Big-Ben-768x634.jpg 768w, https:\/\/benetflorentine.com\/wp-content\/uploads\/2025\/04\/Big-Ben-24x20.jpg 24w, https:\/\/benetflorentine.com\/wp-content\/uploads\/2025\/04\/Big-Ben-36x30.jpg 36w, https:\/\/benetflorentine.com\/wp-content\/uploads\/2025\/04\/Big-Ben-48x40.jpg 48w\" sizes=\"(max-width: 1133px) 100vw, 1133px\" \/><\/figure>\n<\/div>\n<\/div>\n\n<\/div><\/div><\/div>\n<\/div>\n\n\n\n<p><\/p>\n","protected":false},"excerpt":{"rendered":"<p>Eggs Benedict Our secret to a great day?Put eggs on your plate, not in cheesy dad jokes. Kids Corner Because you\u2019re never too young to learn the importance of a good breakfast Eggs &amp; Omelets The best of traditional breakfast and brunch.<\/p>\n","protected":false},"author":10,"featured_media":552,"parent":11,"menu_order":0,"comment_status":"closed","ping_status":"closed","template":"","meta":{"inline_featured_image":false,"footnotes":""},"categories":[],"tags":[],"class_list":["post-12585","page","type-page","status-publish","has-post-thumbnail"],"yoast_head":"<!-- This site is optimized with the Yoast SEO plugin v27.3 - https:\/\/yoast.com\/product\/yoast-seo-wordpress\/ -->\n<title>Eggs Benedict - Ben &amp; Florentine<\/title>\n<meta name=\"description\" content=\"Envie d&#039;oeufs b\u00e9n\u00e9dictines et d&#039;omelettes pour le d\u00e9jeuner ou le brunch ? D\u00e9couvrez notre menu.\" \/>\n<meta name=\"robots\" content=\"index, follow, max-snippet:-1, max-image-preview:large, max-video-preview:-1\" \/>\n<link rel=\"canonical\" href=\"https:\/\/benetflorentine.com\/en\/menu\/eggs-benedict\/\" \/>\n<meta property=\"og:locale\" content=\"en_US\" \/>\n<meta property=\"og:type\" content=\"article\" \/>\n<meta property=\"og:title\" content=\"Eggs Benedict - Ben &amp; Florentine\" \/>\n<meta property=\"og:description\" content=\"Envie d&#039;oeufs b\u00e9n\u00e9dictines et d&#039;omelettes pour le d\u00e9jeuner ou le brunch ? D\u00e9couvrez notre menu.\" \/>\n<meta property=\"og:url\" content=\"https:\/\/benetflorentine.com\/en\/menu\/eggs-benedict\/\" \/>\n<meta property=\"og:site_name\" content=\"Ben &amp; Florentine\" \/>\n<meta property=\"article:modified_time\" content=\"2025-08-01T17:27:29+00:00\" \/>\n<meta property=\"og:image\" content=\"https:\/\/benetflorentine.com\/wp-content\/uploads\/2020\/02\/choix-oeufs.jpg\" \/>\n\t<meta property=\"og:image:width\" content=\"902\" \/>\n\t<meta property=\"og:image:height\" content=\"680\" \/>\n\t<meta property=\"og:image:type\" content=\"image\/jpeg\" \/>\n<meta name=\"twitter:card\" content=\"summary_large_image\" \/>\n<meta name=\"twitter:label1\" content=\"Est. reading time\" \/>\n\t<meta name=\"twitter:data1\" content=\"1 minute\" \/>\n<script type=\"application\/ld+json\" class=\"yoast-schema-graph\">{\"@context\":\"https:\\\/\\\/schema.org\",\"@graph\":[{\"@type\":\"WebPage\",\"@id\":\"https:\\\/\\\/benetflorentine.com\\\/en\\\/menu\\\/eggs-benedict\\\/\",\"url\":\"https:\\\/\\\/benetflorentine.com\\\/en\\\/menu\\\/eggs-benedict\\\/\",\"name\":\"Eggs Benedict - Ben & Florentine\",\"isPartOf\":{\"@id\":\"https:\\\/\\\/benetflorentine.com\\\/en\\\/#website\"},\"primaryImageOfPage\":{\"@id\":\"https:\\\/\\\/benetflorentine.com\\\/en\\\/menu\\\/eggs-benedict\\\/#primaryimage\"},\"image\":{\"@id\":\"https:\\\/\\\/benetflorentine.com\\\/en\\\/menu\\\/eggs-benedict\\\/#primaryimage\"},\"thumbnailUrl\":\"https:\\\/\\\/benetflorentine.com\\\/wp-content\\\/uploads\\\/2020\\\/02\\\/choix-oeufs.jpg\",\"datePublished\":\"2022-09-02T17:42:53+00:00\",\"dateModified\":\"2025-08-01T17:27:29+00:00\",\"description\":\"Envie d'oeufs b\u00e9n\u00e9dictines et d'omelettes pour le d\u00e9jeuner ou le brunch ? D\u00e9couvrez notre menu.\",\"breadcrumb\":{\"@id\":\"https:\\\/\\\/benetflorentine.com\\\/en\\\/menu\\\/eggs-benedict\\\/#breadcrumb\"},\"inLanguage\":\"en-US\",\"potentialAction\":[{\"@type\":\"ReadAction\",\"target\":[\"https:\\\/\\\/benetflorentine.com\\\/en\\\/menu\\\/eggs-benedict\\\/\"]}]},{\"@type\":\"ImageObject\",\"inLanguage\":\"en-US\",\"@id\":\"https:\\\/\\\/benetflorentine.com\\\/en\\\/menu\\\/eggs-benedict\\\/#primaryimage\",\"url\":\"https:\\\/\\\/benetflorentine.com\\\/wp-content\\\/uploads\\\/2020\\\/02\\\/choix-oeufs.jpg\",\"contentUrl\":\"https:\\\/\\\/benetflorentine.com\\\/wp-content\\\/uploads\\\/2020\\\/02\\\/choix-oeufs.jpg\",\"width\":902,\"height\":680,\"caption\":\"Po\u00eal\u00e9e au trois viandes avec un oeuf au plat\"},{\"@type\":\"BreadcrumbList\",\"@id\":\"https:\\\/\\\/benetflorentine.com\\\/en\\\/menu\\\/eggs-benedict\\\/#breadcrumb\",\"itemListElement\":[{\"@type\":\"ListItem\",\"position\":1,\"name\":\"Menu\",\"item\":\"https:\\\/\\\/benetflorentine.com\\\/en\\\/menu\\\/\"},{\"@type\":\"ListItem\",\"position\":2,\"name\":\"Eggs Benedict\"}]},{\"@type\":\"WebSite\",\"@id\":\"https:\\\/\\\/benetflorentine.com\\\/en\\\/#website\",\"url\":\"https:\\\/\\\/benetflorentine.com\\\/en\\\/\",\"name\":\"Ben &amp; Florentine\",\"description\":\"Brunch &amp; Breakfast\u200e\",\"publisher\":{\"@id\":\"https:\\\/\\\/benetflorentine.com\\\/en\\\/#organization\"},\"potentialAction\":[{\"@type\":\"SearchAction\",\"target\":{\"@type\":\"EntryPoint\",\"urlTemplate\":\"https:\\\/\\\/benetflorentine.com\\\/en\\\/?s={search_term_string}\"},\"query-input\":{\"@type\":\"PropertyValueSpecification\",\"valueRequired\":true,\"valueName\":\"search_term_string\"}}],\"inLanguage\":\"en-US\"},{\"@type\":\"Organization\",\"@id\":\"https:\\\/\\\/benetflorentine.com\\\/en\\\/#organization\",\"name\":\"Ben &amp; Florentine\",\"url\":\"https:\\\/\\\/benetflorentine.com\\\/en\\\/\",\"logo\":{\"@type\":\"ImageObject\",\"inLanguage\":\"en-US\",\"@id\":\"https:\\\/\\\/benetflorentine.com\\\/en\\\/#\\\/schema\\\/logo\\\/image\\\/\",\"url\":\"https:\\\/\\\/benetflorentine.com\\\/wp-content\\\/uploads\\\/2020\\\/02\\\/cropped-benflorentine_logo.png\",\"contentUrl\":\"https:\\\/\\\/benetflorentine.com\\\/wp-content\\\/uploads\\\/2020\\\/02\\\/cropped-benflorentine_logo.png\",\"width\":553,\"height\":206,\"caption\":\"Ben &amp; Florentine\"},\"image\":{\"@id\":\"https:\\\/\\\/benetflorentine.com\\\/en\\\/#\\\/schema\\\/logo\\\/image\\\/\"}}]}<\/script>\n<!-- \/ Yoast SEO plugin. -->","yoast_head_json":{"title":"Eggs Benedict - Ben & Florentine","description":"Envie d'oeufs b\u00e9n\u00e9dictines et d'omelettes pour le d\u00e9jeuner ou le brunch ? D\u00e9couvrez notre menu.","robots":{"index":"index","follow":"follow","max-snippet":"max-snippet:-1","max-image-preview":"max-image-preview:large","max-video-preview":"max-video-preview:-1"},"canonical":"https:\/\/benetflorentine.com\/en\/menu\/eggs-benedict\/","og_locale":"en_US","og_type":"article","og_title":"Eggs Benedict - Ben & Florentine","og_description":"Envie d'oeufs b\u00e9n\u00e9dictines et d'omelettes pour le d\u00e9jeuner ou le brunch ? D\u00e9couvrez notre menu.","og_url":"https:\/\/benetflorentine.com\/en\/menu\/eggs-benedict\/","og_site_name":"Ben &amp; Florentine","article_modified_time":"2025-08-01T17:27:29+00:00","og_image":[{"width":902,"height":680,"url":"https:\/\/benetflorentine.com\/wp-content\/uploads\/2020\/02\/choix-oeufs.jpg","type":"image\/jpeg"}],"twitter_card":"summary_large_image","twitter_misc":{"Est. reading time":"1 minute"},"schema":{"@context":"https:\/\/schema.org","@graph":[{"@type":"WebPage","@id":"https:\/\/benetflorentine.com\/en\/menu\/eggs-benedict\/","url":"https:\/\/benetflorentine.com\/en\/menu\/eggs-benedict\/","name":"Eggs Benedict - Ben & Florentine","isPartOf":{"@id":"https:\/\/benetflorentine.com\/en\/#website"},"primaryImageOfPage":{"@id":"https:\/\/benetflorentine.com\/en\/menu\/eggs-benedict\/#primaryimage"},"image":{"@id":"https:\/\/benetflorentine.com\/en\/menu\/eggs-benedict\/#primaryimage"},"thumbnailUrl":"https:\/\/benetflorentine.com\/wp-content\/uploads\/2020\/02\/choix-oeufs.jpg","datePublished":"2022-09-02T17:42:53+00:00","dateModified":"2025-08-01T17:27:29+00:00","description":"Envie d'oeufs b\u00e9n\u00e9dictines et d'omelettes pour le d\u00e9jeuner ou le brunch ? D\u00e9couvrez notre menu.","breadcrumb":{"@id":"https:\/\/benetflorentine.com\/en\/menu\/eggs-benedict\/#breadcrumb"},"inLanguage":"en-US","potentialAction":[{"@type":"ReadAction","target":["https:\/\/benetflorentine.com\/en\/menu\/eggs-benedict\/"]}]},{"@type":"ImageObject","inLanguage":"en-US","@id":"https:\/\/benetflorentine.com\/en\/menu\/eggs-benedict\/#primaryimage","url":"https:\/\/benetflorentine.com\/wp-content\/uploads\/2020\/02\/choix-oeufs.jpg","contentUrl":"https:\/\/benetflorentine.com\/wp-content\/uploads\/2020\/02\/choix-oeufs.jpg","width":902,"height":680,"caption":"Po\u00eal\u00e9e au trois viandes avec un oeuf au plat"},{"@type":"BreadcrumbList","@id":"https:\/\/benetflorentine.com\/en\/menu\/eggs-benedict\/#breadcrumb","itemListElement":[{"@type":"ListItem","position":1,"name":"Menu","item":"https:\/\/benetflorentine.com\/en\/menu\/"},{"@type":"ListItem","position":2,"name":"Eggs Benedict"}]},{"@type":"WebSite","@id":"https:\/\/benetflorentine.com\/en\/#website","url":"https:\/\/benetflorentine.com\/en\/","name":"Ben &amp; Florentine","description":"Brunch &amp; Breakfast\u200e","publisher":{"@id":"https:\/\/benetflorentine.com\/en\/#organization"},"potentialAction":[{"@type":"SearchAction","target":{"@type":"EntryPoint","urlTemplate":"https:\/\/benetflorentine.com\/en\/?s={search_term_string}"},"query-input":{"@type":"PropertyValueSpecification","valueRequired":true,"valueName":"search_term_string"}}],"inLanguage":"en-US"},{"@type":"Organization","@id":"https:\/\/benetflorentine.com\/en\/#organization","name":"Ben &amp; Florentine","url":"https:\/\/benetflorentine.com\/en\/","logo":{"@type":"ImageObject","inLanguage":"en-US","@id":"https:\/\/benetflorentine.com\/en\/#\/schema\/logo\/image\/","url":"https:\/\/benetflorentine.com\/wp-content\/uploads\/2020\/02\/cropped-benflorentine_logo.png","contentUrl":"https:\/\/benetflorentine.com\/wp-content\/uploads\/2020\/02\/cropped-benflorentine_logo.png","width":553,"height":206,"caption":"Ben &amp; Florentine"},"image":{"@id":"https:\/\/benetflorentine.com\/en\/#\/schema\/logo\/image\/"}}]}},"_links":{"self":[{"href":"https:\/\/benetflorentine.com\/en\/wp-json\/wp\/v2\/pages\/12585","targetHints":{"allow":["GET"]}}],"collection":[{"href":"https:\/\/benetflorentine.com\/en\/wp-json\/wp\/v2\/pages"}],"about":[{"href":"https:\/\/benetflorentine.com\/en\/wp-json\/wp\/v2\/types\/page"}],"author":[{"embeddable":true,"href":"https:\/\/benetflorentine.com\/en\/wp-json\/wp\/v2\/users\/10"}],"replies":[{"embeddable":true,"href":"https:\/\/benetflorentine.com\/en\/wp-json\/wp\/v2\/comments?post=12585"}],"version-history":[{"count":29,"href":"https:\/\/benetflorentine.com\/en\/wp-json\/wp\/v2\/pages\/12585\/revisions"}],"predecessor-version":[{"id":19806,"href":"https:\/\/benetflorentine.com\/en\/wp-json\/wp\/v2\/pages\/12585\/revisions\/19806"}],"up":[{"embeddable":true,"href":"https:\/\/benetflorentine.com\/en\/wp-json\/wp\/v2\/pages\/11"}],"wp:featuredmedia":[{"embeddable":true,"href":"https:\/\/benetflorentine.com\/en\/wp-json\/wp\/v2\/media\/552"}],"wp:attachment":[{"href":"https:\/\/benetflorentine.com\/en\/wp-json\/wp\/v2\/media?parent=12585"}],"wp:term":[{"taxonomy":"category","embeddable":true,"href":"https:\/\/benetflorentine.com\/en\/wp-json\/wp\/v2\/categories?post=12585"},{"taxonomy":"post_tag","embeddable":true,"href":"https:\/\/benetflorentine.com\/en\/wp-json\/wp\/v2\/tags?post=12585"}],"curies":[{"name":"wp","href":"https:\/\/api.w.org\/{rel}","templated":true}]}}