{"id":13501,"date":"2022-09-05T12:34:28","date_gmt":"2022-09-05T16:34:28","guid":{"rendered":"https:\/\/benetflorentine.com\/menu\/crepes-pancakes-waffles-french-toast\/"},"modified":"2025-08-01T13:33:25","modified_gmt":"2025-08-01T17:33:25","slug":"pancakes","status":"publish","type":"page","link":"https:\/\/benetflorentine.com\/en\/menu\/pancakes\/","title":{"rendered":"Crepes, Pancakes, Waffles &#038; French Toast"},"content":{"rendered":"<div class=\"gb-container gb-container-0b062dd1 staticPage-header-container menuPage alignfull\"><div class=\"gb-inside-container\">\n\n<h1 class=\"wp-block-heading\">Crepes, Pancakes, <strong>Waffles &amp; French Toast<\/strong><\/h1>\n\n\n\n<p class=\"gb-headline gb-headline-6e7c5f81 gb-headline-text\">There\u2019s no time like brunch to feast to your heart\u2019s content. Treat yourself with our sweet and savoury dishes.<\/p>\n\n<\/div><\/div>\n\n\n<div class=\"gb-headline gb-headline-c646a201 gb-headline-text subMenu-anchor\" id=\"dents-sucrees\"><\/div>\n\n\n<div class=\"gb-grid-wrapper gb-grid-wrapper-66aaa19e grid-menu\">\n<div class=\"gb-grid-column gb-grid-column-a89f9c43\"><div class=\"gb-container gb-container-a89f9c43 grid-menu-image\"><div class=\"gb-inside-container\"><\/div><\/div><\/div>\n\n<div class=\"gb-grid-column gb-grid-column-aa4ef3e5\"><div class=\"gb-container gb-container-aa4ef3e5 grid-menu-text\"><div class=\"gb-inside-container\">\n\n<h2 class=\"wp-block-heading\"><strong>Our selections<\/strong><\/h2>\n\n\n\n<div class=\"gb-grid-wrapper gb-grid-wrapper-542308cf gb-query-loop-wrapper\">\n<div class=\"gb-grid-column gb-grid-column-6dda88fe gb-query-loop-item post-18480 produits type-produits status-publish hentry category-crepes-pancakes-waffles-french-toast\"><div class=\"gb-container gb-container-6dda88fe\"><div class=\"gb-inside-container\">\n<h3 class=\"gb-headline gb-headline-4dcb8768 gb-headline-text\">Mascarpone crispy french toast &amp; homemade fruit compote<\/h3>\n\n<p class=\"gb-headline gb-headline-59bc1b02 gb-headline-text\">Crispy French toast, mascarpone, granola, and homemade berry compote<\/p>\n<\/div><\/div><\/div>\n\n<div class=\"gb-grid-column gb-grid-column-6dda88fe gb-query-loop-item post-14578 produits type-produits status-publish hentry category-crepes-pancakes-waffles-french-toast\"><div class=\"gb-container gb-container-6dda88fe\"><div class=\"gb-inside-container\">\n<h3 class=\"gb-headline gb-headline-4dcb8768 gb-headline-text\">Old-Fashioned Ham &#038; Cheddar Crepe<\/h3>\n\n<p class=\"gb-headline gb-headline-59bc1b02 gb-headline-text\">Shredded old-fashioned ham, spinach and a blend of Monterey Jack and cheddar cheeses. Served with Hollandaise sauce, our famous home fries and fresh fruit<\/p>\n<\/div><\/div><\/div>\n\n<div class=\"gb-grid-column gb-grid-column-6dda88fe gb-query-loop-item post-13543 produits type-produits status-publish hentry category-crepes-pancakes-waffles-french-toast category-pancakes\"><div class=\"gb-container gb-container-6dda88fe\"><div class=\"gb-inside-container\">\n<h3 class=\"gb-headline gb-headline-4dcb8768 gb-headline-text\">Crispy French Toast &#038; Caramelized Apples<\/h3>\n\n<p class=\"gb-headline gb-headline-59bc1b02 gb-headline-text\">Crispy French toast, caramelized apples, almonds, caramel. Served with vanilla yogurt.<\/p>\n<\/div><\/div><\/div>\n\n<div class=\"gb-grid-column gb-grid-column-6dda88fe gb-query-loop-item post-13533 produits type-produits status-publish hentry category-crepes-pancakes-waffles-french-toast\"><div class=\"gb-container gb-container-6dda88fe\"><div class=\"gb-inside-container\">\n<h3 class=\"gb-headline gb-headline-4dcb8768 gb-headline-text\">Apple &#038; Cheddar Crepe<\/h3>\n\n<p class=\"gb-headline gb-headline-59bc1b02 gb-headline-text\">Caramelized apples, a mix of Monterey Jack and cheddar cheeses, almonds, caramel and vanilla yogurt.<\/p>\n<\/div><\/div><\/div>\n\n<div class=\"gb-grid-column gb-grid-column-6dda88fe gb-query-loop-item post-13070 produits type-produits status-publish hentry category-crepes-pancakes-waffles-french-toast\"><div class=\"gb-container gb-container-6dda88fe\"><div class=\"gb-inside-container\">\n<h3 class=\"gb-headline gb-headline-4dcb8768 gb-headline-text\">Banana &amp; Strawberry Pancakes with English Cream &amp; Chocolate<\/h3>\n\n<p class=\"gb-headline gb-headline-59bc1b02 gb-headline-text\">Change your crepe for a waffle, French toast or a pancake<\/p>\n<\/div><\/div><\/div>\n\n<div class=\"gb-grid-column gb-grid-column-6dda88fe gb-query-loop-item post-13067 produits type-produits status-publish hentry category-crepes-pancakes-waffles-french-toast\"><div class=\"gb-container gb-container-6dda88fe\"><div class=\"gb-inside-container\">\n<h3 class=\"gb-headline gb-headline-4dcb8768 gb-headline-text\">Fresh Fruit &amp; English Cream Waffle<\/h3>\n\n<p class=\"gb-headline gb-headline-59bc1b02 gb-headline-text\">Change your waffle for a crepe, pancake or French toast<\/p>\n<\/div><\/div><\/div>\n<\/div>\n\n<\/div><\/div><\/div>\n<\/div>\n\n\n<div class=\"gb-headline gb-headline-0960ec1a gb-headline-text menuPage-background\"><\/div>\n\n\n\n<div class=\"wp-block-columns page-promotion-container is-layout-flex wp-container-core-columns-is-layout-9d6595d7 wp-block-columns-is-layout-flex\">\n<div class=\"wp-block-column is-layout-flow wp-block-column-is-layout-flow\"><div class=\"gb-container gb-container-20b354c9 page-promotion-block\"><div class=\"gb-inside-container\">\n\n<div class=\"wp-block-columns is-layout-flex wp-container-core-columns-is-layout-9d6595d7 wp-block-columns-is-layout-flex\">\n<div class=\"wp-block-column is-layout-flow wp-block-column-is-layout-flow\">\n<h2 class=\"gb-headline gb-headline-3e30c076 gb-headline-text\">Eggs <strong>&amp; Omelet<\/strong><\/h2>\n\n\n\n<p>The best of traditional breakfast and brunch.<\/p>\n\n\n\n<div class=\"wp-block-buttons alignwide is-layout-flex wp-block-buttons-is-layout-flex\">\n<div class=\"wp-block-button button-outline aligncenter\"><a class=\"wp-block-button__link wp-element-button\" href=\"https:\/\/benetflorentine.com\/en\/menu\/eggs-omelets\/\">Discover<\/a><\/div>\n<\/div>\n<\/div>\n\n\n\n<div class=\"wp-block-column is-layout-flow wp-block-column-is-layout-flow\">\n<figure class=\"wp-block-image size-large\"><img decoding=\"async\" width=\"968\" height=\"800\" src=\"https:\/\/benetflorentine.com\/wp-content\/uploads\/2025\/04\/Big-Ben-968x800.jpg\" alt=\"\" class=\"wp-image-18646\" srcset=\"https:\/\/benetflorentine.com\/wp-content\/uploads\/2025\/04\/Big-Ben-968x800.jpg 968w, https:\/\/benetflorentine.com\/wp-content\/uploads\/2025\/04\/Big-Ben-484x400.jpg 484w, https:\/\/benetflorentine.com\/wp-content\/uploads\/2025\/04\/Big-Ben-768x634.jpg 768w, https:\/\/benetflorentine.com\/wp-content\/uploads\/2025\/04\/Big-Ben-24x20.jpg 24w, https:\/\/benetflorentine.com\/wp-content\/uploads\/2025\/04\/Big-Ben-36x30.jpg 36w, https:\/\/benetflorentine.com\/wp-content\/uploads\/2025\/04\/Big-Ben-48x40.jpg 48w, https:\/\/benetflorentine.com\/wp-content\/uploads\/2025\/04\/Big-Ben.jpg 1133w\" sizes=\"(max-width: 968px) 100vw, 968px\" \/><\/figure>\n<\/div>\n<\/div>\n\n<\/div><\/div><\/div>\n\n\n\n<div class=\"wp-block-column is-layout-flow wp-block-column-is-layout-flow\"><div class=\"gb-container gb-container-d1c4ed44 page-promotion-block\"><div class=\"gb-inside-container\">\n\n<div class=\"wp-block-columns is-layout-flex wp-container-core-columns-is-layout-9d6595d7 wp-block-columns-is-layout-flex\">\n<div class=\"wp-block-column is-layout-flow wp-block-column-is-layout-flow\">\n<h2 class=\"gb-headline gb-headline-15fba11e gb-headline-text\">Old-Fashioned Skillets<\/h2>\n\n\n\n<p>Hungry? Our more than satisfying skillets are ready for you.<\/p>\n\n\n\n<div class=\"wp-block-buttons alignwide is-layout-flex wp-block-buttons-is-layout-flex\">\n<div class=\"wp-block-button button-outline aligncenter\"><a class=\"wp-block-button__link wp-element-button\" href=\"https:\/\/benetflorentine.com\/en\/menu\/skillets\/\">Discover<\/a><\/div>\n<\/div>\n<\/div>\n\n\n\n<div class=\"wp-block-column is-layout-flow wp-block-column-is-layout-flow\">\n<figure class=\"wp-block-image size-full\"><img decoding=\"async\" width=\"615\" height=\"778\" src=\"https:\/\/benetflorentine.com\/wp-content\/uploads\/2020\/04\/poelees-ancienne.png\" alt=\"Old-Fashioned Skillets\" class=\"wp-image-8227\" srcset=\"https:\/\/benetflorentine.com\/wp-content\/uploads\/2020\/04\/poelees-ancienne.png 615w, https:\/\/benetflorentine.com\/wp-content\/uploads\/2020\/04\/poelees-ancienne-316x400.png 316w, https:\/\/benetflorentine.com\/wp-content\/uploads\/2020\/04\/poelees-ancienne-19x24.png 19w, https:\/\/benetflorentine.com\/wp-content\/uploads\/2020\/04\/poelees-ancienne-28x36.png 28w, https:\/\/benetflorentine.com\/wp-content\/uploads\/2020\/04\/poelees-ancienne-38x48.png 38w\" sizes=\"(max-width: 615px) 100vw, 615px\" \/><\/figure>\n<\/div>\n<\/div>\n\n<\/div><\/div><\/div>\n<\/div>\n","protected":false},"excerpt":{"rendered":"<p>Crepes, Pancakes, Waffles &amp; French Toast There\u2019s no time like brunch to feast to your heart\u2019s content. Treat yourself with our sweet and savoury dishes. Eggs &amp; Omelet The best of traditional breakfast and brunch. Old-Fashioned Skillets Hungry? Our more than satisfying skillets are ready for you.<\/p>\n","protected":false},"author":10,"featured_media":2255,"parent":11,"menu_order":0,"comment_status":"closed","ping_status":"closed","template":"","meta":{"inline_featured_image":false,"footnotes":""},"categories":[],"tags":[],"class_list":["post-13501","page","type-page","status-publish","has-post-thumbnail"],"yoast_head":"<!-- This site is optimized with the Yoast SEO plugin v27.3 - https:\/\/yoast.com\/product\/yoast-seo-wordpress\/ -->\n<title>Crepes, Pancakes, Waffles &amp; French Toast | Ben &amp; Florentine<\/title>\n<meta name=\"description\" content=\"There\u2019s no time like brunch to feast to your heart\u2019s content. Treat yourself with our sweet and savoury dishes.\" \/>\n<meta name=\"robots\" content=\"index, follow, max-snippet:-1, max-image-preview:large, max-video-preview:-1\" \/>\n<link rel=\"canonical\" href=\"https:\/\/benetflorentine.com\/en\/menu\/pancakes\/\" \/>\n<meta property=\"og:locale\" content=\"en_US\" \/>\n<meta property=\"og:type\" content=\"article\" \/>\n<meta property=\"og:title\" content=\"Crepes, Pancakes, Waffles &amp; French Toast | Ben &amp; Florentine\" \/>\n<meta property=\"og:description\" content=\"There\u2019s no time like brunch to feast to your heart\u2019s content. Treat yourself with our sweet and savoury dishes.\" \/>\n<meta property=\"og:url\" content=\"https:\/\/benetflorentine.com\/en\/menu\/pancakes\/\" \/>\n<meta property=\"og:site_name\" content=\"Ben &amp; Florentine\" \/>\n<meta property=\"article:modified_time\" content=\"2025-08-01T17:33:25+00:00\" \/>\n<meta property=\"og:image\" content=\"https:\/\/benetflorentine.com\/wp-content\/uploads\/2020\/02\/gourmandise-gaufre-choix-ben.jpg\" \/>\n\t<meta property=\"og:image:width\" content=\"2000\" \/>\n\t<meta property=\"og:image:height\" content=\"1036\" \/>\n\t<meta property=\"og:image:type\" content=\"image\/jpeg\" \/>\n<meta name=\"twitter:card\" content=\"summary_large_image\" \/>\n<meta name=\"twitter:label1\" content=\"Est. reading time\" \/>\n\t<meta name=\"twitter:data1\" content=\"1 minute\" \/>\n<script type=\"application\/ld+json\" class=\"yoast-schema-graph\">{\"@context\":\"https:\\\/\\\/schema.org\",\"@graph\":[{\"@type\":\"WebPage\",\"@id\":\"https:\\\/\\\/benetflorentine.com\\\/en\\\/menu\\\/pancakes\\\/\",\"url\":\"https:\\\/\\\/benetflorentine.com\\\/en\\\/menu\\\/pancakes\\\/\",\"name\":\"Crepes, Pancakes, Waffles & French Toast | Ben & Florentine\",\"isPartOf\":{\"@id\":\"https:\\\/\\\/benetflorentine.com\\\/en\\\/#website\"},\"primaryImageOfPage\":{\"@id\":\"https:\\\/\\\/benetflorentine.com\\\/en\\\/menu\\\/pancakes\\\/#primaryimage\"},\"image\":{\"@id\":\"https:\\\/\\\/benetflorentine.com\\\/en\\\/menu\\\/pancakes\\\/#primaryimage\"},\"thumbnailUrl\":\"https:\\\/\\\/benetflorentine.com\\\/wp-content\\\/uploads\\\/2020\\\/02\\\/gourmandise-gaufre-choix-ben.jpg\",\"datePublished\":\"2022-09-05T16:34:28+00:00\",\"dateModified\":\"2025-08-01T17:33:25+00:00\",\"description\":\"There\u2019s no time like brunch to feast to your heart\u2019s content. Treat yourself with our sweet and savoury dishes.\",\"breadcrumb\":{\"@id\":\"https:\\\/\\\/benetflorentine.com\\\/en\\\/menu\\\/pancakes\\\/#breadcrumb\"},\"inLanguage\":\"en-US\",\"potentialAction\":[{\"@type\":\"ReadAction\",\"target\":[\"https:\\\/\\\/benetflorentine.com\\\/en\\\/menu\\\/pancakes\\\/\"]}]},{\"@type\":\"ImageObject\",\"inLanguage\":\"en-US\",\"@id\":\"https:\\\/\\\/benetflorentine.com\\\/en\\\/menu\\\/pancakes\\\/#primaryimage\",\"url\":\"https:\\\/\\\/benetflorentine.com\\\/wp-content\\\/uploads\\\/2020\\\/02\\\/gourmandise-gaufre-choix-ben.jpg\",\"contentUrl\":\"https:\\\/\\\/benetflorentine.com\\\/wp-content\\\/uploads\\\/2020\\\/02\\\/gourmandise-gaufre-choix-ben.jpg\",\"width\":2000,\"height\":1036,\"caption\":\"Plan rapproch\u00e9 d'une gauffre surmont\u00e9e de fraise, banane, chocolat et cr\u00e8me fouett\u00e9e.\"},{\"@type\":\"BreadcrumbList\",\"@id\":\"https:\\\/\\\/benetflorentine.com\\\/en\\\/menu\\\/pancakes\\\/#breadcrumb\",\"itemListElement\":[{\"@type\":\"ListItem\",\"position\":1,\"name\":\"Menu\",\"item\":\"https:\\\/\\\/benetflorentine.com\\\/en\\\/menu\\\/\"},{\"@type\":\"ListItem\",\"position\":2,\"name\":\"Crepes, Pancakes, Waffles &#038; French Toast\"}]},{\"@type\":\"WebSite\",\"@id\":\"https:\\\/\\\/benetflorentine.com\\\/en\\\/#website\",\"url\":\"https:\\\/\\\/benetflorentine.com\\\/en\\\/\",\"name\":\"Ben &amp; Florentine\",\"description\":\"Brunch &amp; Breakfast\u200e\",\"publisher\":{\"@id\":\"https:\\\/\\\/benetflorentine.com\\\/en\\\/#organization\"},\"potentialAction\":[{\"@type\":\"SearchAction\",\"target\":{\"@type\":\"EntryPoint\",\"urlTemplate\":\"https:\\\/\\\/benetflorentine.com\\\/en\\\/?s={search_term_string}\"},\"query-input\":{\"@type\":\"PropertyValueSpecification\",\"valueRequired\":true,\"valueName\":\"search_term_string\"}}],\"inLanguage\":\"en-US\"},{\"@type\":\"Organization\",\"@id\":\"https:\\\/\\\/benetflorentine.com\\\/en\\\/#organization\",\"name\":\"Ben &amp; Florentine\",\"url\":\"https:\\\/\\\/benetflorentine.com\\\/en\\\/\",\"logo\":{\"@type\":\"ImageObject\",\"inLanguage\":\"en-US\",\"@id\":\"https:\\\/\\\/benetflorentine.com\\\/en\\\/#\\\/schema\\\/logo\\\/image\\\/\",\"url\":\"https:\\\/\\\/benetflorentine.com\\\/wp-content\\\/uploads\\\/2020\\\/02\\\/cropped-benflorentine_logo.png\",\"contentUrl\":\"https:\\\/\\\/benetflorentine.com\\\/wp-content\\\/uploads\\\/2020\\\/02\\\/cropped-benflorentine_logo.png\",\"width\":553,\"height\":206,\"caption\":\"Ben &amp; Florentine\"},\"image\":{\"@id\":\"https:\\\/\\\/benetflorentine.com\\\/en\\\/#\\\/schema\\\/logo\\\/image\\\/\"}}]}<\/script>\n<!-- \/ Yoast SEO plugin. -->","yoast_head_json":{"title":"Crepes, Pancakes, Waffles & French Toast | Ben & Florentine","description":"There\u2019s no time like brunch to feast to your heart\u2019s content. Treat yourself with our sweet and savoury dishes.","robots":{"index":"index","follow":"follow","max-snippet":"max-snippet:-1","max-image-preview":"max-image-preview:large","max-video-preview":"max-video-preview:-1"},"canonical":"https:\/\/benetflorentine.com\/en\/menu\/pancakes\/","og_locale":"en_US","og_type":"article","og_title":"Crepes, Pancakes, Waffles & French Toast | Ben & Florentine","og_description":"There\u2019s no time like brunch to feast to your heart\u2019s content. Treat yourself with our sweet and savoury dishes.","og_url":"https:\/\/benetflorentine.com\/en\/menu\/pancakes\/","og_site_name":"Ben &amp; Florentine","article_modified_time":"2025-08-01T17:33:25+00:00","og_image":[{"width":2000,"height":1036,"url":"https:\/\/benetflorentine.com\/wp-content\/uploads\/2020\/02\/gourmandise-gaufre-choix-ben.jpg","type":"image\/jpeg"}],"twitter_card":"summary_large_image","twitter_misc":{"Est. reading time":"1 minute"},"schema":{"@context":"https:\/\/schema.org","@graph":[{"@type":"WebPage","@id":"https:\/\/benetflorentine.com\/en\/menu\/pancakes\/","url":"https:\/\/benetflorentine.com\/en\/menu\/pancakes\/","name":"Crepes, Pancakes, Waffles & French Toast | Ben & Florentine","isPartOf":{"@id":"https:\/\/benetflorentine.com\/en\/#website"},"primaryImageOfPage":{"@id":"https:\/\/benetflorentine.com\/en\/menu\/pancakes\/#primaryimage"},"image":{"@id":"https:\/\/benetflorentine.com\/en\/menu\/pancakes\/#primaryimage"},"thumbnailUrl":"https:\/\/benetflorentine.com\/wp-content\/uploads\/2020\/02\/gourmandise-gaufre-choix-ben.jpg","datePublished":"2022-09-05T16:34:28+00:00","dateModified":"2025-08-01T17:33:25+00:00","description":"There\u2019s no time like brunch to feast to your heart\u2019s content. Treat yourself with our sweet and savoury dishes.","breadcrumb":{"@id":"https:\/\/benetflorentine.com\/en\/menu\/pancakes\/#breadcrumb"},"inLanguage":"en-US","potentialAction":[{"@type":"ReadAction","target":["https:\/\/benetflorentine.com\/en\/menu\/pancakes\/"]}]},{"@type":"ImageObject","inLanguage":"en-US","@id":"https:\/\/benetflorentine.com\/en\/menu\/pancakes\/#primaryimage","url":"https:\/\/benetflorentine.com\/wp-content\/uploads\/2020\/02\/gourmandise-gaufre-choix-ben.jpg","contentUrl":"https:\/\/benetflorentine.com\/wp-content\/uploads\/2020\/02\/gourmandise-gaufre-choix-ben.jpg","width":2000,"height":1036,"caption":"Plan rapproch\u00e9 d'une gauffre surmont\u00e9e de fraise, banane, chocolat et cr\u00e8me fouett\u00e9e."},{"@type":"BreadcrumbList","@id":"https:\/\/benetflorentine.com\/en\/menu\/pancakes\/#breadcrumb","itemListElement":[{"@type":"ListItem","position":1,"name":"Menu","item":"https:\/\/benetflorentine.com\/en\/menu\/"},{"@type":"ListItem","position":2,"name":"Crepes, Pancakes, Waffles &#038; French Toast"}]},{"@type":"WebSite","@id":"https:\/\/benetflorentine.com\/en\/#website","url":"https:\/\/benetflorentine.com\/en\/","name":"Ben &amp; Florentine","description":"Brunch &amp; Breakfast\u200e","publisher":{"@id":"https:\/\/benetflorentine.com\/en\/#organization"},"potentialAction":[{"@type":"SearchAction","target":{"@type":"EntryPoint","urlTemplate":"https:\/\/benetflorentine.com\/en\/?s={search_term_string}"},"query-input":{"@type":"PropertyValueSpecification","valueRequired":true,"valueName":"search_term_string"}}],"inLanguage":"en-US"},{"@type":"Organization","@id":"https:\/\/benetflorentine.com\/en\/#organization","name":"Ben &amp; Florentine","url":"https:\/\/benetflorentine.com\/en\/","logo":{"@type":"ImageObject","inLanguage":"en-US","@id":"https:\/\/benetflorentine.com\/en\/#\/schema\/logo\/image\/","url":"https:\/\/benetflorentine.com\/wp-content\/uploads\/2020\/02\/cropped-benflorentine_logo.png","contentUrl":"https:\/\/benetflorentine.com\/wp-content\/uploads\/2020\/02\/cropped-benflorentine_logo.png","width":553,"height":206,"caption":"Ben &amp; Florentine"},"image":{"@id":"https:\/\/benetflorentine.com\/en\/#\/schema\/logo\/image\/"}}]}},"_links":{"self":[{"href":"https:\/\/benetflorentine.com\/en\/wp-json\/wp\/v2\/pages\/13501","targetHints":{"allow":["GET"]}}],"collection":[{"href":"https:\/\/benetflorentine.com\/en\/wp-json\/wp\/v2\/pages"}],"about":[{"href":"https:\/\/benetflorentine.com\/en\/wp-json\/wp\/v2\/types\/page"}],"author":[{"embeddable":true,"href":"https:\/\/benetflorentine.com\/en\/wp-json\/wp\/v2\/users\/10"}],"replies":[{"embeddable":true,"href":"https:\/\/benetflorentine.com\/en\/wp-json\/wp\/v2\/comments?post=13501"}],"version-history":[{"count":18,"href":"https:\/\/benetflorentine.com\/en\/wp-json\/wp\/v2\/pages\/13501\/revisions"}],"predecessor-version":[{"id":19810,"href":"https:\/\/benetflorentine.com\/en\/wp-json\/wp\/v2\/pages\/13501\/revisions\/19810"}],"up":[{"embeddable":true,"href":"https:\/\/benetflorentine.com\/en\/wp-json\/wp\/v2\/pages\/11"}],"wp:featuredmedia":[{"embeddable":true,"href":"https:\/\/benetflorentine.com\/en\/wp-json\/wp\/v2\/media\/2255"}],"wp:attachment":[{"href":"https:\/\/benetflorentine.com\/en\/wp-json\/wp\/v2\/media?parent=13501"}],"wp:term":[{"taxonomy":"category","embeddable":true,"href":"https:\/\/benetflorentine.com\/en\/wp-json\/wp\/v2\/categories?post=13501"},{"taxonomy":"post_tag","embeddable":true,"href":"https:\/\/benetflorentine.com\/en\/wp-json\/wp\/v2\/tags?post=13501"}],"curies":[{"name":"wp","href":"https:\/\/api.w.org\/{rel}","templated":true}]}}