{"id":13791,"date":"2022-09-05T17:04:07","date_gmt":"2022-09-05T21:04:07","guid":{"rendered":"https:\/\/benetflorentine.com\/menu\/old-fashioned-skillet\/"},"modified":"2025-08-01T13:41:40","modified_gmt":"2025-08-01T17:41:40","slug":"skillets","status":"publish","type":"page","link":"https:\/\/benetflorentine.com\/en\/menu\/skillets\/","title":{"rendered":"Old-fashioned skillet"},"content":{"rendered":"<div class=\"gb-container gb-container-0b062dd1 staticPage-header-container menuPage alignfull\"><div class=\"gb-inside-container\">\n\n<h1 class=\"wp-block-heading\">Old-Fashioned <strong>Skillets<\/strong><\/h1>\n\n\n\n<p>Perfect for the hungry, our skillets are sure to satisfy big appetites.<\/p>\n\n<\/div><\/div>\n\n\n<div class=\"gb-headline gb-headline-c646a201 gb-headline-text subMenu-anchor\" id=\"dents-sucrees\"><\/div>\n\n\n<div class=\"gb-grid-wrapper gb-grid-wrapper-66aaa19e grid-menu\">\n<div class=\"gb-grid-column gb-grid-column-a89f9c43\"><div class=\"gb-container gb-container-a89f9c43 grid-menu-image\"><div class=\"gb-inside-container\"><\/div><\/div><\/div>\n\n<div class=\"gb-grid-column gb-grid-column-aa4ef3e5\"><div class=\"gb-container gb-container-aa4ef3e5 grid-menu-text\"><div class=\"gb-inside-container\">\n\n<h2 class=\"wp-block-heading\">Old-Fashioned <strong>Skillets<\/strong><\/h2>\n\n\n\n<p>Served with one egg any style, our famous home fries and toast.<\/p>\n\n\n\n<div class=\"gb-grid-wrapper gb-grid-wrapper-542308cf gb-query-loop-wrapper\">\n<div class=\"gb-grid-column gb-grid-column-6dda88fe gb-query-loop-item post-17972 produits type-produits status-publish hentry category-old-fashioned-skillets\"><div class=\"gb-container gb-container-6dda88fe\"><div class=\"gb-inside-container\">\n<h3 class=\"gb-headline gb-headline-4dcb8768 gb-headline-text\">B&#038;F Chicken sausage<\/h3>\n\n<p class=\"gb-headline gb-headline-59bc1b02 gb-headline-text\">B&#038;F exclusive chicken &#038; parmesan sausages, spinach, portobello mushrooms and Swiss cheese. Covered with a mix of Hollandaise sauce and nut-free pesto<\/p>\n<\/div><\/div><\/div>\n\n<div class=\"gb-grid-column gb-grid-column-6dda88fe gb-query-loop-item post-13565 produits type-produits status-publish hentry category-old-fashioned-skillets\"><div class=\"gb-container gb-container-6dda88fe\"><div class=\"gb-inside-container\">\n<h3 class=\"gb-headline gb-headline-4dcb8768 gb-headline-text\">Three Meats<\/h3>\n\n<p class=\"gb-headline gb-headline-59bc1b02 gb-headline-text\">Bacon, ham, sausage, red onions and a mix of Monterey Jack and cheddar cheeses.<\/p>\n<\/div><\/div><\/div>\n\n<div class=\"gb-grid-column gb-grid-column-6dda88fe gb-query-loop-item post-13563 produits type-produits status-publish hentry category-old-fashioned-skillets\"><div class=\"gb-container gb-container-6dda88fe\"><div class=\"gb-inside-container\">\n<h3 class=\"gb-headline gb-headline-4dcb8768 gb-headline-text\">Bacon &#038; Avocado<\/h3>\n\n<p class=\"gb-headline gb-headline-59bc1b02 gb-headline-text\">Bacon, avocado, tomatoes, mixed peppers, red onions and a mix of Monterey Jack and cheddar cheeses.<\/p>\n<\/div><\/div><\/div>\n\n<div class=\"gb-grid-column gb-grid-column-6dda88fe gb-query-loop-item post-13561 produits type-produits status-publish hentry category-old-fashioned-skillets\"><div class=\"gb-container gb-container-6dda88fe\"><div class=\"gb-inside-container\">\n<h3 class=\"gb-headline gb-headline-4dcb8768 gb-headline-text\">Maple Syrup<\/h3>\n\n<p class=\"gb-headline gb-headline-59bc1b02 gb-headline-text\">Bacon, mixed peppers, red onions and a mix of Monterey Jack and cheddar cheeses. Covered with a mix of Hollandaise sauce and pure maple syrup.<\/p>\n<\/div><\/div><\/div>\n<\/div>\n\n<\/div><\/div><\/div>\n<\/div>\n\n\n<div class=\"gb-headline gb-headline-0960ec1a gb-headline-text menuPage-background\"><\/div>\n\n\n\n<div class=\"wp-block-columns page-promotion-container is-layout-flex wp-container-core-columns-is-layout-9d6595d7 wp-block-columns-is-layout-flex\">\n<div class=\"wp-block-column is-layout-flow wp-block-column-is-layout-flow\"><div class=\"gb-container gb-container-20b354c9 page-promotion-block\"><div class=\"gb-inside-container\">\n\n<div class=\"wp-block-columns is-layout-flex wp-container-core-columns-is-layout-9d6595d7 wp-block-columns-is-layout-flex\">\n<div class=\"wp-block-column is-layout-flow wp-block-column-is-layout-flow\">\n<h2 class=\"gb-headline gb-headline-3e30c076 gb-headline-text\">Crepes, Pancakes, Waffle <strong>&amp; French Toast<\/strong><\/h2>\n\n\n\n<p>Discover our gourmet selection. Sweet or savoury.<\/p>\n\n\n\n<div class=\"wp-block-buttons alignwide is-layout-flex wp-block-buttons-is-layout-flex\">\n<div class=\"wp-block-button button-outline aligncenter\"><a class=\"wp-block-button__link wp-element-button\" href=\"https:\/\/benetflorentine.com\/en\/menu\/pancakes\/\">Discover<\/a><\/div>\n<\/div>\n<\/div>\n\n\n\n<div class=\"wp-block-column is-layout-flow wp-block-column-is-layout-flow\">\n<figure class=\"wp-block-image size-full\"><img decoding=\"async\" width=\"615\" height=\"778\" src=\"https:\/\/benetflorentine.com\/wp-content\/uploads\/2020\/04\/pancakes.png\" alt=\"Pancakes\" class=\"wp-image-8225\" srcset=\"https:\/\/benetflorentine.com\/wp-content\/uploads\/2020\/04\/pancakes.png 615w, https:\/\/benetflorentine.com\/wp-content\/uploads\/2020\/04\/pancakes-316x400.png 316w, https:\/\/benetflorentine.com\/wp-content\/uploads\/2020\/04\/pancakes-19x24.png 19w, https:\/\/benetflorentine.com\/wp-content\/uploads\/2020\/04\/pancakes-28x36.png 28w, https:\/\/benetflorentine.com\/wp-content\/uploads\/2020\/04\/pancakes-38x48.png 38w\" sizes=\"(max-width: 615px) 100vw, 615px\" \/><\/figure>\n<\/div>\n<\/div>\n\n<\/div><\/div><\/div>\n\n\n\n<div class=\"wp-block-column is-layout-flow wp-block-column-is-layout-flow\"><div class=\"gb-container gb-container-0da3f226 page-promotion-block\"><div class=\"gb-inside-container\">\n\n<div class=\"wp-block-columns is-layout-flex wp-container-core-columns-is-layout-9d6595d7 wp-block-columns-is-layout-flex\">\n<div class=\"wp-block-column is-layout-flow wp-block-column-is-layout-flow\">\n<h2 class=\"gb-headline gb-headline-944318d1 gb-headline-text\">Florentine\u2019s <strong>Choice<\/strong><\/h2>\n\n\n\n<p>Check out our healthy menu and surprise yourself with our festival of flavours.<\/p>\n\n\n\n<div class=\"wp-block-buttons alignwide is-layout-flex wp-block-buttons-is-layout-flex\">\n<div class=\"wp-block-button button-outline aligncenter\"><a class=\"wp-block-button__link wp-element-button\" href=\"https:\/\/benetflorentine.com\/en\/menu\/healthy-choice\/\">Discover<\/a><\/div>\n<\/div>\n<\/div>\n\n\n\n<div class=\"wp-block-column is-layout-flow wp-block-column-is-layout-flow\">\n<figure class=\"wp-block-image size-full\"><img decoding=\"async\" width=\"2560\" height=\"1707\" src=\"https:\/\/benetflorentine.com\/wp-content\/uploads\/2021\/04\/Choix-de-florentine-scaled.jpg\" alt=\"Deux plats sant\u00e9 : un bagel au saumon fum\u00e9 et le combo bol de smoothie, toast \u00e0 l'avocat avec oeuf poch\u00e9 et brie.\" class=\"wp-image-10195\" srcset=\"https:\/\/benetflorentine.com\/wp-content\/uploads\/2021\/04\/Choix-de-florentine-scaled.jpg 2560w, https:\/\/benetflorentine.com\/wp-content\/uploads\/2021\/04\/Choix-de-florentine-600x400.jpg 600w, https:\/\/benetflorentine.com\/wp-content\/uploads\/2021\/04\/Choix-de-florentine-1200x800.jpg 1200w, https:\/\/benetflorentine.com\/wp-content\/uploads\/2021\/04\/Choix-de-florentine-768x512.jpg 768w, https:\/\/benetflorentine.com\/wp-content\/uploads\/2021\/04\/Choix-de-florentine-1536x1024.jpg 1536w, https:\/\/benetflorentine.com\/wp-content\/uploads\/2021\/04\/Choix-de-florentine-2048x1365.jpg 2048w, https:\/\/benetflorentine.com\/wp-content\/uploads\/2021\/04\/Choix-de-florentine-24x16.jpg 24w, https:\/\/benetflorentine.com\/wp-content\/uploads\/2021\/04\/Choix-de-florentine-36x24.jpg 36w, https:\/\/benetflorentine.com\/wp-content\/uploads\/2021\/04\/Choix-de-florentine-48x32.jpg 48w\" sizes=\"(max-width: 2560px) 100vw, 2560px\" \/><\/figure>\n<\/div>\n<\/div>\n\n<\/div><\/div><\/div>\n<\/div>\n\n\n\n<p><\/p>\n","protected":false},"excerpt":{"rendered":"<p>Old-Fashioned Skillets Perfect for the hungry, our skillets are sure to satisfy big appetites. Crepes, Pancakes, Waffle &amp; French Toast Discover our gourmet selection. Sweet or savoury. Florentine\u2019s Choice Check out our healthy menu and surprise yourself with our festival of flavours.<\/p>\n","protected":false},"author":10,"featured_media":2241,"parent":11,"menu_order":0,"comment_status":"closed","ping_status":"closed","template":"","meta":{"inline_featured_image":false,"footnotes":""},"categories":[],"tags":[],"class_list":["post-13791","page","type-page","status-publish","has-post-thumbnail"],"yoast_head":"<!-- This site is optimized with the Yoast SEO plugin v27.3 - https:\/\/yoast.com\/product\/yoast-seo-wordpress\/ -->\n<title>Old-Fashioned Skillets | Ben &amp; Florentine<\/title>\n<meta name=\"description\" content=\"The only choice you have to make\u2026 Sweet or Savoury?\" \/>\n<meta name=\"robots\" content=\"index, follow, max-snippet:-1, max-image-preview:large, max-video-preview:-1\" \/>\n<link rel=\"canonical\" href=\"https:\/\/benetflorentine.com\/en\/menu\/skillets\/\" \/>\n<meta property=\"og:locale\" content=\"en_US\" \/>\n<meta property=\"og:type\" content=\"article\" \/>\n<meta property=\"og:title\" content=\"Old-Fashioned Skillets | Ben &amp; Florentine\" \/>\n<meta property=\"og:description\" content=\"The only choice you have to make\u2026 Sweet or Savoury?\" \/>\n<meta property=\"og:url\" content=\"https:\/\/benetflorentine.com\/en\/menu\/skillets\/\" \/>\n<meta property=\"og:site_name\" content=\"Ben &amp; Florentine\" \/>\n<meta property=\"article:modified_time\" content=\"2025-08-01T17:41:40+00:00\" \/>\n<meta property=\"og:image\" content=\"https:\/\/benetflorentine.com\/wp-content\/uploads\/2020\/02\/poelees-bacon_avocat-min.jpg\" \/>\n\t<meta property=\"og:image:width\" content=\"1920\" \/>\n\t<meta property=\"og:image:height\" content=\"1000\" \/>\n\t<meta property=\"og:image:type\" content=\"image\/jpeg\" \/>\n<meta name=\"twitter:card\" content=\"summary_large_image\" \/>\n<meta name=\"twitter:label1\" content=\"Est. reading time\" \/>\n\t<meta name=\"twitter:data1\" content=\"1 minute\" \/>\n<script type=\"application\/ld+json\" class=\"yoast-schema-graph\">{\"@context\":\"https:\\\/\\\/schema.org\",\"@graph\":[{\"@type\":\"WebPage\",\"@id\":\"https:\\\/\\\/benetflorentine.com\\\/en\\\/menu\\\/skillets\\\/\",\"url\":\"https:\\\/\\\/benetflorentine.com\\\/en\\\/menu\\\/skillets\\\/\",\"name\":\"Old-Fashioned Skillets | Ben & Florentine\",\"isPartOf\":{\"@id\":\"https:\\\/\\\/benetflorentine.com\\\/en\\\/#website\"},\"primaryImageOfPage\":{\"@id\":\"https:\\\/\\\/benetflorentine.com\\\/en\\\/menu\\\/skillets\\\/#primaryimage\"},\"image\":{\"@id\":\"https:\\\/\\\/benetflorentine.com\\\/en\\\/menu\\\/skillets\\\/#primaryimage\"},\"thumbnailUrl\":\"https:\\\/\\\/benetflorentine.com\\\/wp-content\\\/uploads\\\/2020\\\/02\\\/poelees-bacon_avocat-min.jpg\",\"datePublished\":\"2022-09-05T21:04:07+00:00\",\"dateModified\":\"2025-08-01T17:41:40+00:00\",\"description\":\"The only choice you have to make\u2026 Sweet or Savoury?\",\"breadcrumb\":{\"@id\":\"https:\\\/\\\/benetflorentine.com\\\/en\\\/menu\\\/skillets\\\/#breadcrumb\"},\"inLanguage\":\"en-US\",\"potentialAction\":[{\"@type\":\"ReadAction\",\"target\":[\"https:\\\/\\\/benetflorentine.com\\\/en\\\/menu\\\/skillets\\\/\"]}]},{\"@type\":\"ImageObject\",\"inLanguage\":\"en-US\",\"@id\":\"https:\\\/\\\/benetflorentine.com\\\/en\\\/menu\\\/skillets\\\/#primaryimage\",\"url\":\"https:\\\/\\\/benetflorentine.com\\\/wp-content\\\/uploads\\\/2020\\\/02\\\/poelees-bacon_avocat-min.jpg\",\"contentUrl\":\"https:\\\/\\\/benetflorentine.com\\\/wp-content\\\/uploads\\\/2020\\\/02\\\/poelees-bacon_avocat-min.jpg\",\"width\":1920,\"height\":1000,\"caption\":\"Bacon & Avocado Skillet\"},{\"@type\":\"BreadcrumbList\",\"@id\":\"https:\\\/\\\/benetflorentine.com\\\/en\\\/menu\\\/skillets\\\/#breadcrumb\",\"itemListElement\":[{\"@type\":\"ListItem\",\"position\":1,\"name\":\"Menu\",\"item\":\"https:\\\/\\\/benetflorentine.com\\\/en\\\/menu\\\/\"},{\"@type\":\"ListItem\",\"position\":2,\"name\":\"Old-fashioned skillet\"}]},{\"@type\":\"WebSite\",\"@id\":\"https:\\\/\\\/benetflorentine.com\\\/en\\\/#website\",\"url\":\"https:\\\/\\\/benetflorentine.com\\\/en\\\/\",\"name\":\"Ben &amp; Florentine\",\"description\":\"Brunch &amp; Breakfast\u200e\",\"publisher\":{\"@id\":\"https:\\\/\\\/benetflorentine.com\\\/en\\\/#organization\"},\"potentialAction\":[{\"@type\":\"SearchAction\",\"target\":{\"@type\":\"EntryPoint\",\"urlTemplate\":\"https:\\\/\\\/benetflorentine.com\\\/en\\\/?s={search_term_string}\"},\"query-input\":{\"@type\":\"PropertyValueSpecification\",\"valueRequired\":true,\"valueName\":\"search_term_string\"}}],\"inLanguage\":\"en-US\"},{\"@type\":\"Organization\",\"@id\":\"https:\\\/\\\/benetflorentine.com\\\/en\\\/#organization\",\"name\":\"Ben &amp; Florentine\",\"url\":\"https:\\\/\\\/benetflorentine.com\\\/en\\\/\",\"logo\":{\"@type\":\"ImageObject\",\"inLanguage\":\"en-US\",\"@id\":\"https:\\\/\\\/benetflorentine.com\\\/en\\\/#\\\/schema\\\/logo\\\/image\\\/\",\"url\":\"https:\\\/\\\/benetflorentine.com\\\/wp-content\\\/uploads\\\/2020\\\/02\\\/cropped-benflorentine_logo.png\",\"contentUrl\":\"https:\\\/\\\/benetflorentine.com\\\/wp-content\\\/uploads\\\/2020\\\/02\\\/cropped-benflorentine_logo.png\",\"width\":553,\"height\":206,\"caption\":\"Ben &amp; Florentine\"},\"image\":{\"@id\":\"https:\\\/\\\/benetflorentine.com\\\/en\\\/#\\\/schema\\\/logo\\\/image\\\/\"}}]}<\/script>\n<!-- \/ Yoast SEO plugin. -->","yoast_head_json":{"title":"Old-Fashioned Skillets | Ben & Florentine","description":"The only choice you have to make\u2026 Sweet or Savoury?","robots":{"index":"index","follow":"follow","max-snippet":"max-snippet:-1","max-image-preview":"max-image-preview:large","max-video-preview":"max-video-preview:-1"},"canonical":"https:\/\/benetflorentine.com\/en\/menu\/skillets\/","og_locale":"en_US","og_type":"article","og_title":"Old-Fashioned Skillets | Ben & Florentine","og_description":"The only choice you have to make\u2026 Sweet or Savoury?","og_url":"https:\/\/benetflorentine.com\/en\/menu\/skillets\/","og_site_name":"Ben &amp; Florentine","article_modified_time":"2025-08-01T17:41:40+00:00","og_image":[{"width":1920,"height":1000,"url":"https:\/\/benetflorentine.com\/wp-content\/uploads\/2020\/02\/poelees-bacon_avocat-min.jpg","type":"image\/jpeg"}],"twitter_card":"summary_large_image","twitter_misc":{"Est. reading time":"1 minute"},"schema":{"@context":"https:\/\/schema.org","@graph":[{"@type":"WebPage","@id":"https:\/\/benetflorentine.com\/en\/menu\/skillets\/","url":"https:\/\/benetflorentine.com\/en\/menu\/skillets\/","name":"Old-Fashioned Skillets | Ben & Florentine","isPartOf":{"@id":"https:\/\/benetflorentine.com\/en\/#website"},"primaryImageOfPage":{"@id":"https:\/\/benetflorentine.com\/en\/menu\/skillets\/#primaryimage"},"image":{"@id":"https:\/\/benetflorentine.com\/en\/menu\/skillets\/#primaryimage"},"thumbnailUrl":"https:\/\/benetflorentine.com\/wp-content\/uploads\/2020\/02\/poelees-bacon_avocat-min.jpg","datePublished":"2022-09-05T21:04:07+00:00","dateModified":"2025-08-01T17:41:40+00:00","description":"The only choice you have to make\u2026 Sweet or Savoury?","breadcrumb":{"@id":"https:\/\/benetflorentine.com\/en\/menu\/skillets\/#breadcrumb"},"inLanguage":"en-US","potentialAction":[{"@type":"ReadAction","target":["https:\/\/benetflorentine.com\/en\/menu\/skillets\/"]}]},{"@type":"ImageObject","inLanguage":"en-US","@id":"https:\/\/benetflorentine.com\/en\/menu\/skillets\/#primaryimage","url":"https:\/\/benetflorentine.com\/wp-content\/uploads\/2020\/02\/poelees-bacon_avocat-min.jpg","contentUrl":"https:\/\/benetflorentine.com\/wp-content\/uploads\/2020\/02\/poelees-bacon_avocat-min.jpg","width":1920,"height":1000,"caption":"Bacon & Avocado Skillet"},{"@type":"BreadcrumbList","@id":"https:\/\/benetflorentine.com\/en\/menu\/skillets\/#breadcrumb","itemListElement":[{"@type":"ListItem","position":1,"name":"Menu","item":"https:\/\/benetflorentine.com\/en\/menu\/"},{"@type":"ListItem","position":2,"name":"Old-fashioned skillet"}]},{"@type":"WebSite","@id":"https:\/\/benetflorentine.com\/en\/#website","url":"https:\/\/benetflorentine.com\/en\/","name":"Ben &amp; Florentine","description":"Brunch &amp; Breakfast\u200e","publisher":{"@id":"https:\/\/benetflorentine.com\/en\/#organization"},"potentialAction":[{"@type":"SearchAction","target":{"@type":"EntryPoint","urlTemplate":"https:\/\/benetflorentine.com\/en\/?s={search_term_string}"},"query-input":{"@type":"PropertyValueSpecification","valueRequired":true,"valueName":"search_term_string"}}],"inLanguage":"en-US"},{"@type":"Organization","@id":"https:\/\/benetflorentine.com\/en\/#organization","name":"Ben &amp; Florentine","url":"https:\/\/benetflorentine.com\/en\/","logo":{"@type":"ImageObject","inLanguage":"en-US","@id":"https:\/\/benetflorentine.com\/en\/#\/schema\/logo\/image\/","url":"https:\/\/benetflorentine.com\/wp-content\/uploads\/2020\/02\/cropped-benflorentine_logo.png","contentUrl":"https:\/\/benetflorentine.com\/wp-content\/uploads\/2020\/02\/cropped-benflorentine_logo.png","width":553,"height":206,"caption":"Ben &amp; Florentine"},"image":{"@id":"https:\/\/benetflorentine.com\/en\/#\/schema\/logo\/image\/"}}]}},"_links":{"self":[{"href":"https:\/\/benetflorentine.com\/en\/wp-json\/wp\/v2\/pages\/13791","targetHints":{"allow":["GET"]}}],"collection":[{"href":"https:\/\/benetflorentine.com\/en\/wp-json\/wp\/v2\/pages"}],"about":[{"href":"https:\/\/benetflorentine.com\/en\/wp-json\/wp\/v2\/types\/page"}],"author":[{"embeddable":true,"href":"https:\/\/benetflorentine.com\/en\/wp-json\/wp\/v2\/users\/10"}],"replies":[{"embeddable":true,"href":"https:\/\/benetflorentine.com\/en\/wp-json\/wp\/v2\/comments?post=13791"}],"version-history":[{"count":13,"href":"https:\/\/benetflorentine.com\/en\/wp-json\/wp\/v2\/pages\/13791\/revisions"}],"predecessor-version":[{"id":19818,"href":"https:\/\/benetflorentine.com\/en\/wp-json\/wp\/v2\/pages\/13791\/revisions\/19818"}],"up":[{"embeddable":true,"href":"https:\/\/benetflorentine.com\/en\/wp-json\/wp\/v2\/pages\/11"}],"wp:featuredmedia":[{"embeddable":true,"href":"https:\/\/benetflorentine.com\/en\/wp-json\/wp\/v2\/media\/2241"}],"wp:attachment":[{"href":"https:\/\/benetflorentine.com\/en\/wp-json\/wp\/v2\/media?parent=13791"}],"wp:term":[{"taxonomy":"category","embeddable":true,"href":"https:\/\/benetflorentine.com\/en\/wp-json\/wp\/v2\/categories?post=13791"},{"taxonomy":"post_tag","embeddable":true,"href":"https:\/\/benetflorentine.com\/en\/wp-json\/wp\/v2\/tags?post=13791"}],"curies":[{"name":"wp","href":"https:\/\/api.w.org\/{rel}","templated":true}]}}