{"id":13821,"date":"2022-09-05T17:32:26","date_gmt":"2022-09-05T21:32:26","guid":{"rendered":"https:\/\/benetflorentine.com\/menu\/our-combos\/"},"modified":"2025-08-01T13:41:16","modified_gmt":"2025-08-01T17:41:16","slug":"our-combos","status":"publish","type":"page","link":"https:\/\/benetflorentine.com\/en\/menu\/our-combos\/","title":{"rendered":"Our Combos"},"content":{"rendered":"<div class=\"gb-container gb-container-0b062dd1 staticPage-header-container menuPage alignfull\"><div class=\"gb-inside-container\">\n\n<h1 class=\"wp-block-heading\"><strong>Combos<\/strong><\/h1>\n\n\n\n<p>For classics lovers and the undecided. The best of both worlds all on one plate.<\/p>\n\n<\/div><\/div>\n\n\n<div class=\"gb-headline gb-headline-c646a201 gb-headline-text subMenu-anchor\" id=\"dents-sucrees\"><\/div>\n\n\n<div class=\"gb-grid-wrapper gb-grid-wrapper-66aaa19e grid-menu\">\n<div class=\"gb-grid-column gb-grid-column-a89f9c43\"><div class=\"gb-container gb-container-a89f9c43 grid-menu-image\"><div class=\"gb-inside-container\"><\/div><\/div><\/div>\n\n<div class=\"gb-grid-column gb-grid-column-aa4ef3e5\"><div class=\"gb-container gb-container-aa4ef3e5 grid-menu-text\"><div class=\"gb-inside-container\">\n\n<h2 class=\"wp-block-heading\"><strong><strong>Combos<\/strong><\/strong><\/h2>\n\n\n\n<p>Served with two eggs any style, our famous home fries, applesauce and toast.<\/p>\n\n\n\n<div class=\"gb-grid-wrapper gb-grid-wrapper-542308cf gb-query-loop-wrapper\">\n<div class=\"gb-grid-column gb-grid-column-6dda88fe gb-query-loop-item post-20089 produits type-produits status-publish hentry category-our-combos tag-new\"><div class=\"gb-container gb-container-6dda88fe\"><div class=\"gb-inside-container\">\n<h3 class=\"gb-headline gb-headline-4dcb8768 gb-headline-text\">&#8220;Churros style&#8221; Bites<\/h3>\n\n<p class=\"gb-headline gb-headline-59bc1b02 gb-headline-text\">Bacon and sausages served with a bowl of &#8220;churros style&#8221; crispy French toast bites, a mix of sugar and cinnamon, and hazelnut chocolate<\/p>\n<\/div><\/div><\/div>\n\n<div class=\"gb-grid-column gb-grid-column-6dda88fe gb-query-loop-item post-19663 produits type-produits status-publish hentry category-our-combos\"><div class=\"gb-container gb-container-6dda88fe\"><div class=\"gb-inside-container\">\n<h3 class=\"gb-headline gb-headline-4dcb8768 gb-headline-text\">Crispy French Toast<\/h3>\n\n<p class=\"gb-headline gb-headline-59bc1b02 gb-headline-text\">Bacon and sausages served with crispy French toast : bananas, strawberries and a choice of hazelnut chocolate or caramel.<\/p>\n<\/div><\/div><\/div>\n\n<div class=\"gb-grid-column gb-grid-column-6dda88fe gb-query-loop-item post-19661 produits type-produits status-publish hentry category-our-combos\"><div class=\"gb-container gb-container-6dda88fe\"><div class=\"gb-inside-container\">\n<h3 class=\"gb-headline gb-headline-4dcb8768 gb-headline-text\">\u201cGourmandise\u201d<\/h3>\n\n\n<\/div><\/div><\/div>\n\n<div class=\"gb-grid-column gb-grid-column-6dda88fe gb-query-loop-item post-18519 produits type-produits status-publish hentry category-our-combos category-sweet-benedict\"><div class=\"gb-container gb-container-6dda88fe\"><div class=\"gb-inside-container\">\n<h3 class=\"gb-headline gb-headline-4dcb8768 gb-headline-text\">Avocado and banana &amp; chocolate crepe<\/h3>\n\n<p class=\"gb-headline gb-headline-59bc1b02 gb-headline-text\">Poached egg, English muffin, bacon, avocado and Hollandaise sauce along with a bananas and hazelnut chocolate crepe<\/p>\n<\/div><\/div><\/div>\n\n<div class=\"gb-grid-column gb-grid-column-6dda88fe gb-query-loop-item post-13691 produits type-produits status-publish hentry category-our-combos\"><div class=\"gb-container gb-container-6dda88fe\"><div class=\"gb-inside-container\">\n<h3 class=\"gb-headline gb-headline-4dcb8768 gb-headline-text\">Crispy French Toast<\/h3>\n\n<p class=\"gb-headline gb-headline-59bc1b02 gb-headline-text\">Bacon and sausages served with crispy French toast: bananas, strawberry, hazelnut chocolate or caramel \n<\/p>\n<\/div><\/div><\/div>\n\n<div class=\"gb-grid-column gb-grid-column-6dda88fe gb-query-loop-item post-13689 produits type-produits status-publish hentry category-our-combos\"><div class=\"gb-container gb-container-6dda88fe\"><div class=\"gb-inside-container\">\n<h3 class=\"gb-headline gb-headline-4dcb8768 gb-headline-text\">Ten on Ten<\/h3>\n\n<p class=\"gb-headline gb-headline-59bc1b02 gb-headline-text\">Bacon, ham, sausage, <span class=\"cretons\">cretons<\/span> and baked beans with a choice of half waffle, French toast, pancake or crepe.<\/p>\n<\/div><\/div><\/div>\n\n<div class=\"gb-grid-column gb-grid-column-6dda88fe gb-query-loop-item post-13685 produits type-produits status-publish hentry category-our-combos\"><div class=\"gb-container gb-container-6dda88fe\"><div class=\"gb-inside-container\">\n<h3 class=\"gb-headline gb-headline-4dcb8768 gb-headline-text\">Two eggs etc.<\/h3>\n\n<p class=\"gb-headline gb-headline-59bc1b02 gb-headline-text\">Choice of waffle, French toast, pancakes or crepes.<\/p>\n<\/div><\/div><\/div>\n\n<div class=\"gb-grid-column gb-grid-column-6dda88fe gb-query-loop-item post-13134 produits type-produits status-publish hentry category-our-combos\"><div class=\"gb-container gb-container-6dda88fe\"><div class=\"gb-inside-container\">\n<h3 class=\"gb-headline gb-headline-4dcb8768 gb-headline-text\">Apple crepe<\/h3>\n\n<p class=\"gb-headline gb-headline-59bc1b02 gb-headline-text\">Bacon and sausages served with a caramelized apples crepe and a mix of Monterey Jack and cheddar cheeses<\/p>\n<\/div><\/div><\/div>\n<\/div>\n\n<\/div><\/div><\/div>\n<\/div>\n\n\n<div class=\"gb-headline gb-headline-d6aa7cc4 gb-headline-text subMenu-anchor\" id=\"dents-sucrees\"><\/div>\n\n\n<div class=\"gb-grid-wrapper gb-grid-wrapper-69680c23 grid-menu\">\n<div class=\"gb-grid-column gb-grid-column-183069fe\"><div class=\"gb-container gb-container-183069fe grid-menu-image\"><div class=\"gb-inside-container\"><\/div><\/div><\/div>\n\n<div class=\"gb-grid-column gb-grid-column-fe93dc5e\"><div class=\"gb-container gb-container-fe93dc5e grid-menu-text\"><div class=\"gb-inside-container\">\n\n<h2 class=\"wp-block-heading\"><strong><strong>Benedict with a side of sweet<\/strong><\/strong><\/h2>\n\n\n\n<p>Served with our famous home fries and fresh fruits.<\/p>\n\n\n\n<div class=\"gb-grid-wrapper gb-grid-wrapper-09b83236 gb-query-loop-wrapper\">\n<div class=\"gb-grid-column gb-grid-column-8bc5441f gb-query-loop-item post-20078 produits type-produits status-publish hentry category-benedicts-with-a-side-of-sweet tag-new\"><div class=\"gb-container gb-container-8bc5441f\"><div class=\"gb-inside-container\">\n<h3 class=\"gb-headline gb-headline-53a8bf83 gb-headline-text\">Bacon cheddar Sausage &amp; &#8220;Churros style&#8221; Bites<\/h3>\n\n<p class=\"gb-headline gb-headline-bf1ffa07 gb-headline-text\">Poached egg, English muffin, B&amp;F exclusive bacon &amp; cheddar sausages, tomatoes, red onions, Monterey Jack cheese and Hollandaise sauce. Served with a bowl of &#8220;churros style&#8221; crispy French toast bites, a mix of sugar and cinnamon, and hazelnut chocolate<\/p>\n<\/div><\/div><\/div>\n\n<div class=\"gb-grid-column gb-grid-column-8bc5441f gb-query-loop-item post-17929 produits type-produits status-publish hentry category-benedicts-with-a-side-of-sweet\"><div class=\"gb-container gb-container-8bc5441f\"><div class=\"gb-inside-container\">\n<h3 class=\"gb-headline gb-headline-53a8bf83 gb-headline-text\">Bacon Benedict &#038; &#8220;Gourmandise&#8221;<\/h3>\n\n<p class=\"gb-headline gb-headline-bf1ffa07 gb-headline-text\">Poached egg, English muffin, bacon and Hollandaise sauce, served with a half-waffle: almonds, chocolate chips, hazelnut chocolate and white chocolate<\/p>\n<\/div><\/div><\/div>\n\n<div class=\"gb-grid-column gb-grid-column-8bc5441f gb-query-loop-item post-13666 produits type-produits status-publish hentry category-benedicts-with-a-side-of-sweet\"><div class=\"gb-container gb-container-8bc5441f\"><div class=\"gb-inside-container\">\n<h3 class=\"gb-headline gb-headline-53a8bf83 gb-headline-text\">Avocado Benedict &#038; Banana Chocolate Crepe<\/h3>\n\n<p class=\"gb-headline gb-headline-bf1ffa07 gb-headline-text\">Avocado, apple, fresh mint and pineapple juice.<\/p>\n<\/div><\/div><\/div>\n<\/div>\n\n<\/div><\/div><\/div>\n<\/div>\n\n\n<div class=\"gb-headline gb-headline-0960ec1a gb-headline-text menuPage-background\"><\/div>\n\n\n\n<div class=\"wp-block-columns page-promotion-container is-layout-flex wp-container-core-columns-is-layout-9d6595d7 wp-block-columns-is-layout-flex\">\n<div class=\"wp-block-column is-layout-flow wp-block-column-is-layout-flow\"><div class=\"gb-container gb-container-20b354c9 page-promotion-block\"><div class=\"gb-inside-container\">\n\n<div class=\"wp-block-columns is-layout-flex wp-container-core-columns-is-layout-9d6595d7 wp-block-columns-is-layout-flex\">\n<div class=\"wp-block-column is-layout-flow wp-block-column-is-layout-flow\">\n<h2 class=\"gb-headline gb-headline-3e30c076 gb-headline-text\">Florentine\u2019s <strong>Choice<\/strong><\/h2>\n\n\n\n<p>Check out our healthy menu and surprise yourself with our festival of flavours.<\/p>\n\n\n\n<div class=\"wp-block-buttons alignwide is-layout-flex wp-block-buttons-is-layout-flex\">\n<div class=\"wp-block-button button-outline aligncenter\"><a class=\"wp-block-button__link wp-element-button\" href=\"https:\/\/benetflorentine.com\/en\/menu\/healthy-choice\/\">Discover<\/a><\/div>\n<\/div>\n<\/div>\n\n\n\n<div class=\"wp-block-column is-layout-flow wp-block-column-is-layout-flow\">\n<figure class=\"wp-block-image size-full\"><img decoding=\"async\" width=\"2560\" height=\"1707\" src=\"https:\/\/benetflorentine.com\/wp-content\/uploads\/2021\/04\/Choix-de-florentine-scaled.jpg\" alt=\"Deux plats sant\u00e9 : un bagel au saumon fum\u00e9 et le combo bol de smoothie, toast \u00e0 l'avocat avec oeuf poch\u00e9 et brie.\" class=\"wp-image-10195\" srcset=\"https:\/\/benetflorentine.com\/wp-content\/uploads\/2021\/04\/Choix-de-florentine-scaled.jpg 2560w, https:\/\/benetflorentine.com\/wp-content\/uploads\/2021\/04\/Choix-de-florentine-600x400.jpg 600w, https:\/\/benetflorentine.com\/wp-content\/uploads\/2021\/04\/Choix-de-florentine-1200x800.jpg 1200w, https:\/\/benetflorentine.com\/wp-content\/uploads\/2021\/04\/Choix-de-florentine-768x512.jpg 768w, https:\/\/benetflorentine.com\/wp-content\/uploads\/2021\/04\/Choix-de-florentine-1536x1024.jpg 1536w, https:\/\/benetflorentine.com\/wp-content\/uploads\/2021\/04\/Choix-de-florentine-2048x1365.jpg 2048w, https:\/\/benetflorentine.com\/wp-content\/uploads\/2021\/04\/Choix-de-florentine-24x16.jpg 24w, https:\/\/benetflorentine.com\/wp-content\/uploads\/2021\/04\/Choix-de-florentine-36x24.jpg 36w, https:\/\/benetflorentine.com\/wp-content\/uploads\/2021\/04\/Choix-de-florentine-48x32.jpg 48w\" sizes=\"(max-width: 2560px) 100vw, 2560px\" \/><\/figure>\n<\/div>\n<\/div>\n\n<\/div><\/div><\/div>\n\n\n\n<div class=\"wp-block-column is-layout-flow wp-block-column-is-layout-flow\"><div class=\"gb-container gb-container-0da3f226 page-promotion-block\"><div class=\"gb-inside-container\">\n\n<div class=\"wp-block-columns is-layout-flex wp-container-core-columns-is-layout-9d6595d7 wp-block-columns-is-layout-flex\">\n<div class=\"wp-block-column is-layout-flow wp-block-column-is-layout-flow\">\n<h2 class=\"gb-headline gb-headline-944318d1 gb-headline-text\">Gourmet <strong>Toasts<\/strong><\/h2>\n\n\n\n<p>Crunchy, creamy, colourful\u2026 Our tartines never do things halfway.<\/p>\n\n\n\n<div class=\"wp-block-buttons alignwide is-layout-flex wp-block-buttons-is-layout-flex\">\n<div class=\"wp-block-button button-outline aligncenter\"><a class=\"wp-block-button__link wp-element-button\" href=\"https:\/\/benetflorentine.com\/en\/menu\/gourmet-toast\/\">Discover<\/a><\/div>\n<\/div>\n<\/div>\n\n\n\n<div class=\"wp-block-column is-layout-flow wp-block-column-is-layout-flow\">\n<figure class=\"wp-block-image size-large\"><img decoding=\"async\" width=\"998\" height=\"800\" src=\"https:\/\/benetflorentine.com\/wp-content\/uploads\/2025\/04\/du-sante-998x800.jpg\" alt=\"\" class=\"wp-image-18613\" srcset=\"https:\/\/benetflorentine.com\/wp-content\/uploads\/2025\/04\/du-sante-998x800.jpg 998w, https:\/\/benetflorentine.com\/wp-content\/uploads\/2025\/04\/du-sante-499x400.jpg 499w, https:\/\/benetflorentine.com\/wp-content\/uploads\/2025\/04\/du-sante-768x616.jpg 768w, https:\/\/benetflorentine.com\/wp-content\/uploads\/2025\/04\/du-sante-24x19.jpg 24w, https:\/\/benetflorentine.com\/wp-content\/uploads\/2025\/04\/du-sante-36x29.jpg 36w, https:\/\/benetflorentine.com\/wp-content\/uploads\/2025\/04\/du-sante-48x38.jpg 48w, https:\/\/benetflorentine.com\/wp-content\/uploads\/2025\/04\/du-sante.jpg 1165w\" sizes=\"(max-width: 998px) 100vw, 998px\" \/><\/figure>\n<\/div>\n<\/div>\n\n<\/div><\/div><\/div>\n<\/div>\n","protected":false},"excerpt":{"rendered":"<p>Combos For classics lovers and the undecided. The best of both worlds all on one plate. Florentine\u2019s Choice Check out our healthy menu and surprise yourself with our festival of flavours. Gourmet Toasts Crunchy, creamy, colourful\u2026 Our tartines never do things halfway.<\/p>\n","protected":false},"author":10,"featured_media":0,"parent":11,"menu_order":0,"comment_status":"closed","ping_status":"closed","template":"","meta":{"inline_featured_image":false,"footnotes":""},"categories":[],"tags":[],"class_list":["post-13821","page","type-page","status-publish"],"yoast_head":"<!-- This site is optimized with the Yoast SEO plugin v27.3 - https:\/\/yoast.com\/product\/yoast-seo-wordpress\/ -->\n<title>Discover our combos | Ben &amp; Florentine<\/title>\n<meta name=\"description\" content=\"Indecision can lead to awesome discovery with our combos mixing sweet and savoury, so you don\u2019t have to choose.\" \/>\n<meta name=\"robots\" content=\"index, follow, max-snippet:-1, max-image-preview:large, max-video-preview:-1\" \/>\n<link rel=\"canonical\" href=\"https:\/\/benetflorentine.com\/en\/menu\/our-combos\/\" \/>\n<meta property=\"og:locale\" content=\"en_US\" \/>\n<meta property=\"og:type\" content=\"article\" \/>\n<meta property=\"og:title\" content=\"Discover our combos | Ben &amp; Florentine\" \/>\n<meta property=\"og:description\" content=\"Indecision can lead to awesome discovery with our combos mixing sweet and savoury, so you don\u2019t have to choose.\" \/>\n<meta property=\"og:url\" content=\"https:\/\/benetflorentine.com\/en\/menu\/our-combos\/\" \/>\n<meta property=\"og:site_name\" content=\"Ben &amp; Florentine\" \/>\n<meta property=\"article:modified_time\" content=\"2025-08-01T17:41:16+00:00\" \/>\n<meta property=\"og:image\" content=\"https:\/\/benetflorentine.com\/wp-content\/uploads\/2021\/04\/Choix-de-florentine-scaled.jpg\" \/>\n<meta name=\"twitter:card\" content=\"summary_large_image\" \/>\n<meta name=\"twitter:label1\" content=\"Est. reading time\" \/>\n\t<meta name=\"twitter:data1\" content=\"1 minute\" \/>\n<script type=\"application\/ld+json\" class=\"yoast-schema-graph\">{\"@context\":\"https:\\\/\\\/schema.org\",\"@graph\":[{\"@type\":\"WebPage\",\"@id\":\"https:\\\/\\\/benetflorentine.com\\\/en\\\/menu\\\/our-combos\\\/\",\"url\":\"https:\\\/\\\/benetflorentine.com\\\/en\\\/menu\\\/our-combos\\\/\",\"name\":\"Discover our combos | Ben & Florentine\",\"isPartOf\":{\"@id\":\"https:\\\/\\\/benetflorentine.com\\\/en\\\/#website\"},\"primaryImageOfPage\":{\"@id\":\"https:\\\/\\\/benetflorentine.com\\\/en\\\/menu\\\/our-combos\\\/#primaryimage\"},\"image\":{\"@id\":\"https:\\\/\\\/benetflorentine.com\\\/en\\\/menu\\\/our-combos\\\/#primaryimage\"},\"thumbnailUrl\":\"https:\\\/\\\/benetflorentine.com\\\/wp-content\\\/uploads\\\/2021\\\/04\\\/Choix-de-florentine-scaled.jpg\",\"datePublished\":\"2022-09-05T21:32:26+00:00\",\"dateModified\":\"2025-08-01T17:41:16+00:00\",\"description\":\"Indecision can lead to awesome discovery with our combos mixing sweet and savoury, so you don\u2019t have to choose.\",\"breadcrumb\":{\"@id\":\"https:\\\/\\\/benetflorentine.com\\\/en\\\/menu\\\/our-combos\\\/#breadcrumb\"},\"inLanguage\":\"en-US\",\"potentialAction\":[{\"@type\":\"ReadAction\",\"target\":[\"https:\\\/\\\/benetflorentine.com\\\/en\\\/menu\\\/our-combos\\\/\"]}]},{\"@type\":\"ImageObject\",\"inLanguage\":\"en-US\",\"@id\":\"https:\\\/\\\/benetflorentine.com\\\/en\\\/menu\\\/our-combos\\\/#primaryimage\",\"url\":\"https:\\\/\\\/benetflorentine.com\\\/wp-content\\\/uploads\\\/2021\\\/04\\\/Choix-de-florentine-scaled.jpg\",\"contentUrl\":\"https:\\\/\\\/benetflorentine.com\\\/wp-content\\\/uploads\\\/2021\\\/04\\\/Choix-de-florentine-scaled.jpg\"},{\"@type\":\"BreadcrumbList\",\"@id\":\"https:\\\/\\\/benetflorentine.com\\\/en\\\/menu\\\/our-combos\\\/#breadcrumb\",\"itemListElement\":[{\"@type\":\"ListItem\",\"position\":1,\"name\":\"Menu\",\"item\":\"https:\\\/\\\/benetflorentine.com\\\/en\\\/menu\\\/\"},{\"@type\":\"ListItem\",\"position\":2,\"name\":\"Our Combos\"}]},{\"@type\":\"WebSite\",\"@id\":\"https:\\\/\\\/benetflorentine.com\\\/en\\\/#website\",\"url\":\"https:\\\/\\\/benetflorentine.com\\\/en\\\/\",\"name\":\"Ben &amp; Florentine\",\"description\":\"Brunch &amp; Breakfast\u200e\",\"publisher\":{\"@id\":\"https:\\\/\\\/benetflorentine.com\\\/en\\\/#organization\"},\"potentialAction\":[{\"@type\":\"SearchAction\",\"target\":{\"@type\":\"EntryPoint\",\"urlTemplate\":\"https:\\\/\\\/benetflorentine.com\\\/en\\\/?s={search_term_string}\"},\"query-input\":{\"@type\":\"PropertyValueSpecification\",\"valueRequired\":true,\"valueName\":\"search_term_string\"}}],\"inLanguage\":\"en-US\"},{\"@type\":\"Organization\",\"@id\":\"https:\\\/\\\/benetflorentine.com\\\/en\\\/#organization\",\"name\":\"Ben &amp; Florentine\",\"url\":\"https:\\\/\\\/benetflorentine.com\\\/en\\\/\",\"logo\":{\"@type\":\"ImageObject\",\"inLanguage\":\"en-US\",\"@id\":\"https:\\\/\\\/benetflorentine.com\\\/en\\\/#\\\/schema\\\/logo\\\/image\\\/\",\"url\":\"https:\\\/\\\/benetflorentine.com\\\/wp-content\\\/uploads\\\/2020\\\/02\\\/cropped-benflorentine_logo.png\",\"contentUrl\":\"https:\\\/\\\/benetflorentine.com\\\/wp-content\\\/uploads\\\/2020\\\/02\\\/cropped-benflorentine_logo.png\",\"width\":553,\"height\":206,\"caption\":\"Ben &amp; Florentine\"},\"image\":{\"@id\":\"https:\\\/\\\/benetflorentine.com\\\/en\\\/#\\\/schema\\\/logo\\\/image\\\/\"}}]}<\/script>\n<!-- \/ Yoast SEO plugin. -->","yoast_head_json":{"title":"Discover our combos | Ben & Florentine","description":"Indecision can lead to awesome discovery with our combos mixing sweet and savoury, so you don\u2019t have to choose.","robots":{"index":"index","follow":"follow","max-snippet":"max-snippet:-1","max-image-preview":"max-image-preview:large","max-video-preview":"max-video-preview:-1"},"canonical":"https:\/\/benetflorentine.com\/en\/menu\/our-combos\/","og_locale":"en_US","og_type":"article","og_title":"Discover our combos | Ben & Florentine","og_description":"Indecision can lead to awesome discovery with our combos mixing sweet and savoury, so you don\u2019t have to choose.","og_url":"https:\/\/benetflorentine.com\/en\/menu\/our-combos\/","og_site_name":"Ben &amp; Florentine","article_modified_time":"2025-08-01T17:41:16+00:00","og_image":[{"url":"https:\/\/benetflorentine.com\/wp-content\/uploads\/2021\/04\/Choix-de-florentine-scaled.jpg","type":"","width":"","height":""}],"twitter_card":"summary_large_image","twitter_misc":{"Est. reading time":"1 minute"},"schema":{"@context":"https:\/\/schema.org","@graph":[{"@type":"WebPage","@id":"https:\/\/benetflorentine.com\/en\/menu\/our-combos\/","url":"https:\/\/benetflorentine.com\/en\/menu\/our-combos\/","name":"Discover our combos | Ben & Florentine","isPartOf":{"@id":"https:\/\/benetflorentine.com\/en\/#website"},"primaryImageOfPage":{"@id":"https:\/\/benetflorentine.com\/en\/menu\/our-combos\/#primaryimage"},"image":{"@id":"https:\/\/benetflorentine.com\/en\/menu\/our-combos\/#primaryimage"},"thumbnailUrl":"https:\/\/benetflorentine.com\/wp-content\/uploads\/2021\/04\/Choix-de-florentine-scaled.jpg","datePublished":"2022-09-05T21:32:26+00:00","dateModified":"2025-08-01T17:41:16+00:00","description":"Indecision can lead to awesome discovery with our combos mixing sweet and savoury, so you don\u2019t have to choose.","breadcrumb":{"@id":"https:\/\/benetflorentine.com\/en\/menu\/our-combos\/#breadcrumb"},"inLanguage":"en-US","potentialAction":[{"@type":"ReadAction","target":["https:\/\/benetflorentine.com\/en\/menu\/our-combos\/"]}]},{"@type":"ImageObject","inLanguage":"en-US","@id":"https:\/\/benetflorentine.com\/en\/menu\/our-combos\/#primaryimage","url":"https:\/\/benetflorentine.com\/wp-content\/uploads\/2021\/04\/Choix-de-florentine-scaled.jpg","contentUrl":"https:\/\/benetflorentine.com\/wp-content\/uploads\/2021\/04\/Choix-de-florentine-scaled.jpg"},{"@type":"BreadcrumbList","@id":"https:\/\/benetflorentine.com\/en\/menu\/our-combos\/#breadcrumb","itemListElement":[{"@type":"ListItem","position":1,"name":"Menu","item":"https:\/\/benetflorentine.com\/en\/menu\/"},{"@type":"ListItem","position":2,"name":"Our Combos"}]},{"@type":"WebSite","@id":"https:\/\/benetflorentine.com\/en\/#website","url":"https:\/\/benetflorentine.com\/en\/","name":"Ben &amp; Florentine","description":"Brunch &amp; Breakfast\u200e","publisher":{"@id":"https:\/\/benetflorentine.com\/en\/#organization"},"potentialAction":[{"@type":"SearchAction","target":{"@type":"EntryPoint","urlTemplate":"https:\/\/benetflorentine.com\/en\/?s={search_term_string}"},"query-input":{"@type":"PropertyValueSpecification","valueRequired":true,"valueName":"search_term_string"}}],"inLanguage":"en-US"},{"@type":"Organization","@id":"https:\/\/benetflorentine.com\/en\/#organization","name":"Ben &amp; Florentine","url":"https:\/\/benetflorentine.com\/en\/","logo":{"@type":"ImageObject","inLanguage":"en-US","@id":"https:\/\/benetflorentine.com\/en\/#\/schema\/logo\/image\/","url":"https:\/\/benetflorentine.com\/wp-content\/uploads\/2020\/02\/cropped-benflorentine_logo.png","contentUrl":"https:\/\/benetflorentine.com\/wp-content\/uploads\/2020\/02\/cropped-benflorentine_logo.png","width":553,"height":206,"caption":"Ben &amp; Florentine"},"image":{"@id":"https:\/\/benetflorentine.com\/en\/#\/schema\/logo\/image\/"}}]}},"_links":{"self":[{"href":"https:\/\/benetflorentine.com\/en\/wp-json\/wp\/v2\/pages\/13821","targetHints":{"allow":["GET"]}}],"collection":[{"href":"https:\/\/benetflorentine.com\/en\/wp-json\/wp\/v2\/pages"}],"about":[{"href":"https:\/\/benetflorentine.com\/en\/wp-json\/wp\/v2\/types\/page"}],"author":[{"embeddable":true,"href":"https:\/\/benetflorentine.com\/en\/wp-json\/wp\/v2\/users\/10"}],"replies":[{"embeddable":true,"href":"https:\/\/benetflorentine.com\/en\/wp-json\/wp\/v2\/comments?post=13821"}],"version-history":[{"count":16,"href":"https:\/\/benetflorentine.com\/en\/wp-json\/wp\/v2\/pages\/13821\/revisions"}],"predecessor-version":[{"id":19817,"href":"https:\/\/benetflorentine.com\/en\/wp-json\/wp\/v2\/pages\/13821\/revisions\/19817"}],"up":[{"embeddable":true,"href":"https:\/\/benetflorentine.com\/en\/wp-json\/wp\/v2\/pages\/11"}],"wp:attachment":[{"href":"https:\/\/benetflorentine.com\/en\/wp-json\/wp\/v2\/media?parent=13821"}],"wp:term":[{"taxonomy":"category","embeddable":true,"href":"https:\/\/benetflorentine.com\/en\/wp-json\/wp\/v2\/categories?post=13821"},{"taxonomy":"post_tag","embeddable":true,"href":"https:\/\/benetflorentine.com\/en\/wp-json\/wp\/v2\/tags?post=13821"}],"curies":[{"name":"wp","href":"https:\/\/api.w.org\/{rel}","templated":true}]}}