{"id":9777,"date":"2020-11-26T13:57:37","date_gmt":"2020-11-26T18:57:37","guid":{"rendered":"https:\/\/benetflorentine.com\/our-brunch-kits\/tete-a-tete\/"},"modified":"2024-06-18T09:35:47","modified_gmt":"2024-06-18T13:35:47","slug":"tete-a-tete","status":"publish","type":"page","link":"https:\/\/benetflorentine.com\/en\/tete-a-tete\/","title":{"rendered":"T\u00eate-\u00e0-t\u00eate"},"content":{"rendered":"\n<p>Saumon fum\u00e9, fromage \u00e0 la cr\u00e8me, sac de bagels B&amp;F (6), bols (2) de fruits frais, \u0153ufs (8), m\u00e9lange de l\u00e9gumes (poivrons rouges grill\u00e9s, asperges, champignons portobello, tomates en d\u00e9s, oignons rouges et olives Kalamata), fromage de ch\u00e8vre, m\u00e9lange de quinoa, ma\u00efs et haricots noirs, avocat (1) ainsi qu\u2019un bol de smoothie et ses garnitures de bleuets, graines de citrouille et de chia. Un sachet de caf\u00e9 est \u00e9galement inclus.<\/p>\n\n\n\n<p><strong>POUR 4 PERSONNES<\/strong><br>49,95$ (taxes incluses)<\/p>\n","protected":false},"excerpt":{"rendered":"<p>Saumon fum\u00e9, fromage \u00e0 la cr\u00e8me, sac de bagels B&amp;F (6), bols (2) de fruits frais, \u0153ufs (8), m\u00e9lange de l\u00e9gumes (poivrons rouges grill\u00e9s, asperges, champignons portobello, tomates en d\u00e9s, oignons rouges et olives Kalamata), fromage de ch\u00e8vre, m\u00e9lange de quinoa, ma\u00efs et haricots noirs, avocat (1) ainsi qu\u2019un bol de smoothie et ses garnitures &#8230; <a title=\"T\u00eate-\u00e0-t\u00eate\" class=\"read-more\" href=\"https:\/\/benetflorentine.com\/en\/tete-a-tete\/\" aria-label=\"Read more about T\u00eate-\u00e0-t\u00eate\">Read more<\/a><\/p>\n","protected":false},"author":10,"featured_media":0,"parent":0,"menu_order":0,"comment_status":"closed","ping_status":"closed","template":"page-blank-title-center.php","meta":{"inline_featured_image":false,"footnotes":""},"categories":[],"tags":[],"class_list":["post-9777","page","type-page","status-publish"],"yoast_head":"<!-- This site is optimized with the Yoast SEO plugin v27.3 - https:\/\/yoast.com\/product\/yoast-seo-wordpress\/ -->\n<title>T\u00eate-\u00e0-t\u00eate | Ben &amp; Florentine<\/title>\n<meta name=\"robots\" content=\"index, follow, max-snippet:-1, max-image-preview:large, max-video-preview:-1\" \/>\n<link rel=\"canonical\" href=\"https:\/\/benetflorentine.com\/en\/tete-a-tete\/\" \/>\n<meta property=\"og:locale\" content=\"en_US\" \/>\n<meta property=\"og:type\" content=\"article\" \/>\n<meta property=\"og:title\" content=\"T\u00eate-\u00e0-t\u00eate | Ben &amp; Florentine\" \/>\n<meta property=\"og:description\" content=\"Saumon fum\u00e9, fromage \u00e0 la cr\u00e8me, sac de bagels B&amp;F (6), bols (2) de fruits frais, \u0153ufs (8), m\u00e9lange de l\u00e9gumes (poivrons rouges grill\u00e9s, asperges, champignons portobello, tomates en d\u00e9s, oignons rouges et olives Kalamata), fromage de ch\u00e8vre, m\u00e9lange de quinoa, ma\u00efs et haricots noirs, avocat (1) ainsi qu\u2019un bol de smoothie et ses garnitures ... Read more\" \/>\n<meta property=\"og:url\" content=\"https:\/\/benetflorentine.com\/en\/tete-a-tete\/\" \/>\n<meta property=\"og:site_name\" content=\"Ben &amp; Florentine\" \/>\n<meta property=\"article:modified_time\" content=\"2024-06-18T13:35:47+00:00\" \/>\n<meta name=\"twitter:card\" content=\"summary_large_image\" \/>\n<script type=\"application\/ld+json\" class=\"yoast-schema-graph\">{\"@context\":\"https:\\\/\\\/schema.org\",\"@graph\":[{\"@type\":\"WebPage\",\"@id\":\"https:\\\/\\\/benetflorentine.com\\\/en\\\/tete-a-tete\\\/\",\"url\":\"https:\\\/\\\/benetflorentine.com\\\/en\\\/tete-a-tete\\\/\",\"name\":\"T\u00eate-\u00e0-t\u00eate | Ben &amp; Florentine\",\"isPartOf\":{\"@id\":\"https:\\\/\\\/benetflorentine.com\\\/en\\\/#website\"},\"datePublished\":\"2020-11-26T18:57:37+00:00\",\"dateModified\":\"2024-06-18T13:35:47+00:00\",\"inLanguage\":\"en-US\",\"potentialAction\":[{\"@type\":\"ReadAction\",\"target\":[\"https:\\\/\\\/benetflorentine.com\\\/en\\\/tete-a-tete\\\/\"]}]},{\"@type\":\"WebSite\",\"@id\":\"https:\\\/\\\/benetflorentine.com\\\/en\\\/#website\",\"url\":\"https:\\\/\\\/benetflorentine.com\\\/en\\\/\",\"name\":\"Ben &amp; Florentine\",\"description\":\"Brunch &amp; Breakfast\u200e\",\"publisher\":{\"@id\":\"https:\\\/\\\/benetflorentine.com\\\/en\\\/#organization\"},\"potentialAction\":[{\"@type\":\"SearchAction\",\"target\":{\"@type\":\"EntryPoint\",\"urlTemplate\":\"https:\\\/\\\/benetflorentine.com\\\/en\\\/?s={search_term_string}\"},\"query-input\":{\"@type\":\"PropertyValueSpecification\",\"valueRequired\":true,\"valueName\":\"search_term_string\"}}],\"inLanguage\":\"en-US\"},{\"@type\":\"Organization\",\"@id\":\"https:\\\/\\\/benetflorentine.com\\\/en\\\/#organization\",\"name\":\"Ben &amp; Florentine\",\"url\":\"https:\\\/\\\/benetflorentine.com\\\/en\\\/\",\"logo\":{\"@type\":\"ImageObject\",\"inLanguage\":\"en-US\",\"@id\":\"https:\\\/\\\/benetflorentine.com\\\/en\\\/#\\\/schema\\\/logo\\\/image\\\/\",\"url\":\"https:\\\/\\\/benetflorentine.com\\\/wp-content\\\/uploads\\\/2020\\\/02\\\/cropped-benflorentine_logo.png\",\"contentUrl\":\"https:\\\/\\\/benetflorentine.com\\\/wp-content\\\/uploads\\\/2020\\\/02\\\/cropped-benflorentine_logo.png\",\"width\":553,\"height\":206,\"caption\":\"Ben &amp; Florentine\"},\"image\":{\"@id\":\"https:\\\/\\\/benetflorentine.com\\\/en\\\/#\\\/schema\\\/logo\\\/image\\\/\"}}]}<\/script>\n<!-- \/ Yoast SEO plugin. -->","yoast_head_json":{"title":"T\u00eate-\u00e0-t\u00eate | Ben &amp; Florentine","robots":{"index":"index","follow":"follow","max-snippet":"max-snippet:-1","max-image-preview":"max-image-preview:large","max-video-preview":"max-video-preview:-1"},"canonical":"https:\/\/benetflorentine.com\/en\/tete-a-tete\/","og_locale":"en_US","og_type":"article","og_title":"T\u00eate-\u00e0-t\u00eate | Ben &amp; Florentine","og_description":"Saumon fum\u00e9, fromage \u00e0 la cr\u00e8me, sac de bagels B&amp;F (6), bols (2) de fruits frais, \u0153ufs (8), m\u00e9lange de l\u00e9gumes (poivrons rouges grill\u00e9s, asperges, champignons portobello, tomates en d\u00e9s, oignons rouges et olives Kalamata), fromage de ch\u00e8vre, m\u00e9lange de quinoa, ma\u00efs et haricots noirs, avocat (1) ainsi qu\u2019un bol de smoothie et ses garnitures ... Read more","og_url":"https:\/\/benetflorentine.com\/en\/tete-a-tete\/","og_site_name":"Ben &amp; Florentine","article_modified_time":"2024-06-18T13:35:47+00:00","twitter_card":"summary_large_image","schema":{"@context":"https:\/\/schema.org","@graph":[{"@type":"WebPage","@id":"https:\/\/benetflorentine.com\/en\/tete-a-tete\/","url":"https:\/\/benetflorentine.com\/en\/tete-a-tete\/","name":"T\u00eate-\u00e0-t\u00eate | Ben &amp; Florentine","isPartOf":{"@id":"https:\/\/benetflorentine.com\/en\/#website"},"datePublished":"2020-11-26T18:57:37+00:00","dateModified":"2024-06-18T13:35:47+00:00","inLanguage":"en-US","potentialAction":[{"@type":"ReadAction","target":["https:\/\/benetflorentine.com\/en\/tete-a-tete\/"]}]},{"@type":"WebSite","@id":"https:\/\/benetflorentine.com\/en\/#website","url":"https:\/\/benetflorentine.com\/en\/","name":"Ben &amp; Florentine","description":"Brunch &amp; Breakfast\u200e","publisher":{"@id":"https:\/\/benetflorentine.com\/en\/#organization"},"potentialAction":[{"@type":"SearchAction","target":{"@type":"EntryPoint","urlTemplate":"https:\/\/benetflorentine.com\/en\/?s={search_term_string}"},"query-input":{"@type":"PropertyValueSpecification","valueRequired":true,"valueName":"search_term_string"}}],"inLanguage":"en-US"},{"@type":"Organization","@id":"https:\/\/benetflorentine.com\/en\/#organization","name":"Ben &amp; Florentine","url":"https:\/\/benetflorentine.com\/en\/","logo":{"@type":"ImageObject","inLanguage":"en-US","@id":"https:\/\/benetflorentine.com\/en\/#\/schema\/logo\/image\/","url":"https:\/\/benetflorentine.com\/wp-content\/uploads\/2020\/02\/cropped-benflorentine_logo.png","contentUrl":"https:\/\/benetflorentine.com\/wp-content\/uploads\/2020\/02\/cropped-benflorentine_logo.png","width":553,"height":206,"caption":"Ben &amp; Florentine"},"image":{"@id":"https:\/\/benetflorentine.com\/en\/#\/schema\/logo\/image\/"}}]}},"_links":{"self":[{"href":"https:\/\/benetflorentine.com\/en\/wp-json\/wp\/v2\/pages\/9777","targetHints":{"allow":["GET"]}}],"collection":[{"href":"https:\/\/benetflorentine.com\/en\/wp-json\/wp\/v2\/pages"}],"about":[{"href":"https:\/\/benetflorentine.com\/en\/wp-json\/wp\/v2\/types\/page"}],"author":[{"embeddable":true,"href":"https:\/\/benetflorentine.com\/en\/wp-json\/wp\/v2\/users\/10"}],"replies":[{"embeddable":true,"href":"https:\/\/benetflorentine.com\/en\/wp-json\/wp\/v2\/comments?post=9777"}],"version-history":[{"count":1,"href":"https:\/\/benetflorentine.com\/en\/wp-json\/wp\/v2\/pages\/9777\/revisions"}],"predecessor-version":[{"id":9836,"href":"https:\/\/benetflorentine.com\/en\/wp-json\/wp\/v2\/pages\/9777\/revisions\/9836"}],"wp:attachment":[{"href":"https:\/\/benetflorentine.com\/en\/wp-json\/wp\/v2\/media?parent=9777"}],"wp:term":[{"taxonomy":"category","embeddable":true,"href":"https:\/\/benetflorentine.com\/en\/wp-json\/wp\/v2\/categories?post=9777"},{"taxonomy":"post_tag","embeddable":true,"href":"https:\/\/benetflorentine.com\/en\/wp-json\/wp\/v2\/tags?post=9777"}],"curies":[{"name":"wp","href":"https:\/\/api.w.org\/{rel}","templated":true}]}}