{"id":12253,"date":"2022-08-31T11:31:00","date_gmt":"2022-08-31T15:31:00","guid":{"rendered":"https:\/\/benetflorentine.com\/?page_id=12253"},"modified":"2025-01-07T13:29:27","modified_gmt":"2025-01-07T18:29:27","slug":"cartes","status":"publish","type":"page","link":"https:\/\/benetflorentine.com\/fr\/cartes\/","title":{"rendered":"Nos Cartes"},"content":{"rendered":"<div class=\"gb-container gb-container-ed5f5e01 staticPage-header-container staticPage-header-container-with-bg alignfull\"><div class=\"gb-inside-container\">\n\n<h1 class=\"wp-block-heading has-text-align-center\">Nos <strong>cartes<\/strong><\/h1>\n\n<\/div><\/div>\n\n<div class=\"gb-container gb-container-609c68a8 cards_header\"><div class=\"gb-inside-container\">\n\n<h2 class=\"wp-block-heading has-text-align-center\"><br>Carte-cadeau<\/h2>\n\n\n\n<p class=\"has-text-align-center\">Vous voulez g\u00e2ter vos proches (ou vous-m\u00eames) ?<\/p>\n\n<\/div><\/div>\n\n\n<p class=\"cards_subtitle\"><strong>La carte-cadeau Ben &amp; Florentine est le cadeau parfait, \u00e0 toutes les occasions. Pensez-y, un brunch \u00e7a rend toujours heureux!<\/strong><\/p>\n\n\n<div class=\"gb-grid-wrapper gb-grid-wrapper-e674bf93 grid-acheter-solde\">\n<div class=\"gb-grid-column gb-grid-column-5b80b322\"><div class=\"gb-container gb-container-5b80b322\"><div class=\"gb-inside-container\">\n<div class=\"gb-container gb-container-21a6aff1 container-acheter\"><div class=\"gb-inside-container\">\n\n<h3 class=\"gb-headline gb-headline-cb8a0498 gb-headline-text\"><strong>Une carte-cadeau de Ben &amp; Florentine,<\/strong> c&rsquo;est un passeport de d\u00e9couvertes pour les papilles.<\/h3>\n\n\n\n<div class=\"wp-block-buttons alignwide is-layout-flex wp-block-buttons-is-layout-flex\">\n<div class=\"wp-block-button button-outline aligncenter\"><a class=\"wp-block-button__link wp-element-button\" href=\"https:\/\/giftcards.benetflorentine.com\/fr\/\">Acheter une carte-cadeau<\/a><\/div>\n<\/div>\n\n<\/div><\/div>\n<\/div><\/div><\/div>\n\n<div class=\"gb-grid-column gb-grid-column-4e017766\"><div class=\"gb-container gb-container-4e017766 container-solde\"><div class=\"gb-inside-container\">\n<div class=\"wp-block-image\">\n<figure class=\"aligncenter size-full\"><img decoding=\"async\" width=\"100\" height=\"100\" src=\"https:\/\/benetflorentine.com\/wp-content\/uploads\/2020\/03\/card.png\" alt=\"Carte\" class=\"wp-image-4502\"\/><\/figure>\n<\/div>\n\n\n<h3 class=\"wp-block-heading has-text-align-center\"><span style=\"display: block;\">Voir le<strong style=\"display: unset;\"> solde <\/strong><\/span>de ma carte-cadeau.<\/h3>\n\n\n\n<div class=\"wp-block-buttons alignwide is-layout-flex wp-block-buttons-is-layout-flex\">\n<div class=\"wp-block-button button-outline aligncenter\"><a class=\"wp-block-button__link wp-element-button\" href=\"https:\/\/mtyrewards.verifiervotresolde.com\/fr\/login\">V\u00e9rifier mon solde<\/a><\/div>\n<\/div>\n\n<\/div><\/div><\/div>\n<\/div>\n\n\n<div class=\"wp-block-columns find-container is-layout-flex wp-container-core-columns-is-layout-9d6595d7 wp-block-columns-is-layout-flex\" id=\"find_resto\">\n<div class=\"wp-block-column is-layout-flow wp-block-column-is-layout-flow\">\n<figure class=\"gb-block-image gb-block-image-f0a38cda\"><img decoding=\"async\" width=\"223\" height=\"221\" class=\"gb-image gb-image-f0a38cda\" src=\"https:\/\/benetflorentine.com\/wp-content\/uploads\/2023\/01\/trouver-image.svg\" alt=\"\" title=\"trouver-image\"\/><\/figure>\n<\/div>\n\n\n\n<div class=\"wp-block-column is-layout-flow wp-block-column-is-layout-flow\">\n<p>Trouvez un restaurant<\/p>\n\n\n\n<p>Et v\u00e9rifiez les services offerts par Ben &amp; Florentine<br>pr\u00e8s de chez vous !<\/p>\n\n\n<div class=\"gb-button-wrapper gb-button-wrapper-4ed2f58d\">\n\n<a class=\"gb-button gb-button-a270fdb7 gb-button-text btn-find\" href=\"https:\/\/locations.benetflorentine.com\/fr\">Trouver<\/a>\n\n<\/div><\/div>\n<\/div>\n\n\n\n<div class=\"wp-block-columns newsletter-container is-layout-flex wp-container-core-columns-is-layout-9d6595d7 wp-block-columns-is-layout-flex\">\n<div class=\"wp-block-column is-layout-flow wp-block-column-is-layout-flow\">\n<p>Rester inform\u00e9<\/p>\n\n\n\n<p>Abonnez-vous \u00e0 notre infolettre pour ne pas manquer nos promotions, concours et nouveaux plats !<\/p>\n<\/div>\n\n\n\n<div class=\"wp-block-column right-colonne is-layout-flow wp-block-column-is-layout-flow\">\n<a class=\"subscribe-btn\" href=\"\/fr\/infolettre\">S\u2019abonner<\/a>\n<\/div>\n<\/div>\n\n\n<div class=\"gb-container gb-container-cfb8ea2b block_fwidth\"><div class=\"gb-inside-container\">\n\n<div style=\"height:50px\" aria-hidden=\"true\" class=\"wp-block-spacer\"><\/div>\n\n\n\n<h2 class=\"gb-headline gb-headline-fdfe6e29 gb-headline-text become_a_player_title\">Devenez un joueur<\/h2>\n\n\n\n<h3 class=\"gb-headline gb-headline-22c29625 gb-headline-text become_a_player_subtitle\"><strong><strong><strong><strong><strong><strong>dans une \u00e9quipe de professionnels<\/strong><\/strong><\/strong><\/strong><\/strong><\/strong><\/h3>\n\n\n\n<div style=\"height:20px\" aria-hidden=\"true\" class=\"wp-block-spacer\"><\/div>\n\n\n<div class=\"gb-container gb-container-be29b28e\"><div class=\"gb-inside-container\">\n<div class=\"gb-button-wrapper gb-button-wrapper-7a63ec52\">\n\n<a class=\"gb-button gb-button-ff4a2861 gb-button-text btn-orange\" href=\"https:\/\/mtyfranchising.com\/fr\/ben-and-florentine-franchise\/\" target=\"_blank\" rel=\"noopener noreferrer\"><h2>Devenez<\/h2><strong><strong><strong><strong><strong><strong>un franchis\u00e9<\/strong><\/strong><\/strong><\/strong><\/strong><\/strong><em><em><em>L&rsquo;envers du d\u00e9cor vous int\u00e9resse ?<\/em><\/em><\/em><\/a>\n\n\n\n<a class=\"gb-button gb-button-a4799121 gb-button-text btn-orange\" href=\"\/fr\/carrieres\/\"><h2>Trouvez<\/h2><strong><strong><strong>un emploi avec nous<\/strong><\/strong><\/strong><em><em><em>On a h\u00e2te de travailler avec vous !<\/em><\/em><\/em><\/a>\n\n<\/div>\n\n\n<div style=\"height:50px\" aria-hidden=\"true\" class=\"wp-block-spacer\"><\/div>\n\n<\/div><\/div>\n<\/div><\/div>","protected":false},"excerpt":{"rendered":"<p>Nos cartes Carte-cadeau Vous voulez g\u00e2ter vos proches (ou vous-m\u00eames) ? La carte-cadeau Ben &amp; Florentine est le cadeau parfait, \u00e0 toutes les occasions. Pensez-y, un brunch \u00e7a rend toujours heureux!<\/p>\n","protected":false},"author":10,"featured_media":0,"parent":0,"menu_order":0,"comment_status":"closed","ping_status":"closed","template":"","meta":{"inline_featured_image":false,"footnotes":""},"categories":[],"tags":[],"class_list":["post-12253","page","type-page","status-publish"],"yoast_head":"<!-- This site is optimized with the Yoast SEO plugin v27.3 - https:\/\/yoast.com\/product\/yoast-seo-wordpress\/ -->\n<title>Nos Cartes | Ben &amp; Florentine<\/title>\n<meta name=\"description\" content=\"R\u00e9compensez-vous ou g\u00e2tez vos proches avec une carte-cadeau Ben &amp; Florentine.\" \/>\n<meta name=\"robots\" content=\"index, follow, max-snippet:-1, max-image-preview:large, max-video-preview:-1\" \/>\n<link rel=\"canonical\" href=\"https:\/\/benetflorentine.com\/fr\/cartes\/\" \/>\n<meta property=\"og:locale\" content=\"fr_FR\" \/>\n<meta property=\"og:type\" content=\"article\" \/>\n<meta property=\"og:title\" content=\"Nos Cartes | Ben &amp; Florentine\" \/>\n<meta property=\"og:description\" content=\"R\u00e9compensez-vous ou g\u00e2tez vos proches avec une carte-cadeau Ben &amp; Florentine.\" \/>\n<meta property=\"og:url\" content=\"https:\/\/benetflorentine.com\/fr\/cartes\/\" \/>\n<meta property=\"og:site_name\" content=\"Ben &amp; Florentine\" \/>\n<meta property=\"article:modified_time\" content=\"2025-01-07T18:29:27+00:00\" \/>\n<meta property=\"og:image\" content=\"https:\/\/benetflorentine.com\/wp-content\/uploads\/2020\/03\/card.png\" \/>\n<meta name=\"twitter:card\" content=\"summary_large_image\" \/>\n<meta name=\"twitter:label1\" content=\"Dur\u00e9e de lecture estim\u00e9e\" \/>\n\t<meta name=\"twitter:data1\" content=\"2 minutes\" \/>\n<script type=\"application\/ld+json\" class=\"yoast-schema-graph\">{\"@context\":\"https:\\\/\\\/schema.org\",\"@graph\":[{\"@type\":\"WebPage\",\"@id\":\"https:\\\/\\\/benetflorentine.com\\\/fr\\\/cartes\\\/\",\"url\":\"https:\\\/\\\/benetflorentine.com\\\/fr\\\/cartes\\\/\",\"name\":\"Nos Cartes | Ben &amp; Florentine\",\"isPartOf\":{\"@id\":\"https:\\\/\\\/benetflorentine.com\\\/fr\\\/#website\"},\"primaryImageOfPage\":{\"@id\":\"https:\\\/\\\/benetflorentine.com\\\/fr\\\/cartes\\\/#primaryimage\"},\"image\":{\"@id\":\"https:\\\/\\\/benetflorentine.com\\\/fr\\\/cartes\\\/#primaryimage\"},\"thumbnailUrl\":\"https:\\\/\\\/benetflorentine.com\\\/wp-content\\\/uploads\\\/2020\\\/03\\\/card.png\",\"datePublished\":\"2022-08-31T15:31:00+00:00\",\"dateModified\":\"2025-01-07T18:29:27+00:00\",\"description\":\"R\u00e9compensez-vous ou g\u00e2tez vos proches avec une carte-cadeau Ben & Florentine.\",\"inLanguage\":\"fr-FR\",\"potentialAction\":[{\"@type\":\"ReadAction\",\"target\":[\"https:\\\/\\\/benetflorentine.com\\\/fr\\\/cartes\\\/\"]}]},{\"@type\":\"ImageObject\",\"inLanguage\":\"fr-FR\",\"@id\":\"https:\\\/\\\/benetflorentine.com\\\/fr\\\/cartes\\\/#primaryimage\",\"url\":\"https:\\\/\\\/benetflorentine.com\\\/wp-content\\\/uploads\\\/2020\\\/03\\\/card.png\",\"contentUrl\":\"https:\\\/\\\/benetflorentine.com\\\/wp-content\\\/uploads\\\/2020\\\/03\\\/card.png\"},{\"@type\":\"WebSite\",\"@id\":\"https:\\\/\\\/benetflorentine.com\\\/fr\\\/#website\",\"url\":\"https:\\\/\\\/benetflorentine.com\\\/fr\\\/\",\"name\":\"Ben &amp; Florentine\",\"description\":\"Brunch &amp; Breakfast\u200e\",\"publisher\":{\"@id\":\"https:\\\/\\\/benetflorentine.com\\\/fr\\\/#organization\"},\"potentialAction\":[{\"@type\":\"SearchAction\",\"target\":{\"@type\":\"EntryPoint\",\"urlTemplate\":\"https:\\\/\\\/benetflorentine.com\\\/fr\\\/?s={search_term_string}\"},\"query-input\":{\"@type\":\"PropertyValueSpecification\",\"valueRequired\":true,\"valueName\":\"search_term_string\"}}],\"inLanguage\":\"fr-FR\"},{\"@type\":\"Organization\",\"@id\":\"https:\\\/\\\/benetflorentine.com\\\/fr\\\/#organization\",\"name\":\"Ben &amp; Florentine\",\"url\":\"https:\\\/\\\/benetflorentine.com\\\/fr\\\/\",\"logo\":{\"@type\":\"ImageObject\",\"inLanguage\":\"fr-FR\",\"@id\":\"https:\\\/\\\/benetflorentine.com\\\/fr\\\/#\\\/schema\\\/logo\\\/image\\\/\",\"url\":\"https:\\\/\\\/benetflorentine.com\\\/wp-content\\\/uploads\\\/2020\\\/02\\\/cropped-benflorentine_logo.png\",\"contentUrl\":\"https:\\\/\\\/benetflorentine.com\\\/wp-content\\\/uploads\\\/2020\\\/02\\\/cropped-benflorentine_logo.png\",\"width\":553,\"height\":206,\"caption\":\"Ben &amp; Florentine\"},\"image\":{\"@id\":\"https:\\\/\\\/benetflorentine.com\\\/fr\\\/#\\\/schema\\\/logo\\\/image\\\/\"}}]}<\/script>\n<!-- \/ Yoast SEO plugin. -->","yoast_head_json":{"title":"Nos Cartes | Ben &amp; Florentine","description":"R\u00e9compensez-vous ou g\u00e2tez vos proches avec une carte-cadeau Ben & Florentine.","robots":{"index":"index","follow":"follow","max-snippet":"max-snippet:-1","max-image-preview":"max-image-preview:large","max-video-preview":"max-video-preview:-1"},"canonical":"https:\/\/benetflorentine.com\/fr\/cartes\/","og_locale":"fr_FR","og_type":"article","og_title":"Nos Cartes | Ben &amp; Florentine","og_description":"R\u00e9compensez-vous ou g\u00e2tez vos proches avec une carte-cadeau Ben & Florentine.","og_url":"https:\/\/benetflorentine.com\/fr\/cartes\/","og_site_name":"Ben &amp; Florentine","article_modified_time":"2025-01-07T18:29:27+00:00","og_image":[{"url":"https:\/\/benetflorentine.com\/wp-content\/uploads\/2020\/03\/card.png","type":"","width":"","height":""}],"twitter_card":"summary_large_image","twitter_misc":{"Dur\u00e9e de lecture estim\u00e9e":"2 minutes"},"schema":{"@context":"https:\/\/schema.org","@graph":[{"@type":"WebPage","@id":"https:\/\/benetflorentine.com\/fr\/cartes\/","url":"https:\/\/benetflorentine.com\/fr\/cartes\/","name":"Nos Cartes | Ben &amp; Florentine","isPartOf":{"@id":"https:\/\/benetflorentine.com\/fr\/#website"},"primaryImageOfPage":{"@id":"https:\/\/benetflorentine.com\/fr\/cartes\/#primaryimage"},"image":{"@id":"https:\/\/benetflorentine.com\/fr\/cartes\/#primaryimage"},"thumbnailUrl":"https:\/\/benetflorentine.com\/wp-content\/uploads\/2020\/03\/card.png","datePublished":"2022-08-31T15:31:00+00:00","dateModified":"2025-01-07T18:29:27+00:00","description":"R\u00e9compensez-vous ou g\u00e2tez vos proches avec une carte-cadeau Ben & Florentine.","inLanguage":"fr-FR","potentialAction":[{"@type":"ReadAction","target":["https:\/\/benetflorentine.com\/fr\/cartes\/"]}]},{"@type":"ImageObject","inLanguage":"fr-FR","@id":"https:\/\/benetflorentine.com\/fr\/cartes\/#primaryimage","url":"https:\/\/benetflorentine.com\/wp-content\/uploads\/2020\/03\/card.png","contentUrl":"https:\/\/benetflorentine.com\/wp-content\/uploads\/2020\/03\/card.png"},{"@type":"WebSite","@id":"https:\/\/benetflorentine.com\/fr\/#website","url":"https:\/\/benetflorentine.com\/fr\/","name":"Ben &amp; Florentine","description":"Brunch &amp; Breakfast\u200e","publisher":{"@id":"https:\/\/benetflorentine.com\/fr\/#organization"},"potentialAction":[{"@type":"SearchAction","target":{"@type":"EntryPoint","urlTemplate":"https:\/\/benetflorentine.com\/fr\/?s={search_term_string}"},"query-input":{"@type":"PropertyValueSpecification","valueRequired":true,"valueName":"search_term_string"}}],"inLanguage":"fr-FR"},{"@type":"Organization","@id":"https:\/\/benetflorentine.com\/fr\/#organization","name":"Ben &amp; Florentine","url":"https:\/\/benetflorentine.com\/fr\/","logo":{"@type":"ImageObject","inLanguage":"fr-FR","@id":"https:\/\/benetflorentine.com\/fr\/#\/schema\/logo\/image\/","url":"https:\/\/benetflorentine.com\/wp-content\/uploads\/2020\/02\/cropped-benflorentine_logo.png","contentUrl":"https:\/\/benetflorentine.com\/wp-content\/uploads\/2020\/02\/cropped-benflorentine_logo.png","width":553,"height":206,"caption":"Ben &amp; Florentine"},"image":{"@id":"https:\/\/benetflorentine.com\/fr\/#\/schema\/logo\/image\/"}}]}},"_links":{"self":[{"href":"https:\/\/benetflorentine.com\/fr\/wp-json\/wp\/v2\/pages\/12253","targetHints":{"allow":["GET"]}}],"collection":[{"href":"https:\/\/benetflorentine.com\/fr\/wp-json\/wp\/v2\/pages"}],"about":[{"href":"https:\/\/benetflorentine.com\/fr\/wp-json\/wp\/v2\/types\/page"}],"author":[{"embeddable":true,"href":"https:\/\/benetflorentine.com\/fr\/wp-json\/wp\/v2\/users\/10"}],"replies":[{"embeddable":true,"href":"https:\/\/benetflorentine.com\/fr\/wp-json\/wp\/v2\/comments?post=12253"}],"version-history":[{"count":62,"href":"https:\/\/benetflorentine.com\/fr\/wp-json\/wp\/v2\/pages\/12253\/revisions"}],"predecessor-version":[{"id":18181,"href":"https:\/\/benetflorentine.com\/fr\/wp-json\/wp\/v2\/pages\/12253\/revisions\/18181"}],"wp:attachment":[{"href":"https:\/\/benetflorentine.com\/fr\/wp-json\/wp\/v2\/media?parent=12253"}],"wp:term":[{"taxonomy":"category","embeddable":true,"href":"https:\/\/benetflorentine.com\/fr\/wp-json\/wp\/v2\/categories?post=12253"},{"taxonomy":"post_tag","embeddable":true,"href":"https:\/\/benetflorentine.com\/fr\/wp-json\/wp\/v2\/tags?post=12253"}],"curies":[{"name":"wp","href":"https:\/\/api.w.org\/{rel}","templated":true}]}}