{"id":12283,"date":"2022-08-31T13:21:39","date_gmt":"2022-08-31T17:21:39","guid":{"rendered":"https:\/\/benetflorentine.com\/?page_id=12283"},"modified":"2025-01-10T14:43:16","modified_gmt":"2025-01-10T19:43:16","slug":"a-propos","status":"publish","type":"page","link":"https:\/\/benetflorentine.com\/fr\/a-propos\/","title":{"rendered":"\u00c0 propos"},"content":{"rendered":"<div class=\"gb-container gb-container-acd6e414 section-about alignfull\"><div class=\"gb-inside-container\">\n<section class=\"gb-container gb-container-96ca6f4b staticPage-header-container staticPage-header-container-with-bg alignfull\"><div class=\"gb-inside-container\">\n\n<h1 class=\"gb-headline gb-headline-34e534b3 gb-headline-text\">\u00c0 <strong>Propos<\/strong><\/h1>\n\n<\/div><\/section>\n\n<div class=\"gb-container gb-container-5fb6942d about_us_content_container\"><div class=\"gb-inside-container\">\n<div class=\"gb-container gb-container-bf81341a\"><div class=\"gb-inside-container\">\n\n<p class=\"gb-headline gb-headline-71d79564 gb-headline-text\">\u00c9tant dans le paysage des brunchs qu\u00e9b\u00e9cois depuis 2009, <strong>les restaurants \u00e0 d\u00e9jeuner Ben &amp; Florentine continuent d&rsquo;\u00e9pater les papilles des petits et des grands.<\/strong>.<\/p>\n\n<\/div><\/div>\n\n<div class=\"gb-grid-wrapper gb-grid-wrapper-4ac67898 grid-image-text\">\n<div class=\"gb-grid-column gb-grid-column-e83c613d\"><div class=\"gb-container gb-container-e83c613d grid-image has-background-image\"><div class=\"gb-inside-container\"><\/div><\/div><\/div>\n\n<div class=\"gb-grid-column gb-grid-column-f1363f13\"><div class=\"gb-container gb-container-f1363f13 grid-text\"><div class=\"gb-inside-container\">\n\n<h2 class=\"gb-headline gb-headline-693df9a4 gb-headline-text\">Notre <strong>histoire<\/strong><\/h2>\n\n\n\n<p class=\"gb-headline gb-headline-baaa13cf gb-headline-text\">Voyez comment les restaurants Ben &amp; Florentine ont su se positionner comme leaders sur le march\u00e9 du d\u00e9jeuner et du brunch au Qu\u00e9bec.<\/p>\n\n\n\n<div class=\"wp-block-buttons is-layout-flex wp-block-buttons-is-layout-flex\">\n<div class=\"wp-block-button button-outline aligncenter\"><a class=\"wp-block-button__link wp-element-button\" href=\"\/a-propos\/notre-histoire\/\">En savoir plus<\/a><\/div>\n<\/div>\n\n<\/div><\/div><\/div>\n<\/div>\n\n<div class=\"gb-grid-wrapper gb-grid-wrapper-bded9de5 grid-image-text image-right\">\n<div class=\"gb-grid-column gb-grid-column-8039a504\"><div class=\"gb-container gb-container-8039a504 grid-text\"><div class=\"gb-inside-container\">\n\n<h2 class=\"gb-headline gb-headline-ab26eba4 gb-headline-text\">Devenir <strong>franchis\u00e9<\/strong><\/h2>\n\n\n\n<p class=\"gb-headline gb-headline-5a5dca5c gb-headline-text\">D\u00e9couvrez notre processus de franchisage en 8 \u00e9tapes faciles pour informer, \u00e9quiper et former nos franchis\u00e9s afin qu&rsquo;ils puissent g\u00e9rer une entreprise profitable.<\/p>\n\n\n\n<div class=\"wp-block-buttons is-layout-flex wp-block-buttons-is-layout-flex\">\n<div class=\"wp-block-button button-outline aligncenter\"><a class=\"wp-block-button__link wp-element-button\" href=\"https:\/\/mtyfranchising.com\/fr\/brands\/ben-and-florentine-franchise\/\">En savoir plus<\/a><\/div>\n<\/div>\n\n<\/div><\/div><\/div>\n\n<div class=\"gb-grid-column gb-grid-column-029b5806\"><div class=\"gb-container gb-container-029b5806 grid-image has-background-image\"><div class=\"gb-inside-container\"><\/div><\/div><\/div>\n<\/div>\n\n<div class=\"gb-grid-wrapper gb-grid-wrapper-dca8b18e grid-image-text\">\n<div class=\"gb-grid-column gb-grid-column-3b845eaf\"><div class=\"gb-container gb-container-3b845eaf grid-image has-background-image\"><div class=\"gb-inside-container\"><\/div><\/div><\/div>\n\n<div class=\"gb-grid-column gb-grid-column-68363027\"><div class=\"gb-container gb-container-68363027 grid-text\"><div class=\"gb-inside-container\">\n\n<h2 class=\"gb-headline gb-headline-865fc920 gb-headline-text\">Nous <strong>joindre<\/strong><\/h2>\n\n\n\n<p class=\"gb-headline gb-headline-adbaf3f0 gb-headline-text\">N&rsquo;h\u00e9sitez pas \u00e0 nous contacter, que ce soit pour une question, un commentaire ou toute autre chose.<\/p>\n\n\n\n<div class=\"wp-block-buttons is-layout-flex wp-block-buttons-is-layout-flex\">\n<div class=\"wp-block-button button-outline aligncenter\"><a class=\"wp-block-button__link wp-element-button\" href=\"\/fr\/contactez-nous\">Contactez-nous<\/a><\/div>\n<\/div>\n\n<\/div><\/div><\/div>\n<\/div>\n\n<div class=\"gb-container gb-container-f5f50a96\"><div class=\"gb-inside-container\">\n\n<h2 class=\"wp-block-heading has-text-align-center\">La meilleure exp\u00e9rience <\/h2>\n\n\n\n<p class=\"has-text-align-center has-orange-color has-text-color\"><strong>gastronomique en mati\u00e8re de d\u00e9jeuners et de d\u00eeners.<\/strong><\/p>\n\n<\/div><\/div>\n<\/div><\/div>\n<\/div><\/div>\n\n\n<div class=\"wp-block-columns find-container is-layout-flex wp-container-core-columns-is-layout-9d6595d7 wp-block-columns-is-layout-flex\" id=\"find_resto\">\n<div class=\"wp-block-column is-layout-flow wp-block-column-is-layout-flow\">\n<figure class=\"gb-block-image gb-block-image-f0a38cda\"><img decoding=\"async\" width=\"223\" height=\"221\" class=\"gb-image gb-image-f0a38cda\" src=\"https:\/\/benetflorentine.com\/wp-content\/uploads\/2023\/01\/trouver-image.svg\" alt=\"\" title=\"trouver-image\"\/><\/figure>\n<\/div>\n\n\n\n<div class=\"wp-block-column is-layout-flow wp-block-column-is-layout-flow\">\n<p>Trouvez un restaurant<\/p>\n\n\n\n<p>Et v\u00e9rifiez les services offerts par Ben &amp; Florentine<br>pr\u00e8s de chez vous !<\/p>\n\n\n<div class=\"gb-button-wrapper gb-button-wrapper-4ed2f58d\">\n\n<a class=\"gb-button gb-button-a270fdb7 gb-button-text btn-find\" href=\"https:\/\/locations.benetflorentine.com\/fr\">Trouver<\/a>\n\n<\/div><\/div>\n<\/div>\n\n\n\n<div class=\"wp-block-columns newsletter-container is-layout-flex wp-container-core-columns-is-layout-9d6595d7 wp-block-columns-is-layout-flex\">\n<div class=\"wp-block-column is-layout-flow wp-block-column-is-layout-flow\">\n<p>Rester inform\u00e9<\/p>\n\n\n\n<p>Abonnez-vous \u00e0 notre infolettre pour ne pas manquer nos promotions, concours et nouveaux plats !<\/p>\n<\/div>\n\n\n\n<div class=\"wp-block-column right-colonne is-layout-flow wp-block-column-is-layout-flow\">\n<a class=\"subscribe-btn\" href=\"\/fr\/infolettre\">S\u2019abonner<\/a>\n<\/div>\n<\/div>\n","protected":false},"excerpt":{"rendered":"<p>\u00c0 Propos \u00c9tant dans le paysage des brunchs qu\u00e9b\u00e9cois depuis 2009, les restaurants \u00e0 d\u00e9jeuner Ben &amp; Florentine continuent d&rsquo;\u00e9pater les papilles des petits et des grands.. La meilleure exp\u00e9rience gastronomique en mati\u00e8re de d\u00e9jeuners et de d\u00eeners.<\/p>\n","protected":false},"author":10,"featured_media":0,"parent":0,"menu_order":0,"comment_status":"closed","ping_status":"closed","template":"","meta":{"inline_featured_image":false,"footnotes":""},"categories":[],"tags":[],"class_list":["post-12283","page","type-page","status-publish"],"yoast_head":"<!-- This site is optimized with the Yoast SEO plugin v27.3 - https:\/\/yoast.com\/product\/yoast-seo-wordpress\/ -->\n<title>\u00c0 propos de nous | Ben &amp; Florentine<\/title>\n<meta name=\"description\" content=\"Depuis 2009, Ben &amp; Florentine a su se positionner comme leader sur le march\u00e9 du d\u00e9jeuner et du brunch au Qu\u00e9bec, en Ontario et au Manitoba.\" \/>\n<meta name=\"robots\" content=\"index, follow, max-snippet:-1, max-image-preview:large, max-video-preview:-1\" \/>\n<link rel=\"canonical\" href=\"https:\/\/benetflorentine.com\/fr\/a-propos\/\" \/>\n<meta property=\"og:locale\" content=\"fr_FR\" \/>\n<meta property=\"og:type\" content=\"article\" \/>\n<meta property=\"og:title\" content=\"\u00c0 propos de nous | Ben &amp; Florentine\" \/>\n<meta property=\"og:description\" content=\"Depuis 2009, Ben &amp; Florentine a su se positionner comme leader sur le march\u00e9 du d\u00e9jeuner et du brunch au Qu\u00e9bec, en Ontario et au Manitoba.\" \/>\n<meta property=\"og:url\" content=\"https:\/\/benetflorentine.com\/fr\/a-propos\/\" \/>\n<meta property=\"og:site_name\" content=\"Ben &amp; Florentine\" \/>\n<meta property=\"article:modified_time\" content=\"2025-01-10T19:43:16+00:00\" \/>\n<meta name=\"twitter:card\" content=\"summary_large_image\" \/>\n<meta name=\"twitter:label1\" content=\"Dur\u00e9e de lecture estim\u00e9e\" \/>\n\t<meta name=\"twitter:data1\" content=\"1 minute\" \/>\n<script type=\"application\/ld+json\" class=\"yoast-schema-graph\">{\"@context\":\"https:\\\/\\\/schema.org\",\"@graph\":[{\"@type\":\"WebPage\",\"@id\":\"https:\\\/\\\/benetflorentine.com\\\/fr\\\/a-propos\\\/\",\"url\":\"https:\\\/\\\/benetflorentine.com\\\/fr\\\/a-propos\\\/\",\"name\":\"\u00c0 propos de nous | Ben &amp; Florentine\",\"isPartOf\":{\"@id\":\"https:\\\/\\\/benetflorentine.com\\\/fr\\\/#website\"},\"datePublished\":\"2022-08-31T17:21:39+00:00\",\"dateModified\":\"2025-01-10T19:43:16+00:00\",\"description\":\"Depuis 2009, Ben & Florentine a su se positionner comme leader sur le march\u00e9 du d\u00e9jeuner et du brunch au Qu\u00e9bec, en Ontario et au Manitoba.\",\"inLanguage\":\"fr-FR\",\"potentialAction\":[{\"@type\":\"ReadAction\",\"target\":[\"https:\\\/\\\/benetflorentine.com\\\/fr\\\/a-propos\\\/\"]}]},{\"@type\":\"WebSite\",\"@id\":\"https:\\\/\\\/benetflorentine.com\\\/fr\\\/#website\",\"url\":\"https:\\\/\\\/benetflorentine.com\\\/fr\\\/\",\"name\":\"Ben &amp; Florentine\",\"description\":\"Brunch &amp; Breakfast\u200e\",\"publisher\":{\"@id\":\"https:\\\/\\\/benetflorentine.com\\\/fr\\\/#organization\"},\"potentialAction\":[{\"@type\":\"SearchAction\",\"target\":{\"@type\":\"EntryPoint\",\"urlTemplate\":\"https:\\\/\\\/benetflorentine.com\\\/fr\\\/?s={search_term_string}\"},\"query-input\":{\"@type\":\"PropertyValueSpecification\",\"valueRequired\":true,\"valueName\":\"search_term_string\"}}],\"inLanguage\":\"fr-FR\"},{\"@type\":\"Organization\",\"@id\":\"https:\\\/\\\/benetflorentine.com\\\/fr\\\/#organization\",\"name\":\"Ben &amp; Florentine\",\"url\":\"https:\\\/\\\/benetflorentine.com\\\/fr\\\/\",\"logo\":{\"@type\":\"ImageObject\",\"inLanguage\":\"fr-FR\",\"@id\":\"https:\\\/\\\/benetflorentine.com\\\/fr\\\/#\\\/schema\\\/logo\\\/image\\\/\",\"url\":\"https:\\\/\\\/benetflorentine.com\\\/wp-content\\\/uploads\\\/2020\\\/02\\\/cropped-benflorentine_logo.png\",\"contentUrl\":\"https:\\\/\\\/benetflorentine.com\\\/wp-content\\\/uploads\\\/2020\\\/02\\\/cropped-benflorentine_logo.png\",\"width\":553,\"height\":206,\"caption\":\"Ben &amp; Florentine\"},\"image\":{\"@id\":\"https:\\\/\\\/benetflorentine.com\\\/fr\\\/#\\\/schema\\\/logo\\\/image\\\/\"}}]}<\/script>\n<!-- \/ Yoast SEO plugin. -->","yoast_head_json":{"title":"\u00c0 propos de nous | Ben &amp; Florentine","description":"Depuis 2009, Ben & Florentine a su se positionner comme leader sur le march\u00e9 du d\u00e9jeuner et du brunch au Qu\u00e9bec, en Ontario et au Manitoba.","robots":{"index":"index","follow":"follow","max-snippet":"max-snippet:-1","max-image-preview":"max-image-preview:large","max-video-preview":"max-video-preview:-1"},"canonical":"https:\/\/benetflorentine.com\/fr\/a-propos\/","og_locale":"fr_FR","og_type":"article","og_title":"\u00c0 propos de nous | Ben &amp; Florentine","og_description":"Depuis 2009, Ben & Florentine a su se positionner comme leader sur le march\u00e9 du d\u00e9jeuner et du brunch au Qu\u00e9bec, en Ontario et au Manitoba.","og_url":"https:\/\/benetflorentine.com\/fr\/a-propos\/","og_site_name":"Ben &amp; Florentine","article_modified_time":"2025-01-10T19:43:16+00:00","twitter_card":"summary_large_image","twitter_misc":{"Dur\u00e9e de lecture estim\u00e9e":"1 minute"},"schema":{"@context":"https:\/\/schema.org","@graph":[{"@type":"WebPage","@id":"https:\/\/benetflorentine.com\/fr\/a-propos\/","url":"https:\/\/benetflorentine.com\/fr\/a-propos\/","name":"\u00c0 propos de nous | Ben &amp; Florentine","isPartOf":{"@id":"https:\/\/benetflorentine.com\/fr\/#website"},"datePublished":"2022-08-31T17:21:39+00:00","dateModified":"2025-01-10T19:43:16+00:00","description":"Depuis 2009, Ben & Florentine a su se positionner comme leader sur le march\u00e9 du d\u00e9jeuner et du brunch au Qu\u00e9bec, en Ontario et au Manitoba.","inLanguage":"fr-FR","potentialAction":[{"@type":"ReadAction","target":["https:\/\/benetflorentine.com\/fr\/a-propos\/"]}]},{"@type":"WebSite","@id":"https:\/\/benetflorentine.com\/fr\/#website","url":"https:\/\/benetflorentine.com\/fr\/","name":"Ben &amp; Florentine","description":"Brunch &amp; Breakfast\u200e","publisher":{"@id":"https:\/\/benetflorentine.com\/fr\/#organization"},"potentialAction":[{"@type":"SearchAction","target":{"@type":"EntryPoint","urlTemplate":"https:\/\/benetflorentine.com\/fr\/?s={search_term_string}"},"query-input":{"@type":"PropertyValueSpecification","valueRequired":true,"valueName":"search_term_string"}}],"inLanguage":"fr-FR"},{"@type":"Organization","@id":"https:\/\/benetflorentine.com\/fr\/#organization","name":"Ben &amp; Florentine","url":"https:\/\/benetflorentine.com\/fr\/","logo":{"@type":"ImageObject","inLanguage":"fr-FR","@id":"https:\/\/benetflorentine.com\/fr\/#\/schema\/logo\/image\/","url":"https:\/\/benetflorentine.com\/wp-content\/uploads\/2020\/02\/cropped-benflorentine_logo.png","contentUrl":"https:\/\/benetflorentine.com\/wp-content\/uploads\/2020\/02\/cropped-benflorentine_logo.png","width":553,"height":206,"caption":"Ben &amp; Florentine"},"image":{"@id":"https:\/\/benetflorentine.com\/fr\/#\/schema\/logo\/image\/"}}]}},"_links":{"self":[{"href":"https:\/\/benetflorentine.com\/fr\/wp-json\/wp\/v2\/pages\/12283","targetHints":{"allow":["GET"]}}],"collection":[{"href":"https:\/\/benetflorentine.com\/fr\/wp-json\/wp\/v2\/pages"}],"about":[{"href":"https:\/\/benetflorentine.com\/fr\/wp-json\/wp\/v2\/types\/page"}],"author":[{"embeddable":true,"href":"https:\/\/benetflorentine.com\/fr\/wp-json\/wp\/v2\/users\/10"}],"replies":[{"embeddable":true,"href":"https:\/\/benetflorentine.com\/fr\/wp-json\/wp\/v2\/comments?post=12283"}],"version-history":[{"count":89,"href":"https:\/\/benetflorentine.com\/fr\/wp-json\/wp\/v2\/pages\/12283\/revisions"}],"predecessor-version":[{"id":18693,"href":"https:\/\/benetflorentine.com\/fr\/wp-json\/wp\/v2\/pages\/12283\/revisions\/18693"}],"wp:attachment":[{"href":"https:\/\/benetflorentine.com\/fr\/wp-json\/wp\/v2\/media?parent=12283"}],"wp:term":[{"taxonomy":"category","embeddable":true,"href":"https:\/\/benetflorentine.com\/fr\/wp-json\/wp\/v2\/categories?post=12283"},{"taxonomy":"post_tag","embeddable":true,"href":"https:\/\/benetflorentine.com\/fr\/wp-json\/wp\/v2\/tags?post=12283"}],"curies":[{"name":"wp","href":"https:\/\/api.w.org\/{rel}","templated":true}]}}