{"id":12621,"date":"2022-09-02T15:41:14","date_gmt":"2022-09-02T19:41:14","guid":{"rendered":"https:\/\/benetflorentine.com\/?page_id=12621"},"modified":"2022-12-13T14:22:33","modified_gmt":"2022-12-13T19:22:33","slug":"notre-histoire","status":"publish","type":"page","link":"https:\/\/benetflorentine.com\/fr\/a-propos\/notre-histoire\/","title":{"rendered":"Notre histoire"},"content":{"rendered":"<div class=\"gb-container gb-container-1d0f3d32 staticPage-header-container staticPage-header-container-with-bg alignfull\"><div class=\"gb-inside-container\">\n\n<h1 class=\"gb-headline gb-headline-e6e51606 gb-headline-text\">Notre histoire<\/h1>\n\n<\/div><\/div>\n\n\n<h2 class=\"has-text-align-center wp-block-heading\">\u00c0 propos de nous<\/h2>\n\n\n\n<p class=\"has-text-align-center\"><strong>Depuis 2009, les restaurants Ben &amp; Florentine ont su se d\u00e9velopper et se positionner comme leaders sur le march\u00e9 du d\u00e9jeuner et du brunch au Qu\u00e9bec.<\/strong><\/p>\n\n\n\n<p class=\"gb-headline gb-headline-2ad68676 gb-headline-text\">La qualit\u00e9 de nos pommes de terre, nos fameuses po\u00eal\u00e9es \u00e0 l\u2019ancienne ou encore nos incontournables \u00ab avocado toast \u00bb sont les t\u00e9moins de toutes nos ann\u00e9es d\u2019innovation!<\/p>\n\n\n<div class=\"gb-container gb-container-0f3c3e8d container-timeline alignfull\"><div class=\"gb-inside-container\">\n\n<h3 class=\"gb-headline gb-headline-c5e58803 gb-headline-text\">Quelques moments forts de notre histoire<\/h3>\n\n\n\n<ul class=\"wp-block-list\"><li><strong>2009<\/strong> Ouverture de notre premi\u00e8re succursale, \u00e0 Vaudreuil-Dorion.<\/li><li><strong>2012<\/strong> Ouverture \u00e0 Oakville, Ontario.<\/li><li><strong>2013<\/strong> Ouverture en Mauricie, le 25e restaurant.<\/li><li><strong>2016<\/strong> Ouverture \u00e0 Winnipeg, le 38e restaurant.<\/li><li><strong>2017<\/strong> Ben &amp; Florentine mobile, notre camion de cuisine de rue.<\/li><li><strong>2019<\/strong> C\u00e9l\u00e9bration du 10e anniversaire.<\/li><\/ul>\n\n<\/div><\/div>\n\n<div class=\"gb-grid-wrapper gb-grid-wrapper-7e619e61 grid-image-text\">\n<div class=\"gb-grid-column gb-grid-column-17a51aef\"><div class=\"gb-container gb-container-17a51aef\"><div class=\"gb-inside-container\"><\/div><\/div><\/div>\n\n<div class=\"gb-grid-column gb-grid-column-b11afe93\"><div class=\"gb-container gb-container-b11afe93 grid-text\"><div class=\"gb-inside-container\">\n\n<h3 class=\"has-text-align-center wp-block-heading\">L\u2019histoire de nos <strong>fameuses pommes de terre<\/strong><\/h3>\n\n\n\n<p class=\"gb-headline gb-headline-55873a03 gb-headline-text\">Les fameuses patates Ben &amp; Florentine sont devenues notre signature. Parfaitement assaisonn\u00e9es, nos pommes de terre en d\u00e9s sont un compl\u00e9ment ensoleill\u00e9 \u00e0 tous nos plats. L\u2019attention que l\u2019on porte \u00e0 leur pr\u00e9paration refl\u00e8te bien notre engagement envers la saveur et la qualit\u00e9.<\/p>\n\n\n\n<p class=\"gb-headline gb-headline-b815f23a gb-headline-text\">Tirant leur saveur unique des riches sols rouges de l\u2019\u00cele-du-Prince-\u00c9douard, nos vari\u00e9t\u00e9s renomm\u00e9es comme la Russet Burbank et la Sheapody pr\u00e9sentent une surface ext\u00e9rieure croustillante tandis que l\u2019int\u00e9rieur est doux et moelleux, comme une pomme de terre cuite au four. Elles sont un accompagnement id\u00e9al pour tout type de plat!<\/p>\n\n<\/div><\/div><\/div>\n<\/div>","protected":false},"excerpt":{"rendered":"<p>Notre histoire \u00c0 propos de nous Depuis 2009, les restaurants Ben &amp; Florentine ont su se d\u00e9velopper et se positionner comme leaders sur le march\u00e9 du d\u00e9jeuner et du brunch au Qu\u00e9bec. La qualit\u00e9 de nos pommes de terre, nos fameuses po\u00eal\u00e9es \u00e0 l\u2019ancienne ou encore nos incontournables \u00ab avocado toast \u00bb sont les t\u00e9moins &#8230; <a title=\"Notre histoire\" class=\"read-more\" href=\"https:\/\/benetflorentine.com\/fr\/a-propos\/notre-histoire\/\" aria-label=\"En savoir plus sur Notre histoire\">Lire la suite<\/a><\/p>\n","protected":false},"author":10,"featured_media":0,"parent":12283,"menu_order":0,"comment_status":"closed","ping_status":"closed","template":"","meta":{"inline_featured_image":false,"footnotes":""},"categories":[],"tags":[],"class_list":["post-12621","page","type-page","status-publish"],"yoast_head":"<!-- This site is optimized with the Yoast SEO plugin v27.3 - https:\/\/yoast.com\/product\/yoast-seo-wordpress\/ -->\n<title>Notre histoire | Ben &amp; Florentine<\/title>\n<meta name=\"description\" content=\"Apprenez tout de notre histoire, de l&#039;ouverture du premier Ben &amp; Florentine jusqu&#039;\u00e0 aujourd&#039;hui. D\u00e9couvrez aussi nos plats signature.\" \/>\n<meta name=\"robots\" content=\"index, follow, max-snippet:-1, max-image-preview:large, max-video-preview:-1\" \/>\n<link rel=\"canonical\" href=\"https:\/\/benetflorentine.com\/fr\/a-propos\/notre-histoire\/\" \/>\n<meta property=\"og:locale\" content=\"fr_FR\" \/>\n<meta property=\"og:type\" content=\"article\" \/>\n<meta property=\"og:title\" content=\"Notre histoire | Ben &amp; Florentine\" \/>\n<meta property=\"og:description\" content=\"Apprenez tout de notre histoire, de l&#039;ouverture du premier Ben &amp; Florentine jusqu&#039;\u00e0 aujourd&#039;hui. D\u00e9couvrez aussi nos plats signature.\" \/>\n<meta property=\"og:url\" content=\"https:\/\/benetflorentine.com\/fr\/a-propos\/notre-histoire\/\" \/>\n<meta property=\"og:site_name\" content=\"Ben &amp; Florentine\" \/>\n<meta property=\"article:modified_time\" content=\"2022-12-13T19:22:33+00:00\" \/>\n<meta name=\"twitter:card\" content=\"summary_large_image\" \/>\n<meta name=\"twitter:label1\" content=\"Dur\u00e9e de lecture estim\u00e9e\" \/>\n\t<meta name=\"twitter:data1\" content=\"1 minute\" \/>\n<script type=\"application\/ld+json\" class=\"yoast-schema-graph\">{\"@context\":\"https:\\\/\\\/schema.org\",\"@graph\":[{\"@type\":\"WebPage\",\"@id\":\"https:\\\/\\\/benetflorentine.com\\\/fr\\\/a-propos\\\/notre-histoire\\\/\",\"url\":\"https:\\\/\\\/benetflorentine.com\\\/fr\\\/a-propos\\\/notre-histoire\\\/\",\"name\":\"Notre histoire | Ben &amp; Florentine\",\"isPartOf\":{\"@id\":\"https:\\\/\\\/benetflorentine.com\\\/fr\\\/#website\"},\"datePublished\":\"2022-09-02T19:41:14+00:00\",\"dateModified\":\"2022-12-13T19:22:33+00:00\",\"description\":\"Apprenez tout de notre histoire, de l'ouverture du premier Ben & Florentine jusqu'\u00e0 aujourd'hui. D\u00e9couvrez aussi nos plats signature.\",\"breadcrumb\":{\"@id\":\"https:\\\/\\\/benetflorentine.com\\\/fr\\\/a-propos\\\/notre-histoire\\\/#breadcrumb\"},\"inLanguage\":\"fr-FR\",\"potentialAction\":[{\"@type\":\"ReadAction\",\"target\":[\"https:\\\/\\\/benetflorentine.com\\\/fr\\\/a-propos\\\/notre-histoire\\\/\"]}]},{\"@type\":\"BreadcrumbList\",\"@id\":\"https:\\\/\\\/benetflorentine.com\\\/fr\\\/a-propos\\\/notre-histoire\\\/#breadcrumb\",\"itemListElement\":[{\"@type\":\"ListItem\",\"position\":1,\"name\":\"\u00c0 propos\",\"item\":\"https:\\\/\\\/benetflorentine.com\\\/fr\\\/a-propos\\\/\"},{\"@type\":\"ListItem\",\"position\":2,\"name\":\"Notre histoire\"}]},{\"@type\":\"WebSite\",\"@id\":\"https:\\\/\\\/benetflorentine.com\\\/fr\\\/#website\",\"url\":\"https:\\\/\\\/benetflorentine.com\\\/fr\\\/\",\"name\":\"Ben &amp; Florentine\",\"description\":\"Brunch &amp; Breakfast\u200e\",\"publisher\":{\"@id\":\"https:\\\/\\\/benetflorentine.com\\\/fr\\\/#organization\"},\"potentialAction\":[{\"@type\":\"SearchAction\",\"target\":{\"@type\":\"EntryPoint\",\"urlTemplate\":\"https:\\\/\\\/benetflorentine.com\\\/fr\\\/?s={search_term_string}\"},\"query-input\":{\"@type\":\"PropertyValueSpecification\",\"valueRequired\":true,\"valueName\":\"search_term_string\"}}],\"inLanguage\":\"fr-FR\"},{\"@type\":\"Organization\",\"@id\":\"https:\\\/\\\/benetflorentine.com\\\/fr\\\/#organization\",\"name\":\"Ben &amp; Florentine\",\"url\":\"https:\\\/\\\/benetflorentine.com\\\/fr\\\/\",\"logo\":{\"@type\":\"ImageObject\",\"inLanguage\":\"fr-FR\",\"@id\":\"https:\\\/\\\/benetflorentine.com\\\/fr\\\/#\\\/schema\\\/logo\\\/image\\\/\",\"url\":\"https:\\\/\\\/benetflorentine.com\\\/wp-content\\\/uploads\\\/2020\\\/02\\\/cropped-benflorentine_logo.png\",\"contentUrl\":\"https:\\\/\\\/benetflorentine.com\\\/wp-content\\\/uploads\\\/2020\\\/02\\\/cropped-benflorentine_logo.png\",\"width\":553,\"height\":206,\"caption\":\"Ben &amp; Florentine\"},\"image\":{\"@id\":\"https:\\\/\\\/benetflorentine.com\\\/fr\\\/#\\\/schema\\\/logo\\\/image\\\/\"}}]}<\/script>\n<!-- \/ Yoast SEO plugin. -->","yoast_head_json":{"title":"Notre histoire | Ben &amp; Florentine","description":"Apprenez tout de notre histoire, de l'ouverture du premier Ben & Florentine jusqu'\u00e0 aujourd'hui. D\u00e9couvrez aussi nos plats signature.","robots":{"index":"index","follow":"follow","max-snippet":"max-snippet:-1","max-image-preview":"max-image-preview:large","max-video-preview":"max-video-preview:-1"},"canonical":"https:\/\/benetflorentine.com\/fr\/a-propos\/notre-histoire\/","og_locale":"fr_FR","og_type":"article","og_title":"Notre histoire | Ben &amp; Florentine","og_description":"Apprenez tout de notre histoire, de l'ouverture du premier Ben & Florentine jusqu'\u00e0 aujourd'hui. D\u00e9couvrez aussi nos plats signature.","og_url":"https:\/\/benetflorentine.com\/fr\/a-propos\/notre-histoire\/","og_site_name":"Ben &amp; Florentine","article_modified_time":"2022-12-13T19:22:33+00:00","twitter_card":"summary_large_image","twitter_misc":{"Dur\u00e9e de lecture estim\u00e9e":"1 minute"},"schema":{"@context":"https:\/\/schema.org","@graph":[{"@type":"WebPage","@id":"https:\/\/benetflorentine.com\/fr\/a-propos\/notre-histoire\/","url":"https:\/\/benetflorentine.com\/fr\/a-propos\/notre-histoire\/","name":"Notre histoire | Ben &amp; Florentine","isPartOf":{"@id":"https:\/\/benetflorentine.com\/fr\/#website"},"datePublished":"2022-09-02T19:41:14+00:00","dateModified":"2022-12-13T19:22:33+00:00","description":"Apprenez tout de notre histoire, de l'ouverture du premier Ben & Florentine jusqu'\u00e0 aujourd'hui. D\u00e9couvrez aussi nos plats signature.","breadcrumb":{"@id":"https:\/\/benetflorentine.com\/fr\/a-propos\/notre-histoire\/#breadcrumb"},"inLanguage":"fr-FR","potentialAction":[{"@type":"ReadAction","target":["https:\/\/benetflorentine.com\/fr\/a-propos\/notre-histoire\/"]}]},{"@type":"BreadcrumbList","@id":"https:\/\/benetflorentine.com\/fr\/a-propos\/notre-histoire\/#breadcrumb","itemListElement":[{"@type":"ListItem","position":1,"name":"\u00c0 propos","item":"https:\/\/benetflorentine.com\/fr\/a-propos\/"},{"@type":"ListItem","position":2,"name":"Notre histoire"}]},{"@type":"WebSite","@id":"https:\/\/benetflorentine.com\/fr\/#website","url":"https:\/\/benetflorentine.com\/fr\/","name":"Ben &amp; Florentine","description":"Brunch &amp; Breakfast\u200e","publisher":{"@id":"https:\/\/benetflorentine.com\/fr\/#organization"},"potentialAction":[{"@type":"SearchAction","target":{"@type":"EntryPoint","urlTemplate":"https:\/\/benetflorentine.com\/fr\/?s={search_term_string}"},"query-input":{"@type":"PropertyValueSpecification","valueRequired":true,"valueName":"search_term_string"}}],"inLanguage":"fr-FR"},{"@type":"Organization","@id":"https:\/\/benetflorentine.com\/fr\/#organization","name":"Ben &amp; Florentine","url":"https:\/\/benetflorentine.com\/fr\/","logo":{"@type":"ImageObject","inLanguage":"fr-FR","@id":"https:\/\/benetflorentine.com\/fr\/#\/schema\/logo\/image\/","url":"https:\/\/benetflorentine.com\/wp-content\/uploads\/2020\/02\/cropped-benflorentine_logo.png","contentUrl":"https:\/\/benetflorentine.com\/wp-content\/uploads\/2020\/02\/cropped-benflorentine_logo.png","width":553,"height":206,"caption":"Ben &amp; Florentine"},"image":{"@id":"https:\/\/benetflorentine.com\/fr\/#\/schema\/logo\/image\/"}}]}},"_links":{"self":[{"href":"https:\/\/benetflorentine.com\/fr\/wp-json\/wp\/v2\/pages\/12621","targetHints":{"allow":["GET"]}}],"collection":[{"href":"https:\/\/benetflorentine.com\/fr\/wp-json\/wp\/v2\/pages"}],"about":[{"href":"https:\/\/benetflorentine.com\/fr\/wp-json\/wp\/v2\/types\/page"}],"author":[{"embeddable":true,"href":"https:\/\/benetflorentine.com\/fr\/wp-json\/wp\/v2\/users\/10"}],"replies":[{"embeddable":true,"href":"https:\/\/benetflorentine.com\/fr\/wp-json\/wp\/v2\/comments?post=12621"}],"version-history":[{"count":7,"href":"https:\/\/benetflorentine.com\/fr\/wp-json\/wp\/v2\/pages\/12621\/revisions"}],"predecessor-version":[{"id":15156,"href":"https:\/\/benetflorentine.com\/fr\/wp-json\/wp\/v2\/pages\/12621\/revisions\/15156"}],"up":[{"embeddable":true,"href":"https:\/\/benetflorentine.com\/fr\/wp-json\/wp\/v2\/pages\/12283"}],"wp:attachment":[{"href":"https:\/\/benetflorentine.com\/fr\/wp-json\/wp\/v2\/media?parent=12621"}],"wp:term":[{"taxonomy":"category","embeddable":true,"href":"https:\/\/benetflorentine.com\/fr\/wp-json\/wp\/v2\/categories?post=12621"},{"taxonomy":"post_tag","embeddable":true,"href":"https:\/\/benetflorentine.com\/fr\/wp-json\/wp\/v2\/tags?post=12621"}],"curies":[{"name":"wp","href":"https:\/\/api.w.org\/{rel}","templated":true}]}}