{"id":12845,"date":"2022-09-03T21:05:45","date_gmt":"2022-09-04T01:05:45","guid":{"rendered":"https:\/\/benetflorentine.com\/?page_id=12845"},"modified":"2025-08-01T13:08:59","modified_gmt":"2025-08-01T17:08:59","slug":"nos-combos","status":"publish","type":"page","link":"https:\/\/benetflorentine.com\/fr\/menu\/nos-combos\/","title":{"rendered":"Nos Combos et B\u00e9n\u00e9s &amp; Sucr\u00e9s"},"content":{"rendered":"<div class=\"gb-container gb-container-0b062dd1 staticPage-header-container menuPage alignfull\"><div class=\"gb-inside-container\">\n\n<h1 class=\"wp-block-heading\"><strong>Combos<\/strong><\/h1>\n\n\n\n<p class=\"has-base-3-color has-text-color has-link-color wp-elements-c7da94531e564ae8ac159e47949a190e\">La section pr\u00e9f\u00e9r\u00e9e des amoureux des classiques et des ind\u00e9cis. Le meilleur des deux mondes dans une seule assiette.<\/p>\n\n<\/div><\/div>\n\n\n<div class=\"gb-headline gb-headline-c646a201 gb-headline-text subMenu-anchor\" id=\"dents-sucrees\"><\/div>\n\n\n<div class=\"gb-grid-wrapper gb-grid-wrapper-66aaa19e grid-menu\">\n<div class=\"gb-grid-column gb-grid-column-a89f9c43\"><div class=\"gb-container gb-container-a89f9c43 grid-menu-image\"><div class=\"gb-inside-container\"><\/div><\/div><\/div>\n\n<div class=\"gb-grid-column gb-grid-column-aa4ef3e5\"><div class=\"gb-container gb-container-aa4ef3e5 grid-menu-text\"><div class=\"gb-inside-container\">\n\n<h2 class=\"wp-block-heading\"><strong><strong>Combos<\/strong><\/strong><\/h2>\n\n\n\n<p>Servis avec 2 \u0153ufs \u00e0 votre go\u00fbt, nos fameuses pommes de terre, de la compote de pommes et une r\u00f4tie.<\/p>\n\n\n\n<div class=\"gb-grid-wrapper gb-grid-wrapper-542308cf gb-query-loop-wrapper\">\n<div class=\"gb-grid-column gb-grid-column-6dda88fe gb-query-loop-item post-20087 produits type-produits status-publish hentry category-combos tag-nouveaute\"><div class=\"gb-container gb-container-6dda88fe\"><div class=\"gb-inside-container\">\n<h3 class=\"gb-headline gb-headline-4dcb8768 gb-headline-text\">Bouch\u00e9es \u00ab fa\u00e7on churros \u00bb<\/h3>\n\n<p class=\"gb-headline gb-headline-59bc1b02 gb-headline-text\">Saucisses et bacon servis avec un bol de mini pains dor\u00e9s croustillants \u00ab fa\u00e7on churros \u00bb, m\u00e9lange de sucre et cannelle, chocolat aux noisettes<\/p>\n<\/div><\/div><\/div>\n\n<div class=\"gb-grid-column gb-grid-column-6dda88fe gb-query-loop-item post-5388 produits type-produits status-publish hentry category-combos\"><div class=\"gb-container gb-container-6dda88fe\"><div class=\"gb-inside-container\">\n<h3 class=\"gb-headline gb-headline-4dcb8768 gb-headline-text\">Cr\u00eape pommes<\/h3>\n\n<p class=\"gb-headline gb-headline-59bc1b02 gb-headline-text\">Saucisses et bacon servis avec une cr\u00eape aux pommes caram\u00e9lis\u00e9es et un m\u00e9lange de Monterey Jack et cheddar.<\/p>\n<\/div><\/div><\/div>\n\n<div class=\"gb-grid-column gb-grid-column-6dda88fe gb-query-loop-item post-3108 produits type-produits status-publish hentry category-combos\"><div class=\"gb-container gb-container-6dda88fe\"><div class=\"gb-inside-container\">\n<h3 class=\"gb-headline gb-headline-4dcb8768 gb-headline-text\">Gourmandise<\/h3>\n\n<p class=\"gb-headline gb-headline-59bc1b02 gb-headline-text\">Saucisses et bacon servis avec une demi\u2011gaufre : amandes, p\u00e9pites de chocolat, chocolat aux noisettes et chocolat blanc.<\/p>\n<\/div><\/div><\/div>\n\n<div class=\"gb-grid-column gb-grid-column-6dda88fe gb-query-loop-item post-3104 produits type-produits status-publish hentry category-combos\"><div class=\"gb-container gb-container-6dda88fe\"><div class=\"gb-inside-container\">\n<h3 class=\"gb-headline gb-headline-4dcb8768 gb-headline-text\">Deux oeufs etc.<\/h3>\n\n<p class=\"gb-headline gb-headline-59bc1b02 gb-headline-text\">Choix de gaufre, pain dor\u00e9, pancakes ou cr\u00eapes.<\/p>\n<\/div><\/div><\/div>\n\n<div class=\"gb-grid-column gb-grid-column-6dda88fe gb-query-loop-item post-3102 produits type-produits status-publish hentry category-combos\"><div class=\"gb-container gb-container-6dda88fe\"><div class=\"gb-inside-container\">\n<h3 class=\"gb-headline gb-headline-4dcb8768 gb-headline-text\">Dix sur dix<\/h3>\n\n<p class=\"gb-headline gb-headline-59bc1b02 gb-headline-text\">Bacon, jambon, saucisse, <span class=\"cretons\">cretons<\/span> et f\u00e8ves au four avec un choix de demi-gaufre, pain dor\u00e9, pancake ou cr\u00eape.<\/p>\n<\/div><\/div><\/div>\n\n<div class=\"gb-grid-column gb-grid-column-6dda88fe gb-query-loop-item post-3100 produits type-produits status-publish hentry category-combos\"><div class=\"gb-container gb-container-6dda88fe\"><div class=\"gb-inside-container\">\n<h3 class=\"gb-headline gb-headline-4dcb8768 gb-headline-text\">\u00c7a croustille<\/h3>\n\n<p class=\"gb-headline gb-headline-59bc1b02 gb-headline-text\">Saucisses et bacon servis avec un pain dor\u00e9 croustillant : bananes, fraises et choix de chocolat aux noisettes ou caramel.<\/p>\n<\/div><\/div><\/div>\n<\/div>\n\n<\/div><\/div><\/div>\n<\/div>\n\n\n<div class=\"gb-headline gb-headline-f6375dc5 gb-headline-text subMenu-anchor\" id=\"dents-sucrees\"><\/div>\n\n\n<div class=\"gb-grid-wrapper gb-grid-wrapper-3572a679 grid-menu\">\n<div class=\"gb-grid-column gb-grid-column-b8e53058\"><div class=\"gb-container gb-container-b8e53058 grid-menu-image\"><div class=\"gb-inside-container\"><\/div><\/div><\/div>\n\n<div class=\"gb-grid-column gb-grid-column-18933d7d\"><div class=\"gb-container gb-container-18933d7d grid-menu-text\"><div class=\"gb-inside-container\">\n\n<h2 class=\"wp-block-heading\">B\u00e9n\u00e9s &amp; <strong>Sucr\u00e9s<\/strong><\/h2>\n\n\n\n<p>Servis avec nos fameuses pommes de terre et des fruits frais.<\/p>\n\n\n\n<div class=\"gb-grid-wrapper gb-grid-wrapper-fe77e1eb gb-query-loop-wrapper\">\n<div class=\"gb-grid-column gb-grid-column-22b7b803 gb-query-loop-item post-20076 produits type-produits status-publish hentry category-nos-combos tag-nouveaute\"><div class=\"gb-container gb-container-22b7b803\"><div class=\"gb-inside-container\">\n<h5 class=\"gb-headline gb-headline-231cdf56 gb-headline-text\">Saucisse Bacon &amp; cheddar et Bouch\u00e9es \u00ab fa\u00e7on churros \u00bb<\/h5>\n\n<p class=\"gb-headline gb-headline-54990f36 gb-headline-text\">OEuf poch\u00e9, muffin anglais, saucisse bacon &amp; cheddar exclusive B&amp;F, tomates, oignons rouges, fromage Monterey Jack et sauce hollandaise. Servis avec un bol de mini pains dor\u00e9s croustillants \u00ab fa\u00e7on churros \u00bb, m\u00e9lange de sucre et cannelle, chocolat aux noisettes<\/p>\n<\/div><\/div><\/div>\n\n<div class=\"gb-grid-column gb-grid-column-22b7b803 gb-query-loop-item post-18521 produits type-produits status-publish hentry category-nos-combos\"><div class=\"gb-container gb-container-22b7b803\"><div class=\"gb-inside-container\">\n<h5 class=\"gb-headline gb-headline-231cdf56 gb-headline-text\">Avocat et cr\u00eape bananes &amp; choco<\/h5>\n\n<p class=\"gb-headline gb-headline-54990f36 gb-headline-text\">\u0152uf poch\u00e9, muffin anglais, bacon, avocat et sauce hollandaise, accompagn\u00e9 d\u2019une cr\u00eape aux bananes et chocolat aux noisettes<\/p>\n<\/div><\/div><\/div>\n\n<div class=\"gb-grid-column gb-grid-column-22b7b803 gb-query-loop-item post-17927 produits type-produits status-publish hentry category-nos-combos\"><div class=\"gb-container gb-container-22b7b803\"><div class=\"gb-inside-container\">\n<h5 class=\"gb-headline gb-headline-231cdf56 gb-headline-text\">Bacon &amp; Gourmandise<\/h5>\n\n<p class=\"gb-headline gb-headline-54990f36 gb-headline-text\">\u0152uf poch\u00e9, muffin anglais, bacon et sauce hollandaise, accompagn\u00e9 d\u2019une demi\u2011gaufre aux amandes, p\u00e9pites de chocolat, chocolat aux noisettes et chocolat blanc<\/p>\n<\/div><\/div><\/div>\n<\/div>\n\n<\/div><\/div><\/div>\n<\/div>\n\n\n<div class=\"gb-headline gb-headline-0960ec1a gb-headline-text menuPage-background\"><\/div>\n\n\n\n<div class=\"wp-block-columns page-promotion-container is-layout-flex wp-container-core-columns-is-layout-9d6595d7 wp-block-columns-is-layout-flex\">\n<div class=\"wp-block-column is-layout-flow wp-block-column-is-layout-flow\"><div class=\"gb-container gb-container-0da3f226 page-promotion-block\"><div class=\"gb-inside-container\">\n\n<div class=\"wp-block-columns is-layout-flex wp-container-core-columns-is-layout-9d6595d7 wp-block-columns-is-layout-flex\">\n<div class=\"wp-block-column is-layout-flow wp-block-column-is-layout-flow\">\n<h2 class=\"gb-headline gb-headline-944318d1 gb-headline-text\">Choix <strong>de Florentine<\/strong><\/h2>\n\n\n\n<p>D\u00e9couvrez un menu d\u00e9bordant de saveurs !<\/p>\n\n\n\n<div class=\"wp-block-buttons alignwide is-layout-flex wp-block-buttons-is-layout-flex\">\n<div class=\"wp-block-button button-outline aligncenter\"><a class=\"wp-block-button__link wp-element-button\" href=\"https:\/\/benetflorentine.com\/fr\/menu\/choix-sante\/\">D\u00e9couvrir<\/a><\/div>\n<\/div>\n<\/div>\n\n\n\n<div class=\"wp-block-column is-layout-flow wp-block-column-is-layout-flow\">\n<figure class=\"wp-block-image size-large\"><img decoding=\"async\" src=\"https:\/\/benetflorentine.com\/wp-content\/uploads\/2021\/04\/Choix-de-florentine-scaled.jpg\" alt=\"\"\/><\/figure>\n<\/div>\n<\/div>\n\n<\/div><\/div><\/div>\n\n\n\n<div class=\"wp-block-column is-layout-flow wp-block-column-is-layout-flow\"><div class=\"gb-container gb-container-20b354c9 page-promotion-block\"><div class=\"gb-inside-container\">\n\n<div class=\"wp-block-columns is-layout-flex wp-container-core-columns-is-layout-9d6595d7 wp-block-columns-is-layout-flex\">\n<div class=\"wp-block-column is-layout-flow wp-block-column-is-layout-flow\">\n<h2 class=\"gb-headline gb-headline-3e30c076 gb-headline-text\">Nos <strong>Tartines<\/strong><\/h2>\n\n\n\n<p>Croquantes, cr\u00e9meuses, color\u00e9es\u2026 Nos tartines ne font jamais les choses \u00e0 moiti\u00e9.<\/p>\n\n\n\n<div class=\"wp-block-buttons alignwide is-layout-flex wp-block-buttons-is-layout-flex\">\n<div class=\"wp-block-button button-outline aligncenter\"><a class=\"wp-block-button__link wp-element-button\" href=\"https:\/\/benetflorentine.com\/fr\/menu\/tartines\/\">D\u00e9couvrir<\/a><\/div>\n<\/div>\n<\/div>\n\n\n\n<div class=\"wp-block-column is-layout-flow wp-block-column-is-layout-flow\">\n<figure class=\"wp-block-image size-large\"><img decoding=\"async\" width=\"998\" height=\"800\" src=\"https:\/\/benetflorentine.com\/wp-content\/uploads\/2025\/04\/du-sante-998x800.jpg\" alt=\"\" class=\"wp-image-18612\" srcset=\"https:\/\/benetflorentine.com\/wp-content\/uploads\/2025\/04\/du-sante-998x800.jpg 998w, https:\/\/benetflorentine.com\/wp-content\/uploads\/2025\/04\/du-sante-499x400.jpg 499w, https:\/\/benetflorentine.com\/wp-content\/uploads\/2025\/04\/du-sante-768x616.jpg 768w, https:\/\/benetflorentine.com\/wp-content\/uploads\/2025\/04\/du-sante-24x19.jpg 24w, https:\/\/benetflorentine.com\/wp-content\/uploads\/2025\/04\/du-sante-36x29.jpg 36w, https:\/\/benetflorentine.com\/wp-content\/uploads\/2025\/04\/du-sante-48x38.jpg 48w, https:\/\/benetflorentine.com\/wp-content\/uploads\/2025\/04\/du-sante.jpg 1165w\" sizes=\"(max-width: 998px) 100vw, 998px\" \/><\/figure>\n<\/div>\n<\/div>\n\n<\/div><\/div><\/div>\n<\/div>\n\n\n\n<p><\/p>\n","protected":false},"excerpt":{"rendered":"<p>Combos La section pr\u00e9f\u00e9r\u00e9e des amoureux des classiques et des ind\u00e9cis. Le meilleur des deux mondes dans une seule assiette. Choix de Florentine D\u00e9couvrez un menu d\u00e9bordant de saveurs ! Nos Tartines Croquantes, cr\u00e9meuses, color\u00e9es\u2026 Nos tartines ne font jamais les choses \u00e0 moiti\u00e9.<\/p>\n","protected":false},"author":10,"featured_media":0,"parent":55,"menu_order":0,"comment_status":"closed","ping_status":"closed","template":"","meta":{"inline_featured_image":false,"footnotes":""},"categories":[],"tags":[],"class_list":["post-12845","page","type-page","status-publish"],"yoast_head":"<!-- This site is optimized with the Yoast SEO plugin v27.3 - https:\/\/yoast.com\/product\/yoast-seo-wordpress\/ -->\n<title>D\u00e9couvrez nos combos | Ben &amp; Florentine<\/title>\n<meta name=\"description\" content=\"Vous h\u00e9sitez ? D\u00e9couvrez nos combos sucr\u00e9s-sal\u00e9s ou nos b\u00e9n\u00e9-sucr\u00e9s et offrez-vous la totale.\" \/>\n<meta name=\"robots\" content=\"index, follow, max-snippet:-1, max-image-preview:large, max-video-preview:-1\" \/>\n<link rel=\"canonical\" href=\"https:\/\/benetflorentine.com\/fr\/menu\/nos-combos\/\" \/>\n<meta property=\"og:locale\" content=\"fr_FR\" \/>\n<meta property=\"og:type\" content=\"article\" \/>\n<meta property=\"og:title\" content=\"D\u00e9couvrez nos combos | Ben &amp; Florentine\" \/>\n<meta property=\"og:description\" content=\"Vous h\u00e9sitez ? D\u00e9couvrez nos combos sucr\u00e9s-sal\u00e9s ou nos b\u00e9n\u00e9-sucr\u00e9s et offrez-vous la totale.\" \/>\n<meta property=\"og:url\" content=\"https:\/\/benetflorentine.com\/fr\/menu\/nos-combos\/\" \/>\n<meta property=\"og:site_name\" content=\"Ben &amp; Florentine\" \/>\n<meta property=\"article:modified_time\" content=\"2025-08-01T17:08:59+00:00\" \/>\n<meta property=\"og:image\" content=\"https:\/\/benetflorentine.com\/wp-content\/uploads\/2021\/04\/Choix-de-florentine-scaled.jpg\" \/>\n<meta name=\"twitter:card\" content=\"summary_large_image\" \/>\n<meta name=\"twitter:label1\" content=\"Dur\u00e9e de lecture estim\u00e9e\" \/>\n\t<meta name=\"twitter:data1\" content=\"1 minute\" \/>\n<script type=\"application\/ld+json\" class=\"yoast-schema-graph\">{\"@context\":\"https:\\\/\\\/schema.org\",\"@graph\":[{\"@type\":\"WebPage\",\"@id\":\"https:\\\/\\\/benetflorentine.com\\\/fr\\\/menu\\\/nos-combos\\\/\",\"url\":\"https:\\\/\\\/benetflorentine.com\\\/fr\\\/menu\\\/nos-combos\\\/\",\"name\":\"D\u00e9couvrez nos combos | Ben & Florentine\",\"isPartOf\":{\"@id\":\"https:\\\/\\\/benetflorentine.com\\\/fr\\\/#website\"},\"primaryImageOfPage\":{\"@id\":\"https:\\\/\\\/benetflorentine.com\\\/fr\\\/menu\\\/nos-combos\\\/#primaryimage\"},\"image\":{\"@id\":\"https:\\\/\\\/benetflorentine.com\\\/fr\\\/menu\\\/nos-combos\\\/#primaryimage\"},\"thumbnailUrl\":\"https:\\\/\\\/benetflorentine.com\\\/wp-content\\\/uploads\\\/2021\\\/04\\\/Choix-de-florentine-scaled.jpg\",\"datePublished\":\"2022-09-04T01:05:45+00:00\",\"dateModified\":\"2025-08-01T17:08:59+00:00\",\"description\":\"Vous h\u00e9sitez ? D\u00e9couvrez nos combos sucr\u00e9s-sal\u00e9s ou nos b\u00e9n\u00e9-sucr\u00e9s et offrez-vous la totale.\",\"breadcrumb\":{\"@id\":\"https:\\\/\\\/benetflorentine.com\\\/fr\\\/menu\\\/nos-combos\\\/#breadcrumb\"},\"inLanguage\":\"fr-FR\",\"potentialAction\":[{\"@type\":\"ReadAction\",\"target\":[\"https:\\\/\\\/benetflorentine.com\\\/fr\\\/menu\\\/nos-combos\\\/\"]}]},{\"@type\":\"ImageObject\",\"inLanguage\":\"fr-FR\",\"@id\":\"https:\\\/\\\/benetflorentine.com\\\/fr\\\/menu\\\/nos-combos\\\/#primaryimage\",\"url\":\"https:\\\/\\\/benetflorentine.com\\\/wp-content\\\/uploads\\\/2021\\\/04\\\/Choix-de-florentine-scaled.jpg\",\"contentUrl\":\"https:\\\/\\\/benetflorentine.com\\\/wp-content\\\/uploads\\\/2021\\\/04\\\/Choix-de-florentine-scaled.jpg\"},{\"@type\":\"BreadcrumbList\",\"@id\":\"https:\\\/\\\/benetflorentine.com\\\/fr\\\/menu\\\/nos-combos\\\/#breadcrumb\",\"itemListElement\":[{\"@type\":\"ListItem\",\"position\":1,\"name\":\"Menu\",\"item\":\"https:\\\/\\\/benetflorentine.com\\\/fr\\\/menu\\\/\"},{\"@type\":\"ListItem\",\"position\":2,\"name\":\"Nos Combos et B\u00e9n\u00e9s &amp; Sucr\u00e9s\"}]},{\"@type\":\"WebSite\",\"@id\":\"https:\\\/\\\/benetflorentine.com\\\/fr\\\/#website\",\"url\":\"https:\\\/\\\/benetflorentine.com\\\/fr\\\/\",\"name\":\"Ben &amp; Florentine\",\"description\":\"Brunch &amp; Breakfast\u200e\",\"publisher\":{\"@id\":\"https:\\\/\\\/benetflorentine.com\\\/fr\\\/#organization\"},\"potentialAction\":[{\"@type\":\"SearchAction\",\"target\":{\"@type\":\"EntryPoint\",\"urlTemplate\":\"https:\\\/\\\/benetflorentine.com\\\/fr\\\/?s={search_term_string}\"},\"query-input\":{\"@type\":\"PropertyValueSpecification\",\"valueRequired\":true,\"valueName\":\"search_term_string\"}}],\"inLanguage\":\"fr-FR\"},{\"@type\":\"Organization\",\"@id\":\"https:\\\/\\\/benetflorentine.com\\\/fr\\\/#organization\",\"name\":\"Ben &amp; Florentine\",\"url\":\"https:\\\/\\\/benetflorentine.com\\\/fr\\\/\",\"logo\":{\"@type\":\"ImageObject\",\"inLanguage\":\"fr-FR\",\"@id\":\"https:\\\/\\\/benetflorentine.com\\\/fr\\\/#\\\/schema\\\/logo\\\/image\\\/\",\"url\":\"https:\\\/\\\/benetflorentine.com\\\/wp-content\\\/uploads\\\/2020\\\/02\\\/cropped-benflorentine_logo.png\",\"contentUrl\":\"https:\\\/\\\/benetflorentine.com\\\/wp-content\\\/uploads\\\/2020\\\/02\\\/cropped-benflorentine_logo.png\",\"width\":553,\"height\":206,\"caption\":\"Ben &amp; Florentine\"},\"image\":{\"@id\":\"https:\\\/\\\/benetflorentine.com\\\/fr\\\/#\\\/schema\\\/logo\\\/image\\\/\"}}]}<\/script>\n<!-- \/ Yoast SEO plugin. -->","yoast_head_json":{"title":"D\u00e9couvrez nos combos | Ben & Florentine","description":"Vous h\u00e9sitez ? D\u00e9couvrez nos combos sucr\u00e9s-sal\u00e9s ou nos b\u00e9n\u00e9-sucr\u00e9s et offrez-vous la totale.","robots":{"index":"index","follow":"follow","max-snippet":"max-snippet:-1","max-image-preview":"max-image-preview:large","max-video-preview":"max-video-preview:-1"},"canonical":"https:\/\/benetflorentine.com\/fr\/menu\/nos-combos\/","og_locale":"fr_FR","og_type":"article","og_title":"D\u00e9couvrez nos combos | Ben & Florentine","og_description":"Vous h\u00e9sitez ? D\u00e9couvrez nos combos sucr\u00e9s-sal\u00e9s ou nos b\u00e9n\u00e9-sucr\u00e9s et offrez-vous la totale.","og_url":"https:\/\/benetflorentine.com\/fr\/menu\/nos-combos\/","og_site_name":"Ben &amp; Florentine","article_modified_time":"2025-08-01T17:08:59+00:00","og_image":[{"url":"https:\/\/benetflorentine.com\/wp-content\/uploads\/2021\/04\/Choix-de-florentine-scaled.jpg","type":"","width":"","height":""}],"twitter_card":"summary_large_image","twitter_misc":{"Dur\u00e9e de lecture estim\u00e9e":"1 minute"},"schema":{"@context":"https:\/\/schema.org","@graph":[{"@type":"WebPage","@id":"https:\/\/benetflorentine.com\/fr\/menu\/nos-combos\/","url":"https:\/\/benetflorentine.com\/fr\/menu\/nos-combos\/","name":"D\u00e9couvrez nos combos | Ben & Florentine","isPartOf":{"@id":"https:\/\/benetflorentine.com\/fr\/#website"},"primaryImageOfPage":{"@id":"https:\/\/benetflorentine.com\/fr\/menu\/nos-combos\/#primaryimage"},"image":{"@id":"https:\/\/benetflorentine.com\/fr\/menu\/nos-combos\/#primaryimage"},"thumbnailUrl":"https:\/\/benetflorentine.com\/wp-content\/uploads\/2021\/04\/Choix-de-florentine-scaled.jpg","datePublished":"2022-09-04T01:05:45+00:00","dateModified":"2025-08-01T17:08:59+00:00","description":"Vous h\u00e9sitez ? D\u00e9couvrez nos combos sucr\u00e9s-sal\u00e9s ou nos b\u00e9n\u00e9-sucr\u00e9s et offrez-vous la totale.","breadcrumb":{"@id":"https:\/\/benetflorentine.com\/fr\/menu\/nos-combos\/#breadcrumb"},"inLanguage":"fr-FR","potentialAction":[{"@type":"ReadAction","target":["https:\/\/benetflorentine.com\/fr\/menu\/nos-combos\/"]}]},{"@type":"ImageObject","inLanguage":"fr-FR","@id":"https:\/\/benetflorentine.com\/fr\/menu\/nos-combos\/#primaryimage","url":"https:\/\/benetflorentine.com\/wp-content\/uploads\/2021\/04\/Choix-de-florentine-scaled.jpg","contentUrl":"https:\/\/benetflorentine.com\/wp-content\/uploads\/2021\/04\/Choix-de-florentine-scaled.jpg"},{"@type":"BreadcrumbList","@id":"https:\/\/benetflorentine.com\/fr\/menu\/nos-combos\/#breadcrumb","itemListElement":[{"@type":"ListItem","position":1,"name":"Menu","item":"https:\/\/benetflorentine.com\/fr\/menu\/"},{"@type":"ListItem","position":2,"name":"Nos Combos et B\u00e9n\u00e9s &amp; Sucr\u00e9s"}]},{"@type":"WebSite","@id":"https:\/\/benetflorentine.com\/fr\/#website","url":"https:\/\/benetflorentine.com\/fr\/","name":"Ben &amp; Florentine","description":"Brunch &amp; Breakfast\u200e","publisher":{"@id":"https:\/\/benetflorentine.com\/fr\/#organization"},"potentialAction":[{"@type":"SearchAction","target":{"@type":"EntryPoint","urlTemplate":"https:\/\/benetflorentine.com\/fr\/?s={search_term_string}"},"query-input":{"@type":"PropertyValueSpecification","valueRequired":true,"valueName":"search_term_string"}}],"inLanguage":"fr-FR"},{"@type":"Organization","@id":"https:\/\/benetflorentine.com\/fr\/#organization","name":"Ben &amp; Florentine","url":"https:\/\/benetflorentine.com\/fr\/","logo":{"@type":"ImageObject","inLanguage":"fr-FR","@id":"https:\/\/benetflorentine.com\/fr\/#\/schema\/logo\/image\/","url":"https:\/\/benetflorentine.com\/wp-content\/uploads\/2020\/02\/cropped-benflorentine_logo.png","contentUrl":"https:\/\/benetflorentine.com\/wp-content\/uploads\/2020\/02\/cropped-benflorentine_logo.png","width":553,"height":206,"caption":"Ben &amp; Florentine"},"image":{"@id":"https:\/\/benetflorentine.com\/fr\/#\/schema\/logo\/image\/"}}]}},"_links":{"self":[{"href":"https:\/\/benetflorentine.com\/fr\/wp-json\/wp\/v2\/pages\/12845","targetHints":{"allow":["GET"]}}],"collection":[{"href":"https:\/\/benetflorentine.com\/fr\/wp-json\/wp\/v2\/pages"}],"about":[{"href":"https:\/\/benetflorentine.com\/fr\/wp-json\/wp\/v2\/types\/page"}],"author":[{"embeddable":true,"href":"https:\/\/benetflorentine.com\/fr\/wp-json\/wp\/v2\/users\/10"}],"replies":[{"embeddable":true,"href":"https:\/\/benetflorentine.com\/fr\/wp-json\/wp\/v2\/comments?post=12845"}],"version-history":[{"count":28,"href":"https:\/\/benetflorentine.com\/fr\/wp-json\/wp\/v2\/pages\/12845\/revisions"}],"predecessor-version":[{"id":19796,"href":"https:\/\/benetflorentine.com\/fr\/wp-json\/wp\/v2\/pages\/12845\/revisions\/19796"}],"up":[{"embeddable":true,"href":"https:\/\/benetflorentine.com\/fr\/wp-json\/wp\/v2\/pages\/55"}],"wp:attachment":[{"href":"https:\/\/benetflorentine.com\/fr\/wp-json\/wp\/v2\/media?parent=12845"}],"wp:term":[{"taxonomy":"category","embeddable":true,"href":"https:\/\/benetflorentine.com\/fr\/wp-json\/wp\/v2\/categories?post=12845"},{"taxonomy":"post_tag","embeddable":true,"href":"https:\/\/benetflorentine.com\/fr\/wp-json\/wp\/v2\/tags?post=12845"}],"curies":[{"name":"wp","href":"https:\/\/api.w.org\/{rel}","templated":true}]}}