{"id":12853,"date":"2022-09-03T21:15:04","date_gmt":"2022-09-04T01:15:04","guid":{"rendered":"https:\/\/benetflorentine.com\/?page_id=12853"},"modified":"2025-10-10T13:48:05","modified_gmt":"2025-10-10T17:48:05","slug":"leve-tot","status":"publish","type":"page","link":"https:\/\/benetflorentine.com\/fr\/menu\/leve-tot\/","title":{"rendered":"Menu du l\u00e8ve-t\u00f4t"},"content":{"rendered":"<div class=\"gb-container gb-container-0b062dd1 staticPage-header-container menuPage alignfull\"><div class=\"gb-inside-container\">\n\n<h1 class=\"wp-block-heading\">Menu <strong>du l\u00e8ve-t\u00f4t<\/strong><\/h1>\n\n\n\n<p>D\u00e9jeunez comme un champion pour passer une excellente journ\u00e9e.<\/p>\n\n<\/div><\/div>\n\n\n<div class=\"gb-headline gb-headline-c646a201 gb-headline-text subMenu-anchor\" id=\"dents-sucrees\"><\/div>\n\n\n<div class=\"gb-grid-wrapper gb-grid-wrapper-66aaa19e grid-menu\">\n<div class=\"gb-grid-column gb-grid-column-a89f9c43\"><div class=\"gb-container gb-container-a89f9c43 grid-menu-image\"><div class=\"gb-inside-container\"><\/div><\/div><\/div>\n\n<div class=\"gb-grid-column gb-grid-column-aa4ef3e5\"><div class=\"gb-container gb-container-aa4ef3e5 grid-menu-text\"><div class=\"gb-inside-container\">\n\n<h2 class=\"wp-block-heading\">Bon <strong><strong>matin<\/strong><\/strong><\/h2>\n\n\n\n<p>Servi de 6h \u00e0 8h30 du lundi au vendredi, sauf les jours f\u00e9ri\u00e9s.<a><\/a><\/p>\n\n\n\n<div class=\"gb-grid-wrapper gb-grid-wrapper-542308cf gb-query-loop-wrapper\">\n<div class=\"gb-grid-column gb-grid-column-6dda88fe gb-query-loop-item post-18554 produits type-produits status-publish hentry category-menu-du-leve-tot\"><div class=\"gb-container gb-container-6dda88fe\"><div class=\"gb-inside-container\">\n<h3 class=\"gb-headline gb-headline-4dcb8768 gb-headline-text\">Duo Smoothie Dragon &amp; Amandine<\/h3>\n\n<p class=\"gb-headline gb-headline-59bc1b02 gb-headline-text\">M\u00e9lange de fruits du dragon, ananas &#038; framboises lyophilis\u00e9s, lait d&rsquo;avoine et jus de canneberge.\nServi avec tartine au beurre d&rsquo;amande &#038; bananes sur pain 12 grains<\/p>\n<\/div><\/div><\/div>\n\n<div class=\"gb-grid-column gb-grid-column-6dda88fe gb-query-loop-item post-18552 produits type-produits status-publish hentry category-menu-du-leve-tot\"><div class=\"gb-container gb-container-6dda88fe\"><div class=\"gb-inside-container\">\n<h3 class=\"gb-headline gb-headline-4dcb8768 gb-headline-text\">B\u00e9n\u00e9dictine Bacon<\/h3>\n\n<p class=\"gb-headline gb-headline-59bc1b02 gb-headline-text\">Oeuf poch\u00e9, muffin anglais, bacon et sauce hollandaise. Servi avec nos fameuses pommes de terre et des fruits frais <\/p>\n<\/div><\/div><\/div>\n\n<div class=\"gb-grid-column gb-grid-column-6dda88fe gb-query-loop-item post-3376 produits type-produits status-publish hentry category-menu-du-leve-tot\"><div class=\"gb-container gb-container-6dda88fe\"><div class=\"gb-inside-container\">\n<h3 class=\"gb-headline gb-headline-4dcb8768 gb-headline-text\">Gruau matinal<\/h3>\n\n<p class=\"gb-headline gb-headline-59bc1b02 gb-headline-text\">Bananes, fraises, cr\u00e8me et cassonade. Servi avec des r\u00f4ties.<\/p>\n<\/div><\/div><\/div>\n\n<div class=\"gb-grid-column gb-grid-column-6dda88fe gb-query-loop-item post-3380 produits type-produits status-publish hentry category-menu-du-leve-tot\"><div class=\"gb-container gb-container-6dda88fe\"><div class=\"gb-inside-container\">\n<h3 class=\"gb-headline gb-headline-4dcb8768 gb-headline-text\">\u00abGrilled Cheese\u00bb au jambon<\/h3>\n\n<p class=\"gb-headline gb-headline-59bc1b02 gb-headline-text\">Pain de seigle, jambon et fromage ruban jaune. Servi avec nos fameuses pommes de terre.<\/p>\n<\/div><\/div><\/div>\n\n<div class=\"gb-grid-column gb-grid-column-6dda88fe gb-query-loop-item post-3382 produits type-produits status-publish hentry category-menu-du-leve-tot\"><div class=\"gb-container gb-container-6dda88fe\"><div class=\"gb-inside-container\">\n<h3 class=\"gb-headline gb-headline-4dcb8768 gb-headline-text\">Deux oeufs +<\/h3>\n\n<p class=\"gb-headline gb-headline-59bc1b02 gb-headline-text\">2 \u0152ufs servis avec pommes de terre, compote de pommes, r\u00f4ties et un choix de bacon, jambon, saucisses, f\u00e8ves au four ou cretons.<\/p>\n<\/div><\/div><\/div>\n\n<div class=\"gb-grid-column gb-grid-column-6dda88fe gb-query-loop-item post-2149 produits type-produits status-publish hentry category-menu-du-leve-tot\"><div class=\"gb-container gb-container-6dda88fe\"><div class=\"gb-inside-container\">\n<h3 class=\"gb-headline gb-headline-4dcb8768 gb-headline-text\">Bagel BLT etc.<\/h3>\n\n<p class=\"gb-headline gb-headline-59bc1b02 gb-headline-text\">Oeuf crev\u00e9, bacon, laitue et tomates.<\/p>\n<\/div><\/div><\/div>\n<\/div>\n\n<\/div><\/div><\/div>\n<\/div>\n\n\n<div class=\"gb-headline gb-headline-0960ec1a gb-headline-text menuPage-background\"><\/div>\n\n\n\n<div class=\"wp-block-columns page-promotion-container is-layout-flex wp-container-core-columns-is-layout-9d6595d7 wp-block-columns-is-layout-flex\">\n<div class=\"wp-block-column is-layout-flow wp-block-column-is-layout-flow\"><div class=\"gb-container gb-container-0da3f226 page-promotion-block\"><div class=\"gb-inside-container\">\n\n<div class=\"wp-block-columns is-layout-flex wp-container-core-columns-is-layout-9d6595d7 wp-block-columns-is-layout-flex\">\n<div class=\"wp-block-column is-layout-flow wp-block-column-is-layout-flow\">\n<h2 class=\"gb-headline gb-headline-3e30c076 gb-headline-text\">Cocktails <strong>signature<\/strong><\/h2>\n\n\n\n<p>Des cr\u00e9ations audacieuses, originales et parfaitement balanc\u00e9es pour \u00e9lever chaque brunch.<\/p>\n\n\n\n<div class=\"wp-block-buttons alignwide is-layout-flex wp-block-buttons-is-layout-flex\">\n<div class=\"wp-block-button button-outline aligncenter\"><a class=\"wp-block-button__link wp-element-button\" href=\"https:\/\/benetflorentine.com\/fr\/menu\/cocktails-signature\/\">D\u00e9couvrir<\/a><\/div>\n<\/div>\n<\/div>\n\n\n\n<div class=\"wp-block-column is-layout-flow wp-block-column-is-layout-flow\">\n<figure class=\"wp-block-image size-full\"><img decoding=\"async\" width=\"1900\" height=\"1101\" src=\"https:\/\/benetflorentine.com\/wp-content\/uploads\/2025\/07\/Menu-cocktail-CMYK-EDIT-copy.jpg\" alt=\"\" class=\"wp-image-19530\" srcset=\"https:\/\/benetflorentine.com\/wp-content\/uploads\/2025\/07\/Menu-cocktail-CMYK-EDIT-copy.jpg 1900w, https:\/\/benetflorentine.com\/wp-content\/uploads\/2025\/07\/Menu-cocktail-CMYK-EDIT-copy-690x400.jpg 690w, https:\/\/benetflorentine.com\/wp-content\/uploads\/2025\/07\/Menu-cocktail-CMYK-EDIT-copy-1381x800.jpg 1381w, https:\/\/benetflorentine.com\/wp-content\/uploads\/2025\/07\/Menu-cocktail-CMYK-EDIT-copy-768x445.jpg 768w, https:\/\/benetflorentine.com\/wp-content\/uploads\/2025\/07\/Menu-cocktail-CMYK-EDIT-copy-1536x890.jpg 1536w, https:\/\/benetflorentine.com\/wp-content\/uploads\/2025\/07\/Menu-cocktail-CMYK-EDIT-copy-24x14.jpg 24w, https:\/\/benetflorentine.com\/wp-content\/uploads\/2025\/07\/Menu-cocktail-CMYK-EDIT-copy-36x21.jpg 36w, https:\/\/benetflorentine.com\/wp-content\/uploads\/2025\/07\/Menu-cocktail-CMYK-EDIT-copy-48x28.jpg 48w\" sizes=\"(max-width: 1900px) 100vw, 1900px\" \/><\/figure>\n<\/div>\n<\/div>\n\n<\/div><\/div><\/div>\n\n\n\n<div class=\"wp-block-column is-layout-flow wp-block-column-is-layout-flow\"><div class=\"gb-container gb-container-20b354c9 page-promotion-block\"><div class=\"gb-inside-container\">\n\n<div class=\"wp-block-columns is-layout-flex wp-container-core-columns-is-layout-9d6595d7 wp-block-columns-is-layout-flex\">\n<div class=\"wp-block-column is-layout-flow wp-block-column-is-layout-flow\">\n<h2 class=\"gb-headline gb-headline-494ea12c gb-headline-text\">Menu <strong>du midi<\/strong><\/h2>\n\n\n\n<p>\u00c9tirez le plaisir jusqu&rsquo;\u00e0 15 h avec notre menu du midi.<\/p>\n\n\n\n<div class=\"wp-block-buttons alignwide is-layout-flex wp-block-buttons-is-layout-flex\">\n<div class=\"wp-block-button button-outline aligncenter\"><a class=\"wp-block-button__link wp-element-button\" href=\"https:\/\/benetflorentine.com\/fr\/menu\/midi\/\">D\u00e9couvrir<\/a><\/div>\n<\/div>\n<\/div>\n\n\n\n<div class=\"wp-block-column is-layout-flow wp-block-column-is-layout-flow\">\n<figure class=\"wp-block-image size-large\"><img decoding=\"async\" width=\"799\" height=\"800\" src=\"https:\/\/benetflorentine.com\/wp-content\/uploads\/2022\/09\/salade-fraicheur-edited-1-799x800.jpg\" alt=\"\" class=\"wp-image-14839\" srcset=\"https:\/\/benetflorentine.com\/wp-content\/uploads\/2022\/09\/salade-fraicheur-edited-1-799x800.jpg 799w, https:\/\/benetflorentine.com\/wp-content\/uploads\/2022\/09\/salade-fraicheur-edited-1-400x400.jpg 400w, https:\/\/benetflorentine.com\/wp-content\/uploads\/2022\/09\/salade-fraicheur-edited-1-280x280.jpg 280w, https:\/\/benetflorentine.com\/wp-content\/uploads\/2022\/09\/salade-fraicheur-edited-1-768x769.jpg 768w, https:\/\/benetflorentine.com\/wp-content\/uploads\/2022\/09\/salade-fraicheur-edited-1-1534x1536.jpg 1534w, https:\/\/benetflorentine.com\/wp-content\/uploads\/2022\/09\/salade-fraicheur-edited-1-2046x2048.jpg 2046w, https:\/\/benetflorentine.com\/wp-content\/uploads\/2022\/09\/salade-fraicheur-edited-1-24x24.jpg 24w, https:\/\/benetflorentine.com\/wp-content\/uploads\/2022\/09\/salade-fraicheur-edited-1-36x36.jpg 36w, https:\/\/benetflorentine.com\/wp-content\/uploads\/2022\/09\/salade-fraicheur-edited-1-48x48.jpg 48w\" sizes=\"(max-width: 799px) 100vw, 799px\" \/><\/figure>\n<\/div>\n<\/div>\n\n<\/div><\/div><\/div>\n<\/div>\n\n\n\n<p><\/p>\n","protected":false},"excerpt":{"rendered":"<p>Menu du l\u00e8ve-t\u00f4t D\u00e9jeunez comme un champion pour passer une excellente journ\u00e9e. Cocktails signature Des cr\u00e9ations audacieuses, originales et parfaitement balanc\u00e9es pour \u00e9lever chaque brunch. Menu du midi \u00c9tirez le plaisir jusqu&rsquo;\u00e0 15 h avec notre menu du midi.<\/p>\n","protected":false},"author":10,"featured_media":0,"parent":55,"menu_order":0,"comment_status":"closed","ping_status":"closed","template":"","meta":{"inline_featured_image":false,"footnotes":""},"categories":[],"tags":[],"class_list":["post-12853","page","type-page","status-publish"],"yoast_head":"<!-- This site is optimized with the Yoast SEO plugin v27.3 - https:\/\/yoast.com\/product\/yoast-seo-wordpress\/ -->\n<title>Menu du l\u00e8ve-t\u00f4t | Ben &amp; Florentine<\/title>\n<meta name=\"description\" content=\"D\u00e9j\u00e0 debout ? Pas de soucis ! Profitez de nos plats pens\u00e9s pour vous aider \u00e0 partir la journ\u00e9e du bon pied.\" \/>\n<meta name=\"robots\" content=\"index, follow, max-snippet:-1, max-image-preview:large, max-video-preview:-1\" \/>\n<link rel=\"canonical\" href=\"https:\/\/benetflorentine.com\/fr\/menu\/leve-tot\/\" \/>\n<meta property=\"og:locale\" content=\"fr_FR\" \/>\n<meta property=\"og:type\" content=\"article\" \/>\n<meta property=\"og:title\" content=\"Menu du l\u00e8ve-t\u00f4t | Ben &amp; Florentine\" \/>\n<meta property=\"og:description\" content=\"D\u00e9j\u00e0 debout ? Pas de soucis ! Profitez de nos plats pens\u00e9s pour vous aider \u00e0 partir la journ\u00e9e du bon pied.\" \/>\n<meta property=\"og:url\" content=\"https:\/\/benetflorentine.com\/fr\/menu\/leve-tot\/\" \/>\n<meta property=\"og:site_name\" content=\"Ben &amp; Florentine\" \/>\n<meta property=\"article:modified_time\" content=\"2025-10-10T17:48:05+00:00\" \/>\n<meta property=\"og:image\" content=\"https:\/\/benetflorentine.com\/wp-content\/uploads\/2025\/07\/Menu-cocktail-CMYK-EDIT-copy.jpg\" \/>\n<meta name=\"twitter:card\" content=\"summary_large_image\" \/>\n<meta name=\"twitter:label1\" content=\"Dur\u00e9e de lecture estim\u00e9e\" \/>\n\t<meta name=\"twitter:data1\" content=\"1 minute\" \/>\n<script type=\"application\/ld+json\" class=\"yoast-schema-graph\">{\"@context\":\"https:\\\/\\\/schema.org\",\"@graph\":[{\"@type\":\"WebPage\",\"@id\":\"https:\\\/\\\/benetflorentine.com\\\/fr\\\/menu\\\/leve-tot\\\/\",\"url\":\"https:\\\/\\\/benetflorentine.com\\\/fr\\\/menu\\\/leve-tot\\\/\",\"name\":\"Menu du l\u00e8ve-t\u00f4t | Ben &amp; Florentine\",\"isPartOf\":{\"@id\":\"https:\\\/\\\/benetflorentine.com\\\/fr\\\/#website\"},\"primaryImageOfPage\":{\"@id\":\"https:\\\/\\\/benetflorentine.com\\\/fr\\\/menu\\\/leve-tot\\\/#primaryimage\"},\"image\":{\"@id\":\"https:\\\/\\\/benetflorentine.com\\\/fr\\\/menu\\\/leve-tot\\\/#primaryimage\"},\"thumbnailUrl\":\"https:\\\/\\\/benetflorentine.com\\\/wp-content\\\/uploads\\\/2025\\\/07\\\/Menu-cocktail-CMYK-EDIT-copy.jpg\",\"datePublished\":\"2022-09-04T01:15:04+00:00\",\"dateModified\":\"2025-10-10T17:48:05+00:00\",\"description\":\"D\u00e9j\u00e0 debout ? Pas de soucis ! Profitez de nos plats pens\u00e9s pour vous aider \u00e0 partir la journ\u00e9e du bon pied.\",\"breadcrumb\":{\"@id\":\"https:\\\/\\\/benetflorentine.com\\\/fr\\\/menu\\\/leve-tot\\\/#breadcrumb\"},\"inLanguage\":\"fr-FR\",\"potentialAction\":[{\"@type\":\"ReadAction\",\"target\":[\"https:\\\/\\\/benetflorentine.com\\\/fr\\\/menu\\\/leve-tot\\\/\"]}]},{\"@type\":\"ImageObject\",\"inLanguage\":\"fr-FR\",\"@id\":\"https:\\\/\\\/benetflorentine.com\\\/fr\\\/menu\\\/leve-tot\\\/#primaryimage\",\"url\":\"https:\\\/\\\/benetflorentine.com\\\/wp-content\\\/uploads\\\/2025\\\/07\\\/Menu-cocktail-CMYK-EDIT-copy.jpg\",\"contentUrl\":\"https:\\\/\\\/benetflorentine.com\\\/wp-content\\\/uploads\\\/2025\\\/07\\\/Menu-cocktail-CMYK-EDIT-copy.jpg\"},{\"@type\":\"BreadcrumbList\",\"@id\":\"https:\\\/\\\/benetflorentine.com\\\/fr\\\/menu\\\/leve-tot\\\/#breadcrumb\",\"itemListElement\":[{\"@type\":\"ListItem\",\"position\":1,\"name\":\"Menu\",\"item\":\"https:\\\/\\\/benetflorentine.com\\\/fr\\\/menu\\\/\"},{\"@type\":\"ListItem\",\"position\":2,\"name\":\"Menu du l\u00e8ve-t\u00f4t\"}]},{\"@type\":\"WebSite\",\"@id\":\"https:\\\/\\\/benetflorentine.com\\\/fr\\\/#website\",\"url\":\"https:\\\/\\\/benetflorentine.com\\\/fr\\\/\",\"name\":\"Ben &amp; Florentine\",\"description\":\"Brunch &amp; Breakfast\u200e\",\"publisher\":{\"@id\":\"https:\\\/\\\/benetflorentine.com\\\/fr\\\/#organization\"},\"potentialAction\":[{\"@type\":\"SearchAction\",\"target\":{\"@type\":\"EntryPoint\",\"urlTemplate\":\"https:\\\/\\\/benetflorentine.com\\\/fr\\\/?s={search_term_string}\"},\"query-input\":{\"@type\":\"PropertyValueSpecification\",\"valueRequired\":true,\"valueName\":\"search_term_string\"}}],\"inLanguage\":\"fr-FR\"},{\"@type\":\"Organization\",\"@id\":\"https:\\\/\\\/benetflorentine.com\\\/fr\\\/#organization\",\"name\":\"Ben &amp; Florentine\",\"url\":\"https:\\\/\\\/benetflorentine.com\\\/fr\\\/\",\"logo\":{\"@type\":\"ImageObject\",\"inLanguage\":\"fr-FR\",\"@id\":\"https:\\\/\\\/benetflorentine.com\\\/fr\\\/#\\\/schema\\\/logo\\\/image\\\/\",\"url\":\"https:\\\/\\\/benetflorentine.com\\\/wp-content\\\/uploads\\\/2020\\\/02\\\/cropped-benflorentine_logo.png\",\"contentUrl\":\"https:\\\/\\\/benetflorentine.com\\\/wp-content\\\/uploads\\\/2020\\\/02\\\/cropped-benflorentine_logo.png\",\"width\":553,\"height\":206,\"caption\":\"Ben &amp; Florentine\"},\"image\":{\"@id\":\"https:\\\/\\\/benetflorentine.com\\\/fr\\\/#\\\/schema\\\/logo\\\/image\\\/\"}}]}<\/script>\n<!-- \/ Yoast SEO plugin. -->","yoast_head_json":{"title":"Menu du l\u00e8ve-t\u00f4t | Ben &amp; Florentine","description":"D\u00e9j\u00e0 debout ? Pas de soucis ! Profitez de nos plats pens\u00e9s pour vous aider \u00e0 partir la journ\u00e9e du bon pied.","robots":{"index":"index","follow":"follow","max-snippet":"max-snippet:-1","max-image-preview":"max-image-preview:large","max-video-preview":"max-video-preview:-1"},"canonical":"https:\/\/benetflorentine.com\/fr\/menu\/leve-tot\/","og_locale":"fr_FR","og_type":"article","og_title":"Menu du l\u00e8ve-t\u00f4t | Ben &amp; Florentine","og_description":"D\u00e9j\u00e0 debout ? Pas de soucis ! Profitez de nos plats pens\u00e9s pour vous aider \u00e0 partir la journ\u00e9e du bon pied.","og_url":"https:\/\/benetflorentine.com\/fr\/menu\/leve-tot\/","og_site_name":"Ben &amp; Florentine","article_modified_time":"2025-10-10T17:48:05+00:00","og_image":[{"url":"https:\/\/benetflorentine.com\/wp-content\/uploads\/2025\/07\/Menu-cocktail-CMYK-EDIT-copy.jpg","type":"","width":"","height":""}],"twitter_card":"summary_large_image","twitter_misc":{"Dur\u00e9e de lecture estim\u00e9e":"1 minute"},"schema":{"@context":"https:\/\/schema.org","@graph":[{"@type":"WebPage","@id":"https:\/\/benetflorentine.com\/fr\/menu\/leve-tot\/","url":"https:\/\/benetflorentine.com\/fr\/menu\/leve-tot\/","name":"Menu du l\u00e8ve-t\u00f4t | Ben &amp; Florentine","isPartOf":{"@id":"https:\/\/benetflorentine.com\/fr\/#website"},"primaryImageOfPage":{"@id":"https:\/\/benetflorentine.com\/fr\/menu\/leve-tot\/#primaryimage"},"image":{"@id":"https:\/\/benetflorentine.com\/fr\/menu\/leve-tot\/#primaryimage"},"thumbnailUrl":"https:\/\/benetflorentine.com\/wp-content\/uploads\/2025\/07\/Menu-cocktail-CMYK-EDIT-copy.jpg","datePublished":"2022-09-04T01:15:04+00:00","dateModified":"2025-10-10T17:48:05+00:00","description":"D\u00e9j\u00e0 debout ? Pas de soucis ! Profitez de nos plats pens\u00e9s pour vous aider \u00e0 partir la journ\u00e9e du bon pied.","breadcrumb":{"@id":"https:\/\/benetflorentine.com\/fr\/menu\/leve-tot\/#breadcrumb"},"inLanguage":"fr-FR","potentialAction":[{"@type":"ReadAction","target":["https:\/\/benetflorentine.com\/fr\/menu\/leve-tot\/"]}]},{"@type":"ImageObject","inLanguage":"fr-FR","@id":"https:\/\/benetflorentine.com\/fr\/menu\/leve-tot\/#primaryimage","url":"https:\/\/benetflorentine.com\/wp-content\/uploads\/2025\/07\/Menu-cocktail-CMYK-EDIT-copy.jpg","contentUrl":"https:\/\/benetflorentine.com\/wp-content\/uploads\/2025\/07\/Menu-cocktail-CMYK-EDIT-copy.jpg"},{"@type":"BreadcrumbList","@id":"https:\/\/benetflorentine.com\/fr\/menu\/leve-tot\/#breadcrumb","itemListElement":[{"@type":"ListItem","position":1,"name":"Menu","item":"https:\/\/benetflorentine.com\/fr\/menu\/"},{"@type":"ListItem","position":2,"name":"Menu du l\u00e8ve-t\u00f4t"}]},{"@type":"WebSite","@id":"https:\/\/benetflorentine.com\/fr\/#website","url":"https:\/\/benetflorentine.com\/fr\/","name":"Ben &amp; Florentine","description":"Brunch &amp; Breakfast\u200e","publisher":{"@id":"https:\/\/benetflorentine.com\/fr\/#organization"},"potentialAction":[{"@type":"SearchAction","target":{"@type":"EntryPoint","urlTemplate":"https:\/\/benetflorentine.com\/fr\/?s={search_term_string}"},"query-input":{"@type":"PropertyValueSpecification","valueRequired":true,"valueName":"search_term_string"}}],"inLanguage":"fr-FR"},{"@type":"Organization","@id":"https:\/\/benetflorentine.com\/fr\/#organization","name":"Ben &amp; Florentine","url":"https:\/\/benetflorentine.com\/fr\/","logo":{"@type":"ImageObject","inLanguage":"fr-FR","@id":"https:\/\/benetflorentine.com\/fr\/#\/schema\/logo\/image\/","url":"https:\/\/benetflorentine.com\/wp-content\/uploads\/2020\/02\/cropped-benflorentine_logo.png","contentUrl":"https:\/\/benetflorentine.com\/wp-content\/uploads\/2020\/02\/cropped-benflorentine_logo.png","width":553,"height":206,"caption":"Ben &amp; Florentine"},"image":{"@id":"https:\/\/benetflorentine.com\/fr\/#\/schema\/logo\/image\/"}}]}},"_links":{"self":[{"href":"https:\/\/benetflorentine.com\/fr\/wp-json\/wp\/v2\/pages\/12853","targetHints":{"allow":["GET"]}}],"collection":[{"href":"https:\/\/benetflorentine.com\/fr\/wp-json\/wp\/v2\/pages"}],"about":[{"href":"https:\/\/benetflorentine.com\/fr\/wp-json\/wp\/v2\/types\/page"}],"author":[{"embeddable":true,"href":"https:\/\/benetflorentine.com\/fr\/wp-json\/wp\/v2\/users\/10"}],"replies":[{"embeddable":true,"href":"https:\/\/benetflorentine.com\/fr\/wp-json\/wp\/v2\/comments?post=12853"}],"version-history":[{"count":13,"href":"https:\/\/benetflorentine.com\/fr\/wp-json\/wp\/v2\/pages\/12853\/revisions"}],"predecessor-version":[{"id":20139,"href":"https:\/\/benetflorentine.com\/fr\/wp-json\/wp\/v2\/pages\/12853\/revisions\/20139"}],"up":[{"embeddable":true,"href":"https:\/\/benetflorentine.com\/fr\/wp-json\/wp\/v2\/pages\/55"}],"wp:attachment":[{"href":"https:\/\/benetflorentine.com\/fr\/wp-json\/wp\/v2\/media?parent=12853"}],"wp:term":[{"taxonomy":"category","embeddable":true,"href":"https:\/\/benetflorentine.com\/fr\/wp-json\/wp\/v2\/categories?post=12853"},{"taxonomy":"post_tag","embeddable":true,"href":"https:\/\/benetflorentine.com\/fr\/wp-json\/wp\/v2\/tags?post=12853"}],"curies":[{"name":"wp","href":"https:\/\/api.w.org\/{rel}","templated":true}]}}