{"id":13825,"date":"2022-09-05T17:36:08","date_gmt":"2022-09-05T21:36:08","guid":{"rendered":"https:\/\/benetflorentine.com\/eggs-omelets\/"},"modified":"2025-05-01T13:45:52","modified_gmt":"2025-05-01T17:45:52","slug":"eggs-omelets","status":"publish","type":"page","link":"https:\/\/benetflorentine.com\/fr\/eggs-omelets\/","title":{"rendered":"Eggs &#038; Omelets"},"content":{"rendered":"<div class=\"gb-container gb-container-0b062dd1 staticPage-header-container menuPage has-subMenu alignfull\"><div class=\"gb-inside-container\">\n\n<h1 class=\"wp-block-heading has-text-align-center\">Eggs <strong>&amp; Omelets<\/strong><\/h1>\n\n\n\n<p class=\"has-text-align-center\">The best of traditional breakfast and brunch.<\/p>\n\n<\/div><\/div>\n\n<div class=\"gb-container gb-container-37574103 grid-subNav alignfull\"><div class=\"gb-inside-container\">\n\n<ul class=\"wp-block-list\">\n<li><a href=\"#oeufs-classiques\">Breakfast Classics<\/a><\/li>\n\n\n\n<li><a href=\"#omelettes-a-trois-oeufs\">Three-Egg Omelets<\/a><\/li>\n<\/ul>\n\n<\/div><\/div>\n\n\n<div class=\"gb-headline gb-headline-c646a201 gb-headline-text subMenu-anchor\" id=\"oeufs-classiques\"><\/div>\n\n\n<div class=\"gb-grid-wrapper gb-grid-wrapper-66aaa19e grid-menu\">\n<div class=\"gb-grid-column gb-grid-column-a89f9c43\"><div class=\"gb-container gb-container-a89f9c43 grid-menu-image\"><div class=\"gb-inside-container\"><\/div><\/div><\/div>\n\n<div class=\"gb-grid-column gb-grid-column-aa4ef3e5\"><div class=\"gb-container gb-container-aa4ef3e5 grid-menu-text\"><div class=\"gb-inside-container\">\n\n<h2 class=\"wp-block-heading\">Breakfast <strong>Classics<\/strong><\/h2>\n\n\n\n<p>All of our classics other than the Ben &amp; Florentine poutine are served with our famous home fries, applesauce and toast.<\/p>\n\n\n\n<div class=\"gb-grid-wrapper gb-grid-wrapper-542308cf gb-query-loop-wrapper\">\n<div class=\"gb-grid-column gb-grid-column-6dda88fe gb-query-loop-item post-18471 produits type-produits status-publish hentry category-oeufs-classiques\"><div class=\"gb-container gb-container-6dda88fe\"><div class=\"gb-inside-container\">\n<h5 class=\"gb-headline gb-headline-4dcb8768 gb-headline-text\">Classiques 2 oeufs &amp; jambon effiloch\u00e9 \u00e0 l\u2019ancienne<\/h5>\n\n\n<\/div><\/div><\/div>\n\n<div class=\"gb-grid-column gb-grid-column-6dda88fe gb-query-loop-item post-6107 produits type-produits status-publish hentry category-benetflorentine category-oeufs-classiques\"><div class=\"gb-container gb-container-6dda88fe\"><div class=\"gb-inside-container\">\n<h5 class=\"gb-headline gb-headline-4dcb8768 gb-headline-text\">Classiques 2 \u0153ufs &#038; fruits<\/h5>\n\n<p class=\"gb-headline gb-headline-59bc1b02 gb-headline-text\">2 \u0153ufs, fruits frais et choix de pommes de terre ou tomates.<\/p>\n<\/div><\/div><\/div>\n\n<div class=\"gb-grid-column gb-grid-column-6dda88fe gb-query-loop-item post-6106 produits type-produits status-publish hentry category-benetflorentine category-oeufs-classiques\"><div class=\"gb-container gb-container-6dda88fe\"><div class=\"gb-inside-container\">\n<h5 class=\"gb-headline gb-headline-4dcb8768 gb-headline-text\">Classiques 2 \u0153ufs &#038; choix de viande<\/h5>\n\n<p class=\"gb-headline gb-headline-59bc1b02 gb-headline-text\">2 \u0153ufs et choix de bacon, jambon ou saucisses.<\/p>\n<\/div><\/div><\/div>\n\n<div class=\"gb-grid-column gb-grid-column-6dda88fe gb-query-loop-item post-2997 produits type-produits status-publish hentry category-benetflorentine category-oeufs-classiques\"><div class=\"gb-container gb-container-6dda88fe\"><div class=\"gb-inside-container\">\n<h5 class=\"gb-headline gb-headline-4dcb8768 gb-headline-text\">Big Ben<\/h5>\n\n<p class=\"gb-headline gb-headline-59bc1b02 gb-headline-text\">2 \u0152ufs, bacon, jambon et saucisses.<\/p>\n<\/div><\/div><\/div>\n\n<div class=\"gb-grid-column gb-grid-column-6dda88fe gb-query-loop-item post-2995 produits type-produits status-publish hentry category-benetflorentine category-oeufs-classiques\"><div class=\"gb-container gb-container-6dda88fe\"><div class=\"gb-inside-container\">\n<h5 class=\"gb-headline gb-headline-4dcb8768 gb-headline-text\">L&rsquo;authentique<\/h5>\n\n<p class=\"gb-headline gb-headline-59bc1b02 gb-headline-text\">2 \u0152ufs, bacon, <span class=\"cretons\">cretons, <\/span>f\u00e8ves au four, tomates et cheddar.<\/p>\n<\/div><\/div><\/div>\n<\/div>\n\n<\/div><\/div><\/div>\n<\/div>\n\n\n<div class=\"gb-headline gb-headline-5e0f46f0 gb-headline-text subMenu-anchor\" id=\"omelettes-a-trois-oeufs\"><\/div>\n\n\n<div class=\"gb-grid-wrapper gb-grid-wrapper-7593803e grid-menu\" id=\"dents-salees\">\n<div class=\"gb-grid-column gb-grid-column-c59ec7b2\"><div class=\"gb-container gb-container-c59ec7b2 grid-menu-image\"><div class=\"gb-inside-container\"><\/div><\/div><\/div>\n\n<div class=\"gb-grid-column gb-grid-column-53c30559\"><div class=\"gb-container gb-container-53c30559 grid-menu-text\"><div class=\"gb-inside-container\">\n\n<h2 class=\"wp-block-heading\">Three-Egg <strong>Omelets<\/strong><\/h2>\n\n\n\n<p>Served with our famous home fries, applesauce and toast.<\/p>\n\n\n\n<div class=\"gb-grid-wrapper gb-grid-wrapper-c50b639a gb-query-loop-wrapper\">\n<div class=\"gb-grid-column gb-grid-column-5491c426 gb-query-loop-item post-20096 produits type-produits status-publish hentry category-omelettes-a-trois-oeufs\"><div class=\"gb-container gb-container-5491c426\"><div class=\"gb-inside-container\">\n<h5 class=\"gb-headline gb-headline-a45e5396 gb-headline-text\">Omelette &#8211; Choix du boucher<\/h5>\n\n<p class=\"gb-headline gb-headline-fe4e8e48 gb-headline-text\">Bacon, jambon, saucisses et m\u00e9lange de Monterey Jack &amp; cheddar<\/p>\n<\/div><\/div><\/div>\n\n<div class=\"gb-grid-column gb-grid-column-5491c426 gb-query-loop-item post-14572 produits type-produits status-publish hentry category-benetflorentine category-oeufs-et-omelettes category-omelettes-a-trois-oeufs\"><div class=\"gb-container gb-container-5491c426\"><div class=\"gb-inside-container\">\n<h5 class=\"gb-headline gb-headline-a45e5396 gb-headline-text\">Omelette &#8211; Jambon effiloch\u00e9 \u00e0 l&rsquo;ancienne &amp; fromage en grains<\/h5>\n\n<p class=\"gb-headline gb-headline-fe4e8e48 gb-headline-text\">Jambon effiloch\u00e9 \u00e0 l\u2019ancienne, m\u00e9lange de poivrons, \u00e9pinards et fromage en grains<\/p>\n<\/div><\/div><\/div>\n\n<div class=\"gb-grid-column gb-grid-column-5491c426 gb-query-loop-item post-3370 produits type-produits status-publish hentry category-omelettes-a-trois-oeufs\"><div class=\"gb-container gb-container-5491c426\"><div class=\"gb-inside-container\">\n<h5 class=\"gb-headline gb-headline-a45e5396 gb-headline-text\">Omelette &#8211; \u00ab\u00a0Western\u00a0\u00bb<\/h5>\n\n<p class=\"gb-headline gb-headline-fe4e8e48 gb-headline-text\">Jambon, m\u00e9lange de poivrons et oignons caram\u00e9lis\u00e9s<\/p>\n<\/div><\/div><\/div>\n\n<div class=\"gb-grid-column gb-grid-column-5491c426 gb-query-loop-item post-2373 produits type-produits status-publish hentry category-benetflorentine category-omelettes-a-trois-oeufs\"><div class=\"gb-container gb-container-5491c426\"><div class=\"gb-inside-container\">\n<h5 class=\"gb-headline gb-headline-a45e5396 gb-headline-text\">Omelette &#8211; V\u00e9g\u00e9tarienne<\/h5>\n\n<p class=\"gb-headline gb-headline-fe4e8e48 gb-headline-text\">Champignons portobello, oignons rouges, olives Kalamata, tomates, m\u00e9lange de poivrons et m\u00e9lange de\nMonterey Jack et cheddar <\/p>\n<\/div><\/div><\/div>\n<\/div>\n\n<\/div><\/div><\/div>\n<\/div>\n\n\n<div class=\"gb-headline gb-headline-0960ec1a gb-headline-text menuPage-background\"><\/div>\n\n\n\n<div class=\"wp-block-columns page-promotion-container is-layout-flex wp-container-core-columns-is-layout-9d6595d7 wp-block-columns-is-layout-flex\">\n<div class=\"wp-block-column is-layout-flow wp-block-column-is-layout-flow\"><div class=\"gb-container gb-container-20b354c9 page-promotion-block\"><div class=\"gb-inside-container\">\n\n<div class=\"wp-block-columns is-layout-flex wp-container-core-columns-is-layout-9d6595d7 wp-block-columns-is-layout-flex\">\n<div class=\"wp-block-column is-layout-flow wp-block-column-is-layout-flow\">\n<h2 class=\"gb-headline gb-headline-3e30c076 gb-headline-text\">Combos<\/h2>\n\n\n\n<p>Optez pour nos combos sucr\u00e9s-sal\u00e9s.<\/p>\n\n\n\n<div class=\"wp-block-buttons alignwide is-layout-flex wp-block-buttons-is-layout-flex\">\n<div class=\"wp-block-button button-outline aligncenter\"><a class=\"wp-block-button__link wp-element-button\" href=\"\/en\/menu\/our-combos\/\">Discover<\/a><\/div>\n<\/div>\n<\/div>\n\n\n\n<div class=\"wp-block-column is-layout-flow wp-block-column-is-layout-flow\">\n<figure class=\"wp-block-image size-full\"><img decoding=\"async\" width=\"615\" height=\"778\" src=\"https:\/\/benetflorentine.com\/wp-content\/uploads\/2020\/04\/poelees-ancienne.png\" alt=\"po\u00eal\u00e9es ancienne\" class=\"wp-image-8226\" srcset=\"https:\/\/benetflorentine.com\/wp-content\/uploads\/2020\/04\/poelees-ancienne.png 615w, https:\/\/benetflorentine.com\/wp-content\/uploads\/2020\/04\/poelees-ancienne-316x400.png 316w, https:\/\/benetflorentine.com\/wp-content\/uploads\/2020\/04\/poelees-ancienne-19x24.png 19w, https:\/\/benetflorentine.com\/wp-content\/uploads\/2020\/04\/poelees-ancienne-28x36.png 28w, https:\/\/benetflorentine.com\/wp-content\/uploads\/2020\/04\/poelees-ancienne-38x48.png 38w\" sizes=\"(max-width: 615px) 100vw, 615px\" \/><\/figure>\n<\/div>\n<\/div>\n\n<\/div><\/div><\/div>\n\n\n\n<div class=\"wp-block-column is-layout-flow wp-block-column-is-layout-flow\"><div class=\"gb-container gb-container-0da3f226 page-promotion-block\"><div class=\"gb-inside-container\">\n\n<div class=\"wp-block-columns is-layout-flex wp-container-core-columns-is-layout-9d6595d7 wp-block-columns-is-layout-flex\">\n<div class=\"wp-block-column is-layout-flow wp-block-column-is-layout-flow\">\n<h2 class=\"gb-headline gb-headline-944318d1 gb-headline-text\">Smoothies, Coffees <strong>&amp; Breuvages<\/strong><\/h2>\n\n\n\n<p>Tout pour \u00e9tancher votre soif.<\/p>\n\n\n\n<div class=\"wp-block-buttons alignwide is-layout-flex wp-block-buttons-is-layout-flex\">\n<div class=\"wp-block-button button-outline aligncenter\"><a class=\"wp-block-button__link wp-element-button\" href=\"\/en\/menu\/our-beverages\/\">Discover<\/a><\/div>\n<\/div>\n<\/div>\n\n\n\n<div class=\"wp-block-column is-layout-flow wp-block-column-is-layout-flow\">\n<figure class=\"wp-block-image size-large\"><img decoding=\"async\" width=\"1200\" height=\"800\" src=\"https:\/\/benetflorentine.com\/wp-content\/uploads\/2021\/04\/Choix-de-florentine-1200x800.jpg\" alt=\"\" class=\"wp-image-10196\" srcset=\"https:\/\/benetflorentine.com\/wp-content\/uploads\/2021\/04\/Choix-de-florentine-1200x800.jpg 1200w, https:\/\/benetflorentine.com\/wp-content\/uploads\/2021\/04\/Choix-de-florentine-600x400.jpg 600w, https:\/\/benetflorentine.com\/wp-content\/uploads\/2021\/04\/Choix-de-florentine-768x512.jpg 768w, https:\/\/benetflorentine.com\/wp-content\/uploads\/2021\/04\/Choix-de-florentine-1536x1024.jpg 1536w, https:\/\/benetflorentine.com\/wp-content\/uploads\/2021\/04\/Choix-de-florentine-2048x1365.jpg 2048w, https:\/\/benetflorentine.com\/wp-content\/uploads\/2021\/04\/Choix-de-florentine-24x16.jpg 24w, https:\/\/benetflorentine.com\/wp-content\/uploads\/2021\/04\/Choix-de-florentine-36x24.jpg 36w, https:\/\/benetflorentine.com\/wp-content\/uploads\/2021\/04\/Choix-de-florentine-48x32.jpg 48w\" sizes=\"(max-width: 1200px) 100vw, 1200px\" \/><\/figure>\n<\/div>\n<\/div>\n\n<\/div><\/div><\/div>\n<\/div>\n","protected":false},"excerpt":{"rendered":"<p>Eggs &amp; Omelets The best of traditional breakfast and brunch.<\/p>\n","protected":false},"author":10,"featured_media":0,"parent":0,"menu_order":0,"comment_status":"closed","ping_status":"closed","template":"","meta":{"inline_featured_image":false,"footnotes":""},"categories":[],"tags":[],"class_list":["post-13825","page","type-page","status-publish"],"yoast_head":"<!-- This site is optimized with the Yoast SEO plugin v27.3 - https:\/\/yoast.com\/product\/yoast-seo-wordpress\/ -->\n<title>Eggs &amp; Omelets | Ben &amp; Florentine<\/title>\n<meta name=\"robots\" content=\"index, follow, max-snippet:-1, max-image-preview:large, max-video-preview:-1\" \/>\n<link rel=\"canonical\" href=\"https:\/\/benetflorentine.com\/fr\/eggs-omelets\/\" \/>\n<meta property=\"og:locale\" content=\"fr_FR\" \/>\n<meta property=\"og:type\" content=\"article\" \/>\n<meta property=\"og:title\" content=\"Eggs &amp; Omelets | Ben &amp; Florentine\" \/>\n<meta property=\"og:description\" content=\"Eggs &amp; Omelets The best of traditional breakfast and brunch.\" \/>\n<meta property=\"og:url\" content=\"https:\/\/benetflorentine.com\/fr\/eggs-omelets\/\" \/>\n<meta property=\"og:site_name\" content=\"Ben &amp; Florentine\" \/>\n<meta property=\"article:modified_time\" content=\"2025-05-01T17:45:52+00:00\" \/>\n<meta name=\"twitter:card\" content=\"summary_large_image\" \/>\n<meta name=\"twitter:label1\" content=\"Dur\u00e9e de lecture estim\u00e9e\" \/>\n\t<meta name=\"twitter:data1\" content=\"1 minute\" \/>\n<script type=\"application\/ld+json\" class=\"yoast-schema-graph\">{\"@context\":\"https:\\\/\\\/schema.org\",\"@graph\":[{\"@type\":\"WebPage\",\"@id\":\"https:\\\/\\\/benetflorentine.com\\\/fr\\\/eggs-omelets\\\/\",\"url\":\"https:\\\/\\\/benetflorentine.com\\\/fr\\\/eggs-omelets\\\/\",\"name\":\"Eggs & Omelets | Ben &amp; Florentine\",\"isPartOf\":{\"@id\":\"https:\\\/\\\/benetflorentine.com\\\/fr\\\/#website\"},\"datePublished\":\"2022-09-05T21:36:08+00:00\",\"dateModified\":\"2025-05-01T17:45:52+00:00\",\"inLanguage\":\"fr-FR\",\"potentialAction\":[{\"@type\":\"ReadAction\",\"target\":[\"https:\\\/\\\/benetflorentine.com\\\/fr\\\/eggs-omelets\\\/\"]}]},{\"@type\":\"WebSite\",\"@id\":\"https:\\\/\\\/benetflorentine.com\\\/fr\\\/#website\",\"url\":\"https:\\\/\\\/benetflorentine.com\\\/fr\\\/\",\"name\":\"Ben &amp; Florentine\",\"description\":\"Brunch &amp; Breakfast\u200e\",\"publisher\":{\"@id\":\"https:\\\/\\\/benetflorentine.com\\\/fr\\\/#organization\"},\"potentialAction\":[{\"@type\":\"SearchAction\",\"target\":{\"@type\":\"EntryPoint\",\"urlTemplate\":\"https:\\\/\\\/benetflorentine.com\\\/fr\\\/?s={search_term_string}\"},\"query-input\":{\"@type\":\"PropertyValueSpecification\",\"valueRequired\":true,\"valueName\":\"search_term_string\"}}],\"inLanguage\":\"fr-FR\"},{\"@type\":\"Organization\",\"@id\":\"https:\\\/\\\/benetflorentine.com\\\/fr\\\/#organization\",\"name\":\"Ben &amp; Florentine\",\"url\":\"https:\\\/\\\/benetflorentine.com\\\/fr\\\/\",\"logo\":{\"@type\":\"ImageObject\",\"inLanguage\":\"fr-FR\",\"@id\":\"https:\\\/\\\/benetflorentine.com\\\/fr\\\/#\\\/schema\\\/logo\\\/image\\\/\",\"url\":\"https:\\\/\\\/benetflorentine.com\\\/wp-content\\\/uploads\\\/2020\\\/02\\\/cropped-benflorentine_logo.png\",\"contentUrl\":\"https:\\\/\\\/benetflorentine.com\\\/wp-content\\\/uploads\\\/2020\\\/02\\\/cropped-benflorentine_logo.png\",\"width\":553,\"height\":206,\"caption\":\"Ben &amp; Florentine\"},\"image\":{\"@id\":\"https:\\\/\\\/benetflorentine.com\\\/fr\\\/#\\\/schema\\\/logo\\\/image\\\/\"}}]}<\/script>\n<!-- \/ Yoast SEO plugin. -->","yoast_head_json":{"title":"Eggs & Omelets | Ben &amp; Florentine","robots":{"index":"index","follow":"follow","max-snippet":"max-snippet:-1","max-image-preview":"max-image-preview:large","max-video-preview":"max-video-preview:-1"},"canonical":"https:\/\/benetflorentine.com\/fr\/eggs-omelets\/","og_locale":"fr_FR","og_type":"article","og_title":"Eggs & Omelets | Ben &amp; Florentine","og_description":"Eggs &amp; Omelets The best of traditional breakfast and brunch.","og_url":"https:\/\/benetflorentine.com\/fr\/eggs-omelets\/","og_site_name":"Ben &amp; Florentine","article_modified_time":"2025-05-01T17:45:52+00:00","twitter_card":"summary_large_image","twitter_misc":{"Dur\u00e9e de lecture estim\u00e9e":"1 minute"},"schema":{"@context":"https:\/\/schema.org","@graph":[{"@type":"WebPage","@id":"https:\/\/benetflorentine.com\/fr\/eggs-omelets\/","url":"https:\/\/benetflorentine.com\/fr\/eggs-omelets\/","name":"Eggs & Omelets | Ben &amp; Florentine","isPartOf":{"@id":"https:\/\/benetflorentine.com\/fr\/#website"},"datePublished":"2022-09-05T21:36:08+00:00","dateModified":"2025-05-01T17:45:52+00:00","inLanguage":"fr-FR","potentialAction":[{"@type":"ReadAction","target":["https:\/\/benetflorentine.com\/fr\/eggs-omelets\/"]}]},{"@type":"WebSite","@id":"https:\/\/benetflorentine.com\/fr\/#website","url":"https:\/\/benetflorentine.com\/fr\/","name":"Ben &amp; Florentine","description":"Brunch &amp; Breakfast\u200e","publisher":{"@id":"https:\/\/benetflorentine.com\/fr\/#organization"},"potentialAction":[{"@type":"SearchAction","target":{"@type":"EntryPoint","urlTemplate":"https:\/\/benetflorentine.com\/fr\/?s={search_term_string}"},"query-input":{"@type":"PropertyValueSpecification","valueRequired":true,"valueName":"search_term_string"}}],"inLanguage":"fr-FR"},{"@type":"Organization","@id":"https:\/\/benetflorentine.com\/fr\/#organization","name":"Ben &amp; Florentine","url":"https:\/\/benetflorentine.com\/fr\/","logo":{"@type":"ImageObject","inLanguage":"fr-FR","@id":"https:\/\/benetflorentine.com\/fr\/#\/schema\/logo\/image\/","url":"https:\/\/benetflorentine.com\/wp-content\/uploads\/2020\/02\/cropped-benflorentine_logo.png","contentUrl":"https:\/\/benetflorentine.com\/wp-content\/uploads\/2020\/02\/cropped-benflorentine_logo.png","width":553,"height":206,"caption":"Ben &amp; Florentine"},"image":{"@id":"https:\/\/benetflorentine.com\/fr\/#\/schema\/logo\/image\/"}}]}},"_links":{"self":[{"href":"https:\/\/benetflorentine.com\/fr\/wp-json\/wp\/v2\/pages\/13825","targetHints":{"allow":["GET"]}}],"collection":[{"href":"https:\/\/benetflorentine.com\/fr\/wp-json\/wp\/v2\/pages"}],"about":[{"href":"https:\/\/benetflorentine.com\/fr\/wp-json\/wp\/v2\/types\/page"}],"author":[{"embeddable":true,"href":"https:\/\/benetflorentine.com\/fr\/wp-json\/wp\/v2\/users\/10"}],"replies":[{"embeddable":true,"href":"https:\/\/benetflorentine.com\/fr\/wp-json\/wp\/v2\/comments?post=13825"}],"version-history":[{"count":7,"href":"https:\/\/benetflorentine.com\/fr\/wp-json\/wp\/v2\/pages\/13825\/revisions"}],"predecessor-version":[{"id":18686,"href":"https:\/\/benetflorentine.com\/fr\/wp-json\/wp\/v2\/pages\/13825\/revisions\/18686"}],"wp:attachment":[{"href":"https:\/\/benetflorentine.com\/fr\/wp-json\/wp\/v2\/media?parent=13825"}],"wp:term":[{"taxonomy":"category","embeddable":true,"href":"https:\/\/benetflorentine.com\/fr\/wp-json\/wp\/v2\/categories?post=13825"},{"taxonomy":"post_tag","embeddable":true,"href":"https:\/\/benetflorentine.com\/fr\/wp-json\/wp\/v2\/tags?post=13825"}],"curies":[{"name":"wp","href":"https:\/\/api.w.org\/{rel}","templated":true}]}}