{"id":14501,"date":"2022-09-14T20:04:09","date_gmt":"2022-09-15T00:04:09","guid":{"rendered":"https:\/\/benetflorentine.com\/?page_id=14501"},"modified":"2024-05-16T14:08:29","modified_gmt":"2024-05-16T18:08:29","slug":"infolettre-franchise-telechargement","status":"publish","type":"page","link":"https:\/\/benetflorentine.com\/fr\/infolettre-franchise-telechargement\/","title":{"rendered":"Infolettre \/ Franchise \/ T\u00e9l\u00e9chargement"},"content":{"rendered":"\n<p>Merci ! &nbsp;Vous pouv<strong>ez maintenant t\u00e9l\u00e9charger la brochure<\/strong><\/p>\n\n\n<div class=\"gb-button-wrapper gb-button-wrapper-7f753f1f\">\n\n<a class=\"gb-button gb-button-48cc0030 gb-button-text button-outline\" href=\"\/wp-content\/uploads\/2024\/05\/BF23_NAT_015_BROCHURE_DIGITALE_FRANCHISE_QC_FR_JUN23.pdf\" target=\"_blank\" rel=\"noopener noreferrer\">T\u00e9l\u00e9chargez maintenant<\/a>\n\n<\/div>\n\n\n<p><\/p>\n","protected":false},"excerpt":{"rendered":"<p>Merci ! &nbsp;Vous pouvez maintenant t\u00e9l\u00e9charger la brochure<\/p>\n","protected":false},"author":10,"featured_media":0,"parent":0,"menu_order":0,"comment_status":"closed","ping_status":"closed","template":"","meta":{"inline_featured_image":false,"footnotes":""},"categories":[],"tags":[],"class_list":["post-14501","page","type-page","status-publish"],"yoast_head":"<!-- This site is optimized with the Yoast SEO plugin v27.3 - https:\/\/yoast.com\/product\/yoast-seo-wordpress\/ -->\n<title>Infolettre \/ Franchise \/ T\u00e9l\u00e9chargement | Ben &amp; Florentine<\/title>\n<meta name=\"robots\" content=\"index, follow, max-snippet:-1, max-image-preview:large, max-video-preview:-1\" \/>\n<link rel=\"canonical\" href=\"https:\/\/benetflorentine.com\/fr\/infolettre-franchise-telechargement\/\" \/>\n<meta property=\"og:locale\" content=\"fr_FR\" \/>\n<meta property=\"og:type\" content=\"article\" \/>\n<meta property=\"og:title\" content=\"Infolettre \/ Franchise \/ T\u00e9l\u00e9chargement | Ben &amp; Florentine\" \/>\n<meta property=\"og:description\" content=\"Merci ! &nbsp;Vous pouvez maintenant t\u00e9l\u00e9charger la brochure\" \/>\n<meta property=\"og:url\" content=\"https:\/\/benetflorentine.com\/fr\/infolettre-franchise-telechargement\/\" \/>\n<meta property=\"og:site_name\" content=\"Ben &amp; Florentine\" \/>\n<meta property=\"article:modified_time\" content=\"2024-05-16T18:08:29+00:00\" \/>\n<meta name=\"twitter:card\" content=\"summary_large_image\" \/>\n<script type=\"application\/ld+json\" class=\"yoast-schema-graph\">{\"@context\":\"https:\\\/\\\/schema.org\",\"@graph\":[{\"@type\":\"WebPage\",\"@id\":\"https:\\\/\\\/benetflorentine.com\\\/fr\\\/infolettre-franchise-telechargement\\\/\",\"url\":\"https:\\\/\\\/benetflorentine.com\\\/fr\\\/infolettre-franchise-telechargement\\\/\",\"name\":\"Infolettre \\\/ Franchise \\\/ T\u00e9l\u00e9chargement | Ben &amp; Florentine\",\"isPartOf\":{\"@id\":\"https:\\\/\\\/benetflorentine.com\\\/fr\\\/#website\"},\"datePublished\":\"2022-09-15T00:04:09+00:00\",\"dateModified\":\"2024-05-16T18:08:29+00:00\",\"inLanguage\":\"fr-FR\",\"potentialAction\":[{\"@type\":\"ReadAction\",\"target\":[\"https:\\\/\\\/benetflorentine.com\\\/fr\\\/infolettre-franchise-telechargement\\\/\"]}]},{\"@type\":\"WebSite\",\"@id\":\"https:\\\/\\\/benetflorentine.com\\\/fr\\\/#website\",\"url\":\"https:\\\/\\\/benetflorentine.com\\\/fr\\\/\",\"name\":\"Ben &amp; Florentine\",\"description\":\"Brunch &amp; Breakfast\u200e\",\"publisher\":{\"@id\":\"https:\\\/\\\/benetflorentine.com\\\/fr\\\/#organization\"},\"potentialAction\":[{\"@type\":\"SearchAction\",\"target\":{\"@type\":\"EntryPoint\",\"urlTemplate\":\"https:\\\/\\\/benetflorentine.com\\\/fr\\\/?s={search_term_string}\"},\"query-input\":{\"@type\":\"PropertyValueSpecification\",\"valueRequired\":true,\"valueName\":\"search_term_string\"}}],\"inLanguage\":\"fr-FR\"},{\"@type\":\"Organization\",\"@id\":\"https:\\\/\\\/benetflorentine.com\\\/fr\\\/#organization\",\"name\":\"Ben &amp; Florentine\",\"url\":\"https:\\\/\\\/benetflorentine.com\\\/fr\\\/\",\"logo\":{\"@type\":\"ImageObject\",\"inLanguage\":\"fr-FR\",\"@id\":\"https:\\\/\\\/benetflorentine.com\\\/fr\\\/#\\\/schema\\\/logo\\\/image\\\/\",\"url\":\"https:\\\/\\\/benetflorentine.com\\\/wp-content\\\/uploads\\\/2020\\\/02\\\/cropped-benflorentine_logo.png\",\"contentUrl\":\"https:\\\/\\\/benetflorentine.com\\\/wp-content\\\/uploads\\\/2020\\\/02\\\/cropped-benflorentine_logo.png\",\"width\":553,\"height\":206,\"caption\":\"Ben &amp; Florentine\"},\"image\":{\"@id\":\"https:\\\/\\\/benetflorentine.com\\\/fr\\\/#\\\/schema\\\/logo\\\/image\\\/\"}}]}<\/script>\n<!-- \/ Yoast SEO plugin. -->","yoast_head_json":{"title":"Infolettre \/ Franchise \/ T\u00e9l\u00e9chargement | Ben &amp; Florentine","robots":{"index":"index","follow":"follow","max-snippet":"max-snippet:-1","max-image-preview":"max-image-preview:large","max-video-preview":"max-video-preview:-1"},"canonical":"https:\/\/benetflorentine.com\/fr\/infolettre-franchise-telechargement\/","og_locale":"fr_FR","og_type":"article","og_title":"Infolettre \/ Franchise \/ T\u00e9l\u00e9chargement | Ben &amp; Florentine","og_description":"Merci ! &nbsp;Vous pouvez maintenant t\u00e9l\u00e9charger la brochure","og_url":"https:\/\/benetflorentine.com\/fr\/infolettre-franchise-telechargement\/","og_site_name":"Ben &amp; Florentine","article_modified_time":"2024-05-16T18:08:29+00:00","twitter_card":"summary_large_image","schema":{"@context":"https:\/\/schema.org","@graph":[{"@type":"WebPage","@id":"https:\/\/benetflorentine.com\/fr\/infolettre-franchise-telechargement\/","url":"https:\/\/benetflorentine.com\/fr\/infolettre-franchise-telechargement\/","name":"Infolettre \/ Franchise \/ T\u00e9l\u00e9chargement | Ben &amp; Florentine","isPartOf":{"@id":"https:\/\/benetflorentine.com\/fr\/#website"},"datePublished":"2022-09-15T00:04:09+00:00","dateModified":"2024-05-16T18:08:29+00:00","inLanguage":"fr-FR","potentialAction":[{"@type":"ReadAction","target":["https:\/\/benetflorentine.com\/fr\/infolettre-franchise-telechargement\/"]}]},{"@type":"WebSite","@id":"https:\/\/benetflorentine.com\/fr\/#website","url":"https:\/\/benetflorentine.com\/fr\/","name":"Ben &amp; Florentine","description":"Brunch &amp; Breakfast\u200e","publisher":{"@id":"https:\/\/benetflorentine.com\/fr\/#organization"},"potentialAction":[{"@type":"SearchAction","target":{"@type":"EntryPoint","urlTemplate":"https:\/\/benetflorentine.com\/fr\/?s={search_term_string}"},"query-input":{"@type":"PropertyValueSpecification","valueRequired":true,"valueName":"search_term_string"}}],"inLanguage":"fr-FR"},{"@type":"Organization","@id":"https:\/\/benetflorentine.com\/fr\/#organization","name":"Ben &amp; Florentine","url":"https:\/\/benetflorentine.com\/fr\/","logo":{"@type":"ImageObject","inLanguage":"fr-FR","@id":"https:\/\/benetflorentine.com\/fr\/#\/schema\/logo\/image\/","url":"https:\/\/benetflorentine.com\/wp-content\/uploads\/2020\/02\/cropped-benflorentine_logo.png","contentUrl":"https:\/\/benetflorentine.com\/wp-content\/uploads\/2020\/02\/cropped-benflorentine_logo.png","width":553,"height":206,"caption":"Ben &amp; Florentine"},"image":{"@id":"https:\/\/benetflorentine.com\/fr\/#\/schema\/logo\/image\/"}}]}},"_links":{"self":[{"href":"https:\/\/benetflorentine.com\/fr\/wp-json\/wp\/v2\/pages\/14501","targetHints":{"allow":["GET"]}}],"collection":[{"href":"https:\/\/benetflorentine.com\/fr\/wp-json\/wp\/v2\/pages"}],"about":[{"href":"https:\/\/benetflorentine.com\/fr\/wp-json\/wp\/v2\/types\/page"}],"author":[{"embeddable":true,"href":"https:\/\/benetflorentine.com\/fr\/wp-json\/wp\/v2\/users\/10"}],"replies":[{"embeddable":true,"href":"https:\/\/benetflorentine.com\/fr\/wp-json\/wp\/v2\/comments?post=14501"}],"version-history":[{"count":3,"href":"https:\/\/benetflorentine.com\/fr\/wp-json\/wp\/v2\/pages\/14501\/revisions"}],"predecessor-version":[{"id":17310,"href":"https:\/\/benetflorentine.com\/fr\/wp-json\/wp\/v2\/pages\/14501\/revisions\/17310"}],"wp:attachment":[{"href":"https:\/\/benetflorentine.com\/fr\/wp-json\/wp\/v2\/media?parent=14501"}],"wp:term":[{"taxonomy":"category","embeddable":true,"href":"https:\/\/benetflorentine.com\/fr\/wp-json\/wp\/v2\/categories?post=14501"},{"taxonomy":"post_tag","embeddable":true,"href":"https:\/\/benetflorentine.com\/fr\/wp-json\/wp\/v2\/tags?post=14501"}],"curies":[{"name":"wp","href":"https:\/\/api.w.org\/{rel}","templated":true}]}}