{"id":18958,"date":"2020-02-19T14:45:54","date_gmt":"2020-02-19T19:45:54","guid":{"rendered":"https:\/\/benetflorentine.com\/newsletter\/"},"modified":"2026-02-19T10:47:58","modified_gmt":"2026-02-19T15:47:58","slug":"infolettre","status":"publish","type":"page","link":"https:\/\/benetflorentine.com\/fr\/infolettre\/","title":{"rendered":"Infolettre"},"content":{"rendered":"<div class=\"gb-container gb-container-a1f5ad23 staticPage-header-container staticPage-header-container-with-bg\"><div class=\"gb-inside-container\">\n\n<h1 class=\"wp-block-heading has-text-align-center\">Abonnez-vous \u00e0&nbsp;<strong>notre infolettre<\/strong><\/h1>\n\n\n\n<p class=\"has-text-align-center\">Soyez les premiers \u00e0 conna\u00eetre nos nouveaut\u00e9s, nos innovations culinaires, nos promotions et tout ce qui se passe dans nos restaurants.<\/p>\n\n<\/div><\/div>\n\n\n<!-- Begin Mailchimp Signup Form -->\n<link href=\"\/\/cdn-images.mailchimp.com\/embedcode\/classic-071822.css\" rel=\"stylesheet\" type=\"text\/css\">\n<style type=\"text\/css\">\n    #mc_embed_signup {\n        background: #f3f3f3;\n        clear: left;\n        font: 14px Helvetica, Arial, sans-serif;\n        width: 600px;\n    }\n\n    \/* Add your own Mailchimp form style overrides in your site stylesheet or in this style block.\n\t   We recommend moving this block and the preceding CSS link to the HEAD of your HTML file. *\/\n<\/style>\n<div id=\"mc_embed_signup\">\n    <form\n        action=\"https:\/\/benetflorentine.us2.list-manage.com\/subscribe\/post?u=f65086efbf5332da9e6f43a4b&amp;id=593e530ccd&amp;f_id=00484ee0f0\"\n        method=\"post\" id=\"mc-embedded-subscribe-form\" name=\"mc-embedded-subscribe-form\" class=\"validate\" target=\"_blank\"\n        novalidate=\"\">\n        <div id=\"mc_embed_signup_scroll\">\n\n            <div class=\"indicates-required\"><span class=\"asterisk\">*<\/span> indicates required<\/div>\n            <div class=\"mc-field-group\">\n                <label for=\"mce-EMAIL\">Email <span class=\"asterisk\">*<\/span>\n                <\/label>\n                <input type=\"email\" value=\"\" name=\"EMAIL\" class=\"required email\" id=\"mce-EMAIL\" required=\"\">\n                <span id=\"mce-EMAIL-HELPERTEXT\" class=\"helper_text\"><\/span>\n            <\/div>\n            <div class=\"mc-field-group\">\n                <label for=\"mce-FNAME\">Pr\u00e9nom <\/label>\n                <input type=\"text\" value=\"\" name=\"FNAME\" class=\"\" id=\"mce-FNAME\">\n                <span id=\"mce-FNAME-HELPERTEXT\" class=\"helper_text\"><\/span>\n            <\/div>\n            <div class=\"mc-field-group\">\n                <label for=\"mce-LNAME\">Nom <\/label>\n                <input type=\"text\" value=\"\" name=\"LNAME\" class=\"\" id=\"mce-LNAME\">\n                <span id=\"mce-LNAME-HELPERTEXT\" class=\"helper_text\"><\/span>\n            <\/div>\n            <div class=\"mc-field-group\">\n                <label for=\"mce-MMERGE9\">Langue<\/label>\n                <select name=\"MMERGE9\" class=\"\" id=\"mce-MMERGE9\">\n                    <option value=\"\"><\/option>\n                    <option value=\"Fran\u00e7ais\">Fran\u00e7ais<\/option>\n                    <option value=\"English\">English<\/option>\n\n                <\/select>\n                <span id=\"mce-MMERGE9-HELPERTEXT\" class=\"helper_text\"><\/span>\n            <\/div>\n            <div class=\"mc-field-group size1of2\">\n                <label for=\"mce-BIRTHDAY-month\">Date de f\u00eate<\/label>\n                <div class=\"datefield\">\n                    <span class=\"subfield monthfield\">\n                        <input class=\"birthday \" type=\"text\" pattern=\"[0-9]*\" value=\"\" placeholder=\"MM\" size=\"2\"\n                            maxlength=\"2\" name=\"BIRTHDAY[month]\" id=\"mce-BIRTHDAY-month\">\n                    <\/span> \/\n                    <span class=\"subfield dayfield\">\n                        <input class=\"birthday \" type=\"text\" pattern=\"[0-9]*\" value=\"\" placeholder=\"DD\" size=\"2\"\n                            maxlength=\"2\" name=\"BIRTHDAY[day]\" id=\"mce-BIRTHDAY-day\">\n                    <\/span>\n                    <span class=\"small-meta nowrap\">( mm \/ dd )<\/span>\n                <\/div>\n                <span id=\"mce-BIRTHDAY-HELPERTEXT\" class=\"helper_text\"><\/span>\n            <\/div>\n            <div class=\"mc-field-group\">\n                <label for=\"mce-PROVINCE\">Province <\/label>\n                <select name=\"PROVINCE\" class=\"\" id=\"mce-PROVINCE\">\n                    <option value=\"\"><\/option>\n                    <option value=\"Qu\u00e9bec\">Qu\u00e9bec<\/option>\n                    <option value=\"Ontario\">Ontario<\/option>\n                    <option value=\"Manitoba\">Manitoba<\/option>\n                    <option value=\"Nova Scotia\">Nova Scotia<\/option>\n\n                <\/select>\n                <span id=\"mce-PROVINCE-HELPERTEXT\" class=\"helper_text\"><\/span>\n            <\/div>\n            <div class=\"mc-field-group\">\n                <label for=\"mce-SUCCURSALE\">Ben &amp; Florentine favori <\/label>\n                <select name=\"SUCCURSALE\" class=\"\" id=\"mce-SUCCURSALE\">\n                    <option value=\"\"><\/option>\n                    <option value=\"Ange-Gardien\">Ange-Gardien<\/option>\n                    <option value=\"Anjou\">Anjou<\/option>\n                    <option value=\"Aylmer\">Aylmer<\/option>\n                    <option value=\"Beauharnois\">Beauharnois<\/option>\n                    <option value=\"Beloeil\">Beloeil<\/option>\n                    <option value=\"Blainville\">Blainville<\/option>\n                    <option value=\"Boucherville\">Boucherville<\/option>\n                    <option value=\"Brossard (Carrefour)\">Brossard (Carrefour)<\/option>\n                    <option value=\"Brossard (Taschereau)\">Brossard (Taschereau)<\/option>\n                    <option value=\"Candiac\">Candiac<\/option>\n                    <option value=\"Carignan\">Carignan<\/option>\n                    <option value=\"Chicoutimi\">Chicoutimi<\/option>\n                    <option value=\"Contrecoeur\">Contrecoeur<\/option>\n                    <option value=\"Cowansville\">Cowansville<\/option>\n                    <option value=\"Dollard-Des-Ormeaux\">Dollard-Des-Ormeaux<\/option>\n                    <option value=\"Drummondville\">Drummondville<\/option>\n                    <option value=\"Gatineau\">Gatineau<\/option>\n                    <option value=\"Granby\">Granby<\/option>\n                    <option value=\"Halifax (Hemlock Square)\">Halifax (Hemlock Square)<\/option>\n                    <option value=\"\u00cele Des S\u0153urs\">\u00cele Des S\u0153urs<\/option>\n                    <option value=\"Kirkland\">Kirkland<\/option>\n                    <option value=\"La Prairie\">La Prairie<\/option>\n                    <option value=\"Lachenaie\">Lachenaie<\/option>\n                    <option value=\"Laval (Saint-Martin)\">Laval (Saint-Martin)<\/option>\n                    <option value=\"Laval (Ste-Doroth\u00e9e)\">Laval (Ste-Doroth\u00e9e)<\/option>\n                    <option value=\"Laval (Val-Des-Brises)\">Laval (Val-Des-Brises)<\/option>\n                    <option value=\"L\u00e9vis (Saint-Nicolas)\">L\u00e9vis (Saint-Nicolas)<\/option>\n                    <option value=\"L\u00e9vis (Place kennedy)\">L\u00e9vis (Place kennedy)<\/option>\n                    <option value=\"L\u00e9vis (Saint-Romuald)\">L\u00e9vis (Saint-Romuald)<\/option>\n                    <option value=\"Longueuil (Chemin Chambly)\">Longueuil (Chemin Chambly)<\/option>\n                    <option value=\"Longueuil (rue du Colis\u00e9)\">Longueuil (rue du Colis\u00e9)<\/option>\n                    <option value=\"Mascouche\">Mascouche<\/option>\n                    <option value=\"Mirabel (St-Canut)\">Mirabel (St-Canut)<\/option>\n                    <option value=\"Montr\u00e9al (Downtown - Centre-ville)\">Montr\u00e9al (Downtown &#8211; Centre-ville)<\/option>\n                    <option value=\"Montr\u00e9al (Ville Saint-Laurent)\">Montr\u00e9al (Ville Saint-Laurent)<\/option>\n                    <option value=\"Pr\u00e9vost\">Pr\u00e9vost<\/option>\n                    <option value=\"Qu\u00e9bec (Beauport)\">Qu\u00e9bec (Beauport)<\/option>\n                    <option value=\"Qu\u00e9bec (Sainte-Foy)\">Qu\u00e9bec (Sainte-Foy)<\/option>\n                    <option value=\"Qu\u00e9bec (Val-B\u00e9lair)\">Qu\u00e9bec (Val-B\u00e9lair)<\/option>\n                    <option value=\"Qu\u00e9bec (Ancienne-Lorette)\">Qu\u00e9bec (Ancienne-Lorette)<\/option>\n                    <option value=\"Qu\u00e9bec (Chauveau)\">Qu\u00e9bec (Chauveau)<\/option>\n                    <option value=\"Qu\u00e9bec (Donnacona)\">Qu\u00e9bec (Donnacona)<\/option>\n                    <option value=\"Saint-Basile-Le-Grand\">Saint-Basile-Le-Grand<\/option>\n                    <option value=\"Saint-Hyacinthe\">Saint-Hyacinthe<\/option>\n                    <option value=\"Saint-Jean-Sur-Richelieu\">Saint-Jean-Sur-Richelieu<\/option>\n                    <option value=\"Sainte-Julie\">Sainte-Julie<\/option>\n                    <option value=\"Sainte-Th\u00e9r\u00e8se\">Sainte-Th\u00e9r\u00e8se<\/option>\n                    <option value=\"Salaberry-De-Valleyfield\">Salaberry-De-Valleyfield<\/option>\n                    <option value=\"Sherbrooke (rue Galt Ouest)\">Sherbrooke (rue Galt Ouest)<\/option>\n                    <option value=\"Sherbrooke (Fleurimont)\">Sherbrooke (Fleurimont)<\/option>\n                    <option value=\"Sorel-Tracy\">Sorel-Tracy<\/option>\n                    <option value=\"Terrebonne (Grande All\u00e9e)\">Terrebonne (Grande All\u00e9e)<\/option>\n                    <option value=\"Terrebonne (La Pini\u00e8re)\">Terrebonne (La Pini\u00e8re)<\/option>\n                    <option value=\"Terrebonne (Rang Saint-Fran\u00e7ois)\">Terrebonne (Rang Saint-Fran\u00e7ois)<\/option>\n                    <option value=\"Thetford Mines\">Thetford Mines<\/option>\n                    <option value=\"Trois-Rivi\u00e8res\">Trois-Rivi\u00e8res<\/option>\n                    <option value=\"Trois-Rivi\u00e8res (Cap-De-La-Madeleine)\">Trois-Rivi\u00e8res (Cap-De-La-Madeleine)<\/option>\n                    <option value=\"Valleyfield\">Valleyfield<\/option>\n                    <option value=\"Vaudreuil-Dorion\">Vaudreuil-Dorion<\/option>\n                    <option value=\"Victoriaville\">Victoriaville<\/option>\n                    <option value=\"Winnipeg Kenaston\">Winnipeg Kenaston<\/option>\n                    <option value=\"Winnipeg Polo Park\">Winnipeg Polo Park<\/option>\n                    <option value=\"Winnipeg Regent\">Winnipeg Regent<\/option>\n\n                <\/select>\n                <span id=\"mce-SUCCURSALE-HELPERTEXT\" class=\"helper_text\"><\/span>\n            <\/div>\n            <p style=\"font-style:italic;font-weight:400\">En vous abonnant \u00e0 notre infolettre Ben et Florentine, vous acceptez que vos renseignements personnels soient recueillis et conserv\u00e9s par des fournisseurs de services qui ont \u00e9tabli un partenariat avec Ben et Florentine. Vos renseignements seront partag\u00e9s avec Ben et Florentine, conform\u00e9ment \u00e0 notre politique de confidentialit\u00e9, pour vous envoyer les derni\u00e8res nouvelles sur les articles de menu, les offres \u00e0 dur\u00e9e limit\u00e9e et les concours directement dans votre bo\u00eete de r\u00e9ception. \u00c0 l\u2019occasion, Ben et Florentine ou ses fournisseurs de services peuvent vous demander vos commentaires sous forme de sondage, ce qui nous permettra d\u2019am\u00e9liorer les produits et services que nous vous offrons.<\/p>\n            <p style=\"font-style:italic;font-weight:400\">Vous pouvez vous d\u00e9sinscrire \u00e0 tout moment en cliquant sur le bouton de d\u00e9sinscription qui se trouve dans l\u2019infolettre. Vous avez \u00e9galement le droit d\u2019acc\u00e9der \u00e0 vos renseignements personnels ou de corriger toute inexactitude, le cas \u00e9ch\u00e9ant.<\/p>\n            <p style=\"font-style:italic;font-weight:400\">Avant de vous inscrire \u00e0 l\u2019infolettre, nous vous demandons de lire et d\u2019accepter les termes de notre politique de confidentialit\u00e9 Ben et Florentine,  <a href=\"https:\/\/mtygroup.com\/politique-de-confidentialite\/\"\n                    target=\"_blank\" rel=\"noreferrer noopener\" style=\"\n    font-family: Helvetica,Arial,sans-serif;\n\">ici<\/a>.<\/p>\n\n            <div class=\"privacy-policy\">\n                <div class=\"mc-field-group check-b\" style=\"display:flex;\">\n                    <input type=\"checkbox\" id=\"privacy-checkbox\" name=\"privacy-checkbox\" class=\"required\"\n                        value=\"checked\" required style=\"\n    margin-top: 1px;\n    margin-right: 1em;\n    width: 20px;\n\">\n                    <label for=\"privacy-checkbox\"><span class=\"asterisk\">*<\/span>* Oui, j\u2019ai lu et j\u2019accepte les conditions de la politique de confidentialit\u00e9 de Ben et Florentine et je souhaite m\u2019inscrire \u00e0 l\u2019infolettre !\n                    <\/label><br>\n\n                <\/div>\n            <\/div>\n\n            <div hidden=\"true\"><input type=\"hidden\" name=\"tags\" value=\"1324265\"><\/div>\n            <div id=\"mce-responses\" class=\"clear\">\n                <div class=\"response\" id=\"mce-error-response\" style=\"display:none\"><\/div>\n                <div class=\"response\" id=\"mce-success-response\" style=\"display:none\"><\/div>\n            <\/div>\n            <!-- real people should not fill this in and expect good things - do not remove this or risk form bot signups-->\n            <div style=\"position: absolute; left: -5000px;\" aria-hidden=\"true\"><input type=\"text\"\n                    name=\"b_f65086efbf5332da9e6f43a4b_593e530ccd\" tabindex=\"-1\" value=\"\"><\/div>\n            <div class=\"clear\"><input type=\"submit\" value=\"S'inscrire\" name=\"subscribe\" id=\"mc-embedded-subscribe\"\n                    class=\"button\"><\/div>\n        <\/div>\n    <\/form>\n\n    <script type=\"text\/javascript\" src=\"\/\/s3.amazonaws.com\/downloads.mailchimp.com\/js\/mc-validate.js\"><\/script>\n    <script type=\"text\/javascript\">(function ($) {\n            window.fnames = new Array(); window.ftypes = new Array(); fnames[1] = 'FNAME'; ftypes[1] = 'text'; fnames[2] = 'LNAME'; ftypes[2] = 'text'; fnames[0] = 'EMAIL'; ftypes[0] = 'email'; fnames[9] = 'MMERGE9'; ftypes[9] = 'dropdown'; fnames[5] = 'BIRTHDAY'; ftypes[5] = 'birthday'; fnames[4] = 'PROVINCE'; ftypes[4] = 'dropdown'; fnames[3] = 'MMERGE3'; ftypes[3] = 'text'; fnames[6] = 'SUCCURSALE'; ftypes[6] = 'dropdown'; \/*\n * Translated default messages for the $ validation plugin.\n * Locale: FR\n *\/\n            $.extend($.validator.messages, {\n                required: \"Ce champ est requis.\",\n                remote: \"Veuillez remplir ce champ pour continuer.\",\n                email: \"Veuillez entrer une adresse email valide.\",\n                url: \"Veuillez entrer une URL valide.\",\n                date: \"Veuillez entrer une date valide.\",\n                dateISO: \"Veuillez entrer une date valide (ISO).\",\n                number: \"Veuillez entrer un nombre valide.\",\n                digits: \"Veuillez entrer (seulement) une valeur num\u00e9rique.\",\n                creditcard: \"Veuillez entrer un num\u00e9ro de carte de cr\u00e9dit valide.\",\n                equalTo: \"Veuillez entrer une nouvelle fois la m\u00eame valeur.\",\n                accept: \"Veuillez entrer une valeur avec une extension valide.\",\n                maxlength: $.validator.format(\"Veuillez ne pas entrer plus de {0} caract\u00e8res.\"),\n                minlength: $.validator.format(\"Veuillez entrer au moins {0} caract\u00e8res.\"),\n                rangelength: $.validator.format(\"Veuillez entrer entre {0} et {1} caract\u00e8res.\"),\n                range: $.validator.format(\"Veuillez entrer une valeur entre {0} et {1}.\"),\n                max: $.validator.format(\"Veuillez entrer une valeur inf\u00e9rieure ou \u00e9gale \u00e0 {0}.\"),\n                min: $.validator.format(\"Veuillez entrer une valeur sup\u00e9rieure ou \u00e9gale \u00e0 {0}.\")\n            });\n        }(jQuery)); var $mcj = jQuery.noConflict(true);<\/script>\n    <!--End mc_embed_signup-->\n","protected":false},"excerpt":{"rendered":"<p>Abonnez-vous \u00e0&nbsp;notre infolettre Soyez les premiers \u00e0 conna\u00eetre nos nouveaut\u00e9s, nos innovations culinaires, nos promotions et tout ce qui se passe dans nos restaurants. * indicates required Email * Pr\u00e9nom Nom Langue Fran\u00e7aisEnglish Date de f\u00eate \/ ( mm \/ dd ) Province Qu\u00e9becOntarioManitobaNova Scotia Ben &amp; Florentine favori Ange-GardienAnjouAylmerBeauharnoisBeloeilBlainvilleBouchervilleBrossard (Carrefour)Brossard (Taschereau)CandiacCarignanChicoutimiContrecoeurCowansvilleDollard-Des-OrmeauxDrummondvilleGatineauGranbyHalifax (Hemlock Square)\u00cele Des &#8230; <a title=\"Infolettre\" class=\"read-more\" href=\"https:\/\/benetflorentine.com\/fr\/infolettre\/\" aria-label=\"En savoir plus sur Infolettre\">Lire la suite<\/a><\/p>\n","protected":false},"author":10,"featured_media":0,"parent":0,"menu_order":0,"comment_status":"closed","ping_status":"closed","template":"","meta":{"inline_featured_image":false,"footnotes":""},"categories":[],"tags":[],"class_list":["post-18958","page","type-page","status-publish"],"yoast_head":"<!-- This site is optimized with the Yoast SEO plugin v27.3 - https:\/\/yoast.com\/product\/yoast-seo-wordpress\/ -->\n<title>Sign up to our Infolettre | Ben &amp; Florentine<\/title>\n<meta name=\"description\" content=\"Sign up to our newsletter to learn more about what&#039;s happening behind the scenes and our promotions.\" \/>\n<meta name=\"robots\" content=\"index, follow, max-snippet:-1, max-image-preview:large, max-video-preview:-1\" \/>\n<link rel=\"canonical\" href=\"https:\/\/benetflorentine.com\/fr\/infolettre\/\" \/>\n<meta property=\"og:locale\" content=\"fr_FR\" \/>\n<meta property=\"og:type\" content=\"article\" \/>\n<meta property=\"og:title\" content=\"Sign up to our Infolettre | Ben &amp; Florentine\" \/>\n<meta property=\"og:description\" content=\"Sign up to our newsletter to learn more about what&#039;s happening behind the scenes and our promotions.\" \/>\n<meta property=\"og:url\" content=\"https:\/\/benetflorentine.com\/fr\/infolettre\/\" \/>\n<meta property=\"og:site_name\" content=\"Ben &amp; Florentine\" \/>\n<meta property=\"article:modified_time\" content=\"2026-02-19T15:47:58+00:00\" \/>\n<meta name=\"twitter:card\" content=\"summary_large_image\" \/>\n<meta name=\"twitter:label1\" content=\"Dur\u00e9e de lecture estim\u00e9e\" \/>\n\t<meta name=\"twitter:data1\" content=\"2 minutes\" \/>\n<script type=\"application\/ld+json\" class=\"yoast-schema-graph\">{\"@context\":\"https:\\\/\\\/schema.org\",\"@graph\":[{\"@type\":\"WebPage\",\"@id\":\"https:\\\/\\\/benetflorentine.com\\\/fr\\\/infolettre\\\/\",\"url\":\"https:\\\/\\\/benetflorentine.com\\\/fr\\\/infolettre\\\/\",\"name\":\"Sign up to our Infolettre | Ben &amp; Florentine\",\"isPartOf\":{\"@id\":\"https:\\\/\\\/benetflorentine.com\\\/fr\\\/#website\"},\"datePublished\":\"2020-02-19T19:45:54+00:00\",\"dateModified\":\"2026-02-19T15:47:58+00:00\",\"description\":\"Sign up to our newsletter to learn more about what's happening behind the scenes and our promotions.\",\"inLanguage\":\"fr-FR\",\"potentialAction\":[{\"@type\":\"ReadAction\",\"target\":[\"https:\\\/\\\/benetflorentine.com\\\/fr\\\/infolettre\\\/\"]}]},{\"@type\":\"WebSite\",\"@id\":\"https:\\\/\\\/benetflorentine.com\\\/fr\\\/#website\",\"url\":\"https:\\\/\\\/benetflorentine.com\\\/fr\\\/\",\"name\":\"Ben &amp; Florentine\",\"description\":\"Brunch &amp; Breakfast\u200e\",\"publisher\":{\"@id\":\"https:\\\/\\\/benetflorentine.com\\\/fr\\\/#organization\"},\"potentialAction\":[{\"@type\":\"SearchAction\",\"target\":{\"@type\":\"EntryPoint\",\"urlTemplate\":\"https:\\\/\\\/benetflorentine.com\\\/fr\\\/?s={search_term_string}\"},\"query-input\":{\"@type\":\"PropertyValueSpecification\",\"valueRequired\":true,\"valueName\":\"search_term_string\"}}],\"inLanguage\":\"fr-FR\"},{\"@type\":\"Organization\",\"@id\":\"https:\\\/\\\/benetflorentine.com\\\/fr\\\/#organization\",\"name\":\"Ben &amp; Florentine\",\"url\":\"https:\\\/\\\/benetflorentine.com\\\/fr\\\/\",\"logo\":{\"@type\":\"ImageObject\",\"inLanguage\":\"fr-FR\",\"@id\":\"https:\\\/\\\/benetflorentine.com\\\/fr\\\/#\\\/schema\\\/logo\\\/image\\\/\",\"url\":\"https:\\\/\\\/benetflorentine.com\\\/wp-content\\\/uploads\\\/2020\\\/02\\\/cropped-benflorentine_logo.png\",\"contentUrl\":\"https:\\\/\\\/benetflorentine.com\\\/wp-content\\\/uploads\\\/2020\\\/02\\\/cropped-benflorentine_logo.png\",\"width\":553,\"height\":206,\"caption\":\"Ben &amp; Florentine\"},\"image\":{\"@id\":\"https:\\\/\\\/benetflorentine.com\\\/fr\\\/#\\\/schema\\\/logo\\\/image\\\/\"}}]}<\/script>\n<!-- \/ Yoast SEO plugin. -->","yoast_head_json":{"title":"Sign up to our Infolettre | Ben &amp; Florentine","description":"Sign up to our newsletter to learn more about what's happening behind the scenes and our promotions.","robots":{"index":"index","follow":"follow","max-snippet":"max-snippet:-1","max-image-preview":"max-image-preview:large","max-video-preview":"max-video-preview:-1"},"canonical":"https:\/\/benetflorentine.com\/fr\/infolettre\/","og_locale":"fr_FR","og_type":"article","og_title":"Sign up to our Infolettre | Ben &amp; Florentine","og_description":"Sign up to our newsletter to learn more about what's happening behind the scenes and our promotions.","og_url":"https:\/\/benetflorentine.com\/fr\/infolettre\/","og_site_name":"Ben &amp; Florentine","article_modified_time":"2026-02-19T15:47:58+00:00","twitter_card":"summary_large_image","twitter_misc":{"Dur\u00e9e de lecture estim\u00e9e":"2 minutes"},"schema":{"@context":"https:\/\/schema.org","@graph":[{"@type":"WebPage","@id":"https:\/\/benetflorentine.com\/fr\/infolettre\/","url":"https:\/\/benetflorentine.com\/fr\/infolettre\/","name":"Sign up to our Infolettre | Ben &amp; Florentine","isPartOf":{"@id":"https:\/\/benetflorentine.com\/fr\/#website"},"datePublished":"2020-02-19T19:45:54+00:00","dateModified":"2026-02-19T15:47:58+00:00","description":"Sign up to our newsletter to learn more about what's happening behind the scenes and our promotions.","inLanguage":"fr-FR","potentialAction":[{"@type":"ReadAction","target":["https:\/\/benetflorentine.com\/fr\/infolettre\/"]}]},{"@type":"WebSite","@id":"https:\/\/benetflorentine.com\/fr\/#website","url":"https:\/\/benetflorentine.com\/fr\/","name":"Ben &amp; Florentine","description":"Brunch &amp; Breakfast\u200e","publisher":{"@id":"https:\/\/benetflorentine.com\/fr\/#organization"},"potentialAction":[{"@type":"SearchAction","target":{"@type":"EntryPoint","urlTemplate":"https:\/\/benetflorentine.com\/fr\/?s={search_term_string}"},"query-input":{"@type":"PropertyValueSpecification","valueRequired":true,"valueName":"search_term_string"}}],"inLanguage":"fr-FR"},{"@type":"Organization","@id":"https:\/\/benetflorentine.com\/fr\/#organization","name":"Ben &amp; Florentine","url":"https:\/\/benetflorentine.com\/fr\/","logo":{"@type":"ImageObject","inLanguage":"fr-FR","@id":"https:\/\/benetflorentine.com\/fr\/#\/schema\/logo\/image\/","url":"https:\/\/benetflorentine.com\/wp-content\/uploads\/2020\/02\/cropped-benflorentine_logo.png","contentUrl":"https:\/\/benetflorentine.com\/wp-content\/uploads\/2020\/02\/cropped-benflorentine_logo.png","width":553,"height":206,"caption":"Ben &amp; Florentine"},"image":{"@id":"https:\/\/benetflorentine.com\/fr\/#\/schema\/logo\/image\/"}}]}},"_links":{"self":[{"href":"https:\/\/benetflorentine.com\/fr\/wp-json\/wp\/v2\/pages\/18958","targetHints":{"allow":["GET"]}}],"collection":[{"href":"https:\/\/benetflorentine.com\/fr\/wp-json\/wp\/v2\/pages"}],"about":[{"href":"https:\/\/benetflorentine.com\/fr\/wp-json\/wp\/v2\/types\/page"}],"author":[{"embeddable":true,"href":"https:\/\/benetflorentine.com\/fr\/wp-json\/wp\/v2\/users\/10"}],"replies":[{"embeddable":true,"href":"https:\/\/benetflorentine.com\/fr\/wp-json\/wp\/v2\/comments?post=18958"}],"version-history":[{"count":3,"href":"https:\/\/benetflorentine.com\/fr\/wp-json\/wp\/v2\/pages\/18958\/revisions"}],"predecessor-version":[{"id":20626,"href":"https:\/\/benetflorentine.com\/fr\/wp-json\/wp\/v2\/pages\/18958\/revisions\/20626"}],"wp:attachment":[{"href":"https:\/\/benetflorentine.com\/fr\/wp-json\/wp\/v2\/media?parent=18958"}],"wp:term":[{"taxonomy":"category","embeddable":true,"href":"https:\/\/benetflorentine.com\/fr\/wp-json\/wp\/v2\/categories?post=18958"},{"taxonomy":"post_tag","embeddable":true,"href":"https:\/\/benetflorentine.com\/fr\/wp-json\/wp\/v2\/tags?post=18958"}],"curies":[{"name":"wp","href":"https:\/\/api.w.org\/{rel}","templated":true}]}}