{"id":19506,"date":"2025-07-24T08:21:26","date_gmt":"2025-07-24T12:21:26","guid":{"rendered":"https:\/\/benetflorentine.com\/?page_id=19506"},"modified":"2025-08-01T13:11:47","modified_gmt":"2025-08-01T17:11:47","slug":"tartines","status":"publish","type":"page","link":"https:\/\/benetflorentine.com\/fr\/menu\/tartines\/","title":{"rendered":"Tartines"},"content":{"rendered":"<div class=\"gb-container gb-container-0b062dd1 staticPage-header-container menuPage alignfull\"><div class=\"gb-inside-container\">\n\n<h1 class=\"wp-block-heading\">Tartines<\/h1>\n\n\n\n<p>Croquantes, cr\u00e9meuses, color\u00e9es\u2026 Nos tartines ne font jamais les choses \u00e0 moiti\u00e9.<\/p>\n\n<\/div><\/div>\n\n\n<div class=\"gb-headline gb-headline-c646a201 gb-headline-text subMenu-anchor\" id=\"dents-sucrees\"><\/div>\n\n\n<div class=\"gb-grid-wrapper gb-grid-wrapper-66aaa19e grid-menu\">\n<div class=\"gb-grid-column gb-grid-column-a89f9c43\"><div class=\"gb-container gb-container-a89f9c43 grid-menu-image\"><div class=\"gb-inside-container\"><\/div><\/div><\/div>\n\n<div class=\"gb-grid-column gb-grid-column-aa4ef3e5\"><div class=\"gb-container gb-container-aa4ef3e5 grid-menu-text\"><div class=\"gb-inside-container\">\n\n<h2 class=\"wp-block-heading\">Nos tartines<\/h2>\n\n\n\n<p>Servies avec caf\u00e9 ou th\u00e9 en feuille<\/p>\n\n\n\n<div class=\"gb-grid-wrapper gb-grid-wrapper-542308cf gb-query-loop-wrapper\">\n<div class=\"gb-grid-column gb-grid-column-6dda88fe gb-query-loop-item post-18517 produits type-produits status-publish hentry category-tartines\"><div class=\"gb-container gb-container-6dda88fe\"><div class=\"gb-inside-container\">\n<h3 class=\"gb-headline gb-headline-4dcb8768 gb-headline-text\">Beurre d&rsquo;amande &amp; bananes<\/h3>\n\n<p class=\"gb-headline gb-headline-59bc1b02 gb-headline-text\">Beurre d&rsquo;amande, bananes, granola, miel et graines de chia sur pain 12 grains. Servie avec 2 \u0153ufs \u00e0 votre go\u00fbt et des fruits frais<\/p>\n<\/div><\/div><\/div>\n\n<div class=\"gb-grid-column gb-grid-column-6dda88fe gb-query-loop-item post-18515 produits type-produits status-publish hentry category-tartines\"><div class=\"gb-container gb-container-6dda88fe\"><div class=\"gb-inside-container\">\n<h3 class=\"gb-headline gb-headline-4dcb8768 gb-headline-text\">Mascarpone &amp; compote maison<\/h3>\n\n<p class=\"gb-headline gb-headline-59bc1b02 gb-headline-text\">Mascarpone, compote de petits fruits maison, granola, miel et menthe sur pain 12 grains. Servie avec 2 \u0153ufs \u00e0 votre go\u00fbt et des fruits frais<\/p>\n<\/div><\/div><\/div>\n\n<div class=\"gb-grid-column gb-grid-column-6dda88fe gb-query-loop-item post-18513 produits type-produits status-publish hentry category-tartines\"><div class=\"gb-container gb-container-6dda88fe\"><div class=\"gb-inside-container\">\n<h3 class=\"gb-headline gb-headline-4dcb8768 gb-headline-text\">Mascarpone &amp; fraises<\/h3>\n\n<p class=\"gb-headline gb-headline-59bc1b02 gb-headline-text\">Mascarpone, fraises, granola, miel et menthe sur pain 12 grains. Servie avec 2 \u0153ufs \u00e0 votre go\u00fbt et des fruits frais<\/p>\n<\/div><\/div><\/div>\n\n<div class=\"gb-grid-column gb-grid-column-6dda88fe gb-query-loop-item post-18511 produits type-produits status-publish hentry category-tartines tag-nouveaute\"><div class=\"gb-container gb-container-6dda88fe\"><div class=\"gb-inside-container\">\n<h3 class=\"gb-headline gb-headline-4dcb8768 gb-headline-text\">Tartine &#8211; Avocat &amp; saucisse de poulet B&amp;F<\/h3>\n\n<p class=\"gb-headline gb-headline-59bc1b02 gb-headline-text\">Guacamole, saucisses de poulet &#038; parmesan exclusive B&#038;F, m\u00e9lange de poivrons, champignons portobellos, oignons rouges et \u00e9pinards sur pain 12 grains. Servie avec 2 \u0153ufs \u00e0 votre go\u00fbt, nos fameuses pommes de terre et des fruits frais<\/p>\n<\/div><\/div><\/div>\n\n<div class=\"gb-grid-column gb-grid-column-6dda88fe gb-query-loop-item post-3007 produits type-produits status-publish hentry category-tartines\"><div class=\"gb-container gb-container-6dda88fe\"><div class=\"gb-inside-container\">\n<h3 class=\"gb-headline gb-headline-4dcb8768 gb-headline-text\">Tartine \u00abAvocado Lox\u00bb<\/h3>\n\n<p class=\"gb-headline gb-headline-59bc1b02 gb-headline-text\">Guacamole, saumon fum\u00e9, c\u00e2pres\net oignons rouges. Servis sur pain\n12 grains avec 2 \u0153ufs \u00e0 votre go\u00fbt,\nnos fameuses pommes de terre et des fruits frais<\/p>\n<\/div><\/div><\/div>\n\n<div class=\"gb-grid-column gb-grid-column-6dda88fe gb-query-loop-item post-3005 produits type-produits status-publish hentry category-tartines\"><div class=\"gb-container gb-container-6dda88fe\"><div class=\"gb-inside-container\">\n<h3 class=\"gb-headline gb-headline-4dcb8768 gb-headline-text\">Tartine Avocat, bacon &amp; ch\u00e8vre<\/h3>\n\n<p class=\"gb-headline gb-headline-59bc1b02 gb-headline-text\">Guacamole, bacon et fromage de\nch\u00e8vre. Servis sur pain 12 grains avec\n2 \u0153ufs \u00e0 votre go\u00fbt, nos fameuses\npommes de terre et des fruits frais<\/p>\n<\/div><\/div><\/div>\n<\/div>\n\n<\/div><\/div><\/div>\n<\/div>\n\n\n<div class=\"gb-headline gb-headline-0960ec1a gb-headline-text menuPage-background\"><\/div>\n\n\n\n<div class=\"wp-block-columns page-promotion-container is-layout-flex wp-container-core-columns-is-layout-9d6595d7 wp-block-columns-is-layout-flex\">\n<div class=\"wp-block-column is-layout-flow wp-block-column-is-layout-flow\"><div class=\"gb-container gb-container-0da3f226 page-promotion-block\"><div class=\"gb-inside-container\">\n\n<div class=\"wp-block-columns is-layout-flex wp-container-core-columns-is-layout-9d6595d7 wp-block-columns-is-layout-flex\">\n<div class=\"wp-block-column is-layout-flow wp-block-column-is-layout-flow\">\n<h2 class=\"gb-headline gb-headline-944318d1 gb-headline-text\"><strong>Combos<\/strong><\/h2>\n\n\n\n<p>Optez pour nos combos sucr\u00e9s-sal\u00e9s.<\/p>\n\n\n\n<div class=\"wp-block-buttons alignwide is-layout-flex wp-block-buttons-is-layout-flex\">\n<div class=\"wp-block-button button-outline aligncenter\"><a class=\"wp-block-button__link wp-element-button\" href=\"https:\/\/benetflorentine.com\/fr\/menu\/choix-sante\/\">D\u00e9couvrir<\/a><\/div>\n<\/div>\n<\/div>\n\n\n\n<div class=\"wp-block-column is-layout-flow wp-block-column-is-layout-flow\">\n<figure class=\"wp-block-image size-full\"><img decoding=\"async\" width=\"346\" height=\"346\" src=\"https:\/\/benetflorentine.com\/wp-content\/uploads\/2025\/06\/combo-gauffre.png\" alt=\"\" class=\"wp-image-18833\" srcset=\"https:\/\/benetflorentine.com\/wp-content\/uploads\/2025\/06\/combo-gauffre.png 346w, https:\/\/benetflorentine.com\/wp-content\/uploads\/2025\/06\/combo-gauffre-280x280.png 280w, https:\/\/benetflorentine.com\/wp-content\/uploads\/2025\/06\/combo-gauffre-24x24.png 24w, https:\/\/benetflorentine.com\/wp-content\/uploads\/2025\/06\/combo-gauffre-36x36.png 36w, https:\/\/benetflorentine.com\/wp-content\/uploads\/2025\/06\/combo-gauffre-48x48.png 48w\" sizes=\"(max-width: 346px) 100vw, 346px\" \/><\/figure>\n<\/div>\n<\/div>\n\n<\/div><\/div><\/div>\n\n\n\n<div class=\"wp-block-column is-layout-flow wp-block-column-is-layout-flow\"><div class=\"gb-container gb-container-20b354c9 page-promotion-block\"><div class=\"gb-inside-container\">\n\n<div class=\"wp-block-columns is-layout-flex wp-container-core-columns-is-layout-9d6595d7 wp-block-columns-is-layout-flex\">\n<div class=\"wp-block-column is-layout-flow wp-block-column-is-layout-flow\">\n<h2 class=\"gb-headline gb-headline-3e30c076 gb-headline-text\">Sandwichs <strong>&amp; Poutines<\/strong><\/h2>\n\n\n\n<p>Choisissez un de nos sandwichs ou burgers d\u00e9jeuner, parfaits pour le brunch.<\/p>\n\n\n\n<div class=\"wp-block-buttons alignwide is-layout-flex wp-block-buttons-is-layout-flex\">\n<div class=\"wp-block-button button-outline aligncenter\"><a class=\"wp-block-button__link wp-element-button\" href=\"https:\/\/benetflorentine.com\/fr\/menu\/sandwichs-burgers\/\">D\u00e9couvrir<\/a><\/div>\n<\/div>\n<\/div>\n\n\n\n<div class=\"wp-block-column is-layout-flow wp-block-column-is-layout-flow\">\n<figure class=\"wp-block-image size-large\"><img decoding=\"async\" src=\"https:\/\/benetflorentine.com\/wp-content\/uploads\/2021\/04\/Combo-gauffre-pommes-caramel-838x800.jpg\" alt=\"Burger menu\"\/><\/figure>\n<\/div>\n<\/div>\n\n<\/div><\/div><\/div>\n<\/div>\n\n\n\n<p><\/p>\n\n\n\n\n\n<p><\/p>\n","protected":false},"excerpt":{"rendered":"<p>Tartines Croquantes, cr\u00e9meuses, color\u00e9es\u2026 Nos tartines ne font jamais les choses \u00e0 moiti\u00e9. Combos Optez pour nos combos sucr\u00e9s-sal\u00e9s. Sandwichs &amp; Poutines Choisissez un de nos sandwichs ou burgers d\u00e9jeuner, parfaits pour le brunch.<\/p>\n","protected":false},"author":29,"featured_media":15524,"parent":55,"menu_order":0,"comment_status":"closed","ping_status":"closed","template":"","meta":{"inline_featured_image":false,"footnotes":""},"categories":[],"tags":[],"class_list":["post-19506","page","type-page","status-publish","has-post-thumbnail"],"yoast_head":"<!-- This site is optimized with the Yoast SEO plugin v27.3 - https:\/\/yoast.com\/product\/yoast-seo-wordpress\/ -->\n<title>Tartines savoureuses, fra\u00eeches et bien garnies | Ben &amp; Florentine<\/title>\n<meta name=\"description\" content=\"D\u00e9couvrez notre s\u00e9lection de tartines gourmandes : fra\u00eeches, g\u00e9n\u00e9reuses et parfaites pour un d\u00e9jeuner sur le pouce ou un brunch plein de saveurs.\" \/>\n<meta name=\"robots\" content=\"index, follow, max-snippet:-1, max-image-preview:large, max-video-preview:-1\" \/>\n<link rel=\"canonical\" href=\"https:\/\/benetflorentine.com\/fr\/menu\/tartines\/\" \/>\n<meta property=\"og:locale\" content=\"fr_FR\" \/>\n<meta property=\"og:type\" content=\"article\" \/>\n<meta property=\"og:title\" content=\"Tartines savoureuses, fra\u00eeches et bien garnies | Ben &amp; Florentine\" \/>\n<meta property=\"og:description\" content=\"D\u00e9couvrez notre s\u00e9lection de tartines gourmandes : fra\u00eeches, g\u00e9n\u00e9reuses et parfaites pour un d\u00e9jeuner sur le pouce ou un brunch plein de saveurs.\" \/>\n<meta property=\"og:url\" content=\"https:\/\/benetflorentine.com\/fr\/menu\/tartines\/\" \/>\n<meta property=\"og:site_name\" content=\"Ben &amp; Florentine\" \/>\n<meta property=\"article:modified_time\" content=\"2025-08-01T17:11:47+00:00\" \/>\n<meta property=\"og:image\" content=\"https:\/\/benetflorentine.com\/wp-content\/uploads\/2023\/03\/bandf-01.jpg\" \/>\n\t<meta property=\"og:image:width\" content=\"1600\" \/>\n\t<meta property=\"og:image:height\" content=\"1067\" \/>\n\t<meta property=\"og:image:type\" content=\"image\/jpeg\" \/>\n<meta name=\"twitter:card\" content=\"summary_large_image\" \/>\n<meta name=\"twitter:label1\" content=\"Dur\u00e9e de lecture estim\u00e9e\" \/>\n\t<meta name=\"twitter:data1\" content=\"1 minute\" \/>\n<script type=\"application\/ld+json\" class=\"yoast-schema-graph\">{\"@context\":\"https:\\\/\\\/schema.org\",\"@graph\":[{\"@type\":\"WebPage\",\"@id\":\"https:\\\/\\\/benetflorentine.com\\\/fr\\\/menu\\\/tartines\\\/\",\"url\":\"https:\\\/\\\/benetflorentine.com\\\/fr\\\/menu\\\/tartines\\\/\",\"name\":\"Tartines savoureuses, fra\u00eeches et bien garnies | Ben & Florentine\",\"isPartOf\":{\"@id\":\"https:\\\/\\\/benetflorentine.com\\\/fr\\\/#website\"},\"primaryImageOfPage\":{\"@id\":\"https:\\\/\\\/benetflorentine.com\\\/fr\\\/menu\\\/tartines\\\/#primaryimage\"},\"image\":{\"@id\":\"https:\\\/\\\/benetflorentine.com\\\/fr\\\/menu\\\/tartines\\\/#primaryimage\"},\"thumbnailUrl\":\"https:\\\/\\\/benetflorentine.com\\\/wp-content\\\/uploads\\\/2023\\\/03\\\/bandf-01.jpg\",\"datePublished\":\"2025-07-24T12:21:26+00:00\",\"dateModified\":\"2025-08-01T17:11:47+00:00\",\"description\":\"D\u00e9couvrez notre s\u00e9lection de tartines gourmandes : fra\u00eeches, g\u00e9n\u00e9reuses et parfaites pour un d\u00e9jeuner sur le pouce ou un brunch plein de saveurs.\",\"breadcrumb\":{\"@id\":\"https:\\\/\\\/benetflorentine.com\\\/fr\\\/menu\\\/tartines\\\/#breadcrumb\"},\"inLanguage\":\"fr-FR\",\"potentialAction\":[{\"@type\":\"ReadAction\",\"target\":[\"https:\\\/\\\/benetflorentine.com\\\/fr\\\/menu\\\/tartines\\\/\"]}]},{\"@type\":\"ImageObject\",\"inLanguage\":\"fr-FR\",\"@id\":\"https:\\\/\\\/benetflorentine.com\\\/fr\\\/menu\\\/tartines\\\/#primaryimage\",\"url\":\"https:\\\/\\\/benetflorentine.com\\\/wp-content\\\/uploads\\\/2023\\\/03\\\/bandf-01.jpg\",\"contentUrl\":\"https:\\\/\\\/benetflorentine.com\\\/wp-content\\\/uploads\\\/2023\\\/03\\\/bandf-01.jpg\",\"width\":1600,\"height\":1067},{\"@type\":\"BreadcrumbList\",\"@id\":\"https:\\\/\\\/benetflorentine.com\\\/fr\\\/menu\\\/tartines\\\/#breadcrumb\",\"itemListElement\":[{\"@type\":\"ListItem\",\"position\":1,\"name\":\"Menu\",\"item\":\"https:\\\/\\\/benetflorentine.com\\\/fr\\\/menu\\\/\"},{\"@type\":\"ListItem\",\"position\":2,\"name\":\"Tartines\"}]},{\"@type\":\"WebSite\",\"@id\":\"https:\\\/\\\/benetflorentine.com\\\/fr\\\/#website\",\"url\":\"https:\\\/\\\/benetflorentine.com\\\/fr\\\/\",\"name\":\"Ben &amp; Florentine\",\"description\":\"Brunch &amp; Breakfast\u200e\",\"publisher\":{\"@id\":\"https:\\\/\\\/benetflorentine.com\\\/fr\\\/#organization\"},\"potentialAction\":[{\"@type\":\"SearchAction\",\"target\":{\"@type\":\"EntryPoint\",\"urlTemplate\":\"https:\\\/\\\/benetflorentine.com\\\/fr\\\/?s={search_term_string}\"},\"query-input\":{\"@type\":\"PropertyValueSpecification\",\"valueRequired\":true,\"valueName\":\"search_term_string\"}}],\"inLanguage\":\"fr-FR\"},{\"@type\":\"Organization\",\"@id\":\"https:\\\/\\\/benetflorentine.com\\\/fr\\\/#organization\",\"name\":\"Ben &amp; Florentine\",\"url\":\"https:\\\/\\\/benetflorentine.com\\\/fr\\\/\",\"logo\":{\"@type\":\"ImageObject\",\"inLanguage\":\"fr-FR\",\"@id\":\"https:\\\/\\\/benetflorentine.com\\\/fr\\\/#\\\/schema\\\/logo\\\/image\\\/\",\"url\":\"https:\\\/\\\/benetflorentine.com\\\/wp-content\\\/uploads\\\/2020\\\/02\\\/cropped-benflorentine_logo.png\",\"contentUrl\":\"https:\\\/\\\/benetflorentine.com\\\/wp-content\\\/uploads\\\/2020\\\/02\\\/cropped-benflorentine_logo.png\",\"width\":553,\"height\":206,\"caption\":\"Ben &amp; Florentine\"},\"image\":{\"@id\":\"https:\\\/\\\/benetflorentine.com\\\/fr\\\/#\\\/schema\\\/logo\\\/image\\\/\"}}]}<\/script>\n<!-- \/ Yoast SEO plugin. -->","yoast_head_json":{"title":"Tartines savoureuses, fra\u00eeches et bien garnies | Ben & Florentine","description":"D\u00e9couvrez notre s\u00e9lection de tartines gourmandes : fra\u00eeches, g\u00e9n\u00e9reuses et parfaites pour un d\u00e9jeuner sur le pouce ou un brunch plein de saveurs.","robots":{"index":"index","follow":"follow","max-snippet":"max-snippet:-1","max-image-preview":"max-image-preview:large","max-video-preview":"max-video-preview:-1"},"canonical":"https:\/\/benetflorentine.com\/fr\/menu\/tartines\/","og_locale":"fr_FR","og_type":"article","og_title":"Tartines savoureuses, fra\u00eeches et bien garnies | Ben & Florentine","og_description":"D\u00e9couvrez notre s\u00e9lection de tartines gourmandes : fra\u00eeches, g\u00e9n\u00e9reuses et parfaites pour un d\u00e9jeuner sur le pouce ou un brunch plein de saveurs.","og_url":"https:\/\/benetflorentine.com\/fr\/menu\/tartines\/","og_site_name":"Ben &amp; Florentine","article_modified_time":"2025-08-01T17:11:47+00:00","og_image":[{"width":1600,"height":1067,"url":"https:\/\/benetflorentine.com\/wp-content\/uploads\/2023\/03\/bandf-01.jpg","type":"image\/jpeg"}],"twitter_card":"summary_large_image","twitter_misc":{"Dur\u00e9e de lecture estim\u00e9e":"1 minute"},"schema":{"@context":"https:\/\/schema.org","@graph":[{"@type":"WebPage","@id":"https:\/\/benetflorentine.com\/fr\/menu\/tartines\/","url":"https:\/\/benetflorentine.com\/fr\/menu\/tartines\/","name":"Tartines savoureuses, fra\u00eeches et bien garnies | Ben & Florentine","isPartOf":{"@id":"https:\/\/benetflorentine.com\/fr\/#website"},"primaryImageOfPage":{"@id":"https:\/\/benetflorentine.com\/fr\/menu\/tartines\/#primaryimage"},"image":{"@id":"https:\/\/benetflorentine.com\/fr\/menu\/tartines\/#primaryimage"},"thumbnailUrl":"https:\/\/benetflorentine.com\/wp-content\/uploads\/2023\/03\/bandf-01.jpg","datePublished":"2025-07-24T12:21:26+00:00","dateModified":"2025-08-01T17:11:47+00:00","description":"D\u00e9couvrez notre s\u00e9lection de tartines gourmandes : fra\u00eeches, g\u00e9n\u00e9reuses et parfaites pour un d\u00e9jeuner sur le pouce ou un brunch plein de saveurs.","breadcrumb":{"@id":"https:\/\/benetflorentine.com\/fr\/menu\/tartines\/#breadcrumb"},"inLanguage":"fr-FR","potentialAction":[{"@type":"ReadAction","target":["https:\/\/benetflorentine.com\/fr\/menu\/tartines\/"]}]},{"@type":"ImageObject","inLanguage":"fr-FR","@id":"https:\/\/benetflorentine.com\/fr\/menu\/tartines\/#primaryimage","url":"https:\/\/benetflorentine.com\/wp-content\/uploads\/2023\/03\/bandf-01.jpg","contentUrl":"https:\/\/benetflorentine.com\/wp-content\/uploads\/2023\/03\/bandf-01.jpg","width":1600,"height":1067},{"@type":"BreadcrumbList","@id":"https:\/\/benetflorentine.com\/fr\/menu\/tartines\/#breadcrumb","itemListElement":[{"@type":"ListItem","position":1,"name":"Menu","item":"https:\/\/benetflorentine.com\/fr\/menu\/"},{"@type":"ListItem","position":2,"name":"Tartines"}]},{"@type":"WebSite","@id":"https:\/\/benetflorentine.com\/fr\/#website","url":"https:\/\/benetflorentine.com\/fr\/","name":"Ben &amp; Florentine","description":"Brunch &amp; Breakfast\u200e","publisher":{"@id":"https:\/\/benetflorentine.com\/fr\/#organization"},"potentialAction":[{"@type":"SearchAction","target":{"@type":"EntryPoint","urlTemplate":"https:\/\/benetflorentine.com\/fr\/?s={search_term_string}"},"query-input":{"@type":"PropertyValueSpecification","valueRequired":true,"valueName":"search_term_string"}}],"inLanguage":"fr-FR"},{"@type":"Organization","@id":"https:\/\/benetflorentine.com\/fr\/#organization","name":"Ben &amp; Florentine","url":"https:\/\/benetflorentine.com\/fr\/","logo":{"@type":"ImageObject","inLanguage":"fr-FR","@id":"https:\/\/benetflorentine.com\/fr\/#\/schema\/logo\/image\/","url":"https:\/\/benetflorentine.com\/wp-content\/uploads\/2020\/02\/cropped-benflorentine_logo.png","contentUrl":"https:\/\/benetflorentine.com\/wp-content\/uploads\/2020\/02\/cropped-benflorentine_logo.png","width":553,"height":206,"caption":"Ben &amp; Florentine"},"image":{"@id":"https:\/\/benetflorentine.com\/fr\/#\/schema\/logo\/image\/"}}]}},"_links":{"self":[{"href":"https:\/\/benetflorentine.com\/fr\/wp-json\/wp\/v2\/pages\/19506","targetHints":{"allow":["GET"]}}],"collection":[{"href":"https:\/\/benetflorentine.com\/fr\/wp-json\/wp\/v2\/pages"}],"about":[{"href":"https:\/\/benetflorentine.com\/fr\/wp-json\/wp\/v2\/types\/page"}],"author":[{"embeddable":true,"href":"https:\/\/benetflorentine.com\/fr\/wp-json\/wp\/v2\/users\/29"}],"replies":[{"embeddable":true,"href":"https:\/\/benetflorentine.com\/fr\/wp-json\/wp\/v2\/comments?post=19506"}],"version-history":[{"count":5,"href":"https:\/\/benetflorentine.com\/fr\/wp-json\/wp\/v2\/pages\/19506\/revisions"}],"predecessor-version":[{"id":19798,"href":"https:\/\/benetflorentine.com\/fr\/wp-json\/wp\/v2\/pages\/19506\/revisions\/19798"}],"up":[{"embeddable":true,"href":"https:\/\/benetflorentine.com\/fr\/wp-json\/wp\/v2\/pages\/55"}],"wp:featuredmedia":[{"embeddable":true,"href":"https:\/\/benetflorentine.com\/fr\/wp-json\/wp\/v2\/media\/15524"}],"wp:attachment":[{"href":"https:\/\/benetflorentine.com\/fr\/wp-json\/wp\/v2\/media?parent=19506"}],"wp:term":[{"taxonomy":"category","embeddable":true,"href":"https:\/\/benetflorentine.com\/fr\/wp-json\/wp\/v2\/categories?post=19506"},{"taxonomy":"post_tag","embeddable":true,"href":"https:\/\/benetflorentine.com\/fr\/wp-json\/wp\/v2\/tags?post=19506"}],"curies":[{"name":"wp","href":"https:\/\/api.w.org\/{rel}","templated":true}]}}