{"id":19607,"date":"2025-07-28T15:09:19","date_gmt":"2025-07-28T19:09:19","guid":{"rendered":"https:\/\/benetflorentine.com\/?page_id=19607"},"modified":"2025-08-01T13:17:08","modified_gmt":"2025-08-01T17:17:08","slug":"cocktails-signature","status":"publish","type":"page","link":"https:\/\/benetflorentine.com\/fr\/menu\/cocktails-signature\/","title":{"rendered":"Cocktails signature"},"content":{"rendered":"<div class=\"gb-container gb-container-0b062dd1 staticPage-header-container menuPage has-subMenu alignfull\"><div class=\"gb-inside-container\">\n\n<h1 class=\"wp-block-heading has-text-align-center\">Cocktails signature<\/h1>\n\n\n\n<p class=\"has-text-align-center\">Des cr\u00e9ations audacieuses, originales et parfaitement balanc\u00e9es pour \u00e9lever chaque brunch.<\/p>\n\n<\/div><\/div>\n\n\n<div class=\"gb-headline gb-headline-c646a201 gb-headline-text subMenu-anchor\" id=\"boissons-alcoolisees\"><\/div>\n\n\n<div class=\"gb-grid-wrapper gb-grid-wrapper-66aaa19e grid-menu\">\n<div class=\"gb-grid-column gb-grid-column-a89f9c43\"><div class=\"gb-container gb-container-a89f9c43 grid-menu-image\"><div class=\"gb-inside-container\"><\/div><\/div><\/div>\n\n<div class=\"gb-grid-column gb-grid-column-aa4ef3e5\"><div class=\"gb-container gb-container-aa4ef3e5 grid-menu-text\"><div class=\"gb-inside-container\">\n\n<h2 class=\"wp-block-heading\"><strong>Cocktails alcoolis\u00e9s<\/strong><\/h2>\n\n\n\n<p>D\u00e9couvrez nos d\u00e9licieux cocktails \u00e0 base de spiritueux qu\u00e9b\u00e9cois.<\/p>\n\n\n\n<div class=\"gb-grid-wrapper gb-grid-wrapper-542308cf gb-query-loop-wrapper\">\n<div class=\"gb-grid-column gb-grid-column-6dda88fe gb-query-loop-item post-18439 produits type-produits status-publish hentry category-boissons-alcoolisees category-nos-breuvages\"><div class=\"gb-container gb-container-6dda88fe\"><div class=\"gb-inside-container\">\n<h3 class=\"gb-headline gb-headline-4dcb8768 gb-headline-text\">Bellini Ruby Red<\/h3>\n\n<p class=\"gb-headline gb-headline-59bc1b02 gb-headline-text\">Prosecco, fraises, framboises, jus de canneberge et sirop simple<\/p>\n<\/div><\/div><\/div>\n\n<div class=\"gb-grid-column gb-grid-column-6dda88fe gb-query-loop-item post-18432 produits type-produits status-publish hentry category-boissons-alcoolisees category-nos-breuvages\"><div class=\"gb-container gb-container-6dda88fe\"><div class=\"gb-inside-container\">\n<h3 class=\"gb-headline gb-headline-4dcb8768 gb-headline-text\">Mimosa fraise et framboise<\/h3>\n\n<p class=\"gb-headline gb-headline-59bc1b02 gb-headline-text\">Prosecco, jus de pomme, fraise et framboise<\/p>\n<\/div><\/div><\/div>\n\n<div class=\"gb-grid-column gb-grid-column-6dda88fe gb-query-loop-item post-18341 produits type-produits status-publish hentry category-boissons-alcoolisees category-nos-breuvages\"><div class=\"gb-container gb-container-6dda88fe\"><div class=\"gb-inside-container\">\n<h3 class=\"gb-headline gb-headline-4dcb8768 gb-headline-text\">Caf\u00e9 glac\u00e9 matcha &amp; coco<\/h3>\n\n<p class=\"gb-headline gb-headline-59bc1b02 gb-headline-text\">Vodka, liqueur de caf\u00e9, matcha, lait de noix de coco, espresso &#038; sirop de vanille<\/p>\n<\/div><\/div><\/div>\n\n<div class=\"gb-grid-column gb-grid-column-6dda88fe gb-query-loop-item post-18337 produits type-produits status-publish hentry category-boissons-alcoolisees category-nos-breuvages\"><div class=\"gb-container gb-container-6dda88fe\"><div class=\"gb-inside-container\">\n<h3 class=\"gb-headline gb-headline-4dcb8768 gb-headline-text\">Mimosa aux pommes<\/h3>\n\n<p class=\"gb-headline gb-headline-59bc1b02 gb-headline-text\">Prosecco, jus de pomme, compote de pommes &#038; sirop de vanille<\/p>\n<\/div><\/div><\/div>\n\n<div class=\"gb-grid-column gb-grid-column-6dda88fe gb-query-loop-item post-18335 produits type-produits status-publish hentry category-boissons-alcoolisees category-nos-breuvages\"><div class=\"gb-container gb-container-6dda88fe\"><div class=\"gb-inside-container\">\n<h3 class=\"gb-headline gb-headline-4dcb8768 gb-headline-text\">Mimosa canneberge &amp; pamplemousse<\/h3>\n\n<p class=\"gb-headline gb-headline-59bc1b02 gb-headline-text\">Prosecco, m\u00e9lange de jus de canneberge &#038; pamplemousse<\/p>\n<\/div><\/div><\/div>\n\n<div class=\"gb-grid-column gb-grid-column-6dda88fe gb-query-loop-item post-18333 produits type-produits status-publish hentry category-boissons-alcoolisees category-nos-breuvages\"><div class=\"gb-container gb-container-6dda88fe\"><div class=\"gb-inside-container\">\n<h3 class=\"gb-headline gb-headline-4dcb8768 gb-headline-text\">Latt\u00e9 matcha &amp; coco<\/h3>\n\n<p class=\"gb-headline gb-headline-59bc1b02 gb-headline-text\">Liqueur de caf\u00e9, amaretto, matcha, lait de noix de coco, lait &#038; cr\u00e8me fouett\u00e9e<\/p>\n<\/div><\/div><\/div>\n\n<div class=\"gb-grid-column gb-grid-column-6dda88fe gb-query-loop-item post-18331 produits type-produits status-publish hentry category-boissons-alcoolisees category-nos-breuvages\"><div class=\"gb-container gb-container-6dda88fe\"><div class=\"gb-inside-container\">\n<h3 class=\"gb-headline gb-headline-4dcb8768 gb-headline-text\">Gin &amp; Jam<\/h3>\n\n<p class=\"gb-headline gb-headline-59bc1b02 gb-headline-text\">Gin, compote de pommes, jus de citron, sirop d&rsquo;\u00e9rable &#038; Montellier<\/p>\n<\/div><\/div><\/div>\n\n<div class=\"gb-grid-column gb-grid-column-6dda88fe gb-query-loop-item post-15766 produits type-produits status-publish hentry category-boissons-alcoolisees category-nos-breuvages\"><div class=\"gb-container gb-container-6dda88fe\"><div class=\"gb-inside-container\">\n<h3 class=\"gb-headline gb-headline-4dcb8768 gb-headline-text\">Classique \u00e0 l&rsquo;\u00e9rable<\/h3>\n\n<p class=\"gb-headline gb-headline-59bc1b02 gb-headline-text\">Sortil\u00e8ge (QC) ou Baileys (autres provinces), caf\u00e9 et cr\u00e8me fouett\u00e9e<\/p>\n<\/div><\/div><\/div>\n\n<div class=\"gb-grid-column gb-grid-column-6dda88fe gb-query-loop-item post-11557 produits type-produits status-publish hentry category-boissons-alcoolisees category-benetflorentine category-nos-breuvages\"><div class=\"gb-container gb-container-6dda88fe\"><div class=\"gb-inside-container\">\n<h3 class=\"gb-headline gb-headline-4dcb8768 gb-headline-text\">Bellini glac\u00e9<\/h3>\n\n<p class=\"gb-headline gb-headline-59bc1b02 gb-headline-text\">Prosecco, p\u00eaches, miel et jus d\u2019orange<\/p>\n<\/div><\/div><\/div>\n\n<div class=\"gb-grid-column gb-grid-column-6dda88fe gb-query-loop-item post-11553 produits type-produits status-publish hentry category-boissons-alcoolisees category-benetflorentine category-nos-breuvages\"><div class=\"gb-container gb-container-6dda88fe\"><div class=\"gb-inside-container\">\n<h3 class=\"gb-headline gb-headline-4dcb8768 gb-headline-text\">Mimosa L\u2019original<\/h3>\n\n<p class=\"gb-headline gb-headline-59bc1b02 gb-headline-text\">Prosecco et jus d\u2019orange<\/p>\n<\/div><\/div><\/div>\n\n<div class=\"gb-grid-column gb-grid-column-6dda88fe gb-query-loop-item post-11551 produits type-produits status-publish hentry category-boissons-alcoolisees category-benetflorentine category-nos-breuvages\"><div class=\"gb-container gb-container-6dda88fe\"><div class=\"gb-inside-container\">\n<h3 class=\"gb-headline gb-headline-4dcb8768 gb-headline-text\">Glac\u00e9 \u00e0 l&rsquo;\u00e9rable<\/h3>\n\n<p class=\"gb-headline gb-headline-59bc1b02 gb-headline-text\">Sortil\u00e8ge, lait, vanille, espresso et cannelle<\/p>\n<\/div><\/div><\/div>\n\n<div class=\"gb-grid-column gb-grid-column-6dda88fe gb-query-loop-item post-11549 produits type-produits status-publish hentry category-boissons-alcoolisees category-benetflorentine category-nos-breuvages\"><div class=\"gb-container gb-container-6dda88fe\"><div class=\"gb-inside-container\">\n<h3 class=\"gb-headline gb-headline-4dcb8768 gb-headline-text\">Chocolat chaud \u00e0 l&rsquo;\u00e9rable<\/h3>\n\n<p class=\"gb-headline gb-headline-59bc1b02 gb-headline-text\">Sortil\u00e8ge, liqueur Barista, chocolat chaud, guimauves et chocolat noisette<\/p>\n<\/div><\/div><\/div>\n\n<div class=\"gb-grid-column gb-grid-column-6dda88fe gb-query-loop-item post-11545 produits type-produits status-publish hentry category-boissons-alcoolisees category-nos-breuvages\"><div class=\"gb-container gb-container-6dda88fe\"><div class=\"gb-inside-container\">\n<h3 class=\"gb-headline gb-headline-4dcb8768 gb-headline-text\">Caf\u00e9 classique \u00e0 l\u2019\u00e9rable<\/h3>\n\n<p class=\"gb-headline gb-headline-59bc1b02 gb-headline-text\">Sortil\u00e8ge, caf\u00e9 et cr\u00e8me fouett\u00e9e<\/p>\n<\/div><\/div><\/div>\n\n<div class=\"gb-grid-column gb-grid-column-6dda88fe gb-query-loop-item post-11540 produits type-produits status-publish hentry category-boissons-alcoolisees category-benetflorentine category-nos-breuvages\"><div class=\"gb-container gb-container-6dda88fe\"><div class=\"gb-inside-container\">\n<h3 class=\"gb-headline gb-headline-4dcb8768 gb-headline-text\">Cocktail Melon basilic<\/h3>\n\n<p class=\"gb-headline gb-headline-59bc1b02 gb-headline-text\">Oshlag Gin Dentdelion, jus de melon d\u2019eau, basilic et eau p\u00e9tillante<\/p>\n<\/div><\/div><\/div>\n<\/div>\n\n<\/div><\/div><\/div>\n<\/div>\n\n\n<div class=\"gb-headline gb-headline-0960ec1a gb-headline-text menuPage-background\"><\/div>\n\n\n\n<div class=\"wp-block-columns page-promotion-container is-layout-flex wp-container-core-columns-is-layout-9d6595d7 wp-block-columns-is-layout-flex\">\n<div class=\"wp-block-column is-layout-flow wp-block-column-is-layout-flow\"><div class=\"gb-container gb-container-20b354c9 page-promotion-block\"><div class=\"gb-inside-container\">\n\n<div class=\"wp-block-columns is-layout-flex wp-container-core-columns-is-layout-9d6595d7 wp-block-columns-is-layout-flex\">\n<div class=\"wp-block-column is-layout-flow wp-block-column-is-layout-flow\">\n<h2 class=\"gb-headline gb-headline-b303b0ca gb-headline-text\">Smoothies, Caf\u00e9 <strong>et Breuvages<\/strong><\/h2>\n\n\n\n<p>Ici, le r\u00e9confort se sert chaud ou froid, fruit\u00e9 ou avec une d\u00e9licieuse touche d\u2019amertume.<\/p>\n\n\n\n<div class=\"wp-block-buttons alignwide is-layout-flex wp-block-buttons-is-layout-flex\">\n<div class=\"wp-block-button button-outline aligncenter\"><a class=\"wp-block-button__link wp-element-button\" href=\"https:\/\/benetflorentine.com\/fr\/menu\/nos-breuvages\/\">D\u00e9couvrir<\/a><\/div>\n<\/div>\n<\/div>\n\n\n\n<div class=\"wp-block-column is-layout-flow wp-block-column-is-layout-flow\">\n<figure class=\"wp-block-image size-large\"><img decoding=\"async\" src=\"https:\/\/benetflorentine.com\/wp-content\/uploads\/2020\/05\/burger-menu.png\" alt=\"Oeufs\"\/><\/figure>\n<\/div>\n<\/div>\n\n<\/div><\/div><\/div>\n\n\n\n<div class=\"wp-block-column is-layout-flow wp-block-column-is-layout-flow\"><div class=\"gb-container gb-container-0da3f226 page-promotion-block\"><div class=\"gb-inside-container\">\n\n<div class=\"wp-block-columns is-layout-flex wp-container-core-columns-is-layout-9d6595d7 wp-block-columns-is-layout-flex\">\n<div class=\"wp-block-column is-layout-flow wp-block-column-is-layout-flow\">\n<h2 class=\"gb-headline gb-headline-944318d1 gb-headline-text\">Menu <strong>du l\u00e8ve-t\u00f4t<\/strong><\/h2>\n\n\n\n<p>D\u00e9jeunez comme un champion pour passer une excellente journ\u00e9e.<\/p>\n\n\n\n<div class=\"wp-block-buttons alignwide is-layout-flex wp-block-buttons-is-layout-flex\">\n<div class=\"wp-block-button button-outline aligncenter\"><a class=\"wp-block-button__link wp-element-button\" href=\"\/fr\/menu\/leve-tot\/\">D\u00e9couvrir<\/a><\/div>\n<\/div>\n<\/div>\n\n\n\n<div class=\"wp-block-column is-layout-flow wp-block-column-is-layout-flow\">\n<figure class=\"wp-block-image size-full is-style-default\"><img decoding=\"async\" width=\"510\" height=\"510\" src=\"https:\/\/benetflorentine.com\/wp-content\/uploads\/2020\/05\/Leve-tot.png\" alt=\"L\u00e8ve t\u00f4t\" class=\"wp-image-8729\" srcset=\"https:\/\/benetflorentine.com\/wp-content\/uploads\/2020\/05\/Leve-tot.png 510w, https:\/\/benetflorentine.com\/wp-content\/uploads\/2020\/05\/Leve-tot-400x400.png 400w, https:\/\/benetflorentine.com\/wp-content\/uploads\/2020\/05\/Leve-tot-280x280.png 280w, https:\/\/benetflorentine.com\/wp-content\/uploads\/2020\/05\/Leve-tot-24x24.png 24w, https:\/\/benetflorentine.com\/wp-content\/uploads\/2020\/05\/Leve-tot-36x36.png 36w, https:\/\/benetflorentine.com\/wp-content\/uploads\/2020\/05\/Leve-tot-48x48.png 48w\" sizes=\"(max-width: 510px) 100vw, 510px\" \/><\/figure>\n<\/div>\n<\/div>\n\n<\/div><\/div><\/div>\n<\/div>\n\n\n\n<p><\/p>\n","protected":false},"excerpt":{"rendered":"<p>Cocktails signature Des cr\u00e9ations audacieuses, originales et parfaitement balanc\u00e9es pour \u00e9lever chaque brunch. Smoothies, Caf\u00e9 et Breuvages Ici, le r\u00e9confort se sert chaud ou froid, fruit\u00e9 ou avec une d\u00e9licieuse touche d\u2019amertume. Menu du l\u00e8ve-t\u00f4t D\u00e9jeunez comme un champion pour passer une excellente journ\u00e9e.<\/p>\n","protected":false},"author":29,"featured_media":2236,"parent":55,"menu_order":0,"comment_status":"closed","ping_status":"closed","template":"","meta":{"inline_featured_image":false,"footnotes":""},"categories":[],"tags":[],"class_list":["post-19607","page","type-page","status-publish","has-post-thumbnail"],"yoast_head":"<!-- This site is optimized with the Yoast SEO plugin v27.3 - https:\/\/yoast.com\/product\/yoast-seo-wordpress\/ -->\n<title>Cr\u00e9ations alcoolis\u00e9es uniques \u00e0 d\u00e9couvrir | Ben &amp; Florentine<\/title>\n<meta name=\"description\" content=\"Savourez nos cocktails signature : des cr\u00e9ations originales, \u00e0 base d\u2019alcools qu\u00e9b\u00e9cois, audacieuses et parfaitement \u00e9quilibr\u00e9es pour rehausser vos brunchs. \u00c0 consommer avec plaisir (et mod\u00e9ration).\" \/>\n<meta name=\"robots\" content=\"index, follow, max-snippet:-1, max-image-preview:large, max-video-preview:-1\" \/>\n<link rel=\"canonical\" href=\"https:\/\/benetflorentine.com\/fr\/menu\/cocktails-signature\/\" \/>\n<meta property=\"og:locale\" content=\"fr_FR\" \/>\n<meta property=\"og:type\" content=\"article\" \/>\n<meta property=\"og:title\" content=\"Cr\u00e9ations alcoolis\u00e9es uniques \u00e0 d\u00e9couvrir | Ben &amp; Florentine\" \/>\n<meta property=\"og:description\" content=\"Savourez nos cocktails signature : des cr\u00e9ations originales, \u00e0 base d\u2019alcools qu\u00e9b\u00e9cois, audacieuses et parfaitement \u00e9quilibr\u00e9es pour rehausser vos brunchs. \u00c0 consommer avec plaisir (et mod\u00e9ration).\" \/>\n<meta property=\"og:url\" content=\"https:\/\/benetflorentine.com\/fr\/menu\/cocktails-signature\/\" \/>\n<meta property=\"og:site_name\" content=\"Ben &amp; Florentine\" \/>\n<meta property=\"article:modified_time\" content=\"2025-08-01T17:17:08+00:00\" \/>\n<meta property=\"og:image\" content=\"https:\/\/benetflorentine.com\/wp-content\/uploads\/2020\/02\/bravages-smoothies-et-cafes-1400x725.jpg\" \/>\n\t<meta property=\"og:image:width\" content=\"1400\" \/>\n\t<meta property=\"og:image:height\" content=\"725\" \/>\n\t<meta property=\"og:image:type\" content=\"image\/jpeg\" \/>\n<meta name=\"twitter:card\" content=\"summary_large_image\" \/>\n<meta name=\"twitter:label1\" content=\"Dur\u00e9e de lecture estim\u00e9e\" \/>\n\t<meta name=\"twitter:data1\" content=\"1 minute\" \/>\n<script type=\"application\/ld+json\" class=\"yoast-schema-graph\">{\"@context\":\"https:\\\/\\\/schema.org\",\"@graph\":[{\"@type\":\"WebPage\",\"@id\":\"https:\\\/\\\/benetflorentine.com\\\/fr\\\/menu\\\/cocktails-signature\\\/\",\"url\":\"https:\\\/\\\/benetflorentine.com\\\/fr\\\/menu\\\/cocktails-signature\\\/\",\"name\":\"Cr\u00e9ations alcoolis\u00e9es uniques \u00e0 d\u00e9couvrir | Ben & Florentine\",\"isPartOf\":{\"@id\":\"https:\\\/\\\/benetflorentine.com\\\/fr\\\/#website\"},\"primaryImageOfPage\":{\"@id\":\"https:\\\/\\\/benetflorentine.com\\\/fr\\\/menu\\\/cocktails-signature\\\/#primaryimage\"},\"image\":{\"@id\":\"https:\\\/\\\/benetflorentine.com\\\/fr\\\/menu\\\/cocktails-signature\\\/#primaryimage\"},\"thumbnailUrl\":\"https:\\\/\\\/benetflorentine.com\\\/wp-content\\\/uploads\\\/2020\\\/02\\\/bravages-smoothies-et-cafes.jpg\",\"datePublished\":\"2025-07-28T19:09:19+00:00\",\"dateModified\":\"2025-08-01T17:17:08+00:00\",\"description\":\"Savourez nos cocktails signature : des cr\u00e9ations originales, \u00e0 base d\u2019alcools qu\u00e9b\u00e9cois, audacieuses et parfaitement \u00e9quilibr\u00e9es pour rehausser vos brunchs. \u00c0 consommer avec plaisir (et mod\u00e9ration).\",\"breadcrumb\":{\"@id\":\"https:\\\/\\\/benetflorentine.com\\\/fr\\\/menu\\\/cocktails-signature\\\/#breadcrumb\"},\"inLanguage\":\"fr-FR\",\"potentialAction\":[{\"@type\":\"ReadAction\",\"target\":[\"https:\\\/\\\/benetflorentine.com\\\/fr\\\/menu\\\/cocktails-signature\\\/\"]}]},{\"@type\":\"ImageObject\",\"inLanguage\":\"fr-FR\",\"@id\":\"https:\\\/\\\/benetflorentine.com\\\/fr\\\/menu\\\/cocktails-signature\\\/#primaryimage\",\"url\":\"https:\\\/\\\/benetflorentine.com\\\/wp-content\\\/uploads\\\/2020\\\/02\\\/bravages-smoothies-et-cafes.jpg\",\"contentUrl\":\"https:\\\/\\\/benetflorentine.com\\\/wp-content\\\/uploads\\\/2020\\\/02\\\/bravages-smoothies-et-cafes.jpg\",\"width\":2560,\"height\":1326,\"caption\":\"Bravages smoothies et caf\u00e9s\"},{\"@type\":\"BreadcrumbList\",\"@id\":\"https:\\\/\\\/benetflorentine.com\\\/fr\\\/menu\\\/cocktails-signature\\\/#breadcrumb\",\"itemListElement\":[{\"@type\":\"ListItem\",\"position\":1,\"name\":\"Menu\",\"item\":\"https:\\\/\\\/benetflorentine.com\\\/fr\\\/menu\\\/\"},{\"@type\":\"ListItem\",\"position\":2,\"name\":\"Cocktails signature\"}]},{\"@type\":\"WebSite\",\"@id\":\"https:\\\/\\\/benetflorentine.com\\\/fr\\\/#website\",\"url\":\"https:\\\/\\\/benetflorentine.com\\\/fr\\\/\",\"name\":\"Ben &amp; Florentine\",\"description\":\"Brunch &amp; Breakfast\u200e\",\"publisher\":{\"@id\":\"https:\\\/\\\/benetflorentine.com\\\/fr\\\/#organization\"},\"potentialAction\":[{\"@type\":\"SearchAction\",\"target\":{\"@type\":\"EntryPoint\",\"urlTemplate\":\"https:\\\/\\\/benetflorentine.com\\\/fr\\\/?s={search_term_string}\"},\"query-input\":{\"@type\":\"PropertyValueSpecification\",\"valueRequired\":true,\"valueName\":\"search_term_string\"}}],\"inLanguage\":\"fr-FR\"},{\"@type\":\"Organization\",\"@id\":\"https:\\\/\\\/benetflorentine.com\\\/fr\\\/#organization\",\"name\":\"Ben &amp; Florentine\",\"url\":\"https:\\\/\\\/benetflorentine.com\\\/fr\\\/\",\"logo\":{\"@type\":\"ImageObject\",\"inLanguage\":\"fr-FR\",\"@id\":\"https:\\\/\\\/benetflorentine.com\\\/fr\\\/#\\\/schema\\\/logo\\\/image\\\/\",\"url\":\"https:\\\/\\\/benetflorentine.com\\\/wp-content\\\/uploads\\\/2020\\\/02\\\/cropped-benflorentine_logo.png\",\"contentUrl\":\"https:\\\/\\\/benetflorentine.com\\\/wp-content\\\/uploads\\\/2020\\\/02\\\/cropped-benflorentine_logo.png\",\"width\":553,\"height\":206,\"caption\":\"Ben &amp; Florentine\"},\"image\":{\"@id\":\"https:\\\/\\\/benetflorentine.com\\\/fr\\\/#\\\/schema\\\/logo\\\/image\\\/\"}}]}<\/script>\n<!-- \/ Yoast SEO plugin. -->","yoast_head_json":{"title":"Cr\u00e9ations alcoolis\u00e9es uniques \u00e0 d\u00e9couvrir | Ben & Florentine","description":"Savourez nos cocktails signature : des cr\u00e9ations originales, \u00e0 base d\u2019alcools qu\u00e9b\u00e9cois, audacieuses et parfaitement \u00e9quilibr\u00e9es pour rehausser vos brunchs. \u00c0 consommer avec plaisir (et mod\u00e9ration).","robots":{"index":"index","follow":"follow","max-snippet":"max-snippet:-1","max-image-preview":"max-image-preview:large","max-video-preview":"max-video-preview:-1"},"canonical":"https:\/\/benetflorentine.com\/fr\/menu\/cocktails-signature\/","og_locale":"fr_FR","og_type":"article","og_title":"Cr\u00e9ations alcoolis\u00e9es uniques \u00e0 d\u00e9couvrir | Ben & Florentine","og_description":"Savourez nos cocktails signature : des cr\u00e9ations originales, \u00e0 base d\u2019alcools qu\u00e9b\u00e9cois, audacieuses et parfaitement \u00e9quilibr\u00e9es pour rehausser vos brunchs. \u00c0 consommer avec plaisir (et mod\u00e9ration).","og_url":"https:\/\/benetflorentine.com\/fr\/menu\/cocktails-signature\/","og_site_name":"Ben &amp; Florentine","article_modified_time":"2025-08-01T17:17:08+00:00","og_image":[{"width":1400,"height":725,"url":"https:\/\/benetflorentine.com\/wp-content\/uploads\/2020\/02\/bravages-smoothies-et-cafes-1400x725.jpg","type":"image\/jpeg"}],"twitter_card":"summary_large_image","twitter_misc":{"Dur\u00e9e de lecture estim\u00e9e":"1 minute"},"schema":{"@context":"https:\/\/schema.org","@graph":[{"@type":"WebPage","@id":"https:\/\/benetflorentine.com\/fr\/menu\/cocktails-signature\/","url":"https:\/\/benetflorentine.com\/fr\/menu\/cocktails-signature\/","name":"Cr\u00e9ations alcoolis\u00e9es uniques \u00e0 d\u00e9couvrir | Ben & Florentine","isPartOf":{"@id":"https:\/\/benetflorentine.com\/fr\/#website"},"primaryImageOfPage":{"@id":"https:\/\/benetflorentine.com\/fr\/menu\/cocktails-signature\/#primaryimage"},"image":{"@id":"https:\/\/benetflorentine.com\/fr\/menu\/cocktails-signature\/#primaryimage"},"thumbnailUrl":"https:\/\/benetflorentine.com\/wp-content\/uploads\/2020\/02\/bravages-smoothies-et-cafes.jpg","datePublished":"2025-07-28T19:09:19+00:00","dateModified":"2025-08-01T17:17:08+00:00","description":"Savourez nos cocktails signature : des cr\u00e9ations originales, \u00e0 base d\u2019alcools qu\u00e9b\u00e9cois, audacieuses et parfaitement \u00e9quilibr\u00e9es pour rehausser vos brunchs. \u00c0 consommer avec plaisir (et mod\u00e9ration).","breadcrumb":{"@id":"https:\/\/benetflorentine.com\/fr\/menu\/cocktails-signature\/#breadcrumb"},"inLanguage":"fr-FR","potentialAction":[{"@type":"ReadAction","target":["https:\/\/benetflorentine.com\/fr\/menu\/cocktails-signature\/"]}]},{"@type":"ImageObject","inLanguage":"fr-FR","@id":"https:\/\/benetflorentine.com\/fr\/menu\/cocktails-signature\/#primaryimage","url":"https:\/\/benetflorentine.com\/wp-content\/uploads\/2020\/02\/bravages-smoothies-et-cafes.jpg","contentUrl":"https:\/\/benetflorentine.com\/wp-content\/uploads\/2020\/02\/bravages-smoothies-et-cafes.jpg","width":2560,"height":1326,"caption":"Bravages smoothies et caf\u00e9s"},{"@type":"BreadcrumbList","@id":"https:\/\/benetflorentine.com\/fr\/menu\/cocktails-signature\/#breadcrumb","itemListElement":[{"@type":"ListItem","position":1,"name":"Menu","item":"https:\/\/benetflorentine.com\/fr\/menu\/"},{"@type":"ListItem","position":2,"name":"Cocktails signature"}]},{"@type":"WebSite","@id":"https:\/\/benetflorentine.com\/fr\/#website","url":"https:\/\/benetflorentine.com\/fr\/","name":"Ben &amp; Florentine","description":"Brunch &amp; Breakfast\u200e","publisher":{"@id":"https:\/\/benetflorentine.com\/fr\/#organization"},"potentialAction":[{"@type":"SearchAction","target":{"@type":"EntryPoint","urlTemplate":"https:\/\/benetflorentine.com\/fr\/?s={search_term_string}"},"query-input":{"@type":"PropertyValueSpecification","valueRequired":true,"valueName":"search_term_string"}}],"inLanguage":"fr-FR"},{"@type":"Organization","@id":"https:\/\/benetflorentine.com\/fr\/#organization","name":"Ben &amp; Florentine","url":"https:\/\/benetflorentine.com\/fr\/","logo":{"@type":"ImageObject","inLanguage":"fr-FR","@id":"https:\/\/benetflorentine.com\/fr\/#\/schema\/logo\/image\/","url":"https:\/\/benetflorentine.com\/wp-content\/uploads\/2020\/02\/cropped-benflorentine_logo.png","contentUrl":"https:\/\/benetflorentine.com\/wp-content\/uploads\/2020\/02\/cropped-benflorentine_logo.png","width":553,"height":206,"caption":"Ben &amp; Florentine"},"image":{"@id":"https:\/\/benetflorentine.com\/fr\/#\/schema\/logo\/image\/"}}]}},"_links":{"self":[{"href":"https:\/\/benetflorentine.com\/fr\/wp-json\/wp\/v2\/pages\/19607","targetHints":{"allow":["GET"]}}],"collection":[{"href":"https:\/\/benetflorentine.com\/fr\/wp-json\/wp\/v2\/pages"}],"about":[{"href":"https:\/\/benetflorentine.com\/fr\/wp-json\/wp\/v2\/types\/page"}],"author":[{"embeddable":true,"href":"https:\/\/benetflorentine.com\/fr\/wp-json\/wp\/v2\/users\/29"}],"replies":[{"embeddable":true,"href":"https:\/\/benetflorentine.com\/fr\/wp-json\/wp\/v2\/comments?post=19607"}],"version-history":[{"count":4,"href":"https:\/\/benetflorentine.com\/fr\/wp-json\/wp\/v2\/pages\/19607\/revisions"}],"predecessor-version":[{"id":19802,"href":"https:\/\/benetflorentine.com\/fr\/wp-json\/wp\/v2\/pages\/19607\/revisions\/19802"}],"up":[{"embeddable":true,"href":"https:\/\/benetflorentine.com\/fr\/wp-json\/wp\/v2\/pages\/55"}],"wp:featuredmedia":[{"embeddable":true,"href":"https:\/\/benetflorentine.com\/fr\/wp-json\/wp\/v2\/media\/2236"}],"wp:attachment":[{"href":"https:\/\/benetflorentine.com\/fr\/wp-json\/wp\/v2\/media?parent=19607"}],"wp:term":[{"taxonomy":"category","embeddable":true,"href":"https:\/\/benetflorentine.com\/fr\/wp-json\/wp\/v2\/categories?post=19607"},{"taxonomy":"post_tag","embeddable":true,"href":"https:\/\/benetflorentine.com\/fr\/wp-json\/wp\/v2\/tags?post=19607"}],"curies":[{"name":"wp","href":"https:\/\/api.w.org\/{rel}","templated":true}]}}