{"id":420,"date":"2020-02-04T09:43:19","date_gmt":"2020-02-04T14:43:19","guid":{"rendered":"https:\/\/benetflorentine.com\/good-morning\/"},"modified":"2020-12-01T09:41:35","modified_gmt":"2020-12-01T14:41:35","slug":"notre-bon-matin","status":"publish","type":"page","link":"https:\/\/benetflorentine.com\/fr\/menu\/notre-bon-matin\/","title":{"rendered":"Notre Bon matin"},"content":{"rendered":"\n[section label=\u00a0\u00bbSimple Center\u00a0\u00bb bg_color=\u00a0\u00bb#26361d\u00a0\u00bb dark=\u00a0\u00bbtrue\u00a0\u00bb padding=\u00a0\u00bb60px\u00a0\u00bb height=\u00a0\u00bb300px\u00a0\u00bb class=\u00a0\u00bbsection-banner\u00a0\u00bb]\n\n[row h_align=\u00a0\u00bbcenter\u00a0\u00bb]\n\n[col span=\u00a0\u00bb10&Prime; span__sm=\u00a0\u00bb12&Prime; align=\u00a0\u00bbcenter\u00a0\u00bb]\n\n<h1>Notre bon <strong>matin<\/strong><\/h1>\n\n[\/col]\n\n[\/row]\n\n[\/section]\n[section bg_color=\u00a0\u00bbrgb(54, 74, 42)\u00a0\u00bb dark=\u00a0\u00bbtrue\u00a0\u00bb padding=\u00a0\u00bb15px\u00a0\u00bb]\n\n[row style=\u00a0\u00bbcollapse\u00a0\u00bb]\n\n[col span__sm=\u00a0\u00bb12&Prime;]\n\n[ux_nav parent=\u00a0\u00bb420&Prime; type=\u00a0\u00bbhorizontal\u00a0\u00bb style=\u00a0\u00bbline-bottom\u00a0\u00bb align=\u00a0\u00bbcenter\u00a0\u00bb size=\u00a0\u00bbsmall\u00a0\u00bb class=\u00a0\u00bbsub-menu\u00a0\u00bb]\n\n\n[\/col]\n\n[\/row]\n\n[\/section]\n[block id=\u00a0\u00bb2582&Prime;]\n\n[section padding=\u00a0\u00bb60px\u00a0\u00bb]\n\n[row]\n\n[col span=\u00a0\u00bb6&Prime; span__sm=\u00a0\u00bb12&Prime;]\n\n[block id=\u00a0\u00bb7570&Prime;]\n\n\n[\/col]\n[col span=\u00a0\u00bb6&Prime; span__sm=\u00a0\u00bb12&Prime;]\n\n[block id=\u00a0\u00bb7671&Prime;]\n\n\n[\/col]\n\n[\/row]\n\n[\/section]\n","protected":false},"excerpt":{"rendered":"<p>[section label=\u00a0\u00bbSimple Center\u00a0\u00bb bg_color=\u00a0\u00bb#26361d\u00a0\u00bb dark=\u00a0\u00bbtrue\u00a0\u00bb padding=\u00a0\u00bb60px\u00a0\u00bb height=\u00a0\u00bb300px\u00a0\u00bb class=\u00a0\u00bbsection-banner\u00a0\u00bb] [row h_align=\u00a0\u00bbcenter\u00a0\u00bb] [col span=\u00a0\u00bb10&Prime; span__sm=\u00a0\u00bb12&Prime; align=\u00a0\u00bbcenter\u00a0\u00bb] Notre bon matin [\/col] [\/row] [\/section] [section bg_color=\u00a0\u00bbrgb(54, 74, 42)\u00a0\u00bb dark=\u00a0\u00bbtrue\u00a0\u00bb padding=\u00a0\u00bb15px\u00a0\u00bb] [row style=\u00a0\u00bbcollapse\u00a0\u00bb] [col span__sm=\u00a0\u00bb12&Prime;] [ux_nav parent=\u00a0\u00bb420&Prime; type=\u00a0\u00bbhorizontal\u00a0\u00bb style=\u00a0\u00bbline-bottom\u00a0\u00bb align=\u00a0\u00bbcenter\u00a0\u00bb size=\u00a0\u00bbsmall\u00a0\u00bb class=\u00a0\u00bbsub-menu\u00a0\u00bb] [\/col] [\/row] [\/section] [block id=\u00a0\u00bb2582&Prime;] [section padding=\u00a0\u00bb60px\u00a0\u00bb] [row] [col span=\u00a0\u00bb6&Prime; span__sm=\u00a0\u00bb12&Prime;] [block id=\u00a0\u00bb7570&Prime;] [\/col] [col span=\u00a0\u00bb6&Prime; span__sm=\u00a0\u00bb12&Prime;] [block &#8230; <a title=\"Notre Bon matin\" class=\"read-more\" href=\"https:\/\/benetflorentine.com\/fr\/menu\/notre-bon-matin\/\" aria-label=\"En savoir plus sur Notre Bon matin\">Lire la suite<\/a><\/p>\n","protected":false},"author":10,"featured_media":2254,"parent":55,"menu_order":0,"comment_status":"closed","ping_status":"closed","template":"","meta":{"inline_featured_image":false,"footnotes":""},"categories":[],"tags":[],"class_list":["post-420","page","type-page","status-publish","has-post-thumbnail"],"yoast_head":"<!-- This site is optimized with the Yoast SEO plugin v27.3 - https:\/\/yoast.com\/product\/yoast-seo-wordpress\/ -->\n<title>Notre Bon matin | Ben &amp; Florentine<\/title>\n<meta name=\"description\" content=\"D\u00e9j\u00e0 debout ? Pas de soucis ! Profitez de nos plats pens\u00e9s pour vous aider \u00e0 partir la journ\u00e9e du bon pied.\" \/>\n<meta name=\"robots\" content=\"index, follow, max-snippet:-1, max-image-preview:large, max-video-preview:-1\" \/>\n<link rel=\"canonical\" href=\"https:\/\/benetflorentine.com\/fr\/menu\/notre-bon-matin\/\" \/>\n<meta property=\"og:locale\" content=\"fr_FR\" \/>\n<meta property=\"og:type\" content=\"article\" \/>\n<meta property=\"og:title\" content=\"Notre Bon matin | Ben &amp; Florentine\" \/>\n<meta property=\"og:description\" content=\"D\u00e9j\u00e0 debout ? Pas de soucis ! Profitez de nos plats pens\u00e9s pour vous aider \u00e0 partir la journ\u00e9e du bon pied.\" \/>\n<meta property=\"og:url\" content=\"https:\/\/benetflorentine.com\/fr\/menu\/notre-bon-matin\/\" \/>\n<meta property=\"og:site_name\" content=\"Ben &amp; Florentine\" \/>\n<meta property=\"article:modified_time\" content=\"2020-12-01T14:41:35+00:00\" \/>\n<meta property=\"og:image\" content=\"https:\/\/benetflorentine.com\/wp-content\/uploads\/2020\/02\/bon-matin-min.jpg\" \/>\n\t<meta property=\"og:image:width\" content=\"1920\" \/>\n\t<meta property=\"og:image:height\" content=\"900\" \/>\n\t<meta property=\"og:image:type\" content=\"image\/jpeg\" \/>\n<meta name=\"twitter:card\" content=\"summary_large_image\" \/>\n<script type=\"application\/ld+json\" class=\"yoast-schema-graph\">{\"@context\":\"https:\\\/\\\/schema.org\",\"@graph\":[{\"@type\":\"WebPage\",\"@id\":\"https:\\\/\\\/benetflorentine.com\\\/fr\\\/menu\\\/notre-bon-matin\\\/\",\"url\":\"https:\\\/\\\/benetflorentine.com\\\/fr\\\/menu\\\/notre-bon-matin\\\/\",\"name\":\"Notre Bon matin | Ben &amp; Florentine\",\"isPartOf\":{\"@id\":\"https:\\\/\\\/benetflorentine.com\\\/fr\\\/#website\"},\"primaryImageOfPage\":{\"@id\":\"https:\\\/\\\/benetflorentine.com\\\/fr\\\/menu\\\/notre-bon-matin\\\/#primaryimage\"},\"image\":{\"@id\":\"https:\\\/\\\/benetflorentine.com\\\/fr\\\/menu\\\/notre-bon-matin\\\/#primaryimage\"},\"thumbnailUrl\":\"https:\\\/\\\/benetflorentine.com\\\/wp-content\\\/uploads\\\/2020\\\/02\\\/bon-matin-min.jpg\",\"datePublished\":\"2020-02-04T14:43:19+00:00\",\"dateModified\":\"2020-12-01T14:41:35+00:00\",\"description\":\"D\u00e9j\u00e0 debout ? Pas de soucis ! Profitez de nos plats pens\u00e9s pour vous aider \u00e0 partir la journ\u00e9e du bon pied.\",\"breadcrumb\":{\"@id\":\"https:\\\/\\\/benetflorentine.com\\\/fr\\\/menu\\\/notre-bon-matin\\\/#breadcrumb\"},\"inLanguage\":\"fr-FR\",\"potentialAction\":[{\"@type\":\"ReadAction\",\"target\":[\"https:\\\/\\\/benetflorentine.com\\\/fr\\\/menu\\\/notre-bon-matin\\\/\"]}]},{\"@type\":\"ImageObject\",\"inLanguage\":\"fr-FR\",\"@id\":\"https:\\\/\\\/benetflorentine.com\\\/fr\\\/menu\\\/notre-bon-matin\\\/#primaryimage\",\"url\":\"https:\\\/\\\/benetflorentine.com\\\/wp-content\\\/uploads\\\/2020\\\/02\\\/bon-matin-min.jpg\",\"contentUrl\":\"https:\\\/\\\/benetflorentine.com\\\/wp-content\\\/uploads\\\/2020\\\/02\\\/bon-matin-min.jpg\",\"width\":1920,\"height\":900,\"caption\":\"Bon matin\"},{\"@type\":\"BreadcrumbList\",\"@id\":\"https:\\\/\\\/benetflorentine.com\\\/fr\\\/menu\\\/notre-bon-matin\\\/#breadcrumb\",\"itemListElement\":[{\"@type\":\"ListItem\",\"position\":1,\"name\":\"Menu\",\"item\":\"https:\\\/\\\/benetflorentine.com\\\/fr\\\/menu\\\/\"},{\"@type\":\"ListItem\",\"position\":2,\"name\":\"Notre Bon matin\"}]},{\"@type\":\"WebSite\",\"@id\":\"https:\\\/\\\/benetflorentine.com\\\/fr\\\/#website\",\"url\":\"https:\\\/\\\/benetflorentine.com\\\/fr\\\/\",\"name\":\"Ben &amp; Florentine\",\"description\":\"Brunch &amp; Breakfast\u200e\",\"publisher\":{\"@id\":\"https:\\\/\\\/benetflorentine.com\\\/fr\\\/#organization\"},\"potentialAction\":[{\"@type\":\"SearchAction\",\"target\":{\"@type\":\"EntryPoint\",\"urlTemplate\":\"https:\\\/\\\/benetflorentine.com\\\/fr\\\/?s={search_term_string}\"},\"query-input\":{\"@type\":\"PropertyValueSpecification\",\"valueRequired\":true,\"valueName\":\"search_term_string\"}}],\"inLanguage\":\"fr-FR\"},{\"@type\":\"Organization\",\"@id\":\"https:\\\/\\\/benetflorentine.com\\\/fr\\\/#organization\",\"name\":\"Ben &amp; Florentine\",\"url\":\"https:\\\/\\\/benetflorentine.com\\\/fr\\\/\",\"logo\":{\"@type\":\"ImageObject\",\"inLanguage\":\"fr-FR\",\"@id\":\"https:\\\/\\\/benetflorentine.com\\\/fr\\\/#\\\/schema\\\/logo\\\/image\\\/\",\"url\":\"https:\\\/\\\/benetflorentine.com\\\/wp-content\\\/uploads\\\/2020\\\/02\\\/cropped-benflorentine_logo.png\",\"contentUrl\":\"https:\\\/\\\/benetflorentine.com\\\/wp-content\\\/uploads\\\/2020\\\/02\\\/cropped-benflorentine_logo.png\",\"width\":553,\"height\":206,\"caption\":\"Ben &amp; Florentine\"},\"image\":{\"@id\":\"https:\\\/\\\/benetflorentine.com\\\/fr\\\/#\\\/schema\\\/logo\\\/image\\\/\"}}]}<\/script>\n<!-- \/ Yoast SEO plugin. -->","yoast_head_json":{"title":"Notre Bon matin | Ben &amp; Florentine","description":"D\u00e9j\u00e0 debout ? Pas de soucis ! Profitez de nos plats pens\u00e9s pour vous aider \u00e0 partir la journ\u00e9e du bon pied.","robots":{"index":"index","follow":"follow","max-snippet":"max-snippet:-1","max-image-preview":"max-image-preview:large","max-video-preview":"max-video-preview:-1"},"canonical":"https:\/\/benetflorentine.com\/fr\/menu\/notre-bon-matin\/","og_locale":"fr_FR","og_type":"article","og_title":"Notre Bon matin | Ben &amp; Florentine","og_description":"D\u00e9j\u00e0 debout ? Pas de soucis ! Profitez de nos plats pens\u00e9s pour vous aider \u00e0 partir la journ\u00e9e du bon pied.","og_url":"https:\/\/benetflorentine.com\/fr\/menu\/notre-bon-matin\/","og_site_name":"Ben &amp; Florentine","article_modified_time":"2020-12-01T14:41:35+00:00","og_image":[{"width":1920,"height":900,"url":"https:\/\/benetflorentine.com\/wp-content\/uploads\/2020\/02\/bon-matin-min.jpg","type":"image\/jpeg"}],"twitter_card":"summary_large_image","schema":{"@context":"https:\/\/schema.org","@graph":[{"@type":"WebPage","@id":"https:\/\/benetflorentine.com\/fr\/menu\/notre-bon-matin\/","url":"https:\/\/benetflorentine.com\/fr\/menu\/notre-bon-matin\/","name":"Notre Bon matin | Ben &amp; Florentine","isPartOf":{"@id":"https:\/\/benetflorentine.com\/fr\/#website"},"primaryImageOfPage":{"@id":"https:\/\/benetflorentine.com\/fr\/menu\/notre-bon-matin\/#primaryimage"},"image":{"@id":"https:\/\/benetflorentine.com\/fr\/menu\/notre-bon-matin\/#primaryimage"},"thumbnailUrl":"https:\/\/benetflorentine.com\/wp-content\/uploads\/2020\/02\/bon-matin-min.jpg","datePublished":"2020-02-04T14:43:19+00:00","dateModified":"2020-12-01T14:41:35+00:00","description":"D\u00e9j\u00e0 debout ? Pas de soucis ! Profitez de nos plats pens\u00e9s pour vous aider \u00e0 partir la journ\u00e9e du bon pied.","breadcrumb":{"@id":"https:\/\/benetflorentine.com\/fr\/menu\/notre-bon-matin\/#breadcrumb"},"inLanguage":"fr-FR","potentialAction":[{"@type":"ReadAction","target":["https:\/\/benetflorentine.com\/fr\/menu\/notre-bon-matin\/"]}]},{"@type":"ImageObject","inLanguage":"fr-FR","@id":"https:\/\/benetflorentine.com\/fr\/menu\/notre-bon-matin\/#primaryimage","url":"https:\/\/benetflorentine.com\/wp-content\/uploads\/2020\/02\/bon-matin-min.jpg","contentUrl":"https:\/\/benetflorentine.com\/wp-content\/uploads\/2020\/02\/bon-matin-min.jpg","width":1920,"height":900,"caption":"Bon matin"},{"@type":"BreadcrumbList","@id":"https:\/\/benetflorentine.com\/fr\/menu\/notre-bon-matin\/#breadcrumb","itemListElement":[{"@type":"ListItem","position":1,"name":"Menu","item":"https:\/\/benetflorentine.com\/fr\/menu\/"},{"@type":"ListItem","position":2,"name":"Notre Bon matin"}]},{"@type":"WebSite","@id":"https:\/\/benetflorentine.com\/fr\/#website","url":"https:\/\/benetflorentine.com\/fr\/","name":"Ben &amp; Florentine","description":"Brunch &amp; Breakfast\u200e","publisher":{"@id":"https:\/\/benetflorentine.com\/fr\/#organization"},"potentialAction":[{"@type":"SearchAction","target":{"@type":"EntryPoint","urlTemplate":"https:\/\/benetflorentine.com\/fr\/?s={search_term_string}"},"query-input":{"@type":"PropertyValueSpecification","valueRequired":true,"valueName":"search_term_string"}}],"inLanguage":"fr-FR"},{"@type":"Organization","@id":"https:\/\/benetflorentine.com\/fr\/#organization","name":"Ben &amp; Florentine","url":"https:\/\/benetflorentine.com\/fr\/","logo":{"@type":"ImageObject","inLanguage":"fr-FR","@id":"https:\/\/benetflorentine.com\/fr\/#\/schema\/logo\/image\/","url":"https:\/\/benetflorentine.com\/wp-content\/uploads\/2020\/02\/cropped-benflorentine_logo.png","contentUrl":"https:\/\/benetflorentine.com\/wp-content\/uploads\/2020\/02\/cropped-benflorentine_logo.png","width":553,"height":206,"caption":"Ben &amp; Florentine"},"image":{"@id":"https:\/\/benetflorentine.com\/fr\/#\/schema\/logo\/image\/"}}]}},"_links":{"self":[{"href":"https:\/\/benetflorentine.com\/fr\/wp-json\/wp\/v2\/pages\/420","targetHints":{"allow":["GET"]}}],"collection":[{"href":"https:\/\/benetflorentine.com\/fr\/wp-json\/wp\/v2\/pages"}],"about":[{"href":"https:\/\/benetflorentine.com\/fr\/wp-json\/wp\/v2\/types\/page"}],"author":[{"embeddable":true,"href":"https:\/\/benetflorentine.com\/fr\/wp-json\/wp\/v2\/users\/10"}],"replies":[{"embeddable":true,"href":"https:\/\/benetflorentine.com\/fr\/wp-json\/wp\/v2\/comments?post=420"}],"version-history":[{"count":14,"href":"https:\/\/benetflorentine.com\/fr\/wp-json\/wp\/v2\/pages\/420\/revisions"}],"predecessor-version":[{"id":7871,"href":"https:\/\/benetflorentine.com\/fr\/wp-json\/wp\/v2\/pages\/420\/revisions\/7871"}],"up":[{"embeddable":true,"href":"https:\/\/benetflorentine.com\/fr\/wp-json\/wp\/v2\/pages\/55"}],"wp:featuredmedia":[{"embeddable":true,"href":"https:\/\/benetflorentine.com\/fr\/wp-json\/wp\/v2\/media\/2254"}],"wp:attachment":[{"href":"https:\/\/benetflorentine.com\/fr\/wp-json\/wp\/v2\/media?parent=420"}],"wp:term":[{"taxonomy":"category","embeddable":true,"href":"https:\/\/benetflorentine.com\/fr\/wp-json\/wp\/v2\/categories?post=420"},{"taxonomy":"post_tag","embeddable":true,"href":"https:\/\/benetflorentine.com\/fr\/wp-json\/wp\/v2\/tags?post=420"}],"curies":[{"name":"wp","href":"https:\/\/api.w.org\/{rel}","templated":true}]}}