{"id":439,"date":"2020-02-04T09:43:03","date_gmt":"2020-02-04T14:43:03","guid":{"rendered":"https:\/\/benetflorentine.com\/healthy-choice\/"},"modified":"2025-08-01T13:06:47","modified_gmt":"2025-08-01T17:06:47","slug":"choix-sante","status":"publish","type":"page","link":"https:\/\/benetflorentine.com\/fr\/menu\/choix-sante\/","title":{"rendered":"Choix de Florentine"},"content":{"rendered":"<div class=\"gb-container gb-container-0b062dd1 staticPage-header-container menuPage alignfull\"><div class=\"gb-inside-container\">\n\n<h1 class=\"wp-block-heading\">Choix de Florentine<\/h1>\n\n\n\n<p>Succombez \u00e0 notre menu sant\u00e9 et surprenez-vous \u00e0 go\u00fbter une explosion de saveurs.<\/p>\n\n<\/div><\/div>\n\n\n<div class=\"gb-headline gb-headline-c646a201 gb-headline-text subMenu-anchor\" id=\"dents-sucrees\"><\/div>\n\n\n<div class=\"gb-grid-wrapper gb-grid-wrapper-66aaa19e grid-menu\">\n<div class=\"gb-grid-column gb-grid-column-a89f9c43\"><div class=\"gb-container gb-container-a89f9c43 grid-menu-image\"><div class=\"gb-inside-container\"><\/div><\/div><\/div>\n\n<div class=\"gb-grid-column gb-grid-column-aa4ef3e5\"><div class=\"gb-container gb-container-aa4ef3e5 grid-menu-text\"><div class=\"gb-inside-container\">\n\n<h2 class=\"wp-block-heading\">Choix de Florentine<\/h2>\n\n\n\n<p>D\u00e9couvrez un menu sant\u00e9 d\u00e9bordant de saveurs.<a><\/a><\/p>\n\n\n\n<div class=\"gb-grid-wrapper gb-grid-wrapper-542308cf gb-query-loop-wrapper\">\n<div class=\"gb-grid-column gb-grid-column-6dda88fe gb-query-loop-item post-18494 produits type-produits status-publish hentry category-choix-de-florentine\"><div class=\"gb-container gb-container-6dda88fe\"><div class=\"gb-inside-container\">\n<h3 class=\"gb-headline gb-headline-4dcb8768 gb-headline-text\">Duo Flo &amp; Amandine<\/h3>\n\n<p class=\"gb-headline gb-headline-59bc1b02 gb-headline-text\">Bol de yogourt \u00e0 la vanille, compote de petits fruits maison et granola. Servi avec tartine au beurre d&rsquo;amande, bananes, granola, miel et graines de chia sur pain 12 grains<\/p>\n<\/div><\/div><\/div>\n\n<div class=\"gb-grid-column gb-grid-column-6dda88fe gb-query-loop-item post-18492 produits type-produits status-publish hentry category-choix-de-florentine\"><div class=\"gb-container gb-container-6dda88fe\"><div class=\"gb-inside-container\">\n<h3 class=\"gb-headline gb-headline-4dcb8768 gb-headline-text\">Duo Superaliments<\/h3>\n\n<p class=\"gb-headline gb-headline-59bc1b02 gb-headline-text\">Bol de smoothie avec prot\u00e9ine ISO : choix entre le smoothie matcha &#038; coco ou le smoothie ube coco, garni de bleuets, bananes, graines de chia, graines de citrouille et granola. Servi avec 2 \u0153ufs poch\u00e9s, \u00e9pinards et guacamole sur pain 12 grains<\/p>\n<\/div><\/div><\/div>\n\n<div class=\"gb-grid-column gb-grid-column-6dda88fe gb-query-loop-item post-11311 produits type-produits status-publish hentry category-benetflorentine category-choix-de-florentine\"><div class=\"gb-container gb-container-6dda88fe\"><div class=\"gb-inside-container\">\n<h3 class=\"gb-headline gb-headline-4dcb8768 gb-headline-text\">Avocat &#038; l\u00e9gumes grill\u00e9s<\/h3>\n\n<p class=\"gb-headline gb-headline-59bc1b02 gb-headline-text\">Guacamole, m\u00e9lange de poivrons, tomates, oignons rouges, champignons portobellos et olives Kalamata. Servis sur pain 12 grains avec 2 \u0153ufs \u00e0 votre go\u00fbt, nos fameuses pommes de terre et des fruits frais<\/p>\n<\/div><\/div><\/div>\n\n<div class=\"gb-grid-column gb-grid-column-6dda88fe gb-query-loop-item post-3042 produits type-produits status-publish hentry category-benetflorentine category-choix-de-florentine\"><div class=\"gb-container gb-container-6dda88fe\"><div class=\"gb-inside-container\">\n<h3 class=\"gb-headline gb-headline-4dcb8768 gb-headline-text\">Gruau \u00e0 l&rsquo;ancienne<\/h3>\n\n<p class=\"gb-headline gb-headline-59bc1b02 gb-headline-text\">Choix de fraises et bananes ou pommes caram\u00e9lis\u00e9es et amandes. Servi avec cassonade, cr\u00e8me et r\u00f4ties.<\/p>\n<\/div><\/div><\/div>\n\n<div class=\"gb-grid-column gb-grid-column-6dda88fe gb-query-loop-item post-3040 produits type-produits status-publish hentry category-benetflorentine category-choix-de-florentine\"><div class=\"gb-container gb-container-6dda88fe\"><div class=\"gb-inside-container\">\n<h3 class=\"gb-headline gb-headline-4dcb8768 gb-headline-text\">Bagel saumon fum\u00e9<\/h3>\n\n<p class=\"gb-headline gb-headline-59bc1b02 gb-headline-text\">Saumon fum\u00e9, oignons rouges, c\u00e2pres, tomates et fromage \u00e0 la cr\u00e8me servis avec nos fameuses pommes de terre et des fruits frais.<\/p>\n<\/div><\/div><\/div>\n\n<div class=\"gb-grid-column gb-grid-column-6dda88fe gb-query-loop-item post-3038 produits type-produits status-publish hentry category-benetflorentine category-choix-de-florentine\"><div class=\"gb-container gb-container-6dda88fe\"><div class=\"gb-inside-container\">\n<h3 class=\"gb-headline gb-headline-4dcb8768 gb-headline-text\">Wrap sant\u00e9<\/h3>\n\n<p class=\"gb-headline gb-headline-59bc1b02 gb-headline-text\">Oeufs brouill\u00e9s, avocat, oignons rouges, laitue, tomates et m\u00e9lange de Monterey Jack et cheddar sur tortilla de bl\u00e9 entier. Servi avec des fruits frais et du yogourt \u00e0 la vanille.<\/p>\n<\/div><\/div><\/div>\n\n<div class=\"gb-grid-column gb-grid-column-6dda88fe gb-query-loop-item post-3036 produits type-produits status-publish hentry category-benetflorentine category-choix-de-florentine\"><div class=\"gb-container gb-container-6dda88fe\"><div class=\"gb-inside-container\">\n<h3 class=\"gb-headline gb-headline-4dcb8768 gb-headline-text\">D\u00e9lice sant\u00e9<\/h3>\n\n<p class=\"gb-headline gb-headline-59bc1b02 gb-headline-text\">2 \u0153ufs poch\u00e9s, fruits frais, pain de seigle et choix de fromage cottage, suisse, brie, cheddar ou yogourt \u00e0 la vanille.<\/p>\n<\/div><\/div><\/div>\n<\/div>\n\n<\/div><\/div><\/div>\n<\/div>\n\n\n<div class=\"gb-headline gb-headline-0960ec1a gb-headline-text menuPage-background\"><\/div>\n\n\n\n<div class=\"wp-block-columns page-promotion-container is-layout-flex wp-container-core-columns-is-layout-9d6595d7 wp-block-columns-is-layout-flex\">\n<div class=\"wp-block-column is-layout-flow wp-block-column-is-layout-flow\"><div class=\"gb-container gb-container-0da3f226 page-promotion-block\"><div class=\"gb-inside-container\">\n\n<div class=\"wp-block-columns is-layout-flex wp-container-core-columns-is-layout-9d6595d7 wp-block-columns-is-layout-flex\">\n<div class=\"wp-block-column is-layout-flow wp-block-column-is-layout-flow\">\n<h2 class=\"gb-headline gb-headline-944318d1 gb-headline-text\">Po\u00eal\u00e9es\u00a0<strong><strong>\u00e0 l\u2019ancienne<\/strong><\/strong><\/h2>\n\n\n\n<p>Rassasiez votre grand app\u00e9tit avec nos d\u00e9licieuses po\u00eal\u00e9es.<\/p>\n\n\n\n<div class=\"wp-block-buttons alignwide is-layout-flex wp-block-buttons-is-layout-flex\">\n<div class=\"wp-block-button button-outline aligncenter\"><a class=\"wp-block-button__link wp-element-button\" href=\"https:\/\/benetflorentine.com\/fr\/menu\/poelees\/\">D\u00e9couvrir<\/a><\/div>\n<\/div>\n<\/div>\n\n\n\n<div class=\"wp-block-column is-layout-flow wp-block-column-is-layout-flow\">\n<figure class=\"wp-block-image size-full\"><img decoding=\"async\" width=\"615\" height=\"778\" src=\"https:\/\/benetflorentine.com\/wp-content\/uploads\/2020\/04\/poelees-ancienne.png\" alt=\"po\u00eal\u00e9es ancienne\" class=\"wp-image-8226\" srcset=\"https:\/\/benetflorentine.com\/wp-content\/uploads\/2020\/04\/poelees-ancienne.png 615w, https:\/\/benetflorentine.com\/wp-content\/uploads\/2020\/04\/poelees-ancienne-316x400.png 316w, https:\/\/benetflorentine.com\/wp-content\/uploads\/2020\/04\/poelees-ancienne-19x24.png 19w, https:\/\/benetflorentine.com\/wp-content\/uploads\/2020\/04\/poelees-ancienne-28x36.png 28w, https:\/\/benetflorentine.com\/wp-content\/uploads\/2020\/04\/poelees-ancienne-38x48.png 38w\" sizes=\"(max-width: 615px) 100vw, 615px\" \/><\/figure>\n<\/div>\n<\/div>\n\n<\/div><\/div><\/div>\n\n\n\n<div class=\"wp-block-column is-layout-flow wp-block-column-is-layout-flow\"><div class=\"gb-container gb-container-20b354c9 page-promotion-block\"><div class=\"gb-inside-container\">\n\n<div class=\"wp-block-columns is-layout-flex wp-container-core-columns-is-layout-9d6595d7 wp-block-columns-is-layout-flex\">\n<div class=\"wp-block-column is-layout-flow wp-block-column-is-layout-flow\">\n<h2 class=\"gb-headline gb-headline-3e30c076 gb-headline-text\"><strong>Combos<\/strong><\/h2>\n\n\n\n<p>Optez pour nos combos sucr\u00e9s-sal\u00e9s.<\/p>\n\n\n\n<div class=\"wp-block-buttons alignwide is-layout-flex wp-block-buttons-is-layout-flex\">\n<div class=\"wp-block-button button-outline aligncenter\"><a class=\"wp-block-button__link wp-element-button\" href=\"\/fr\/menu\/nos-combos\/\">D\u00e9couvrir<\/a><\/div>\n<\/div>\n<\/div>\n\n\n\n<div class=\"wp-block-column is-layout-flow wp-block-column-is-layout-flow\">\n<figure class=\"wp-block-image size-large\"><img decoding=\"async\" src=\"https:\/\/benetflorentine.com\/wp-content\/uploads\/2021\/04\/Combo-gauffre-pommes-caramel-838x800.jpg\" alt=\"Burger menu\"\/><\/figure>\n<\/div>\n<\/div>\n\n<\/div><\/div><\/div>\n<\/div>\n\n\n\n<p><\/p>\n\n\n","protected":false},"excerpt":{"rendered":"<p>Choix de Florentine Succombez \u00e0 notre menu sant\u00e9 et surprenez-vous \u00e0 go\u00fbter une explosion de saveurs. Po\u00eal\u00e9es\u00a0\u00e0 l\u2019ancienne Rassasiez votre grand app\u00e9tit avec nos d\u00e9licieuses po\u00eal\u00e9es. Combos Optez pour nos combos sucr\u00e9s-sal\u00e9s.<\/p>\n","protected":false},"author":10,"featured_media":15524,"parent":55,"menu_order":0,"comment_status":"closed","ping_status":"closed","template":"","meta":{"inline_featured_image":false,"footnotes":""},"categories":[],"tags":[],"class_list":["post-439","page","type-page","status-publish","has-post-thumbnail"],"yoast_head":"<!-- This site is optimized with the Yoast SEO plugin v27.3 - https:\/\/yoast.com\/product\/yoast-seo-wordpress\/ -->\n<title>Menu sant\u00e9 - d\u00e9jeuner et brunch | Ben &amp; Florentine<\/title>\n<meta name=\"description\" content=\"D\u00e9couvrez notre menu sant\u00e9 pour bien commencer la journ\u00e9e. Fruits, l\u00e9gumes, quinoa, gruau, saumon, blancs d&#039;oeufs et bien plus.\" \/>\n<meta name=\"robots\" content=\"index, follow, max-snippet:-1, max-image-preview:large, max-video-preview:-1\" \/>\n<link rel=\"canonical\" href=\"https:\/\/benetflorentine.com\/fr\/menu\/choix-sante\/\" \/>\n<meta property=\"og:locale\" content=\"fr_FR\" \/>\n<meta property=\"og:type\" content=\"article\" \/>\n<meta property=\"og:title\" content=\"Menu sant\u00e9 - d\u00e9jeuner et brunch | Ben &amp; Florentine\" \/>\n<meta property=\"og:description\" content=\"D\u00e9couvrez notre menu sant\u00e9 pour bien commencer la journ\u00e9e. Fruits, l\u00e9gumes, quinoa, gruau, saumon, blancs d&#039;oeufs et bien plus.\" \/>\n<meta property=\"og:url\" content=\"https:\/\/benetflorentine.com\/fr\/menu\/choix-sante\/\" \/>\n<meta property=\"og:site_name\" content=\"Ben &amp; Florentine\" \/>\n<meta property=\"article:modified_time\" content=\"2025-08-01T17:06:47+00:00\" \/>\n<meta property=\"og:image\" content=\"https:\/\/benetflorentine.com\/wp-content\/uploads\/2023\/03\/bandf-01.jpg\" \/>\n\t<meta property=\"og:image:width\" content=\"1600\" \/>\n\t<meta property=\"og:image:height\" content=\"1067\" \/>\n\t<meta property=\"og:image:type\" content=\"image\/jpeg\" \/>\n<meta name=\"twitter:card\" content=\"summary_large_image\" \/>\n<meta name=\"twitter:label1\" content=\"Dur\u00e9e de lecture estim\u00e9e\" \/>\n\t<meta name=\"twitter:data1\" content=\"1 minute\" \/>\n<script type=\"application\/ld+json\" class=\"yoast-schema-graph\">{\"@context\":\"https:\\\/\\\/schema.org\",\"@graph\":[{\"@type\":\"WebPage\",\"@id\":\"https:\\\/\\\/benetflorentine.com\\\/fr\\\/menu\\\/choix-sante\\\/\",\"url\":\"https:\\\/\\\/benetflorentine.com\\\/fr\\\/menu\\\/choix-sante\\\/\",\"name\":\"Menu sant\u00e9 - d\u00e9jeuner et brunch | Ben & Florentine\",\"isPartOf\":{\"@id\":\"https:\\\/\\\/benetflorentine.com\\\/fr\\\/#website\"},\"primaryImageOfPage\":{\"@id\":\"https:\\\/\\\/benetflorentine.com\\\/fr\\\/menu\\\/choix-sante\\\/#primaryimage\"},\"image\":{\"@id\":\"https:\\\/\\\/benetflorentine.com\\\/fr\\\/menu\\\/choix-sante\\\/#primaryimage\"},\"thumbnailUrl\":\"https:\\\/\\\/benetflorentine.com\\\/wp-content\\\/uploads\\\/2023\\\/03\\\/bandf-01.jpg\",\"datePublished\":\"2020-02-04T14:43:03+00:00\",\"dateModified\":\"2025-08-01T17:06:47+00:00\",\"description\":\"D\u00e9couvrez notre menu sant\u00e9 pour bien commencer la journ\u00e9e. Fruits, l\u00e9gumes, quinoa, gruau, saumon, blancs d'oeufs et bien plus.\",\"breadcrumb\":{\"@id\":\"https:\\\/\\\/benetflorentine.com\\\/fr\\\/menu\\\/choix-sante\\\/#breadcrumb\"},\"inLanguage\":\"fr-FR\",\"potentialAction\":[{\"@type\":\"ReadAction\",\"target\":[\"https:\\\/\\\/benetflorentine.com\\\/fr\\\/menu\\\/choix-sante\\\/\"]}]},{\"@type\":\"ImageObject\",\"inLanguage\":\"fr-FR\",\"@id\":\"https:\\\/\\\/benetflorentine.com\\\/fr\\\/menu\\\/choix-sante\\\/#primaryimage\",\"url\":\"https:\\\/\\\/benetflorentine.com\\\/wp-content\\\/uploads\\\/2023\\\/03\\\/bandf-01.jpg\",\"contentUrl\":\"https:\\\/\\\/benetflorentine.com\\\/wp-content\\\/uploads\\\/2023\\\/03\\\/bandf-01.jpg\",\"width\":1600,\"height\":1067},{\"@type\":\"BreadcrumbList\",\"@id\":\"https:\\\/\\\/benetflorentine.com\\\/fr\\\/menu\\\/choix-sante\\\/#breadcrumb\",\"itemListElement\":[{\"@type\":\"ListItem\",\"position\":1,\"name\":\"Menu\",\"item\":\"https:\\\/\\\/benetflorentine.com\\\/fr\\\/menu\\\/\"},{\"@type\":\"ListItem\",\"position\":2,\"name\":\"Choix de Florentine\"}]},{\"@type\":\"WebSite\",\"@id\":\"https:\\\/\\\/benetflorentine.com\\\/fr\\\/#website\",\"url\":\"https:\\\/\\\/benetflorentine.com\\\/fr\\\/\",\"name\":\"Ben &amp; Florentine\",\"description\":\"Brunch &amp; Breakfast\u200e\",\"publisher\":{\"@id\":\"https:\\\/\\\/benetflorentine.com\\\/fr\\\/#organization\"},\"potentialAction\":[{\"@type\":\"SearchAction\",\"target\":{\"@type\":\"EntryPoint\",\"urlTemplate\":\"https:\\\/\\\/benetflorentine.com\\\/fr\\\/?s={search_term_string}\"},\"query-input\":{\"@type\":\"PropertyValueSpecification\",\"valueRequired\":true,\"valueName\":\"search_term_string\"}}],\"inLanguage\":\"fr-FR\"},{\"@type\":\"Organization\",\"@id\":\"https:\\\/\\\/benetflorentine.com\\\/fr\\\/#organization\",\"name\":\"Ben &amp; Florentine\",\"url\":\"https:\\\/\\\/benetflorentine.com\\\/fr\\\/\",\"logo\":{\"@type\":\"ImageObject\",\"inLanguage\":\"fr-FR\",\"@id\":\"https:\\\/\\\/benetflorentine.com\\\/fr\\\/#\\\/schema\\\/logo\\\/image\\\/\",\"url\":\"https:\\\/\\\/benetflorentine.com\\\/wp-content\\\/uploads\\\/2020\\\/02\\\/cropped-benflorentine_logo.png\",\"contentUrl\":\"https:\\\/\\\/benetflorentine.com\\\/wp-content\\\/uploads\\\/2020\\\/02\\\/cropped-benflorentine_logo.png\",\"width\":553,\"height\":206,\"caption\":\"Ben &amp; Florentine\"},\"image\":{\"@id\":\"https:\\\/\\\/benetflorentine.com\\\/fr\\\/#\\\/schema\\\/logo\\\/image\\\/\"}}]}<\/script>\n<!-- \/ Yoast SEO plugin. -->","yoast_head_json":{"title":"Menu sant\u00e9 - d\u00e9jeuner et brunch | Ben & Florentine","description":"D\u00e9couvrez notre menu sant\u00e9 pour bien commencer la journ\u00e9e. Fruits, l\u00e9gumes, quinoa, gruau, saumon, blancs d'oeufs et bien plus.","robots":{"index":"index","follow":"follow","max-snippet":"max-snippet:-1","max-image-preview":"max-image-preview:large","max-video-preview":"max-video-preview:-1"},"canonical":"https:\/\/benetflorentine.com\/fr\/menu\/choix-sante\/","og_locale":"fr_FR","og_type":"article","og_title":"Menu sant\u00e9 - d\u00e9jeuner et brunch | Ben & Florentine","og_description":"D\u00e9couvrez notre menu sant\u00e9 pour bien commencer la journ\u00e9e. Fruits, l\u00e9gumes, quinoa, gruau, saumon, blancs d'oeufs et bien plus.","og_url":"https:\/\/benetflorentine.com\/fr\/menu\/choix-sante\/","og_site_name":"Ben &amp; Florentine","article_modified_time":"2025-08-01T17:06:47+00:00","og_image":[{"width":1600,"height":1067,"url":"https:\/\/benetflorentine.com\/wp-content\/uploads\/2023\/03\/bandf-01.jpg","type":"image\/jpeg"}],"twitter_card":"summary_large_image","twitter_misc":{"Dur\u00e9e de lecture estim\u00e9e":"1 minute"},"schema":{"@context":"https:\/\/schema.org","@graph":[{"@type":"WebPage","@id":"https:\/\/benetflorentine.com\/fr\/menu\/choix-sante\/","url":"https:\/\/benetflorentine.com\/fr\/menu\/choix-sante\/","name":"Menu sant\u00e9 - d\u00e9jeuner et brunch | Ben & Florentine","isPartOf":{"@id":"https:\/\/benetflorentine.com\/fr\/#website"},"primaryImageOfPage":{"@id":"https:\/\/benetflorentine.com\/fr\/menu\/choix-sante\/#primaryimage"},"image":{"@id":"https:\/\/benetflorentine.com\/fr\/menu\/choix-sante\/#primaryimage"},"thumbnailUrl":"https:\/\/benetflorentine.com\/wp-content\/uploads\/2023\/03\/bandf-01.jpg","datePublished":"2020-02-04T14:43:03+00:00","dateModified":"2025-08-01T17:06:47+00:00","description":"D\u00e9couvrez notre menu sant\u00e9 pour bien commencer la journ\u00e9e. Fruits, l\u00e9gumes, quinoa, gruau, saumon, blancs d'oeufs et bien plus.","breadcrumb":{"@id":"https:\/\/benetflorentine.com\/fr\/menu\/choix-sante\/#breadcrumb"},"inLanguage":"fr-FR","potentialAction":[{"@type":"ReadAction","target":["https:\/\/benetflorentine.com\/fr\/menu\/choix-sante\/"]}]},{"@type":"ImageObject","inLanguage":"fr-FR","@id":"https:\/\/benetflorentine.com\/fr\/menu\/choix-sante\/#primaryimage","url":"https:\/\/benetflorentine.com\/wp-content\/uploads\/2023\/03\/bandf-01.jpg","contentUrl":"https:\/\/benetflorentine.com\/wp-content\/uploads\/2023\/03\/bandf-01.jpg","width":1600,"height":1067},{"@type":"BreadcrumbList","@id":"https:\/\/benetflorentine.com\/fr\/menu\/choix-sante\/#breadcrumb","itemListElement":[{"@type":"ListItem","position":1,"name":"Menu","item":"https:\/\/benetflorentine.com\/fr\/menu\/"},{"@type":"ListItem","position":2,"name":"Choix de Florentine"}]},{"@type":"WebSite","@id":"https:\/\/benetflorentine.com\/fr\/#website","url":"https:\/\/benetflorentine.com\/fr\/","name":"Ben &amp; Florentine","description":"Brunch &amp; Breakfast\u200e","publisher":{"@id":"https:\/\/benetflorentine.com\/fr\/#organization"},"potentialAction":[{"@type":"SearchAction","target":{"@type":"EntryPoint","urlTemplate":"https:\/\/benetflorentine.com\/fr\/?s={search_term_string}"},"query-input":{"@type":"PropertyValueSpecification","valueRequired":true,"valueName":"search_term_string"}}],"inLanguage":"fr-FR"},{"@type":"Organization","@id":"https:\/\/benetflorentine.com\/fr\/#organization","name":"Ben &amp; Florentine","url":"https:\/\/benetflorentine.com\/fr\/","logo":{"@type":"ImageObject","inLanguage":"fr-FR","@id":"https:\/\/benetflorentine.com\/fr\/#\/schema\/logo\/image\/","url":"https:\/\/benetflorentine.com\/wp-content\/uploads\/2020\/02\/cropped-benflorentine_logo.png","contentUrl":"https:\/\/benetflorentine.com\/wp-content\/uploads\/2020\/02\/cropped-benflorentine_logo.png","width":553,"height":206,"caption":"Ben &amp; Florentine"},"image":{"@id":"https:\/\/benetflorentine.com\/fr\/#\/schema\/logo\/image\/"}}]}},"_links":{"self":[{"href":"https:\/\/benetflorentine.com\/fr\/wp-json\/wp\/v2\/pages\/439","targetHints":{"allow":["GET"]}}],"collection":[{"href":"https:\/\/benetflorentine.com\/fr\/wp-json\/wp\/v2\/pages"}],"about":[{"href":"https:\/\/benetflorentine.com\/fr\/wp-json\/wp\/v2\/types\/page"}],"author":[{"embeddable":true,"href":"https:\/\/benetflorentine.com\/fr\/wp-json\/wp\/v2\/users\/10"}],"replies":[{"embeddable":true,"href":"https:\/\/benetflorentine.com\/fr\/wp-json\/wp\/v2\/comments?post=439"}],"version-history":[{"count":39,"href":"https:\/\/benetflorentine.com\/fr\/wp-json\/wp\/v2\/pages\/439\/revisions"}],"predecessor-version":[{"id":19794,"href":"https:\/\/benetflorentine.com\/fr\/wp-json\/wp\/v2\/pages\/439\/revisions\/19794"}],"up":[{"embeddable":true,"href":"https:\/\/benetflorentine.com\/fr\/wp-json\/wp\/v2\/pages\/55"}],"wp:featuredmedia":[{"embeddable":true,"href":"https:\/\/benetflorentine.com\/fr\/wp-json\/wp\/v2\/media\/15524"}],"wp:attachment":[{"href":"https:\/\/benetflorentine.com\/fr\/wp-json\/wp\/v2\/media?parent=439"}],"wp:term":[{"taxonomy":"category","embeddable":true,"href":"https:\/\/benetflorentine.com\/fr\/wp-json\/wp\/v2\/categories?post=439"},{"taxonomy":"post_tag","embeddable":true,"href":"https:\/\/benetflorentine.com\/fr\/wp-json\/wp\/v2\/tags?post=439"}],"curies":[{"name":"wp","href":"https:\/\/api.w.org\/{rel}","templated":true}]}}