{"id":443,"date":"2020-02-04T09:42:59","date_gmt":"2020-02-04T14:42:59","guid":{"rendered":"https:\/\/benetflorentine.com\/choice-eggs\/"},"modified":"2025-08-01T13:04:22","modified_gmt":"2025-08-01T17:04:22","slug":"benedictines","status":"publish","type":"page","link":"https:\/\/benetflorentine.com\/fr\/menu\/benedictines\/","title":{"rendered":"B\u00e9n\u00e9dictine"},"content":{"rendered":"<div class=\"gb-container gb-container-0b062dd1 staticPage-header-container menuPage alignfull\"><div class=\"gb-inside-container\">\n\n<h1 class=\"gb-headline gb-headline-32073751 gb-headline-text\">B\u00e9n\u00e9dictines<\/h1>\n\n\n\n<p class=\"gb-headline gb-headline-6e7c5f81 gb-headline-text\">Comment bien commencer la journ\u00e9e?<br>En vous \u00e9pargnant tous jeux de mots avec le mot \u00ab&nbsp;oeuf&nbsp;\u00bb.<br>Ici, les oeufs sont dans nos assiettes !<\/p>\n\n<\/div><\/div>\n\n\n<div class=\"gb-headline gb-headline-c646a201 gb-headline-text subMenu-anchor\" id=\"dents-sucrees\"><\/div>\n\n\n<div class=\"gb-grid-wrapper gb-grid-wrapper-66aaa19e grid-menu\">\n<div class=\"gb-grid-column gb-grid-column-a89f9c43\"><div class=\"gb-container gb-container-a89f9c43 grid-menu-image\"><div class=\"gb-inside-container\"><\/div><\/div><\/div>\n\n<div class=\"gb-grid-column gb-grid-column-aa4ef3e5\"><div class=\"gb-container gb-container-aa4ef3e5 grid-menu-text\"><div class=\"gb-inside-container\">\n\n<h2 class=\"wp-block-heading\"><strong>B\u00e9n\u00e9dictines<\/strong><\/h2>\n\n\n\n<p class=\"gb-headline gb-headline-972ce4dd gb-headline-text\">Choix de bagel ou muffin anglais. Servis avec 2 oeufs poch\u00e9s, nos fameuses pommes de terre et des fruits frais.<\/p>\n\n\n\n<div class=\"gb-grid-wrapper gb-grid-wrapper-542308cf gb-query-loop-wrapper\">\n<div class=\"gb-grid-column gb-grid-column-6dda88fe gb-query-loop-item post-20068 produits type-produits status-publish hentry category-benedictines tag-nouveaute\"><div class=\"gb-container gb-container-6dda88fe\"><div class=\"gb-inside-container\">\n<h3 class=\"gb-headline gb-headline-4dcb8768 gb-headline-text\">B\u00e9n\u00e9dictine Saucisse bacon &amp; cheddar<\/h3>\n\n<p class=\"gb-headline gb-headline-59bc1b02 gb-headline-text\">Saucisse bacon &amp; cheddar exclusive B&amp;F, tomates, oignons rouges et fromage Monterey Jack. Servis avec une sauce hollandaise<\/p>\n<\/div><\/div><\/div>\n\n<div class=\"gb-grid-column gb-grid-column-6dda88fe gb-query-loop-item post-15864 produits type-produits status-publish hentry category-benedictines\"><div class=\"gb-container gb-container-6dda88fe\"><div class=\"gb-inside-container\">\n<h3 class=\"gb-headline gb-headline-4dcb8768 gb-headline-text\">B\u00e9n\u00e9dictine Bacon &amp; pommes caram\u00e9lis\u00e9es<\/h3>\n\n<p class=\"gb-headline gb-headline-59bc1b02 gb-headline-text\">Bacon, pommes caram\u00e9lis\u00e9es et m\u00e9lange de Monterey Jack et\ncheddar. Servis avec une sauce hollandaise<\/p>\n<\/div><\/div><\/div>\n\n<div class=\"gb-grid-column gb-grid-column-6dda88fe gb-query-loop-item post-14556 produits type-produits status-publish hentry category-benedictines category-benetflorentine\"><div class=\"gb-container gb-container-6dda88fe\"><div class=\"gb-inside-container\">\n<h3 class=\"gb-headline gb-headline-4dcb8768 gb-headline-text\">B\u00e9n\u00e9dictine Jambon effiloch\u00e9 \u00e0 l&rsquo;ancienne<\/h3>\n\n<p class=\"gb-headline gb-headline-59bc1b02 gb-headline-text\">Jambon effiloch\u00e9 \u00e0 l&rsquo;ancienne, m\u00e9lange de poivrons et fromage suisse. Servis avec une sauce hollandaise<\/p>\n<\/div><\/div><\/div>\n\n<div class=\"gb-grid-column gb-grid-column-6dda88fe gb-query-loop-item post-2298 produits type-produits status-publish hentry category-benedictines category-benetflorentine\"><div class=\"gb-container gb-container-6dda88fe\"><div class=\"gb-inside-container\">\n<h3 class=\"gb-headline gb-headline-4dcb8768 gb-headline-text\">B\u00e9n\u00e9dictine \u00ab\u00a0Lox\u00a0\u00bb<\/h3>\n\n<p class=\"gb-headline gb-headline-59bc1b02 gb-headline-text\">Saumon fum\u00e9, oignons caram\u00e9lis\u00e9s, ciboulette et fromage \u00e0 la cr\u00e8me. Servis\navec une sauce hollandaise<\/p>\n<\/div><\/div><\/div>\n\n<div class=\"gb-grid-column gb-grid-column-6dda88fe gb-query-loop-item post-2294 produits type-produits status-publish hentry category-benedictines category-benetflorentine\"><div class=\"gb-container gb-container-6dda88fe\"><div class=\"gb-inside-container\">\n<h3 class=\"gb-headline gb-headline-4dcb8768 gb-headline-text\">B\u00e9n\u00e9dictine Traditionnel<\/h3>\n\n<p class=\"gb-headline gb-headline-59bc1b02 gb-headline-text\">Choix de bacon ou jambon. Servis avec une sauce hollandaise<\/p>\n<\/div><\/div><\/div>\n\n<div class=\"gb-grid-column gb-grid-column-6dda88fe gb-query-loop-item post-2292 produits type-produits status-publish hentry category-benedictines category-benetflorentine\"><div class=\"gb-container gb-container-6dda88fe\"><div class=\"gb-inside-container\">\n<h3 class=\"gb-headline gb-headline-4dcb8768 gb-headline-text\">B\u00e9n\u00e9dictine L&rsquo;Avocado<\/h3>\n\n<p class=\"gb-headline gb-headline-59bc1b02 gb-headline-text\">Bacon et avocat. Servis avec une sauce hollandaise<\/p>\n<\/div><\/div><\/div>\n<\/div>\n\n<\/div><\/div><\/div>\n<\/div>\n\n\n<div class=\"gb-headline gb-headline-0960ec1a gb-headline-text menuPage-background\"><\/div>\n\n\n\n<div class=\"wp-block-columns page-promotion-container is-layout-flex wp-container-core-columns-is-layout-9d6595d7 wp-block-columns-is-layout-flex\">\n<div class=\"wp-block-column is-layout-flow wp-block-column-is-layout-flow\"><div class=\"gb-container gb-container-20b354c9 page-promotion-block\"><div class=\"gb-inside-container\">\n\n<div class=\"wp-block-columns is-layout-flex wp-container-core-columns-is-layout-9d6595d7 wp-block-columns-is-layout-flex\">\n<div class=\"wp-block-column is-layout-flow wp-block-column-is-layout-flow\">\n<h2 class=\"gb-headline gb-headline-3e30c076 gb-headline-text\">Coins des <strong>petits<\/strong><\/h2>\n\n\n\n<p>Laissez-les se r\u00e9galer de plats pens\u00e9s sp\u00e9cialement pour eux.<\/p>\n\n\n\n<div class=\"wp-block-buttons alignwide is-layout-flex wp-block-buttons-is-layout-flex\">\n<div class=\"wp-block-button button-outline aligncenter\"><a class=\"wp-block-button__link wp-element-button\" href=\"https:\/\/benetflorentine.com\/fr\/menu\/choix-enfants\/\">D\u00e9couvrir<\/a><\/div>\n<\/div>\n<\/div>\n\n\n\n<div class=\"wp-block-column is-layout-flow wp-block-column-is-layout-flow\">\n<figure class=\"wp-block-image size-full\"><img decoding=\"async\" width=\"615\" height=\"778\" src=\"https:\/\/benetflorentine.com\/wp-content\/uploads\/2020\/04\/menu-pour-enfants-1.png\" alt=\"menu pour enfants\" class=\"wp-image-8257\" srcset=\"https:\/\/benetflorentine.com\/wp-content\/uploads\/2020\/04\/menu-pour-enfants-1.png 615w, https:\/\/benetflorentine.com\/wp-content\/uploads\/2020\/04\/menu-pour-enfants-1-316x400.png 316w, https:\/\/benetflorentine.com\/wp-content\/uploads\/2020\/04\/menu-pour-enfants-1-19x24.png 19w, https:\/\/benetflorentine.com\/wp-content\/uploads\/2020\/04\/menu-pour-enfants-1-28x36.png 28w, https:\/\/benetflorentine.com\/wp-content\/uploads\/2020\/04\/menu-pour-enfants-1-38x48.png 38w\" sizes=\"(max-width: 615px) 100vw, 615px\" \/><\/figure>\n<\/div>\n<\/div>\n\n<\/div><\/div><\/div>\n\n\n\n<div class=\"wp-block-column is-layout-flow wp-block-column-is-layout-flow\"><div class=\"gb-container gb-container-0da3f226 page-promotion-block\"><div class=\"gb-inside-container\">\n\n<div class=\"wp-block-columns is-layout-flex wp-container-core-columns-is-layout-9d6595d7 wp-block-columns-is-layout-flex\">\n<div class=\"wp-block-column is-layout-flow wp-block-column-is-layout-flow\">\n<h2 class=\"gb-headline gb-headline-944318d1 gb-headline-text\">Oeufs<br><strong>&amp; Omelettes<\/strong><\/h2>\n\n\n\n<p>D\u00e9couvrez nos classiques et nos classiques r\u00e9invent\u00e9s.<\/p>\n\n\n\n<div class=\"wp-block-buttons alignwide is-layout-flex wp-block-buttons-is-layout-flex\">\n<div class=\"wp-block-button button-outline aligncenter\"><a class=\"wp-block-button__link wp-element-button\" href=\"https:\/\/benetflorentine.com\/fr\/menu\/oeufs-omelettes\/\">D\u00e9couvrir<\/a><\/div>\n<\/div>\n<\/div>\n\n\n\n<div class=\"wp-block-column is-layout-flow wp-block-column-is-layout-flow\">\n<figure class=\"wp-block-image size-full\"><img decoding=\"async\" width=\"615\" height=\"778\" src=\"https:\/\/benetflorentine.com\/wp-content\/uploads\/2020\/05\/Oeufs-1.png\" alt=\"Oeufs\" class=\"wp-image-8841\" srcset=\"https:\/\/benetflorentine.com\/wp-content\/uploads\/2020\/05\/Oeufs-1.png 615w, https:\/\/benetflorentine.com\/wp-content\/uploads\/2020\/05\/Oeufs-1-316x400.png 316w, https:\/\/benetflorentine.com\/wp-content\/uploads\/2020\/05\/Oeufs-1-19x24.png 19w, https:\/\/benetflorentine.com\/wp-content\/uploads\/2020\/05\/Oeufs-1-28x36.png 28w, https:\/\/benetflorentine.com\/wp-content\/uploads\/2020\/05\/Oeufs-1-38x48.png 38w\" sizes=\"(max-width: 615px) 100vw, 615px\" \/><\/figure>\n<\/div>\n<\/div>\n\n<\/div><\/div><\/div>\n<\/div>\n\n\n\n<p><\/p>\n","protected":false},"excerpt":{"rendered":"<p>B\u00e9n\u00e9dictines Comment bien commencer la journ\u00e9e?En vous \u00e9pargnant tous jeux de mots avec le mot \u00ab&nbsp;oeuf&nbsp;\u00bb.Ici, les oeufs sont dans nos assiettes ! Coins des petits Laissez-les se r\u00e9galer de plats pens\u00e9s sp\u00e9cialement pour eux. Oeufs&amp; Omelettes D\u00e9couvrez nos classiques et nos classiques r\u00e9invent\u00e9s.<\/p>\n","protected":false},"author":10,"featured_media":12125,"parent":55,"menu_order":0,"comment_status":"closed","ping_status":"closed","template":"","meta":{"inline_featured_image":false,"footnotes":""},"categories":[],"tags":[],"class_list":["post-443","page","type-page","status-publish","has-post-thumbnail"],"yoast_head":"<!-- This site is optimized with the Yoast SEO plugin v27.3 - https:\/\/yoast.com\/product\/yoast-seo-wordpress\/ -->\n<title>Nos oeufs b\u00e9n\u00e9dictines et omelettes - Menu | Ben &amp; Florentine<\/title>\n<meta name=\"description\" content=\"Envie d&#039;oeufs b\u00e9n\u00e9dictines et d&#039;omelettes pour le d\u00e9jeuner ou le brunch ? D\u00e9couvrez notre menu.\" \/>\n<meta name=\"robots\" content=\"index, follow, max-snippet:-1, max-image-preview:large, max-video-preview:-1\" \/>\n<link rel=\"canonical\" href=\"https:\/\/benetflorentine.com\/fr\/menu\/benedictines\/\" \/>\n<meta property=\"og:locale\" content=\"fr_FR\" \/>\n<meta property=\"og:type\" content=\"article\" \/>\n<meta property=\"og:title\" content=\"Nos oeufs b\u00e9n\u00e9dictines et omelettes - Menu | Ben &amp; Florentine\" \/>\n<meta property=\"og:description\" content=\"Envie d&#039;oeufs b\u00e9n\u00e9dictines et d&#039;omelettes pour le d\u00e9jeuner ou le brunch ? D\u00e9couvrez notre menu.\" \/>\n<meta property=\"og:url\" content=\"https:\/\/benetflorentine.com\/fr\/menu\/benedictines\/\" \/>\n<meta property=\"og:site_name\" content=\"Ben &amp; Florentine\" \/>\n<meta property=\"article:modified_time\" content=\"2025-08-01T17:04:22+00:00\" \/>\n<meta property=\"og:image\" content=\"https:\/\/benetflorentine.com\/wp-content\/uploads\/2020\/02\/choix-oeufs.jpg\" \/>\n\t<meta property=\"og:image:width\" content=\"902\" \/>\n\t<meta property=\"og:image:height\" content=\"680\" \/>\n\t<meta property=\"og:image:type\" content=\"image\/jpeg\" \/>\n<meta name=\"twitter:card\" content=\"summary_large_image\" \/>\n<meta name=\"twitter:label1\" content=\"Dur\u00e9e de lecture estim\u00e9e\" \/>\n\t<meta name=\"twitter:data1\" content=\"1 minute\" \/>\n<script type=\"application\/ld+json\" class=\"yoast-schema-graph\">{\"@context\":\"https:\\\/\\\/schema.org\",\"@graph\":[{\"@type\":\"WebPage\",\"@id\":\"https:\\\/\\\/benetflorentine.com\\\/fr\\\/menu\\\/benedictines\\\/\",\"url\":\"https:\\\/\\\/benetflorentine.com\\\/fr\\\/menu\\\/benedictines\\\/\",\"name\":\"Nos oeufs b\u00e9n\u00e9dictines et omelettes - Menu | Ben & Florentine\",\"isPartOf\":{\"@id\":\"https:\\\/\\\/benetflorentine.com\\\/fr\\\/#website\"},\"primaryImageOfPage\":{\"@id\":\"https:\\\/\\\/benetflorentine.com\\\/fr\\\/menu\\\/benedictines\\\/#primaryimage\"},\"image\":{\"@id\":\"https:\\\/\\\/benetflorentine.com\\\/fr\\\/menu\\\/benedictines\\\/#primaryimage\"},\"thumbnailUrl\":\"https:\\\/\\\/benetflorentine.com\\\/wp-content\\\/uploads\\\/2020\\\/02\\\/choix-oeufs.jpg\",\"datePublished\":\"2020-02-04T14:42:59+00:00\",\"dateModified\":\"2025-08-01T17:04:22+00:00\",\"description\":\"Envie d'oeufs b\u00e9n\u00e9dictines et d'omelettes pour le d\u00e9jeuner ou le brunch ? D\u00e9couvrez notre menu.\",\"breadcrumb\":{\"@id\":\"https:\\\/\\\/benetflorentine.com\\\/fr\\\/menu\\\/benedictines\\\/#breadcrumb\"},\"inLanguage\":\"fr-FR\",\"potentialAction\":[{\"@type\":\"ReadAction\",\"target\":[\"https:\\\/\\\/benetflorentine.com\\\/fr\\\/menu\\\/benedictines\\\/\"]}]},{\"@type\":\"ImageObject\",\"inLanguage\":\"fr-FR\",\"@id\":\"https:\\\/\\\/benetflorentine.com\\\/fr\\\/menu\\\/benedictines\\\/#primaryimage\",\"url\":\"https:\\\/\\\/benetflorentine.com\\\/wp-content\\\/uploads\\\/2020\\\/02\\\/choix-oeufs.jpg\",\"contentUrl\":\"https:\\\/\\\/benetflorentine.com\\\/wp-content\\\/uploads\\\/2020\\\/02\\\/choix-oeufs.jpg\",\"width\":902,\"height\":680,\"caption\":\"Po\u00eal\u00e9e au trois viandes avec un oeuf au plat\"},{\"@type\":\"BreadcrumbList\",\"@id\":\"https:\\\/\\\/benetflorentine.com\\\/fr\\\/menu\\\/benedictines\\\/#breadcrumb\",\"itemListElement\":[{\"@type\":\"ListItem\",\"position\":1,\"name\":\"Menu\",\"item\":\"https:\\\/\\\/benetflorentine.com\\\/fr\\\/menu\\\/\"},{\"@type\":\"ListItem\",\"position\":2,\"name\":\"B\u00e9n\u00e9dictine\"}]},{\"@type\":\"WebSite\",\"@id\":\"https:\\\/\\\/benetflorentine.com\\\/fr\\\/#website\",\"url\":\"https:\\\/\\\/benetflorentine.com\\\/fr\\\/\",\"name\":\"Ben &amp; Florentine\",\"description\":\"Brunch &amp; Breakfast\u200e\",\"publisher\":{\"@id\":\"https:\\\/\\\/benetflorentine.com\\\/fr\\\/#organization\"},\"potentialAction\":[{\"@type\":\"SearchAction\",\"target\":{\"@type\":\"EntryPoint\",\"urlTemplate\":\"https:\\\/\\\/benetflorentine.com\\\/fr\\\/?s={search_term_string}\"},\"query-input\":{\"@type\":\"PropertyValueSpecification\",\"valueRequired\":true,\"valueName\":\"search_term_string\"}}],\"inLanguage\":\"fr-FR\"},{\"@type\":\"Organization\",\"@id\":\"https:\\\/\\\/benetflorentine.com\\\/fr\\\/#organization\",\"name\":\"Ben &amp; Florentine\",\"url\":\"https:\\\/\\\/benetflorentine.com\\\/fr\\\/\",\"logo\":{\"@type\":\"ImageObject\",\"inLanguage\":\"fr-FR\",\"@id\":\"https:\\\/\\\/benetflorentine.com\\\/fr\\\/#\\\/schema\\\/logo\\\/image\\\/\",\"url\":\"https:\\\/\\\/benetflorentine.com\\\/wp-content\\\/uploads\\\/2020\\\/02\\\/cropped-benflorentine_logo.png\",\"contentUrl\":\"https:\\\/\\\/benetflorentine.com\\\/wp-content\\\/uploads\\\/2020\\\/02\\\/cropped-benflorentine_logo.png\",\"width\":553,\"height\":206,\"caption\":\"Ben &amp; Florentine\"},\"image\":{\"@id\":\"https:\\\/\\\/benetflorentine.com\\\/fr\\\/#\\\/schema\\\/logo\\\/image\\\/\"}}]}<\/script>\n<!-- \/ Yoast SEO plugin. -->","yoast_head_json":{"title":"Nos oeufs b\u00e9n\u00e9dictines et omelettes - Menu | Ben & Florentine","description":"Envie d'oeufs b\u00e9n\u00e9dictines et d'omelettes pour le d\u00e9jeuner ou le brunch ? D\u00e9couvrez notre menu.","robots":{"index":"index","follow":"follow","max-snippet":"max-snippet:-1","max-image-preview":"max-image-preview:large","max-video-preview":"max-video-preview:-1"},"canonical":"https:\/\/benetflorentine.com\/fr\/menu\/benedictines\/","og_locale":"fr_FR","og_type":"article","og_title":"Nos oeufs b\u00e9n\u00e9dictines et omelettes - Menu | Ben & Florentine","og_description":"Envie d'oeufs b\u00e9n\u00e9dictines et d'omelettes pour le d\u00e9jeuner ou le brunch ? D\u00e9couvrez notre menu.","og_url":"https:\/\/benetflorentine.com\/fr\/menu\/benedictines\/","og_site_name":"Ben &amp; Florentine","article_modified_time":"2025-08-01T17:04:22+00:00","og_image":[{"width":902,"height":680,"url":"https:\/\/benetflorentine.com\/wp-content\/uploads\/2020\/02\/choix-oeufs.jpg","type":"image\/jpeg"}],"twitter_card":"summary_large_image","twitter_misc":{"Dur\u00e9e de lecture estim\u00e9e":"1 minute"},"schema":{"@context":"https:\/\/schema.org","@graph":[{"@type":"WebPage","@id":"https:\/\/benetflorentine.com\/fr\/menu\/benedictines\/","url":"https:\/\/benetflorentine.com\/fr\/menu\/benedictines\/","name":"Nos oeufs b\u00e9n\u00e9dictines et omelettes - Menu | Ben & Florentine","isPartOf":{"@id":"https:\/\/benetflorentine.com\/fr\/#website"},"primaryImageOfPage":{"@id":"https:\/\/benetflorentine.com\/fr\/menu\/benedictines\/#primaryimage"},"image":{"@id":"https:\/\/benetflorentine.com\/fr\/menu\/benedictines\/#primaryimage"},"thumbnailUrl":"https:\/\/benetflorentine.com\/wp-content\/uploads\/2020\/02\/choix-oeufs.jpg","datePublished":"2020-02-04T14:42:59+00:00","dateModified":"2025-08-01T17:04:22+00:00","description":"Envie d'oeufs b\u00e9n\u00e9dictines et d'omelettes pour le d\u00e9jeuner ou le brunch ? D\u00e9couvrez notre menu.","breadcrumb":{"@id":"https:\/\/benetflorentine.com\/fr\/menu\/benedictines\/#breadcrumb"},"inLanguage":"fr-FR","potentialAction":[{"@type":"ReadAction","target":["https:\/\/benetflorentine.com\/fr\/menu\/benedictines\/"]}]},{"@type":"ImageObject","inLanguage":"fr-FR","@id":"https:\/\/benetflorentine.com\/fr\/menu\/benedictines\/#primaryimage","url":"https:\/\/benetflorentine.com\/wp-content\/uploads\/2020\/02\/choix-oeufs.jpg","contentUrl":"https:\/\/benetflorentine.com\/wp-content\/uploads\/2020\/02\/choix-oeufs.jpg","width":902,"height":680,"caption":"Po\u00eal\u00e9e au trois viandes avec un oeuf au plat"},{"@type":"BreadcrumbList","@id":"https:\/\/benetflorentine.com\/fr\/menu\/benedictines\/#breadcrumb","itemListElement":[{"@type":"ListItem","position":1,"name":"Menu","item":"https:\/\/benetflorentine.com\/fr\/menu\/"},{"@type":"ListItem","position":2,"name":"B\u00e9n\u00e9dictine"}]},{"@type":"WebSite","@id":"https:\/\/benetflorentine.com\/fr\/#website","url":"https:\/\/benetflorentine.com\/fr\/","name":"Ben &amp; Florentine","description":"Brunch &amp; Breakfast\u200e","publisher":{"@id":"https:\/\/benetflorentine.com\/fr\/#organization"},"potentialAction":[{"@type":"SearchAction","target":{"@type":"EntryPoint","urlTemplate":"https:\/\/benetflorentine.com\/fr\/?s={search_term_string}"},"query-input":{"@type":"PropertyValueSpecification","valueRequired":true,"valueName":"search_term_string"}}],"inLanguage":"fr-FR"},{"@type":"Organization","@id":"https:\/\/benetflorentine.com\/fr\/#organization","name":"Ben &amp; Florentine","url":"https:\/\/benetflorentine.com\/fr\/","logo":{"@type":"ImageObject","inLanguage":"fr-FR","@id":"https:\/\/benetflorentine.com\/fr\/#\/schema\/logo\/image\/","url":"https:\/\/benetflorentine.com\/wp-content\/uploads\/2020\/02\/cropped-benflorentine_logo.png","contentUrl":"https:\/\/benetflorentine.com\/wp-content\/uploads\/2020\/02\/cropped-benflorentine_logo.png","width":553,"height":206,"caption":"Ben &amp; Florentine"},"image":{"@id":"https:\/\/benetflorentine.com\/fr\/#\/schema\/logo\/image\/"}}]}},"_links":{"self":[{"href":"https:\/\/benetflorentine.com\/fr\/wp-json\/wp\/v2\/pages\/443","targetHints":{"allow":["GET"]}}],"collection":[{"href":"https:\/\/benetflorentine.com\/fr\/wp-json\/wp\/v2\/pages"}],"about":[{"href":"https:\/\/benetflorentine.com\/fr\/wp-json\/wp\/v2\/types\/page"}],"author":[{"embeddable":true,"href":"https:\/\/benetflorentine.com\/fr\/wp-json\/wp\/v2\/users\/10"}],"replies":[{"embeddable":true,"href":"https:\/\/benetflorentine.com\/fr\/wp-json\/wp\/v2\/comments?post=443"}],"version-history":[{"count":114,"href":"https:\/\/benetflorentine.com\/fr\/wp-json\/wp\/v2\/pages\/443\/revisions"}],"predecessor-version":[{"id":20071,"href":"https:\/\/benetflorentine.com\/fr\/wp-json\/wp\/v2\/pages\/443\/revisions\/20071"}],"up":[{"embeddable":true,"href":"https:\/\/benetflorentine.com\/fr\/wp-json\/wp\/v2\/pages\/55"}],"wp:featuredmedia":[{"embeddable":true,"href":"https:\/\/benetflorentine.com\/fr\/wp-json\/wp\/v2\/media\/12125"}],"wp:attachment":[{"href":"https:\/\/benetflorentine.com\/fr\/wp-json\/wp\/v2\/media?parent=443"}],"wp:term":[{"taxonomy":"category","embeddable":true,"href":"https:\/\/benetflorentine.com\/fr\/wp-json\/wp\/v2\/categories?post=443"},{"taxonomy":"post_tag","embeddable":true,"href":"https:\/\/benetflorentine.com\/fr\/wp-json\/wp\/v2\/tags?post=443"}],"curies":[{"name":"wp","href":"https:\/\/api.w.org\/{rel}","templated":true}]}}