{"id":52,"date":"2020-01-31T14:14:24","date_gmt":"2020-01-31T13:14:24","guid":{"rendered":"https:\/\/benetflorentine.com\/home\/"},"modified":"2026-04-10T09:41:30","modified_gmt":"2026-04-10T13:41:30","slug":"accueil","status":"publish","type":"page","link":"https:\/\/benetflorentine.com\/fr\/","title":{"rendered":"Accueil"},"content":{"rendered":"\n<div class=\"wp-block-group block_fwidth\"><div class=\"wp-block-group__inner-container is-layout-flow wp-block-group-is-layout-flow\"><div class=\"gb-container gb-container-cfb8ea2b block_fwidth\"><div class=\"gb-inside-container\">\n\n<div style=\"height:60px\" aria-hidden=\"true\" class=\"wp-block-spacer\"><\/div>\n\n\n\n<h2 class=\"gb-headline gb-headline-fdfe6e29 gb-headline-text become_a_player_title\">Devenez un joueur<\/h2>\n\n\n\n<h3 class=\"gb-headline gb-headline-22c29625 gb-headline-text become_a_player_subtitle\"><strong><strong>dans une \u00e9quipe de professionnels<\/strong><\/strong><\/h3>\n\n\n\n<div style=\"height:20px\" aria-hidden=\"true\" class=\"wp-block-spacer\"><\/div>\n\n\n<div class=\"gb-container gb-container-be29b28e\"><div class=\"gb-inside-container\">\n<div class=\"gb-button-wrapper gb-button-wrapper-7a63ec52\">\n\n<a class=\"gb-button gb-button-ff4a2861 gb-button-text btn-orange\" href=\"https:\/\/mtyfranchising.com\/fr\/ben-and-florentine-franchise\/\" target=\"_blank\" rel=\"noopener noreferrer\"><h2>Devenez<\/h2><strong><strong>un franchis\u00e9<\/strong><\/strong><em>L&rsquo;envers du d\u00e9cor vous int\u00e9resse ?<\/em><\/a>\n\n\n\n<a class=\"gb-button gb-button-a4799121 gb-button-text btn-orange\" href=\"\/fr\/carrieres\/\"><h2>Trouvez<\/h2><strong>un emploi avec nous<\/strong><em>On a h\u00e2te de travailler avec vous !<\/em><\/a>\n\n<\/div>\n\n\n<div style=\"height:80px\" aria-hidden=\"true\" class=\"wp-block-spacer\"><\/div>\n\n<\/div><\/div>\n<\/div><\/div><\/div><\/div>\n\n\n<div class=\"gb-container gb-container-768f0c66\"><div class=\"gb-inside-container\">\n\n<h1 style=\"margin-top: 60px; font-size: 2em; text-align: center;\">Amoureux du brunch?<\/h1>\n\n\n\n<p style=\"max-width: 600px; margin: 50px auto; margin-top: 0;\"><strong style=\"color:#ff710a !important;\">Ben &amp; Florentine vous propose un menu aux recettes vari\u00e9es avec un large choix de d\u00e9jeuners, brunchs et d\u00eeners.<\/strong><\/p>\n\n<\/div><\/div>\n\n\n\t\t\t\t<div class=\"sidebar-shortcode sidebar-1\" role=\"complementary\">\n\t\t\t\t\t<div class=\"sidebar-shortcode-content\">\n\t\t\t\t\t\t<aside id=\"nav_menu-12\" class=\"widget inner-padding widget_nav_menu\"><div class=\"menu-menu-du-restaurant-contenu-fr-container\"><ul id=\"menu-menu-du-restaurant-contenu-fr\" class=\"menu\"><li id=\"menu-item-12112\" class=\"menu-item menu-item-type-post_type menu-item-object-page menu-item-12112\"><a href=\"https:\/\/benetflorentine.com\/fr\/menu\/benedictines\/\" class=\"menu-image-title-below menu-image-not-hovered\"><img decoding=\"async\" width=\"2560\" height=\"2560\" src=\"https:\/\/benetflorentine.com\/wp-content\/uploads\/2022\/09\/Bene-au-jambon-scaled.jpeg\" class=\"menu-image menu-image-title-below\" alt=\"Oeuf benedictine avec jambon effiloch\u00e9 \u00e0 l&#039;ancienne \" \/><span class=\"menu-image-title-below menu-image-title\"><strong>B\u00e9n\u00e9dictines<\/strong><\/span><\/a><\/li>\n<li id=\"menu-item-13908\" class=\"menu-item menu-item-type-post_type menu-item-object-page menu-item-13908\"><a href=\"https:\/\/benetflorentine.com\/fr\/menu\/oeufs-omelettes\/\" class=\"menu-image-title-below menu-image-not-hovered\"><img decoding=\"async\" width=\"2560\" height=\"2560\" src=\"https:\/\/benetflorentine.com\/wp-content\/uploads\/2022\/09\/cre\u0302pe-jambon-effiloche\u0301-scaled.jpeg\" class=\"menu-image menu-image-title-below\" alt=\"\" \/><span class=\"menu-image-title-below menu-image-title\"><strong>Oeufs <\/strong>&#038; Omelettes<\/span><\/a><\/li>\n<li id=\"menu-item-12113\" class=\"menu-item menu-item-type-post_type menu-item-object-page menu-item-12113\"><a href=\"https:\/\/benetflorentine.com\/fr\/menu\/crepes\/\" class=\"menu-image-title-below menu-image-not-hovered\"><img decoding=\"async\" width=\"723\" height=\"775\" src=\"https:\/\/benetflorentine.com\/wp-content\/uploads\/2020\/05\/platemenu-1.jpg\" class=\"menu-image menu-image-title-below\" alt=\"Surprenez-vous\" \/><span class=\"menu-image-title-below menu-image-title\"><strong>Cr\u00eapes, Pancakes, Gaufres<\/strong> &#038; Pain dor\u00e9<\/span><\/a><\/li>\n<li id=\"menu-item-12129\" class=\"menu-item menu-item-type-post_type menu-item-object-page menu-item-12129\"><a href=\"https:\/\/benetflorentine.com\/fr\/menu\/poelees\/\" class=\"menu-image-title-below menu-image-not-hovered\"><img decoding=\"async\" width=\"615\" height=\"778\" src=\"https:\/\/benetflorentine.com\/wp-content\/uploads\/2020\/04\/poelees-ancienne.png\" class=\"menu-image menu-image-title-below\" alt=\"po\u00eal\u00e9es ancienne\" \/><span class=\"menu-image-title-below menu-image-title\"><strong>Po\u00eal\u00e9es<\/strong> \u00c0 l\u2019ancienne<\/span><\/a><\/li>\n<li id=\"menu-item-12133\" class=\"menu-item menu-item-type-post_type menu-item-object-page menu-item-12133\"><a href=\"https:\/\/benetflorentine.com\/fr\/menu\/choix-sante\/\" class=\"menu-image-title-below menu-image-not-hovered\"><img decoding=\"async\" width=\"2000\" height=\"1036\" src=\"https:\/\/benetflorentine.com\/wp-content\/uploads\/2020\/02\/choix-duo-sante.jpg\" class=\"menu-image menu-image-title-below\" alt=\"Choix duo sant\u00e9\" \/><span class=\"menu-image-title-below menu-image-title\"><strong>Choix<\/strong> de Florentine<\/span><\/a><\/li>\n<li id=\"menu-item-13910\" class=\"menu-item menu-item-type-post_type menu-item-object-page menu-item-13910\"><a href=\"https:\/\/benetflorentine.com\/fr\/menu\/nos-combos\/\" class=\"menu-image-title-below menu-image-not-hovered\"><img decoding=\"async\" width=\"2560\" height=\"2197\" src=\"https:\/\/benetflorentine.com\/wp-content\/uploads\/2022\/09\/combo-fruits-frais-scaled.jpeg\" class=\"menu-image menu-image-title-below\" alt=\"Combo gauffre fruits et cr\u00e8me anglaise accompagn\u00e9e de deux oeufs, bacon et saucisse.\" \/><span class=\"menu-image-title-below menu-image-title\"><strong>Nos<\/strong> Combos<\/span><\/a><\/li>\n<li id=\"menu-item-19734\" class=\"menu-item menu-item-type-post_type menu-item-object-page menu-item-19734\"><a href=\"https:\/\/benetflorentine.com\/fr\/menu\/tartines\/\" class=\"menu-image-title-below menu-image-not-hovered\"><img decoding=\"async\" width=\"1165\" height=\"934\" src=\"https:\/\/benetflorentine.com\/wp-content\/uploads\/2025\/04\/du-sante.jpg\" class=\"menu-image menu-image-title-below\" alt=\"\" \/><span class=\"menu-image-title-below menu-image-title\"><strong>Nos<\/strong> Tartines<\/span><\/a><\/li>\n<li id=\"menu-item-12131\" class=\"menu-item menu-item-type-post_type menu-item-object-page menu-item-12131\"><a href=\"https:\/\/benetflorentine.com\/fr\/menu\/sandwichs-burgers\/\" class=\"menu-image-title-below menu-image-not-hovered\"><img decoding=\"async\" width=\"615\" height=\"778\" src=\"https:\/\/benetflorentine.com\/wp-content\/uploads\/2020\/05\/burger-menu.png\" class=\"menu-image menu-image-title-below\" alt=\"Burger menu\" \/><span class=\"menu-image-title-below menu-image-title\"><strong>Sandwichs<\/strong> &#038; Poutines<\/span><\/a><\/li>\n<li id=\"menu-item-12138\" class=\"menu-item menu-item-type-post_type menu-item-object-page menu-item-12138\"><a href=\"https:\/\/benetflorentine.com\/fr\/menu\/nos-breuvages\/\" class=\"menu-image-title-below menu-image-not-hovered\"><img decoding=\"async\" width=\"2560\" height=\"1707\" src=\"https:\/\/benetflorentine.com\/wp-content\/uploads\/2022\/03\/Napperons-Breuvages-cafe-et-smoothies-scaled.jpeg\" class=\"menu-image menu-image-title-below\" alt=\"smoothies caf\u00e9s cappuccino\" \/><span class=\"menu-image-title-below menu-image-title\"><strong>Smoothies, Caf\u00e9s<\/strong> &#038;  breuvages<\/span><\/a><\/li>\n<li id=\"menu-item-19737\" class=\"menu-item menu-item-type-post_type menu-item-object-page menu-item-19737\"><a href=\"https:\/\/benetflorentine.com\/fr\/menu\/cocktails-signature\/\" class=\"menu-image-title-below menu-image-not-hovered\"><img decoding=\"async\" width=\"1900\" height=\"1101\" src=\"https:\/\/benetflorentine.com\/wp-content\/uploads\/2025\/07\/Menu-cocktail-CMYK-EDIT-copy.jpg\" class=\"menu-image menu-image-title-below\" alt=\"\" \/><span class=\"menu-image-title-below menu-image-title\"><strong>Cocktails<\/strong> signature<\/span><\/a><\/li>\n<\/ul><\/div><\/aside><aside id=\"nav_menu-23\" class=\"widget inner-padding widget_nav_menu\"><h2 class=\"widget-title\">Menus sp\u00e9ciaux<\/h2><div class=\"menu-menus-speciaux-contenu-fr-container\"><ul id=\"menu-menus-speciaux-contenu-fr\" class=\"menu\"><li id=\"menu-item-13482\" class=\"menu-item menu-item-type-post_type menu-item-object-page menu-item-13482\"><a href=\"https:\/\/benetflorentine.com\/fr\/menu\/leve-tot\/\" class=\"menu-image-title-below menu-image-not-hovered\"><img decoding=\"async\" width=\"510\" height=\"510\" src=\"https:\/\/benetflorentine.com\/wp-content\/uploads\/2020\/05\/Leve-tot.png\" class=\"menu-image menu-image-title-below\" alt=\"L\u00e8ve t\u00f4t\" \/><span class=\"menu-image-title-below menu-image-title\"><strong>Menu du<\/strong> l\u00e8ve-t\u00f4t<\/span><\/a><\/li>\n<li id=\"menu-item-13916\" class=\"menu-item menu-item-type-post_type menu-item-object-page menu-item-13916\"><a href=\"https:\/\/benetflorentine.com\/fr\/menu\/midi\/\" class=\"menu-image-title-below menu-image-not-hovered\"><img decoding=\"async\" width=\"2560\" height=\"2560\" src=\"https:\/\/benetflorentine.com\/wp-content\/uploads\/2020\/11\/Page-sandwich-scaled.jpg\" class=\"menu-image menu-image-title-below\" alt=\"Sandwich et wrap d\u00e9jeuner \" \/><span class=\"menu-image-title-below menu-image-title\"><strong>Menu du<\/strong> midi<\/span><\/a><\/li>\n<li id=\"menu-item-13483\" class=\"menu-item menu-item-type-post_type menu-item-object-page menu-item-13483\"><a href=\"https:\/\/benetflorentine.com\/fr\/menu\/choix-enfants\/\" class=\"menu-image-title-below menu-image-not-hovered\"><img decoding=\"async\" width=\"615\" height=\"778\" src=\"https:\/\/benetflorentine.com\/wp-content\/uploads\/2020\/04\/petite-portion.png\" class=\"menu-image menu-image-title-below\" alt=\"Petite portion\" \/><span class=\"menu-image-title-below menu-image-title\"><strong>Coin des<\/strong> Petits<\/span><\/a><\/li>\n<\/ul><\/div><\/aside>\n\t\t\t\t\t<\/div>\n\t\t\t\t<\/div>\n\t\t\t\n\n\n\n<div class=\"wp-block-columns is-layout-flex wp-container-core-columns-is-layout-9d6595d7 wp-block-columns-is-layout-flex\">\n<div class=\"wp-block-column is-layout-flow wp-block-column-is-layout-flow\" style=\"flex-basis:100%\"><\/div>\n<\/div>\n\n\n<div class=\"gb-container gb-container-c8c95023\"><div class=\"gb-inside-container\">\n\n<div class=\"wp-block-columns promo-columns-container is-layout-flex wp-container-core-columns-is-layout-9d6595d7 wp-block-columns-is-layout-flex\">\n<div class=\"wp-block-column promo-columns is-layout-flow wp-block-column-is-layout-flow\">\n<figure class=\"gb-block-image gb-block-image-eba841a3\"><img decoding=\"async\" width=\"879\" height=\"529\" class=\"gb-image gb-image-eba841a3\" src=\"https:\/\/benetflorentine.com\/wp-content\/uploads\/2025\/05\/Cocktail-Mood.jpg\" alt=\"\" title=\"Cocktail Mood\" srcset=\"https:\/\/benetflorentine.com\/wp-content\/uploads\/2025\/05\/Cocktail-Mood.jpg 879w, https:\/\/benetflorentine.com\/wp-content\/uploads\/2025\/05\/Cocktail-Mood-665x400.jpg 665w, https:\/\/benetflorentine.com\/wp-content\/uploads\/2025\/05\/Cocktail-Mood-768x462.jpg 768w, https:\/\/benetflorentine.com\/wp-content\/uploads\/2025\/05\/Cocktail-Mood-24x14.jpg 24w, https:\/\/benetflorentine.com\/wp-content\/uploads\/2025\/05\/Cocktail-Mood-36x22.jpg 36w, https:\/\/benetflorentine.com\/wp-content\/uploads\/2025\/05\/Cocktail-Mood-48x29.jpg 48w\" sizes=\"(max-width: 879px) 100vw, 879px\" \/><\/figure>\n<\/div>\n\n\n\n<div class=\"wp-block-column promo-columns right-column has-green-background-color has-background is-layout-flow wp-block-column-is-layout-flow\">\n<h3 class=\"gb-headline gb-headline-467dcf1c gb-headline-text promo-first-line\">Un toast \u00e0 nos nouvelles<\/h3>\n\n\n\n<h3 class=\"gb-headline gb-headline-cc269a80 gb-headline-text promo-title\"><strong>Boissons alcoolis\u00e9es !<\/strong><\/h3>\n\n\n\n<h4 class=\"wp-block-heading promo-second-line has-base-3-color has-text-color\" style=\"font-size:18px\">Id\u00e9ales pour accompagner votre brunch.<\/h4>\n\n\n<div class=\"gb-button-wrapper gb-button-wrapper-37b8c1c8\">\n\n<a class=\"gb-button gb-button-4e470d3f gb-button-text promo-btn btn-find\" href=\"\/fr\/menu\/nos-breuvages\/\">D\u00c9COUVRIR<\/a>\n\n<\/div><\/div>\n<\/div>\n\n<\/div><\/div>\n\n\n<p><\/p>\n\n\n<div class=\"gb-container gb-container-2dd43292 engagement-container\">\n<div class=\"gb-container gb-container-fa30b7b5 bf-container alignwide\">\n\n<div class=\"wp-block-columns is-layout-flex wp-container-core-columns-is-layout-9d6595d7 wp-block-columns-is-layout-flex\">\n<div class=\"wp-block-column is-vertically-aligned-center is-layout-flow wp-block-column-is-layout-flow\">\n<h2 class=\"gb-headline gb-headline-f06effc5 gb-headline-text\">Changer le monde,<br><strong>\u00e0 notre fa\u00e7on.<\/strong><\/h2>\n\n\n\n<div class=\"wp-block-buttons is-content-justification-center is-layout-flex wp-container-core-buttons-is-layout-16018d1d wp-block-buttons-is-layout-flex\">\n<div class=\"wp-block-button bf-button\"><a class=\"wp-block-button__link has-custom-font-size wp-element-button\" href=\"https:\/\/benetflorentine.com\/fr\/nos-engagements\/\" style=\"border-radius:0px;font-size:31px\">D\u00c9COUVREZ NOS ENGAGEMENTS<\/a><\/div>\n<\/div>\n<\/div>\n\n\n\n<div class=\"wp-block-column is-layout-flow wp-block-column-is-layout-flow\">\n<figure class=\"wp-block-image size-full\"><img decoding=\"async\" width=\"1216\" height=\"682\" src=\"https:\/\/benetflorentine.com\/wp-content\/uploads\/2025\/07\/img-engagements.jpg\" alt=\"\" class=\"wp-image-19435\" srcset=\"https:\/\/benetflorentine.com\/wp-content\/uploads\/2025\/07\/img-engagements.jpg 1216w, https:\/\/benetflorentine.com\/wp-content\/uploads\/2025\/07\/img-engagements-713x400.jpg 713w, https:\/\/benetflorentine.com\/wp-content\/uploads\/2025\/07\/img-engagements-768x431.jpg 768w, https:\/\/benetflorentine.com\/wp-content\/uploads\/2025\/07\/img-engagements-24x13.jpg 24w, https:\/\/benetflorentine.com\/wp-content\/uploads\/2025\/07\/img-engagements-36x20.jpg 36w, https:\/\/benetflorentine.com\/wp-content\/uploads\/2025\/07\/img-engagements-48x27.jpg 48w\" sizes=\"(max-width: 1216px) 100vw, 1216px\" \/><\/figure>\n<\/div>\n<\/div>\n\n<\/div>\n<\/div>\n\n\n<div class=\"wp-block-columns find-container is-layout-flex wp-container-core-columns-is-layout-9d6595d7 wp-block-columns-is-layout-flex\" id=\"find_resto\">\n<div class=\"wp-block-column is-layout-flow wp-block-column-is-layout-flow\">\n<figure class=\"gb-block-image gb-block-image-f0a38cda\"><img decoding=\"async\" width=\"223\" height=\"221\" class=\"gb-image gb-image-f0a38cda\" src=\"https:\/\/benetflorentine.com\/wp-content\/uploads\/2023\/01\/trouver-image.svg\" alt=\"\" title=\"trouver-image\"\/><\/figure>\n<\/div>\n\n\n\n<div class=\"wp-block-column is-layout-flow wp-block-column-is-layout-flow\">\n<p>Trouvez un restaurant<\/p>\n\n\n\n<p>Et v\u00e9rifiez les services offerts par Ben &amp; Florentine<br>pr\u00e8s de chez vous !<\/p>\n\n\n<div class=\"gb-button-wrapper gb-button-wrapper-4ed2f58d\">\n\n<a class=\"gb-button gb-button-a270fdb7 gb-button-text btn-find\" href=\"https:\/\/locations.benetflorentine.com\/fr\">Trouver<\/a>\n\n<\/div><\/div>\n<\/div>\n\n\n\n<div class=\"wp-block-columns newsletter-container is-layout-flex wp-container-core-columns-is-layout-9d6595d7 wp-block-columns-is-layout-flex\">\n<div class=\"wp-block-column is-layout-flow wp-block-column-is-layout-flow\">\n<p>Rester inform\u00e9<\/p>\n\n\n\n<p>Abonnez-vous \u00e0 notre infolettre pour ne pas manquer nos promotions, concours et nouveaux plats !<\/p>\n<\/div>\n\n\n\n<div class=\"wp-block-column right-colonne is-layout-flow wp-block-column-is-layout-flow\">\n<a class=\"subscribe-btn\" href=\"\/fr\/infolettre\">S\u2019abonner<\/a>\n<\/div>\n<\/div>\n\n\n<div class=\"gb-container gb-container-af5eb4d1 sticky-newsletter newsletter-container\"><div class=\"gb-inside-container\">\n<div class=\"gb-button-wrapper gb-button-wrapper-9bbc099d\">\n\n<a class=\"gb-button gb-button-dbbba1f9 gb-button-text btn-close-newsletter-sticky\" href=\"#\">(x)<\/a>\n\n<\/div>\n\n\n<p>Restez inform\u00e9<\/p>\n\n\n\n<p>Abonnez-vous \u00e0 notre infolettre pour ne pas manquer nos promotions, concours et nouveaux plats !<\/p>\n\n\n\n<a class=\"subscribe-btn\" href=\"https:\/\/benetflorentine.com\/fr\/infolettre\/\">S&rsquo;abonner<\/a>\n\n<\/div><\/div>","protected":false},"excerpt":{"rendered":"<p>Devenez un joueur dans une \u00e9quipe de professionnels Amoureux du brunch? Ben &amp; Florentine vous propose un menu aux recettes vari\u00e9es avec un large choix de d\u00e9jeuners, brunchs et d\u00eeners. Restez inform\u00e9 Abonnez-vous \u00e0 notre infolettre pour ne pas manquer nos promotions, concours et nouveaux plats ! S&rsquo;abonner<\/p>\n","protected":false},"author":10,"featured_media":0,"parent":0,"menu_order":0,"comment_status":"closed","ping_status":"closed","template":"","meta":{"inline_featured_image":false,"footnotes":""},"categories":[],"tags":[],"class_list":["post-52","page","type-page","status-publish"],"yoast_head":"<!-- This site is optimized with the Yoast SEO plugin v27.3 - https:\/\/yoast.com\/product\/yoast-seo-wordpress\/ -->\n<title>Pour des brunchs et d\u00e9jeuners innovants | Ben &amp; Florentine<\/title>\n<meta name=\"description\" content=\"Surprenez-vous \u00e0 chaque visite avec nos brunchs et d\u00e9jeuners savoureux. D\u00e9couvrez les tendances culinaires avec notre menu.\" \/>\n<meta name=\"robots\" content=\"index, follow, max-snippet:-1, max-image-preview:large, max-video-preview:-1\" \/>\n<link rel=\"canonical\" href=\"https:\/\/benetflorentine.com\/fr\/\" \/>\n<meta property=\"og:locale\" content=\"fr_FR\" \/>\n<meta property=\"og:type\" content=\"article\" \/>\n<meta property=\"og:title\" content=\"Pour des brunchs et d\u00e9jeuners innovants | Ben &amp; Florentine\" \/>\n<meta property=\"og:description\" content=\"Surprenez-vous \u00e0 chaque visite avec nos brunchs et d\u00e9jeuners savoureux. D\u00e9couvrez les tendances culinaires avec notre menu.\" \/>\n<meta property=\"og:url\" content=\"https:\/\/benetflorentine.com\/fr\/\" \/>\n<meta property=\"og:site_name\" content=\"Ben &amp; Florentine\" \/>\n<meta property=\"article:modified_time\" content=\"2026-04-10T13:41:30+00:00\" \/>\n<meta name=\"twitter:card\" content=\"summary_large_image\" \/>\n<meta name=\"twitter:label1\" content=\"Dur\u00e9e de lecture estim\u00e9e\" \/>\n\t<meta name=\"twitter:data1\" content=\"2 minutes\" \/>\n<script type=\"application\/ld+json\" class=\"yoast-schema-graph\">{\"@context\":\"https:\\\/\\\/schema.org\",\"@graph\":[{\"@type\":\"WebPage\",\"@id\":\"https:\\\/\\\/benetflorentine.com\\\/fr\\\/\",\"url\":\"https:\\\/\\\/benetflorentine.com\\\/fr\\\/\",\"name\":\"Pour des brunchs et d\u00e9jeuners innovants | Ben & Florentine\",\"isPartOf\":{\"@id\":\"https:\\\/\\\/benetflorentine.com\\\/fr\\\/#website\"},\"datePublished\":\"2020-01-31T13:14:24+00:00\",\"dateModified\":\"2026-04-10T13:41:30+00:00\",\"description\":\"Surprenez-vous \u00e0 chaque visite avec nos brunchs et d\u00e9jeuners savoureux. D\u00e9couvrez les tendances culinaires avec notre menu.\",\"inLanguage\":\"fr-FR\",\"potentialAction\":[{\"@type\":\"ReadAction\",\"target\":[\"https:\\\/\\\/benetflorentine.com\\\/fr\\\/\"]}]},{\"@type\":\"WebSite\",\"@id\":\"https:\\\/\\\/benetflorentine.com\\\/fr\\\/#website\",\"url\":\"https:\\\/\\\/benetflorentine.com\\\/fr\\\/\",\"name\":\"Ben &amp; Florentine\",\"description\":\"Brunch &amp; Breakfast\u200e\",\"publisher\":{\"@id\":\"https:\\\/\\\/benetflorentine.com\\\/fr\\\/#organization\"},\"potentialAction\":[{\"@type\":\"SearchAction\",\"target\":{\"@type\":\"EntryPoint\",\"urlTemplate\":\"https:\\\/\\\/benetflorentine.com\\\/fr\\\/?s={search_term_string}\"},\"query-input\":{\"@type\":\"PropertyValueSpecification\",\"valueRequired\":true,\"valueName\":\"search_term_string\"}}],\"inLanguage\":\"fr-FR\"},{\"@type\":\"Organization\",\"@id\":\"https:\\\/\\\/benetflorentine.com\\\/fr\\\/#organization\",\"name\":\"Ben &amp; Florentine\",\"url\":\"https:\\\/\\\/benetflorentine.com\\\/fr\\\/\",\"logo\":{\"@type\":\"ImageObject\",\"inLanguage\":\"fr-FR\",\"@id\":\"https:\\\/\\\/benetflorentine.com\\\/fr\\\/#\\\/schema\\\/logo\\\/image\\\/\",\"url\":\"https:\\\/\\\/benetflorentine.com\\\/wp-content\\\/uploads\\\/2020\\\/02\\\/cropped-benflorentine_logo.png\",\"contentUrl\":\"https:\\\/\\\/benetflorentine.com\\\/wp-content\\\/uploads\\\/2020\\\/02\\\/cropped-benflorentine_logo.png\",\"width\":553,\"height\":206,\"caption\":\"Ben &amp; Florentine\"},\"image\":{\"@id\":\"https:\\\/\\\/benetflorentine.com\\\/fr\\\/#\\\/schema\\\/logo\\\/image\\\/\"}}]}<\/script>\n<!-- \/ Yoast SEO plugin. -->","yoast_head_json":{"title":"Pour des brunchs et d\u00e9jeuners innovants | Ben & Florentine","description":"Surprenez-vous \u00e0 chaque visite avec nos brunchs et d\u00e9jeuners savoureux. D\u00e9couvrez les tendances culinaires avec notre menu.","robots":{"index":"index","follow":"follow","max-snippet":"max-snippet:-1","max-image-preview":"max-image-preview:large","max-video-preview":"max-video-preview:-1"},"canonical":"https:\/\/benetflorentine.com\/fr\/","og_locale":"fr_FR","og_type":"article","og_title":"Pour des brunchs et d\u00e9jeuners innovants | Ben & Florentine","og_description":"Surprenez-vous \u00e0 chaque visite avec nos brunchs et d\u00e9jeuners savoureux. D\u00e9couvrez les tendances culinaires avec notre menu.","og_url":"https:\/\/benetflorentine.com\/fr\/","og_site_name":"Ben &amp; Florentine","article_modified_time":"2026-04-10T13:41:30+00:00","twitter_card":"summary_large_image","twitter_misc":{"Dur\u00e9e de lecture estim\u00e9e":"2 minutes"},"schema":{"@context":"https:\/\/schema.org","@graph":[{"@type":"WebPage","@id":"https:\/\/benetflorentine.com\/fr\/","url":"https:\/\/benetflorentine.com\/fr\/","name":"Pour des brunchs et d\u00e9jeuners innovants | Ben & Florentine","isPartOf":{"@id":"https:\/\/benetflorentine.com\/fr\/#website"},"datePublished":"2020-01-31T13:14:24+00:00","dateModified":"2026-04-10T13:41:30+00:00","description":"Surprenez-vous \u00e0 chaque visite avec nos brunchs et d\u00e9jeuners savoureux. D\u00e9couvrez les tendances culinaires avec notre menu.","inLanguage":"fr-FR","potentialAction":[{"@type":"ReadAction","target":["https:\/\/benetflorentine.com\/fr\/"]}]},{"@type":"WebSite","@id":"https:\/\/benetflorentine.com\/fr\/#website","url":"https:\/\/benetflorentine.com\/fr\/","name":"Ben &amp; Florentine","description":"Brunch &amp; Breakfast\u200e","publisher":{"@id":"https:\/\/benetflorentine.com\/fr\/#organization"},"potentialAction":[{"@type":"SearchAction","target":{"@type":"EntryPoint","urlTemplate":"https:\/\/benetflorentine.com\/fr\/?s={search_term_string}"},"query-input":{"@type":"PropertyValueSpecification","valueRequired":true,"valueName":"search_term_string"}}],"inLanguage":"fr-FR"},{"@type":"Organization","@id":"https:\/\/benetflorentine.com\/fr\/#organization","name":"Ben &amp; Florentine","url":"https:\/\/benetflorentine.com\/fr\/","logo":{"@type":"ImageObject","inLanguage":"fr-FR","@id":"https:\/\/benetflorentine.com\/fr\/#\/schema\/logo\/image\/","url":"https:\/\/benetflorentine.com\/wp-content\/uploads\/2020\/02\/cropped-benflorentine_logo.png","contentUrl":"https:\/\/benetflorentine.com\/wp-content\/uploads\/2020\/02\/cropped-benflorentine_logo.png","width":553,"height":206,"caption":"Ben &amp; Florentine"},"image":{"@id":"https:\/\/benetflorentine.com\/fr\/#\/schema\/logo\/image\/"}}]}},"_links":{"self":[{"href":"https:\/\/benetflorentine.com\/fr\/wp-json\/wp\/v2\/pages\/52","targetHints":{"allow":["GET"]}}],"collection":[{"href":"https:\/\/benetflorentine.com\/fr\/wp-json\/wp\/v2\/pages"}],"about":[{"href":"https:\/\/benetflorentine.com\/fr\/wp-json\/wp\/v2\/types\/page"}],"author":[{"embeddable":true,"href":"https:\/\/benetflorentine.com\/fr\/wp-json\/wp\/v2\/users\/10"}],"replies":[{"embeddable":true,"href":"https:\/\/benetflorentine.com\/fr\/wp-json\/wp\/v2\/comments?post=52"}],"version-history":[{"count":119,"href":"https:\/\/benetflorentine.com\/fr\/wp-json\/wp\/v2\/pages\/52\/revisions"}],"predecessor-version":[{"id":20841,"href":"https:\/\/benetflorentine.com\/fr\/wp-json\/wp\/v2\/pages\/52\/revisions\/20841"}],"wp:attachment":[{"href":"https:\/\/benetflorentine.com\/fr\/wp-json\/wp\/v2\/media?parent=52"}],"wp:term":[{"taxonomy":"category","embeddable":true,"href":"https:\/\/benetflorentine.com\/fr\/wp-json\/wp\/v2\/categories?post=52"},{"taxonomy":"post_tag","embeddable":true,"href":"https:\/\/benetflorentine.com\/fr\/wp-json\/wp\/v2\/tags?post=52"}],"curies":[{"name":"wp","href":"https:\/\/api.w.org\/{rel}","templated":true}]}}