{"id":57,"date":"2020-01-31T09:01:01","date_gmt":"2020-01-31T14:01:01","guid":{"rendered":"https:\/\/benetflorentine.com\/sitemap\/"},"modified":"2022-12-13T14:16:55","modified_gmt":"2022-12-13T19:16:55","slug":"plan-du-site","status":"publish","type":"page","link":"https:\/\/benetflorentine.com\/fr\/plan-du-site\/","title":{"rendered":"Plan du site"},"content":{"rendered":"<div class=\"gb-container gb-container-149af572 plan-container\"><div class=\"gb-inside-container\">\n<div class=\"gb-container gb-container-0b062dd1 staticPage-header-container staticPage-header-container-with-bg menuPage alignfull\"><div class=\"gb-inside-container\">\n\n<h1 class=\"gb-headline gb-headline-f4ad50fc gb-headline-text\">Plan du<br><strong>site<\/strong><\/h1>\n\n<\/div><\/div>\n\n\n\t\t\t\t<div class=\"sidebar-shortcode test\" role=\"complementary\">\n\t\t\t\t\t<div class=\"sidebar-shortcode-content\">\n\t\t\t\t\t\t<li id=\"nav_menu-8\" class=\"widget widget_nav_menu\"><div class=\"menu-plan-du-site-contenu-fr-container\"><ul id=\"menu-plan-du-site-contenu-fr\" class=\"menu\"><li id=\"menu-item-3564\" class=\"menu-item menu-item-type-post_type menu-item-object-page menu-item-home menu-item-3564\"><a href=\"https:\/\/benetflorentine.com\/fr\/\">Accueil<\/a><\/li>\n<li id=\"menu-item-7436\" class=\"menu-item menu-item-type-post_type menu-item-object-page menu-item-has-children menu-item-7436\"><a href=\"https:\/\/benetflorentine.com\/fr\/menu\/\">Menu<\/a>\n<ul class=\"sub-menu\">\n\t<li id=\"menu-item-7427\" class=\"menu-item menu-item-type-post_type menu-item-object-page menu-item-7427\"><a href=\"https:\/\/benetflorentine.com\/fr\/menu\/benedictines\/\">B\u00e9n\u00e9dictine<\/a><\/li>\n\t<li id=\"menu-item-7428\" class=\"menu-item menu-item-type-post_type menu-item-object-page menu-item-7428\"><a href=\"https:\/\/benetflorentine.com\/fr\/menu\/crepes\/\">Cr\u00eapes, Pancakes,<strong> Gaufres &amp; Pains dor\u00e9<\/strong>s<\/a><\/li>\n\t<li id=\"menu-item-7421\" class=\"menu-item menu-item-type-post_type menu-item-object-page menu-item-7421\"><a href=\"https:\/\/benetflorentine.com\/fr\/menu\/poelees\/\">Po\u00eal\u00e9es \u00e0 l\u2019ancienne<\/a><\/li>\n\t<li id=\"menu-item-7420\" class=\"menu-item menu-item-type-post_type menu-item-object-page menu-item-7420\"><a href=\"https:\/\/benetflorentine.com\/fr\/menu\/sandwichs-burgers\/\">Sandwichs &amp; Poutines<\/a><\/li>\n\t<li id=\"menu-item-7429\" class=\"menu-item menu-item-type-post_type menu-item-object-page menu-item-7429\"><a href=\"https:\/\/benetflorentine.com\/fr\/menu\/choix-sante\/\">Choix de Florentine<\/a><\/li>\n\t<li id=\"menu-item-14357\" class=\"menu-item menu-item-type-post_type menu-item-object-page menu-item-14357\"><a href=\"https:\/\/benetflorentine.com\/fr\/menu\/choix-enfants\/\">Menu pour enfants<\/a><\/li>\n\t<li id=\"menu-item-14358\" class=\"menu-item menu-item-type-post_type menu-item-object-page menu-item-14358\"><a href=\"https:\/\/benetflorentine.com\/fr\/menu\/oeufs-omelettes\/\">Oeufs &#038; Omelettes<\/a><\/li>\n\t<li id=\"menu-item-7419\" class=\"menu-item menu-item-type-post_type menu-item-object-page menu-item-7419\"><a href=\"https:\/\/benetflorentine.com\/fr\/menu\/nos-breuvages\/\">Smoothies, Caf\u00e9s &#038; Breuvages<\/a><\/li>\n\t<li id=\"menu-item-14368\" class=\"menu-item menu-item-type-post_type menu-item-object-page menu-item-14368\"><a href=\"https:\/\/benetflorentine.com\/fr\/menu\/midi\/\">Menu du midi<\/a><\/li>\n\t<li id=\"menu-item-14369\" class=\"menu-item menu-item-type-post_type menu-item-object-page menu-item-14369\"><a href=\"https:\/\/benetflorentine.com\/fr\/menu\/leve-tot\/\">Menu du l\u00e8ve-t\u00f4t<\/a><\/li>\n<\/ul>\n<\/li>\n<li id=\"menu-item-16877\" class=\"menu-item menu-item-type-custom menu-item-object-custom menu-item-16877\"><a href=\"https:\/\/locations.benetflorentine.com\/fr\">Trouver un restaurant<\/a><\/li>\n<li id=\"menu-item-14359\" class=\"menu-item menu-item-type-post_type menu-item-object-page menu-item-has-children menu-item-14359\"><a href=\"https:\/\/benetflorentine.com\/fr\/a-propos\/\">\u00c0 propos<\/a>\n<ul class=\"sub-menu\">\n\t<li id=\"menu-item-14360\" class=\"menu-item menu-item-type-post_type menu-item-object-page menu-item-14360\"><a href=\"https:\/\/benetflorentine.com\/fr\/a-propos\/notre-histoire\/\">Histoire<\/a><\/li>\n\t<li id=\"menu-item-14361\" class=\"menu-item menu-item-type-post_type menu-item-object-page menu-item-14361\"><a href=\"https:\/\/benetflorentine.com\/fr\/contactez-nous\/\">Contactez-nous<\/a><\/li>\n<\/ul>\n<\/li>\n<li id=\"menu-item-14362\" class=\"menu-item menu-item-type-post_type menu-item-object-page menu-item-14362\"><a href=\"https:\/\/benetflorentine.com\/fr\/cartes\/\">Cartes<\/a><\/li>\n<\/ul><\/div><\/li>\n\n\t\t\t\t\t<\/div>\n\t\t\t\t<\/div>\n\t\t\t\n\n<\/div><\/div>\n\n\n<div style=\"height:120px\" aria-hidden=\"true\" class=\"wp-block-spacer\"><\/div>\n\n\n<div class=\"gb-container gb-container-cfb8ea2b block_fwidth\"><div class=\"gb-inside-container\">\n\n<div style=\"height:50px\" aria-hidden=\"true\" class=\"wp-block-spacer\"><\/div>\n\n\n\n<h2 class=\"gb-headline gb-headline-fdfe6e29 gb-headline-text become_a_player_title\">Devenez un joueur<\/h2>\n\n\n\n<h3 class=\"gb-headline gb-headline-22c29625 gb-headline-text become_a_player_subtitle\"><strong><strong><strong><strong><strong><strong>dans une \u00e9quipe de professionnels<\/strong><\/strong><\/strong><\/strong><\/strong><\/strong><\/h3>\n\n\n\n<div style=\"height:20px\" aria-hidden=\"true\" class=\"wp-block-spacer\"><\/div>\n\n\n<div class=\"gb-container gb-container-be29b28e\"><div class=\"gb-inside-container\">\n<div class=\"gb-button-wrapper gb-button-wrapper-7a63ec52\">\n\n<a class=\"gb-button gb-button-ff4a2861 gb-button-text btn-orange\" href=\"https:\/\/mtyfranchising.com\/fr\/ben-and-florentine-franchise\/\" target=\"_blank\" rel=\"noopener noreferrer\"><h2>Devenez<\/h2><strong><strong><strong><strong><strong><strong>un franchis\u00e9<\/strong><\/strong><\/strong><\/strong><\/strong><\/strong><em><em><em>L&rsquo;envers du d\u00e9cor vous int\u00e9resse ?<\/em><\/em><\/em><\/a>\n\n\n\n<a class=\"gb-button gb-button-a4799121 gb-button-text btn-orange\" href=\"\/fr\/carrieres\/\"><h2>Trouvez<\/h2><strong><strong><strong>un emploi avec nous<\/strong><\/strong><\/strong><em><em><em>On a h\u00e2te de travailler avec vous !<\/em><\/em><\/em><\/a>\n\n<\/div>\n\n\n<div style=\"height:50px\" aria-hidden=\"true\" class=\"wp-block-spacer\"><\/div>\n\n<\/div><\/div>\n<\/div><\/div>","protected":false},"excerpt":{"rendered":"<p>Plan dusite<\/p>\n","protected":false},"author":10,"featured_media":811,"parent":0,"menu_order":0,"comment_status":"closed","ping_status":"closed","template":"","meta":{"inline_featured_image":false,"footnotes":""},"categories":[],"tags":[],"class_list":["post-57","page","type-page","status-publish","has-post-thumbnail"],"yoast_head":"<!-- This site is optimized with the Yoast SEO plugin v27.3 - https:\/\/yoast.com\/product\/yoast-seo-wordpress\/ -->\n<title>Plan du site | Ben &amp; Florentine<\/title>\n<meta name=\"description\" content=\"D\u00e9couvrez le plan de site de Ben &amp; Florentine pour conna\u00eetre l&#039;enti\u00e8ret\u00e9 de notre contenu.\" \/>\n<meta name=\"robots\" content=\"index, follow, max-snippet:-1, max-image-preview:large, max-video-preview:-1\" \/>\n<link rel=\"canonical\" href=\"https:\/\/benetflorentine.com\/fr\/plan-du-site\/\" \/>\n<meta property=\"og:locale\" content=\"fr_FR\" \/>\n<meta property=\"og:type\" content=\"article\" \/>\n<meta property=\"og:title\" content=\"Plan du site | Ben &amp; Florentine\" \/>\n<meta property=\"og:description\" content=\"D\u00e9couvrez le plan de site de Ben &amp; Florentine pour conna\u00eetre l&#039;enti\u00e8ret\u00e9 de notre contenu.\" \/>\n<meta property=\"og:url\" content=\"https:\/\/benetflorentine.com\/fr\/plan-du-site\/\" \/>\n<meta property=\"og:site_name\" content=\"Ben &amp; Florentine\" \/>\n<meta property=\"article:modified_time\" content=\"2022-12-13T19:16:55+00:00\" \/>\n<meta property=\"og:image\" content=\"https:\/\/benetflorentine.com\/wp-content\/uploads\/2020\/02\/produits.png\" \/>\n\t<meta property=\"og:image:width\" content=\"902\" \/>\n\t<meta property=\"og:image:height\" content=\"680\" \/>\n\t<meta property=\"og:image:type\" content=\"image\/png\" \/>\n<meta name=\"twitter:card\" content=\"summary_large_image\" \/>\n<meta name=\"twitter:label1\" content=\"Dur\u00e9e de lecture estim\u00e9e\" \/>\n\t<meta name=\"twitter:data1\" content=\"1 minute\" \/>\n<script type=\"application\/ld+json\" class=\"yoast-schema-graph\">{\"@context\":\"https:\\\/\\\/schema.org\",\"@graph\":[{\"@type\":\"WebPage\",\"@id\":\"https:\\\/\\\/benetflorentine.com\\\/fr\\\/plan-du-site\\\/\",\"url\":\"https:\\\/\\\/benetflorentine.com\\\/fr\\\/plan-du-site\\\/\",\"name\":\"Plan du site | Ben &amp; Florentine\",\"isPartOf\":{\"@id\":\"https:\\\/\\\/benetflorentine.com\\\/fr\\\/#website\"},\"primaryImageOfPage\":{\"@id\":\"https:\\\/\\\/benetflorentine.com\\\/fr\\\/plan-du-site\\\/#primaryimage\"},\"image\":{\"@id\":\"https:\\\/\\\/benetflorentine.com\\\/fr\\\/plan-du-site\\\/#primaryimage\"},\"thumbnailUrl\":\"https:\\\/\\\/benetflorentine.com\\\/wp-content\\\/uploads\\\/2020\\\/02\\\/produits.png\",\"datePublished\":\"2020-01-31T14:01:01+00:00\",\"dateModified\":\"2022-12-13T19:16:55+00:00\",\"description\":\"D\u00e9couvrez le plan de site de Ben & Florentine pour conna\u00eetre l'enti\u00e8ret\u00e9 de notre contenu.\",\"inLanguage\":\"fr-FR\",\"potentialAction\":[{\"@type\":\"ReadAction\",\"target\":[\"https:\\\/\\\/benetflorentine.com\\\/fr\\\/plan-du-site\\\/\"]}]},{\"@type\":\"ImageObject\",\"inLanguage\":\"fr-FR\",\"@id\":\"https:\\\/\\\/benetflorentine.com\\\/fr\\\/plan-du-site\\\/#primaryimage\",\"url\":\"https:\\\/\\\/benetflorentine.com\\\/wp-content\\\/uploads\\\/2020\\\/02\\\/produits.png\",\"contentUrl\":\"https:\\\/\\\/benetflorentine.com\\\/wp-content\\\/uploads\\\/2020\\\/02\\\/produits.png\",\"width\":902,\"height\":680,\"caption\":\"Produits\"},{\"@type\":\"WebSite\",\"@id\":\"https:\\\/\\\/benetflorentine.com\\\/fr\\\/#website\",\"url\":\"https:\\\/\\\/benetflorentine.com\\\/fr\\\/\",\"name\":\"Ben &amp; Florentine\",\"description\":\"Brunch &amp; Breakfast\u200e\",\"publisher\":{\"@id\":\"https:\\\/\\\/benetflorentine.com\\\/fr\\\/#organization\"},\"potentialAction\":[{\"@type\":\"SearchAction\",\"target\":{\"@type\":\"EntryPoint\",\"urlTemplate\":\"https:\\\/\\\/benetflorentine.com\\\/fr\\\/?s={search_term_string}\"},\"query-input\":{\"@type\":\"PropertyValueSpecification\",\"valueRequired\":true,\"valueName\":\"search_term_string\"}}],\"inLanguage\":\"fr-FR\"},{\"@type\":\"Organization\",\"@id\":\"https:\\\/\\\/benetflorentine.com\\\/fr\\\/#organization\",\"name\":\"Ben &amp; Florentine\",\"url\":\"https:\\\/\\\/benetflorentine.com\\\/fr\\\/\",\"logo\":{\"@type\":\"ImageObject\",\"inLanguage\":\"fr-FR\",\"@id\":\"https:\\\/\\\/benetflorentine.com\\\/fr\\\/#\\\/schema\\\/logo\\\/image\\\/\",\"url\":\"https:\\\/\\\/benetflorentine.com\\\/wp-content\\\/uploads\\\/2020\\\/02\\\/cropped-benflorentine_logo.png\",\"contentUrl\":\"https:\\\/\\\/benetflorentine.com\\\/wp-content\\\/uploads\\\/2020\\\/02\\\/cropped-benflorentine_logo.png\",\"width\":553,\"height\":206,\"caption\":\"Ben &amp; Florentine\"},\"image\":{\"@id\":\"https:\\\/\\\/benetflorentine.com\\\/fr\\\/#\\\/schema\\\/logo\\\/image\\\/\"}}]}<\/script>\n<!-- \/ Yoast SEO plugin. -->","yoast_head_json":{"title":"Plan du site | Ben &amp; Florentine","description":"D\u00e9couvrez le plan de site de Ben & Florentine pour conna\u00eetre l'enti\u00e8ret\u00e9 de notre contenu.","robots":{"index":"index","follow":"follow","max-snippet":"max-snippet:-1","max-image-preview":"max-image-preview:large","max-video-preview":"max-video-preview:-1"},"canonical":"https:\/\/benetflorentine.com\/fr\/plan-du-site\/","og_locale":"fr_FR","og_type":"article","og_title":"Plan du site | Ben &amp; Florentine","og_description":"D\u00e9couvrez le plan de site de Ben & Florentine pour conna\u00eetre l'enti\u00e8ret\u00e9 de notre contenu.","og_url":"https:\/\/benetflorentine.com\/fr\/plan-du-site\/","og_site_name":"Ben &amp; Florentine","article_modified_time":"2022-12-13T19:16:55+00:00","og_image":[{"width":902,"height":680,"url":"https:\/\/benetflorentine.com\/wp-content\/uploads\/2020\/02\/produits.png","type":"image\/png"}],"twitter_card":"summary_large_image","twitter_misc":{"Dur\u00e9e de lecture estim\u00e9e":"1 minute"},"schema":{"@context":"https:\/\/schema.org","@graph":[{"@type":"WebPage","@id":"https:\/\/benetflorentine.com\/fr\/plan-du-site\/","url":"https:\/\/benetflorentine.com\/fr\/plan-du-site\/","name":"Plan du site | Ben &amp; Florentine","isPartOf":{"@id":"https:\/\/benetflorentine.com\/fr\/#website"},"primaryImageOfPage":{"@id":"https:\/\/benetflorentine.com\/fr\/plan-du-site\/#primaryimage"},"image":{"@id":"https:\/\/benetflorentine.com\/fr\/plan-du-site\/#primaryimage"},"thumbnailUrl":"https:\/\/benetflorentine.com\/wp-content\/uploads\/2020\/02\/produits.png","datePublished":"2020-01-31T14:01:01+00:00","dateModified":"2022-12-13T19:16:55+00:00","description":"D\u00e9couvrez le plan de site de Ben & Florentine pour conna\u00eetre l'enti\u00e8ret\u00e9 de notre contenu.","inLanguage":"fr-FR","potentialAction":[{"@type":"ReadAction","target":["https:\/\/benetflorentine.com\/fr\/plan-du-site\/"]}]},{"@type":"ImageObject","inLanguage":"fr-FR","@id":"https:\/\/benetflorentine.com\/fr\/plan-du-site\/#primaryimage","url":"https:\/\/benetflorentine.com\/wp-content\/uploads\/2020\/02\/produits.png","contentUrl":"https:\/\/benetflorentine.com\/wp-content\/uploads\/2020\/02\/produits.png","width":902,"height":680,"caption":"Produits"},{"@type":"WebSite","@id":"https:\/\/benetflorentine.com\/fr\/#website","url":"https:\/\/benetflorentine.com\/fr\/","name":"Ben &amp; Florentine","description":"Brunch &amp; Breakfast\u200e","publisher":{"@id":"https:\/\/benetflorentine.com\/fr\/#organization"},"potentialAction":[{"@type":"SearchAction","target":{"@type":"EntryPoint","urlTemplate":"https:\/\/benetflorentine.com\/fr\/?s={search_term_string}"},"query-input":{"@type":"PropertyValueSpecification","valueRequired":true,"valueName":"search_term_string"}}],"inLanguage":"fr-FR"},{"@type":"Organization","@id":"https:\/\/benetflorentine.com\/fr\/#organization","name":"Ben &amp; Florentine","url":"https:\/\/benetflorentine.com\/fr\/","logo":{"@type":"ImageObject","inLanguage":"fr-FR","@id":"https:\/\/benetflorentine.com\/fr\/#\/schema\/logo\/image\/","url":"https:\/\/benetflorentine.com\/wp-content\/uploads\/2020\/02\/cropped-benflorentine_logo.png","contentUrl":"https:\/\/benetflorentine.com\/wp-content\/uploads\/2020\/02\/cropped-benflorentine_logo.png","width":553,"height":206,"caption":"Ben &amp; Florentine"},"image":{"@id":"https:\/\/benetflorentine.com\/fr\/#\/schema\/logo\/image\/"}}]}},"_links":{"self":[{"href":"https:\/\/benetflorentine.com\/fr\/wp-json\/wp\/v2\/pages\/57","targetHints":{"allow":["GET"]}}],"collection":[{"href":"https:\/\/benetflorentine.com\/fr\/wp-json\/wp\/v2\/pages"}],"about":[{"href":"https:\/\/benetflorentine.com\/fr\/wp-json\/wp\/v2\/types\/page"}],"author":[{"embeddable":true,"href":"https:\/\/benetflorentine.com\/fr\/wp-json\/wp\/v2\/users\/10"}],"replies":[{"embeddable":true,"href":"https:\/\/benetflorentine.com\/fr\/wp-json\/wp\/v2\/comments?post=57"}],"version-history":[{"count":28,"href":"https:\/\/benetflorentine.com\/fr\/wp-json\/wp\/v2\/pages\/57\/revisions"}],"predecessor-version":[{"id":15143,"href":"https:\/\/benetflorentine.com\/fr\/wp-json\/wp\/v2\/pages\/57\/revisions\/15143"}],"wp:featuredmedia":[{"embeddable":true,"href":"https:\/\/benetflorentine.com\/fr\/wp-json\/wp\/v2\/media\/811"}],"wp:attachment":[{"href":"https:\/\/benetflorentine.com\/fr\/wp-json\/wp\/v2\/media?parent=57"}],"wp:term":[{"taxonomy":"category","embeddable":true,"href":"https:\/\/benetflorentine.com\/fr\/wp-json\/wp\/v2\/categories?post=57"},{"taxonomy":"post_tag","embeddable":true,"href":"https:\/\/benetflorentine.com\/fr\/wp-json\/wp\/v2\/tags?post=57"}],"curies":[{"name":"wp","href":"https:\/\/api.w.org\/{rel}","templated":true}]}}