{"id":58,"date":"2020-01-31T09:02:46","date_gmt":"2020-01-31T14:02:46","guid":{"rendered":"https:\/\/benetflorentine.com\/terms-and-conditions\/"},"modified":"2020-12-01T09:42:05","modified_gmt":"2020-12-01T14:42:05","slug":"termes-et-conditions","status":"publish","type":"page","link":"https:\/\/benetflorentine.com\/fr\/termes-et-conditions\/","title":{"rendered":"Termes et conditions"},"content":{"rendered":"\n[section bg=\u00a0\u00bb546&Prime; bg_color=\u00a0\u00bb#26361d\u00a0\u00bb bg_pos=\u00a0\u00bb0% 0%\u00a0\u00bb padding=\u00a0\u00bb60px\u00a0\u00bb height=\u00a0\u00bb300px\u00a0\u00bb class=\u00a0\u00bbsection-banner\u00a0\u00bb]\n\n[row h_align=\u00a0\u00bbcenter\u00a0\u00bb]\n\n[col span=\u00a0\u00bb10&Prime; span__sm=\u00a0\u00bb12&Prime; align=\u00a0\u00bbcenter\u00a0\u00bb color=\u00a0\u00bblight\u00a0\u00bb]\n\n<h1>Termes et<strong>conditions<\/strong><\/h1>\n\n[\/col]\n\n[\/row]\n\n[\/section]\n[section]\n\n[row]\n\n[col span__sm=\u00a0\u00bb12&Prime;]\n\n<p><strong>LES CONDITIONS ET MODALIT\u00c9S DU PROGRAMME DE PRIMES BEN &amp; FLORENTINE<\/strong><\/p>\n<p>Les conditions et modalit\u00e9s suivantes s\u2019appliquent au programme de primes Ben &amp; Florentine et fournissent des informations pertinentes sur divers aspects du programme.<\/p>\n<p>Toute utilisation de la carte signifie que le d\u00e9tenteur a lu et a accept\u00e9 les conditions et modalit\u00e9s ci-dessous.<\/p>\n<p><strong>RESTAURANTS PARTICIPANTS<\/strong><\/p>\n<p>Le programme de fid\u00e9lit\u00e9 Ben &amp; Florentine est offert dans les restaurants participants Ben &amp; Florentine. L\u2019utilisation de la carte primes Ben &amp; Florentine est assujettie aux conditions et modalit\u00e9s du programme de primes Ben &amp; Florentine.<\/p>\n<p>Pour participer au programme de primes Ben &amp; Florentine, un client doit devenir Membre du programme. L\u2019inscription au programme est gratuite. Un client peut devenir membre en se rendant \u00e0 l\u2019un de nos restaurants participants et en obtenant une carte primes. La carte devra \u00eatre activ\u00e9e par la suite en se rendant en ligne afin de remplir le formulaire d\u2019inscription, et d\u2019accepter les conditions et modalit\u00e9s du programme.<\/p>\n<p><strong>ACCUMULATION DE DOLLARS R\u00c9COMPENSES<\/strong><\/p>\n<p>Pour accumuler des dollars r\u00e9compenses, un membre doit acheter des produits dans les restaurants participants en utilisant une carte primes Ben &amp; Florentine valide. Des Dollars B&amp;F r\u00e9compenses seront \u00e9mis \u00e0 raison d\u2019un pourcentage des dollars d\u00e9pens\u00e9s. Les dollars r\u00e9compenses seront calcul\u00e9s sur le montant net des achats (prix d\u2019achat moins rabais) avant les taxes et les pourboires.<\/p>\n<p>La carte primes Ben &amp; Florentine doit \u00eatre pr\u00e9sent\u00e9e au moment de l\u2019achat. Aucun dollar r\u00e9compenses sera accord\u00e9 une fois la transaction compl\u00e9t\u00e9e.<\/p>\n<p>Les Dollars B&amp;F ne seront pas accord\u00e9s sur l\u2019achat des cartes-cadeaux Ben &amp; Florentine.<\/p>\n<p>Tous les Dollars B&amp;F r\u00e9compenses accumul\u00e9s seront inscrits sur le re\u00e7u de caisse.<\/p>\n<p>Ben &amp; Florentine Restaurants. peut, de temps \u00e0 autre, \u00e0 sa discr\u00e9tion et selon certaines conditions sp\u00e9cifiques, offrir des dollars r\u00e9compenses suppl\u00e9mentaires \u00e0 l\u2019achat de certains items au menu ou pour des offres promotionnelles ou pour des \u00e9v\u00e9nements sp\u00e9ciaux.<\/p>\n<p>Il n\u2019y a aucune limite sur le nombre de Dollars B&amp;F que vous pouvez accumuler, par contre, les dollars r\u00e9compenses Ben &amp; Florentine ne seront plus valides si la carte n\u2019est pas utilis\u00e9e pendant 2 ans.<\/p>\n<p>En cas de panne du serveur, du r\u00e9seau ou tout autre trouble technique, la carte r\u00e9compenses Ben &amp; Florentine ne pourra \u00eatre utilis\u00e9e pour l\u2019accumulation de r\u00e9compenses Ben &amp; Florentine.<\/p>\n<p><strong>\u00c9CHANGE DES DOLLARS BEN &amp; FLORENTINE<\/strong><\/p>\n<p>Les Dollars Ben &amp; Florentine sont \u00e9changeables que dans les restaurants Ben &amp; Florentine participants et peuvent \u00eatre utilis\u00e9s comme paiement pour des items au menu. Les pourboires sont exclus.<\/p>\n<p>Pour b\u00e9n\u00e9ficier de cet avantage, le client doit avoir pr\u00e9alablement enregistr\u00e9 sa carte et la pr\u00e9senter \u00e0 la caisse ou au serveur avant la fermeture de la transaction.<\/p>\n<p>Les Dollars B&amp;F ne peuvent pas \u00eatre \u00e9chang\u00e9s contre de l\u2019argent comptant et n\u2019ont pas de valeur monnayable.<\/p>\n<p>Les Dollars B&amp;F ne peuvent \u00eatre accumul\u00e9s ni \u00e9chang\u00e9s par aucune autre personne que le titulaire de la carte primes Ben &amp; Florentine. Ben &amp; Florentine Restaurants. se r\u00e9serve le droit de demander une pi\u00e8ce d\u2019identit\u00e9 lors de l\u2019\u00e9change. Chaque membre du programme de primes Ben &amp; Florentine doit s\u2019assurer de la validit\u00e9 et de l\u2019exactitude de tous les renseignements personnels et Ben &amp; Florentine Restaurants. se r\u00e9serve le droit d\u2019annuler tous \u00e9changes de dollars r\u00e9compenses lorsque les renseignements personnels du titulaire de la carte sont inexacts ou incomplets.<\/p>\n<p>En cas de panne du serveur, du r\u00e9seau ou tout autre trouble technique, la carte primes Ben &amp; Florentine ne pourra \u00eatre utilis\u00e9e comme mode de paiement.<\/p>\n<p><strong>RENSEIGNEMENTS G\u00c9N\u00c9RAUX<\/strong><\/p>\n<p>Une seule carte primes Ben &amp; Florentine sera \u00e9mise par client.<\/p>\n<p>Chaque membre du programme de primes Ben &amp; Florentine recevra une carte portant un num\u00e9ro unique enregistr\u00e9 en son nom.<\/p>\n<p>Ben &amp; Florentine Restaurants. se r\u00e9serve le droit de refuser d\u2019\u00e9mettre une carte primes Ben &amp; Florentine au client qui ne se conforme pas aux proc\u00e9dures \u00e9tablies.<\/p>\n<p>La carte primes Ben &amp; Florentine n\u2019est pas une carte de cr\u00e9dit. La carte primes Ben &amp; Florentine demeure la propri\u00e9t\u00e9 de Ben &amp; Florentine Restaurants. et pourra \u00eatre r\u00e9voqu\u00e9 en tout temps, au gr\u00e9 de celui-ci.<\/p>\n<p>Les membres du programme de primes Ben &amp; Florentine doivent aviser Ben &amp; Florentine Restaurants. de tout changement concernant leurs renseignements personnels, notamment leurs nom, adresse, num\u00e9ros de t\u00e9l\u00e9phone et adresse \u00e9lectronique, en visitant leur profil et en y apportant les changements en ligne.<\/p>\n<p>Les membres du programme de primes Ben &amp; Florentine doivent pr\u00e9senter, au moment de l\u2019achat, leur carte primes Ben &amp; Florentine valide pour accumuler des Dollars B&amp;F. Toute reproduction non autoris\u00e9e de la carte primes Ben &amp; Florentine sera tenue comme incident s\u00e9rieux et pourrait entra\u00eener une poursuite judiciaire de m\u00eame que l\u2019annulation des Dollars B&amp;F.<\/p>\n<p>Dans tout cas de fraude ou d\u2019abus de la carte primes Ben &amp; Florentine, de m\u00eame que tout cas de faux renseignements fournis par le client ou de non-respect des conditions et modalit\u00e9s par le client, Ben &amp; Florentine Restaurants. se r\u00e9serve le droit d\u2019annuler la carte primes et les dollars r\u00e9compenses accumul\u00e9s.<\/p>\n<p>La carte primes Ben &amp; Florentine est disponible seulement aux individus. Cette carte de membre n\u2019est pas disponible aux corporations, entreprises ou organismes de charit\u00e9.<\/p>\n<p>Ben &amp; Florentine Restaurants. se r\u00e9serve le droit d\u2019abolir le programme en tout temps ou d\u2019en modifier les composantes en totalit\u00e9 ou en partie sans pr\u00e9avis, incluant le mode d\u2019accumulation des dollars r\u00e9compenses.<\/p>\n<p>La carte primes Ben &amp; Florentine demeure la propri\u00e9t\u00e9 de Ben &amp; Florentine Restaurants. et devra lui \u00eatre retourn\u00e9e sur demande.<\/p>\n<p>Les Dollars B&amp;F accumul\u00e9s ne peuvent \u00eatre c\u00e9d\u00e9s (ni en partie ni en totalit\u00e9) \u00e0 une autre personne.<\/p>\n<p>Toutes questions relatives au programme de primes Ben &amp; Florentine devront \u00eatre soumises par courriel \u00e0 Ben &amp; Florentine Restaurants. \u00e0 l\u2019adresse fidelite@benetflorentine.com<\/p>\n<p>Les conditions et modalit\u00e9s du pr\u00e9sent programme de primes Ben &amp; Florentine sont assujetties aux lois et r\u00e8glements en vigueur dans la province de Qu\u00e9bec.<\/p>\n\n[\/col]\n\n[\/row]\n\n[\/section]\n[block id=\u00a0\u00bb3899&Prime;]\n\n\n","protected":false},"excerpt":{"rendered":"<p>[section bg=\u00a0\u00bb546&Prime; bg_color=\u00a0\u00bb#26361d\u00a0\u00bb bg_pos=\u00a0\u00bb0% 0%\u00a0\u00bb padding=\u00a0\u00bb60px\u00a0\u00bb height=\u00a0\u00bb300px\u00a0\u00bb class=\u00a0\u00bbsection-banner\u00a0\u00bb] [row h_align=\u00a0\u00bbcenter\u00a0\u00bb] [col span=\u00a0\u00bb10&Prime; span__sm=\u00a0\u00bb12&Prime; align=\u00a0\u00bbcenter\u00a0\u00bb color=\u00a0\u00bblight\u00a0\u00bb] Termes etconditions [\/col] [\/row] [\/section] [section] [row] [col span__sm=\u00a0\u00bb12&Prime;] LES CONDITIONS ET MODALIT\u00c9S DU PROGRAMME DE PRIMES BEN &amp; FLORENTINE Les conditions et modalit\u00e9s suivantes s\u2019appliquent au programme de primes Ben &amp; Florentine et fournissent des informations pertinentes sur divers &#8230; <a title=\"Termes et conditions\" class=\"read-more\" href=\"https:\/\/benetflorentine.com\/fr\/termes-et-conditions\/\" aria-label=\"En savoir plus sur Termes et conditions\">Lire la suite<\/a><\/p>\n","protected":false},"author":10,"featured_media":811,"parent":0,"menu_order":0,"comment_status":"closed","ping_status":"closed","template":"","meta":{"inline_featured_image":false,"footnotes":""},"categories":[],"tags":[],"class_list":["post-58","page","type-page","status-publish","has-post-thumbnail"],"yoast_head":"<!-- This site is optimized with the Yoast SEO plugin v27.3 - https:\/\/yoast.com\/product\/yoast-seo-wordpress\/ -->\n<title>Termes et conditions | Ben &amp; Florentine<\/title>\n<meta name=\"robots\" content=\"index, follow, max-snippet:-1, max-image-preview:large, max-video-preview:-1\" \/>\n<link rel=\"canonical\" href=\"https:\/\/benetflorentine.com\/fr\/termes-et-conditions\/\" \/>\n<meta property=\"og:locale\" content=\"fr_FR\" \/>\n<meta property=\"og:type\" content=\"article\" \/>\n<meta property=\"og:title\" content=\"Termes et conditions | Ben &amp; Florentine\" \/>\n<meta property=\"og:description\" content=\"[section bg=\u00a0\u00bb546&Prime; bg_color=\u00a0\u00bb#26361d\u00a0\u00bb bg_pos=\u00a0\u00bb0% 0%\u00a0\u00bb padding=\u00a0\u00bb60px\u00a0\u00bb height=\u00a0\u00bb300px\u00a0\u00bb class=\u00a0\u00bbsection-banner\u00a0\u00bb] [row h_align=\u00a0\u00bbcenter\u00a0\u00bb] [col span=\u00a0\u00bb10&Prime; span__sm=\u00a0\u00bb12&Prime; align=\u00a0\u00bbcenter\u00a0\u00bb color=\u00a0\u00bblight\u00a0\u00bb] Termes etconditions [\/col] [\/row] [\/section] [section] [row] [col span__sm=\u00a0\u00bb12&Prime;] LES CONDITIONS ET MODALIT\u00c9S DU PROGRAMME DE PRIMES BEN &amp; FLORENTINE Les conditions et modalit\u00e9s suivantes s\u2019appliquent au programme de primes Ben &amp; Florentine et fournissent des informations pertinentes sur divers ... Lire la suite\" \/>\n<meta property=\"og:url\" content=\"https:\/\/benetflorentine.com\/fr\/termes-et-conditions\/\" \/>\n<meta property=\"og:site_name\" content=\"Ben &amp; Florentine\" \/>\n<meta property=\"article:modified_time\" content=\"2020-12-01T14:42:05+00:00\" \/>\n<meta property=\"og:image\" content=\"https:\/\/benetflorentine.com\/wp-content\/uploads\/2020\/02\/produits.png\" \/>\n\t<meta property=\"og:image:width\" content=\"902\" \/>\n\t<meta property=\"og:image:height\" content=\"680\" \/>\n\t<meta property=\"og:image:type\" content=\"image\/png\" \/>\n<meta name=\"twitter:card\" content=\"summary_large_image\" \/>\n<meta name=\"twitter:label1\" content=\"Dur\u00e9e de lecture estim\u00e9e\" \/>\n\t<meta name=\"twitter:data1\" content=\"6 minutes\" \/>\n<script type=\"application\/ld+json\" class=\"yoast-schema-graph\">{\"@context\":\"https:\\\/\\\/schema.org\",\"@graph\":[{\"@type\":\"WebPage\",\"@id\":\"https:\\\/\\\/benetflorentine.com\\\/fr\\\/termes-et-conditions\\\/\",\"url\":\"https:\\\/\\\/benetflorentine.com\\\/fr\\\/termes-et-conditions\\\/\",\"name\":\"Termes et conditions | Ben &amp; Florentine\",\"isPartOf\":{\"@id\":\"https:\\\/\\\/benetflorentine.com\\\/fr\\\/#website\"},\"primaryImageOfPage\":{\"@id\":\"https:\\\/\\\/benetflorentine.com\\\/fr\\\/termes-et-conditions\\\/#primaryimage\"},\"image\":{\"@id\":\"https:\\\/\\\/benetflorentine.com\\\/fr\\\/termes-et-conditions\\\/#primaryimage\"},\"thumbnailUrl\":\"https:\\\/\\\/benetflorentine.com\\\/wp-content\\\/uploads\\\/2020\\\/02\\\/produits.png\",\"datePublished\":\"2020-01-31T14:02:46+00:00\",\"dateModified\":\"2020-12-01T14:42:05+00:00\",\"inLanguage\":\"fr-FR\",\"potentialAction\":[{\"@type\":\"ReadAction\",\"target\":[\"https:\\\/\\\/benetflorentine.com\\\/fr\\\/termes-et-conditions\\\/\"]}]},{\"@type\":\"ImageObject\",\"inLanguage\":\"fr-FR\",\"@id\":\"https:\\\/\\\/benetflorentine.com\\\/fr\\\/termes-et-conditions\\\/#primaryimage\",\"url\":\"https:\\\/\\\/benetflorentine.com\\\/wp-content\\\/uploads\\\/2020\\\/02\\\/produits.png\",\"contentUrl\":\"https:\\\/\\\/benetflorentine.com\\\/wp-content\\\/uploads\\\/2020\\\/02\\\/produits.png\",\"width\":902,\"height\":680,\"caption\":\"Produits\"},{\"@type\":\"WebSite\",\"@id\":\"https:\\\/\\\/benetflorentine.com\\\/fr\\\/#website\",\"url\":\"https:\\\/\\\/benetflorentine.com\\\/fr\\\/\",\"name\":\"Ben &amp; Florentine\",\"description\":\"Brunch &amp; Breakfast\u200e\",\"publisher\":{\"@id\":\"https:\\\/\\\/benetflorentine.com\\\/fr\\\/#organization\"},\"potentialAction\":[{\"@type\":\"SearchAction\",\"target\":{\"@type\":\"EntryPoint\",\"urlTemplate\":\"https:\\\/\\\/benetflorentine.com\\\/fr\\\/?s={search_term_string}\"},\"query-input\":{\"@type\":\"PropertyValueSpecification\",\"valueRequired\":true,\"valueName\":\"search_term_string\"}}],\"inLanguage\":\"fr-FR\"},{\"@type\":\"Organization\",\"@id\":\"https:\\\/\\\/benetflorentine.com\\\/fr\\\/#organization\",\"name\":\"Ben &amp; Florentine\",\"url\":\"https:\\\/\\\/benetflorentine.com\\\/fr\\\/\",\"logo\":{\"@type\":\"ImageObject\",\"inLanguage\":\"fr-FR\",\"@id\":\"https:\\\/\\\/benetflorentine.com\\\/fr\\\/#\\\/schema\\\/logo\\\/image\\\/\",\"url\":\"https:\\\/\\\/benetflorentine.com\\\/wp-content\\\/uploads\\\/2020\\\/02\\\/cropped-benflorentine_logo.png\",\"contentUrl\":\"https:\\\/\\\/benetflorentine.com\\\/wp-content\\\/uploads\\\/2020\\\/02\\\/cropped-benflorentine_logo.png\",\"width\":553,\"height\":206,\"caption\":\"Ben &amp; Florentine\"},\"image\":{\"@id\":\"https:\\\/\\\/benetflorentine.com\\\/fr\\\/#\\\/schema\\\/logo\\\/image\\\/\"}}]}<\/script>\n<!-- \/ Yoast SEO plugin. -->","yoast_head_json":{"title":"Termes et conditions | Ben &amp; Florentine","robots":{"index":"index","follow":"follow","max-snippet":"max-snippet:-1","max-image-preview":"max-image-preview:large","max-video-preview":"max-video-preview:-1"},"canonical":"https:\/\/benetflorentine.com\/fr\/termes-et-conditions\/","og_locale":"fr_FR","og_type":"article","og_title":"Termes et conditions | Ben &amp; Florentine","og_description":"[section bg=\u00a0\u00bb546&Prime; bg_color=\u00a0\u00bb#26361d\u00a0\u00bb bg_pos=\u00a0\u00bb0% 0%\u00a0\u00bb padding=\u00a0\u00bb60px\u00a0\u00bb height=\u00a0\u00bb300px\u00a0\u00bb class=\u00a0\u00bbsection-banner\u00a0\u00bb] [row h_align=\u00a0\u00bbcenter\u00a0\u00bb] [col span=\u00a0\u00bb10&Prime; span__sm=\u00a0\u00bb12&Prime; align=\u00a0\u00bbcenter\u00a0\u00bb color=\u00a0\u00bblight\u00a0\u00bb] Termes etconditions [\/col] [\/row] [\/section] [section] [row] [col span__sm=\u00a0\u00bb12&Prime;] LES CONDITIONS ET MODALIT\u00c9S DU PROGRAMME DE PRIMES BEN &amp; FLORENTINE Les conditions et modalit\u00e9s suivantes s\u2019appliquent au programme de primes Ben &amp; Florentine et fournissent des informations pertinentes sur divers ... Lire la suite","og_url":"https:\/\/benetflorentine.com\/fr\/termes-et-conditions\/","og_site_name":"Ben &amp; Florentine","article_modified_time":"2020-12-01T14:42:05+00:00","og_image":[{"width":902,"height":680,"url":"https:\/\/benetflorentine.com\/wp-content\/uploads\/2020\/02\/produits.png","type":"image\/png"}],"twitter_card":"summary_large_image","twitter_misc":{"Dur\u00e9e de lecture estim\u00e9e":"6 minutes"},"schema":{"@context":"https:\/\/schema.org","@graph":[{"@type":"WebPage","@id":"https:\/\/benetflorentine.com\/fr\/termes-et-conditions\/","url":"https:\/\/benetflorentine.com\/fr\/termes-et-conditions\/","name":"Termes et conditions | Ben &amp; Florentine","isPartOf":{"@id":"https:\/\/benetflorentine.com\/fr\/#website"},"primaryImageOfPage":{"@id":"https:\/\/benetflorentine.com\/fr\/termes-et-conditions\/#primaryimage"},"image":{"@id":"https:\/\/benetflorentine.com\/fr\/termes-et-conditions\/#primaryimage"},"thumbnailUrl":"https:\/\/benetflorentine.com\/wp-content\/uploads\/2020\/02\/produits.png","datePublished":"2020-01-31T14:02:46+00:00","dateModified":"2020-12-01T14:42:05+00:00","inLanguage":"fr-FR","potentialAction":[{"@type":"ReadAction","target":["https:\/\/benetflorentine.com\/fr\/termes-et-conditions\/"]}]},{"@type":"ImageObject","inLanguage":"fr-FR","@id":"https:\/\/benetflorentine.com\/fr\/termes-et-conditions\/#primaryimage","url":"https:\/\/benetflorentine.com\/wp-content\/uploads\/2020\/02\/produits.png","contentUrl":"https:\/\/benetflorentine.com\/wp-content\/uploads\/2020\/02\/produits.png","width":902,"height":680,"caption":"Produits"},{"@type":"WebSite","@id":"https:\/\/benetflorentine.com\/fr\/#website","url":"https:\/\/benetflorentine.com\/fr\/","name":"Ben &amp; Florentine","description":"Brunch &amp; Breakfast\u200e","publisher":{"@id":"https:\/\/benetflorentine.com\/fr\/#organization"},"potentialAction":[{"@type":"SearchAction","target":{"@type":"EntryPoint","urlTemplate":"https:\/\/benetflorentine.com\/fr\/?s={search_term_string}"},"query-input":{"@type":"PropertyValueSpecification","valueRequired":true,"valueName":"search_term_string"}}],"inLanguage":"fr-FR"},{"@type":"Organization","@id":"https:\/\/benetflorentine.com\/fr\/#organization","name":"Ben &amp; Florentine","url":"https:\/\/benetflorentine.com\/fr\/","logo":{"@type":"ImageObject","inLanguage":"fr-FR","@id":"https:\/\/benetflorentine.com\/fr\/#\/schema\/logo\/image\/","url":"https:\/\/benetflorentine.com\/wp-content\/uploads\/2020\/02\/cropped-benflorentine_logo.png","contentUrl":"https:\/\/benetflorentine.com\/wp-content\/uploads\/2020\/02\/cropped-benflorentine_logo.png","width":553,"height":206,"caption":"Ben &amp; Florentine"},"image":{"@id":"https:\/\/benetflorentine.com\/fr\/#\/schema\/logo\/image\/"}}]}},"_links":{"self":[{"href":"https:\/\/benetflorentine.com\/fr\/wp-json\/wp\/v2\/pages\/58","targetHints":{"allow":["GET"]}}],"collection":[{"href":"https:\/\/benetflorentine.com\/fr\/wp-json\/wp\/v2\/pages"}],"about":[{"href":"https:\/\/benetflorentine.com\/fr\/wp-json\/wp\/v2\/types\/page"}],"author":[{"embeddable":true,"href":"https:\/\/benetflorentine.com\/fr\/wp-json\/wp\/v2\/users\/10"}],"replies":[{"embeddable":true,"href":"https:\/\/benetflorentine.com\/fr\/wp-json\/wp\/v2\/comments?post=58"}],"version-history":[{"count":11,"href":"https:\/\/benetflorentine.com\/fr\/wp-json\/wp\/v2\/pages\/58\/revisions"}],"predecessor-version":[{"id":7165,"href":"https:\/\/benetflorentine.com\/fr\/wp-json\/wp\/v2\/pages\/58\/revisions\/7165"}],"wp:featuredmedia":[{"embeddable":true,"href":"https:\/\/benetflorentine.com\/fr\/wp-json\/wp\/v2\/media\/811"}],"wp:attachment":[{"href":"https:\/\/benetflorentine.com\/fr\/wp-json\/wp\/v2\/media?parent=58"}],"wp:term":[{"taxonomy":"category","embeddable":true,"href":"https:\/\/benetflorentine.com\/fr\/wp-json\/wp\/v2\/categories?post=58"},{"taxonomy":"post_tag","embeddable":true,"href":"https:\/\/benetflorentine.com\/fr\/wp-json\/wp\/v2\/tags?post=58"}],"curies":[{"name":"wp","href":"https:\/\/api.w.org\/{rel}","templated":true}]}}