{"id":9706,"date":"2020-11-26T13:59:11","date_gmt":"2020-11-26T18:59:11","guid":{"rendered":"https:\/\/benetflorentine.com\/?page_id=9706"},"modified":"2020-12-01T09:42:04","modified_gmt":"2020-12-01T14:42:04","slug":"familial","status":"publish","type":"page","link":"https:\/\/benetflorentine.com\/fr\/familial\/","title":{"rendered":"Familial"},"content":{"rendered":"\n<p>Oeufs (8), tranches de bacon, saucisses, pommes de terre B&amp;F, f\u00e8ves au lard, cretons, sac de bagels B&amp;F (6), m\u00e9lange \u00e0 cr\u00eapes B&amp;F avec Nutella, fraises et bananes. Terminez sur une note sucr\u00e9e avec nos 12 petits beignets B&amp;F. Un sachet de caf\u00e9 est \u00e9galement inclus.<\/p>\n\n\n\n<p><strong>POUR 4 PERSONNES<\/strong><br>49,95$ (taxes incluses)<\/p>\n","protected":false},"excerpt":{"rendered":"<p>Oeufs (8), tranches de bacon, saucisses, pommes de terre B&amp;F, f\u00e8ves au lard, cretons, sac de bagels B&amp;F (6), m\u00e9lange \u00e0 cr\u00eapes B&amp;F avec Nutella, fraises et bananes. Terminez sur une note sucr\u00e9e avec nos 12 petits beignets B&amp;F. Un sachet de caf\u00e9 est \u00e9galement inclus. POUR 4 PERSONNES49,95$ (taxes incluses)<\/p>\n","protected":false},"author":10,"featured_media":0,"parent":0,"menu_order":0,"comment_status":"closed","ping_status":"closed","template":"page-blank-title-center.php","meta":{"inline_featured_image":false,"footnotes":""},"categories":[],"tags":[],"class_list":["post-9706","page","type-page","status-publish"],"yoast_head":"<!-- This site is optimized with the Yoast SEO plugin v27.3 - https:\/\/yoast.com\/product\/yoast-seo-wordpress\/ -->\n<title>Familial | Ben &amp; Florentine<\/title>\n<meta name=\"robots\" content=\"index, follow, max-snippet:-1, max-image-preview:large, max-video-preview:-1\" \/>\n<link rel=\"canonical\" href=\"https:\/\/benetflorentine.com\/fr\/familial\/\" \/>\n<meta property=\"og:locale\" content=\"fr_FR\" \/>\n<meta property=\"og:type\" content=\"article\" \/>\n<meta property=\"og:title\" content=\"Familial | Ben &amp; Florentine\" \/>\n<meta property=\"og:description\" content=\"Oeufs (8), tranches de bacon, saucisses, pommes de terre B&amp;F, f\u00e8ves au lard, cretons, sac de bagels B&amp;F (6), m\u00e9lange \u00e0 cr\u00eapes B&amp;F avec Nutella, fraises et bananes. Terminez sur une note sucr\u00e9e avec nos 12 petits beignets B&amp;F. Un sachet de caf\u00e9 est \u00e9galement inclus. POUR 4 PERSONNES49,95$ (taxes incluses)\" \/>\n<meta property=\"og:url\" content=\"https:\/\/benetflorentine.com\/fr\/familial\/\" \/>\n<meta property=\"og:site_name\" content=\"Ben &amp; Florentine\" \/>\n<meta property=\"article:modified_time\" content=\"2020-12-01T14:42:04+00:00\" \/>\n<meta name=\"twitter:card\" content=\"summary_large_image\" \/>\n<script type=\"application\/ld+json\" class=\"yoast-schema-graph\">{\"@context\":\"https:\\\/\\\/schema.org\",\"@graph\":[{\"@type\":\"WebPage\",\"@id\":\"https:\\\/\\\/benetflorentine.com\\\/fr\\\/familial\\\/\",\"url\":\"https:\\\/\\\/benetflorentine.com\\\/fr\\\/familial\\\/\",\"name\":\"Familial | Ben &amp; Florentine\",\"isPartOf\":{\"@id\":\"https:\\\/\\\/benetflorentine.com\\\/fr\\\/#website\"},\"datePublished\":\"2020-11-26T18:59:11+00:00\",\"dateModified\":\"2020-12-01T14:42:04+00:00\",\"inLanguage\":\"fr-FR\",\"potentialAction\":[{\"@type\":\"ReadAction\",\"target\":[\"https:\\\/\\\/benetflorentine.com\\\/fr\\\/familial\\\/\"]}]},{\"@type\":\"WebSite\",\"@id\":\"https:\\\/\\\/benetflorentine.com\\\/fr\\\/#website\",\"url\":\"https:\\\/\\\/benetflorentine.com\\\/fr\\\/\",\"name\":\"Ben &amp; Florentine\",\"description\":\"Brunch &amp; Breakfast\u200e\",\"publisher\":{\"@id\":\"https:\\\/\\\/benetflorentine.com\\\/fr\\\/#organization\"},\"potentialAction\":[{\"@type\":\"SearchAction\",\"target\":{\"@type\":\"EntryPoint\",\"urlTemplate\":\"https:\\\/\\\/benetflorentine.com\\\/fr\\\/?s={search_term_string}\"},\"query-input\":{\"@type\":\"PropertyValueSpecification\",\"valueRequired\":true,\"valueName\":\"search_term_string\"}}],\"inLanguage\":\"fr-FR\"},{\"@type\":\"Organization\",\"@id\":\"https:\\\/\\\/benetflorentine.com\\\/fr\\\/#organization\",\"name\":\"Ben &amp; Florentine\",\"url\":\"https:\\\/\\\/benetflorentine.com\\\/fr\\\/\",\"logo\":{\"@type\":\"ImageObject\",\"inLanguage\":\"fr-FR\",\"@id\":\"https:\\\/\\\/benetflorentine.com\\\/fr\\\/#\\\/schema\\\/logo\\\/image\\\/\",\"url\":\"https:\\\/\\\/benetflorentine.com\\\/wp-content\\\/uploads\\\/2020\\\/02\\\/cropped-benflorentine_logo.png\",\"contentUrl\":\"https:\\\/\\\/benetflorentine.com\\\/wp-content\\\/uploads\\\/2020\\\/02\\\/cropped-benflorentine_logo.png\",\"width\":553,\"height\":206,\"caption\":\"Ben &amp; Florentine\"},\"image\":{\"@id\":\"https:\\\/\\\/benetflorentine.com\\\/fr\\\/#\\\/schema\\\/logo\\\/image\\\/\"}}]}<\/script>\n<!-- \/ Yoast SEO plugin. -->","yoast_head_json":{"title":"Familial | Ben &amp; Florentine","robots":{"index":"index","follow":"follow","max-snippet":"max-snippet:-1","max-image-preview":"max-image-preview:large","max-video-preview":"max-video-preview:-1"},"canonical":"https:\/\/benetflorentine.com\/fr\/familial\/","og_locale":"fr_FR","og_type":"article","og_title":"Familial | Ben &amp; Florentine","og_description":"Oeufs (8), tranches de bacon, saucisses, pommes de terre B&amp;F, f\u00e8ves au lard, cretons, sac de bagels B&amp;F (6), m\u00e9lange \u00e0 cr\u00eapes B&amp;F avec Nutella, fraises et bananes. Terminez sur une note sucr\u00e9e avec nos 12 petits beignets B&amp;F. Un sachet de caf\u00e9 est \u00e9galement inclus. POUR 4 PERSONNES49,95$ (taxes incluses)","og_url":"https:\/\/benetflorentine.com\/fr\/familial\/","og_site_name":"Ben &amp; Florentine","article_modified_time":"2020-12-01T14:42:04+00:00","twitter_card":"summary_large_image","schema":{"@context":"https:\/\/schema.org","@graph":[{"@type":"WebPage","@id":"https:\/\/benetflorentine.com\/fr\/familial\/","url":"https:\/\/benetflorentine.com\/fr\/familial\/","name":"Familial | Ben &amp; Florentine","isPartOf":{"@id":"https:\/\/benetflorentine.com\/fr\/#website"},"datePublished":"2020-11-26T18:59:11+00:00","dateModified":"2020-12-01T14:42:04+00:00","inLanguage":"fr-FR","potentialAction":[{"@type":"ReadAction","target":["https:\/\/benetflorentine.com\/fr\/familial\/"]}]},{"@type":"WebSite","@id":"https:\/\/benetflorentine.com\/fr\/#website","url":"https:\/\/benetflorentine.com\/fr\/","name":"Ben &amp; Florentine","description":"Brunch &amp; Breakfast\u200e","publisher":{"@id":"https:\/\/benetflorentine.com\/fr\/#organization"},"potentialAction":[{"@type":"SearchAction","target":{"@type":"EntryPoint","urlTemplate":"https:\/\/benetflorentine.com\/fr\/?s={search_term_string}"},"query-input":{"@type":"PropertyValueSpecification","valueRequired":true,"valueName":"search_term_string"}}],"inLanguage":"fr-FR"},{"@type":"Organization","@id":"https:\/\/benetflorentine.com\/fr\/#organization","name":"Ben &amp; Florentine","url":"https:\/\/benetflorentine.com\/fr\/","logo":{"@type":"ImageObject","inLanguage":"fr-FR","@id":"https:\/\/benetflorentine.com\/fr\/#\/schema\/logo\/image\/","url":"https:\/\/benetflorentine.com\/wp-content\/uploads\/2020\/02\/cropped-benflorentine_logo.png","contentUrl":"https:\/\/benetflorentine.com\/wp-content\/uploads\/2020\/02\/cropped-benflorentine_logo.png","width":553,"height":206,"caption":"Ben &amp; Florentine"},"image":{"@id":"https:\/\/benetflorentine.com\/fr\/#\/schema\/logo\/image\/"}}]}},"_links":{"self":[{"href":"https:\/\/benetflorentine.com\/fr\/wp-json\/wp\/v2\/pages\/9706","targetHints":{"allow":["GET"]}}],"collection":[{"href":"https:\/\/benetflorentine.com\/fr\/wp-json\/wp\/v2\/pages"}],"about":[{"href":"https:\/\/benetflorentine.com\/fr\/wp-json\/wp\/v2\/types\/page"}],"author":[{"embeddable":true,"href":"https:\/\/benetflorentine.com\/fr\/wp-json\/wp\/v2\/users\/10"}],"replies":[{"embeddable":true,"href":"https:\/\/benetflorentine.com\/fr\/wp-json\/wp\/v2\/comments?post=9706"}],"version-history":[{"count":1,"href":"https:\/\/benetflorentine.com\/fr\/wp-json\/wp\/v2\/pages\/9706\/revisions"}],"predecessor-version":[{"id":9707,"href":"https:\/\/benetflorentine.com\/fr\/wp-json\/wp\/v2\/pages\/9706\/revisions\/9707"}],"wp:attachment":[{"href":"https:\/\/benetflorentine.com\/fr\/wp-json\/wp\/v2\/media?parent=9706"}],"wp:term":[{"taxonomy":"category","embeddable":true,"href":"https:\/\/benetflorentine.com\/fr\/wp-json\/wp\/v2\/categories?post=9706"},{"taxonomy":"post_tag","embeddable":true,"href":"https:\/\/benetflorentine.com\/fr\/wp-json\/wp\/v2\/tags?post=9706"}],"curies":[{"name":"wp","href":"https:\/\/api.w.org\/{rel}","templated":true}]}}